{"id":26953,"date":"2022-03-11T12:14:15","date_gmt":"2022-03-11T11:14:15","guid":{"rendered":"https:\/\/poblenouurbandistrict.com\/?page_id=26953"},"modified":"2025-10-10T13:59:42","modified_gmt":"2025-10-10T11:59:42","slug":"urban-talks-2","status":"publish","type":"page","link":"https:\/\/poblenouurbandistrict.com\/ca\/urban-talks-2\/","title":{"rendered":"Urban Talks #1"},"content":{"rendered":"<p>Les Urban Talks s\u00f3n un cicle de xerrades itinerants que tenen com a objectiu obrir un debat amb la ciutadania sobre la cultura i la creativitat en relaci\u00f3 amb l&#8217;entorn urb\u00e0. Les Urban Talks s\u00f3n una oportunitat \u00fanica per dialogar sobre l&#8217;art, el patrimoni, l&#8217;economia, la tecnologia o la sostenibilitat amb professionals que han destacat per la seva activitat en aquests camps i que ens permeten veure amb optimisme el futur de les ciutats.<\/p>\n<p data-start=\"0\" data-end=\"184\">Les <strong data-start=\"4\" data-end=\"19\">Urban Talks<\/strong> tindran lloc el <strong data-start=\"36\" data-end=\"67\">17 d\u2019octubre de 11 h a 15 h<\/strong>, integrades en el marc del <strong data-start=\"95\" data-end=\"106\">WAC Lab<\/strong>, amb activitats presencials i virtuals que es podran seguir en <em data-start=\"170\" data-end=\"181\">streaming<\/em>.<\/p>\n<p data-start=\"186\" data-end=\"471\">Les taules seran moderades per <strong data-start=\"217\" data-end=\"233\">Frankie Piz\u00e1<\/strong>, Director Creatiu de <strong data-start=\"255\" data-end=\"274\">Primavera Sound<\/strong> i membre actiu de l\u2019escena barcelonina des de fa anys a trav\u00e9s de mitjans, festivals i marques, i tamb\u00e9 per <strong data-start=\"383\" data-end=\"398\">Arcadi Poch<\/strong>, explorador sociocultural especialitzat en projectes a l\u2019espai p\u00fablic.<\/p>\n<p data-start=\"473\" data-end=\"654\" data-is-last-node=\"\" data-is-only-node=\"\">L\u2019esdeveniment compta amb la <strong data-start=\"502\" data-end=\"555\">curadoria de l\u2019ag\u00e8ncia creativa Life In The Woods<\/strong>, el <strong data-start=\"560\" data-end=\"586\">suport d\u2019Estrella Damm<\/strong>, la <strong data-start=\"591\" data-end=\"619\">col\u00b7laboraci\u00f3 de Montana<\/strong> i <strong data-start=\"622\" data-end=\"653\">Simon com a <em data-start=\"636\" data-end=\"651\">venue partner<\/em><\/strong>.<\/p>\n<hr \/>\n<h3>Obertura de portes: 10.30h<\/h3>\n<h3><strong>TALK #1 \/11:00h MARCAS,\u00a0 NUEVOS P\u00daBLICOS Y HONESTIDAD<b><\/b><\/strong><\/h3>\n<p>Els joves d\u2019avui en dia prefereixen consumir el contingut que generen els seus propis amics al d\u2019entitats o marques. La figura de l\u2019influencer com a transmissor \u00e9s un est\u00e0ndard i la s\u00edndrome de la \u201ccancel\u00b7laci\u00f3\u201d una cosa habitual: cap entitat o corporaci\u00f3 pot escapar a unes noves regles \u00e8tiques que estan substituint el regne est\u00e8tic que vivim a partir dels 2000. Com s\u2019ha de comunicar una marca avui en dia? \u00bfHa de crear \u2018memes\u2019 per parlar dels codis d\u2019expressi\u00f3 de la generaci\u00f3 Z? \u00bfHa de ser, abans de res, honesta i transparent?<\/p>\n<p>Un col\u00b7loqui en el qual des del punt de vista de la comunicaci\u00f3 i el m\u00e0rqueting debatrem les noves esquerdes sociol\u00f2giques a qu\u00e8 s\u2019enfronten les marques actualment i els reptes a l\u2019hora d\u2019arribar als nous p\u00fablics potencials. No parlarem de regles ni normatives, sin\u00f3 d\u2019estrat\u00e8gies i noves f\u00f3rmules. Des de la mirada de les mateixes marques, als actors externs capa\u00e7os de generar els nous llenguatges de representaci\u00f3 que marcaran el dem\u00e0.<\/p>\n<p>Participants TAULA # 1:<br \/>\nFrankie Piz\u00e1 (Moderador) \u27f6 Raquel Vieira (Lacoste) \u27f6 Freddy Cardenas (Nike) \u27f6 Kai Landr\u00e9 (Artista \/ Cyborg Foundation)<\/p>\n<h3><b>TALK #2 \/ <strong>\/ 12:15h <\/strong><strong>REPENSAR LOS FESTIVALES: REFLEXIONES Y NUEVOS FORMATOS PARA EL FUTURO DE LOS EVENTOS<\/strong><\/b><\/h3>\n<p>Te\u00f2rics i experts diuen que els festivals, tal i com els coneix\u00edem, ja mai tornaran. La forma en qu\u00e8 hem consumit entreteniment fins a l\u2019arribada de la COVID-19 s\u2019ha esfumat i tant la cultura com l\u2019oci (si volem seguir fent aquesta distinci\u00f3) estan evolucionant r\u00e0pidament. Aquesta situaci\u00f3 ens obliga a plantejar-nos nous paradigmes, nous formats i a imaginar un futur que s\u00e0piga correspondre de forma m\u00e9s equitativa a artistes, promotors i audi\u00e8ncia.<\/p>\n<p>Una taula rodona en la qual des de l\u2019experi\u00e8ncia en primera persona i els diversos angles d\u2019interpretaci\u00f3, buscarem donar resposta i donar llum sobre els futurs immediats i a llarg termini en la ind\u00fastria de l\u2019entreteniment cultural.<\/p>\n<p>Participants # TAULA2:<br \/>\nFrankie Piz\u00e1 (Moderador) \u27f6 Alex Nikolov (Loom Collective) \u27f6 Albert Salines (Lapsus) \u27f6 Rosa M\u00aa Fern\u00e1ndez (DIU)<\/p>\n<h3><b><\/b><b>TALK #3 \/<strong>\/ 13:30h <\/strong><strong>LA TRANSFORMACI\u00d3N DEL TERRITORIO A TRAV\u00c9S DEL ARTE<\/strong><\/b><\/h3>\n<p>Poblenou segueix sent avui dia un espai en constant reconversi\u00f3 del seu passat industrial. Un territori que ha enllumenat un districte creatiu i que ha comptat tradicionalment amb grans espais en qu\u00e8 l\u2019art ha florit de forma horitzontal, en paral\u00b7lel a la resta de transformacions que han esdevingut a Barcelona.<\/p>\n<p>Un nou paisatge amb obres fetes amb escombraries, grans murals, art digital, vivers verticals i fa\u00e7anes sostenibles que combinen enginyeria, sostenibilitat i creativitat. La nostra tercera taula ser\u00e0 una conversa entre actors que mesuren la pulsaci\u00f3 d\u2019aquest canvi. Com els artistes poden convertir-se en una for\u00e7a per a la recuperaci\u00f3 dels carrers per part dels ciutadans? Com han de regular les autoritats l\u2019espai com\u00fa per afavorir una nova creativitat? Ha de ser l\u2019art un instrument de cohesi\u00f3 social que trenqui amb les bretxes socioecon\u00f2miques?<\/p>\n<p>Participants # TAULA3:<\/p>\n<p>Arcadi Poch (Moderador) \u27f6 Francisco d\u2019Ocell (Art Is Trash) \u27f6 Xavier Ballaz &amp; Ana Manaia (B-murals \/ Difusor) \u27f6 Jordi Montany\u00e0 (Institut Municipal del Paisatge Urb\u00e0 i la Qualitat de Vida)<\/p>\n<hr \/>\n<h3>&#8211; L&#8217;acc\u00e9s a les xerrades \u00e9s gratu\u00eft. Per accedir-hi ser\u00e0 necessari presentar el passaport covid.<br \/>\n&#8211; Pots seguir les Urban Talks en streaming a trav\u00e9s del nostre <a href=\"https:\/\/www.youtube.com\/channel\/UCyVb54OCWKmehErJQbsO7Gw\">canal de Youtube<\/a> i <a href=\"https:\/\/www.instagram.com\/poblenouud\/\">perfil d&#8217;Instagram<\/a><\/h3>\n<p><\/p>","protected":false},"excerpt":{"rendered":"<p>Les Urban Talks s\u00f3n un cicle de xerrades itinerants que tenen com a objectiu obrir un debat amb la ciutadania&#8230; <a href=\"https:\/\/poblenouurbandistrict.com\/ca\/urban-talks-2\/\">M\u00e9s  \u2192<\/a><\/p>\n","protected":false},"author":5,"featured_media":26954,"parent":0,"menu_order":4,"comment_status":"closed","ping_status":"closed","template":"templates\/template-imagemap.php","meta":{"_acf_changed":false,"footnotes":""},"class_list":["post-26953","page","type-page","status-publish","has-post-thumbnail","hentry"],"acf":[],"yoast_head":"<!-- This site is optimized with the Yoast SEO plugin v27.3 - https:\/\/yoast.com\/product\/yoast-seo-wordpress\/ -->\n<title>Primera edici\u00f3 de les Urban Talks en el marc del AR-DE 2021<\/title>\n<meta name=\"description\" content=\"El 17 d&#039;octubre, d&#039;11h a 15h, celebrem la primera edici\u00f3 del cicle de xerrades itinerants Urban Talks.\" \/>\n<meta name=\"robots\" content=\"index, follow, max-snippet:-1, max-image-preview:large, max-video-preview:-1\" \/>\n<link rel=\"canonical\" href=\"https:\/\/poblenouurbandistrict.com\/ca\/urban-talks-2\/\" \/>\n<meta property=\"og:locale\" content=\"ca_ES\" \/>\n<meta property=\"og:type\" content=\"article\" \/>\n<meta property=\"og:title\" content=\"Primera edici\u00f3 de les Urban Talks en el marc del AR-DE 2021\" \/>\n<meta property=\"og:description\" content=\"El 17 d&#039;octubre, d&#039;11h a 15h, celebrem la primera edici\u00f3 del cicle de xerrades itinerants Urban Talks.\" \/>\n<meta property=\"og:url\" content=\"https:\/\/poblenouurbandistrict.com\/ca\/urban-talks-2\/\" \/>\n<meta property=\"og:site_name\" content=\"Poblenou Urban District\" \/>\n<meta property=\"article:modified_time\" content=\"2025-10-10T11:59:42+00:00\" \/>\n<meta property=\"og:image\" content=\"https:\/\/poblenouurbandistrict.com\/wp-content\/uploads\/2022\/03\/12.jpg\" \/>\n\t<meta property=\"og:image:width\" content=\"1920\" \/>\n\t<meta property=\"og:image:height\" content=\"1080\" \/>\n\t<meta property=\"og:image:type\" content=\"image\/png\" \/>\n<meta name=\"twitter:card\" content=\"summary_large_image\" \/>\n<meta name=\"twitter:label1\" content=\"Temps estimat de lectura\" \/>\n\t<meta name=\"twitter:data1\" content=\"5 minuts\" \/>\n<script type=\"application\/ld+json\" class=\"yoast-schema-graph\">{\"@context\":\"https:\\\/\\\/schema.org\",\"@graph\":[{\"@type\":\"WebPage\",\"@id\":\"https:\\\/\\\/poblenouurbandistrict.com\\\/ca\\\/urban-talks-2\\\/\",\"url\":\"https:\\\/\\\/poblenouurbandistrict.com\\\/ca\\\/urban-talks-2\\\/\",\"name\":\"Primera edici\u00f3 de les Urban Talks en el marc del AR-DE 2021\",\"isPartOf\":{\"@id\":\"https:\\\/\\\/poblenouurbandistrict.com\\\/ca\\\/#website\"},\"primaryImageOfPage\":{\"@id\":\"https:\\\/\\\/poblenouurbandistrict.com\\\/ca\\\/urban-talks-2\\\/#primaryimage\"},\"image\":{\"@id\":\"https:\\\/\\\/poblenouurbandistrict.com\\\/urban-talks-2\\\/#primaryimage\"},\"thumbnailUrl\":\"https:\\\/\\\/poblenouurbandistrict.com\\\/wp-content\\\/uploads\\\/2022\\\/03\\\/12.jpg\",\"datePublished\":\"2022-03-11T11:14:15+00:00\",\"dateModified\":\"2025-10-10T11:59:42+00:00\",\"description\":\"El 17 d'octubre, d'11h a 15h, celebrem la primera edici\u00f3 del cicle de xerrades itinerants Urban Talks.\",\"breadcrumb\":{\"@id\":\"https:\\\/\\\/poblenouurbandistrict.com\\\/ca\\\/urban-talks-2\\\/#breadcrumb\"},\"inLanguage\":\"ca\",\"potentialAction\":[{\"@type\":\"ReadAction\",\"target\":[[\"https:\\\/\\\/poblenouurbandistrict.com\\\/ca\\\/urban-talks-2\\\/\"]]}]},{\"@type\":\"ImageObject\",\"inLanguage\":\"ca\",\"@id\":\"https:\\\/\\\/poblenouurbandistrict.com\\\/ca\\\/urban-talks-2\\\/#primaryimage\",\"url\":\"https:\\\/\\\/poblenouurbandistrict.com\\\/wp-content\\\/uploads\\\/2022\\\/03\\\/12.jpg\",\"contentUrl\":\"https:\\\/\\\/poblenouurbandistrict.com\\\/wp-content\\\/uploads\\\/2022\\\/03\\\/12.jpg\",\"width\":1920,\"height\":1080,\"caption\":\"Urban talks #1\"},{\"@type\":\"BreadcrumbList\",\"@id\":\"https:\\\/\\\/poblenouurbandistrict.com\\\/ca\\\/urban-talks-2\\\/#breadcrumb\",\"itemListElement\":[{\"@type\":\"ListItem\",\"position\":1,\"name\":\"Home\",\"item\":\"https:\\\/\\\/poblenouurbandistrict.com\\\/ca\\\/\"},{\"@type\":\"ListItem\",\"position\":2,\"name\":\"Urban Talks #1\"}]},{\"@type\":\"WebSite\",\"@id\":\"https:\\\/\\\/poblenouurbandistrict.com\\\/ca\\\/#website\",\"url\":\"https:\\\/\\\/poblenouurbandistrict.com\\\/ca\\\/\",\"name\":\"Poblenou Urban District\",\"description\":\"Comunitat Creativa\",\"potentialAction\":[{\"@type\":\"SearchAction\",\"target\":{\"@type\":\"EntryPoint\",\"urlTemplate\":\"https:\\\/\\\/poblenouurbandistrict.com\\\/ca\\\/?s={search_term_string}\"},\"query-input\":{\"@type\":\"PropertyValueSpecification\",\"valueRequired\":true,\"valueName\":\"search_term_string\"}}],\"inLanguage\":\"ca\"}]}<\/script>\n<!-- \/ Yoast SEO plugin. -->","yoast_head_json":{"title":"Primera edici\u00f3 de les Urban Talks en el marc del AR-DE 2021","description":"El 17 d'octubre, d'11h a 15h, celebrem la primera edici\u00f3 del cicle de xerrades itinerants Urban Talks.","robots":{"index":"index","follow":"follow","max-snippet":"max-snippet:-1","max-image-preview":"max-image-preview:large","max-video-preview":"max-video-preview:-1"},"canonical":"https:\/\/poblenouurbandistrict.com\/ca\/urban-talks-2\/","og_locale":"ca_ES","og_type":"article","og_title":"Primera edici\u00f3 de les Urban Talks en el marc del AR-DE 2021","og_description":"El 17 d'octubre, d'11h a 15h, celebrem la primera edici\u00f3 del cicle de xerrades itinerants Urban Talks.","og_url":"https:\/\/poblenouurbandistrict.com\/ca\/urban-talks-2\/","og_site_name":"Poblenou Urban District","article_modified_time":"2025-10-10T11:59:42+00:00","og_image":[{"width":1920,"height":1080,"url":"https:\/\/poblenouurbandistrict.com\/wp-content\/uploads\/2022\/03\/12.jpg","type":"image\/png"}],"twitter_card":"summary_large_image","twitter_misc":{"Temps estimat de lectura":"5 minuts"},"schema":{"@context":"https:\/\/schema.org","@graph":[{"@type":"WebPage","@id":"https:\/\/poblenouurbandistrict.com\/ca\/urban-talks-2\/","url":"https:\/\/poblenouurbandistrict.com\/ca\/urban-talks-2\/","name":"Primera edici\u00f3 de les Urban Talks en el marc del AR-DE 2021","isPartOf":{"@id":"https:\/\/poblenouurbandistrict.com\/ca\/#website"},"primaryImageOfPage":{"@id":"https:\/\/poblenouurbandistrict.com\/ca\/urban-talks-2\/#primaryimage"},"image":{"@id":"https:\/\/poblenouurbandistrict.com\/urban-talks-2\/#primaryimage"},"thumbnailUrl":"https:\/\/poblenouurbandistrict.com\/wp-content\/uploads\/2022\/03\/12.jpg","datePublished":"2022-03-11T11:14:15+00:00","dateModified":"2025-10-10T11:59:42+00:00","description":"El 17 d'octubre, d'11h a 15h, celebrem la primera edici\u00f3 del cicle de xerrades itinerants Urban Talks.","breadcrumb":{"@id":"https:\/\/poblenouurbandistrict.com\/ca\/urban-talks-2\/#breadcrumb"},"inLanguage":"ca","potentialAction":[{"@type":"ReadAction","target":[["https:\/\/poblenouurbandistrict.com\/ca\/urban-talks-2\/"]]}]},{"@type":"ImageObject","inLanguage":"ca","@id":"https:\/\/poblenouurbandistrict.com\/ca\/urban-talks-2\/#primaryimage","url":"https:\/\/poblenouurbandistrict.com\/wp-content\/uploads\/2022\/03\/12.jpg","contentUrl":"https:\/\/poblenouurbandistrict.com\/wp-content\/uploads\/2022\/03\/12.jpg","width":1920,"height":1080,"caption":"Urban talks #1"},{"@type":"BreadcrumbList","@id":"https:\/\/poblenouurbandistrict.com\/ca\/urban-talks-2\/#breadcrumb","itemListElement":[{"@type":"ListItem","position":1,"name":"Home","item":"https:\/\/poblenouurbandistrict.com\/ca\/"},{"@type":"ListItem","position":2,"name":"Urban Talks #1"}]},{"@type":"WebSite","@id":"https:\/\/poblenouurbandistrict.com\/ca\/#website","url":"https:\/\/poblenouurbandistrict.com\/ca\/","name":"Poblenou Urban District","description":"Comunitat Creativa","potentialAction":[{"@type":"SearchAction","target":{"@type":"EntryPoint","urlTemplate":"https:\/\/poblenouurbandistrict.com\/ca\/?s={search_term_string}"},"query-input":{"@type":"PropertyValueSpecification","valueRequired":true,"valueName":"search_term_string"}}],"inLanguage":"ca"}]}},"_links":{"self":[{"href":"https:\/\/poblenouurbandistrict.com\/ca\/wp-json\/wp\/v2\/pages\/26953","targetHints":{"allow":["GET"]}}],"collection":[{"href":"https:\/\/poblenouurbandistrict.com\/ca\/wp-json\/wp\/v2\/pages"}],"about":[{"href":"https:\/\/poblenouurbandistrict.com\/ca\/wp-json\/wp\/v2\/types\/page"}],"author":[{"embeddable":true,"href":"https:\/\/poblenouurbandistrict.com\/ca\/wp-json\/wp\/v2\/users\/5"}],"replies":[{"embeddable":true,"href":"https:\/\/poblenouurbandistrict.com\/ca\/wp-json\/wp\/v2\/comments?post=26953"}],"version-history":[{"count":14,"href":"https:\/\/poblenouurbandistrict.com\/ca\/wp-json\/wp\/v2\/pages\/26953\/revisions"}],"predecessor-version":[{"id":53287,"href":"https:\/\/poblenouurbandistrict.com\/ca\/wp-json\/wp\/v2\/pages\/26953\/revisions\/53287"}],"wp:featuredmedia":[{"embeddable":true,"href":"https:\/\/poblenouurbandistrict.com\/ca\/wp-json\/wp\/v2\/media\/26954"}],"wp:attachment":[{"href":"https:\/\/poblenouurbandistrict.com\/ca\/wp-json\/wp\/v2\/media?parent=26953"}],"curies":[{"name":"wp","href":"https:\/\/api.w.org\/{rel}","templated":true}]}}