{"id":27396,"date":"2022-03-22T18:27:17","date_gmt":"2022-03-22T17:27:17","guid":{"rendered":"https:\/\/poblenouurbandistrict.com\/?page_id=27396"},"modified":"2022-03-22T18:27:59","modified_gmt":"2022-03-22T17:27:59","slug":"open-day-2018","status":"publish","type":"page","link":"https:\/\/poblenouurbandistrict.com\/ca\/open-day-2018\/","title":{"rendered":"Open Day 2018"},"content":{"rendered":"<p><\/p>\n<h3>El pr\u00f2xim 12 de maig celebrem la sexta edici\u00f3 del Poblenou Open Day, una jornada on la comunitat creativa del Poblenou Urban District obre m\u00e9s de setanta espais oferint una programaci\u00f3 innovadora que busca donar a con\u00e8ixer el treball i els projectes que es duen a terme al barri. Durant deu hores ininterrompudes, podreu gaudir d&#8217;una programaci\u00f3 exclusiva d&#8217;exposicions, concerts, propostes gastron\u00f2miques, c\u00f2ctels especials i descomptes especials.<\/h3>\n<p><\/p>","protected":false},"excerpt":{"rendered":"<p>El pr\u00f2xim 12 de maig celebrem la sexta edici\u00f3 del Poblenou Open Day, una jornada on la comunitat creativa del&#8230; <a href=\"https:\/\/poblenouurbandistrict.com\/ca\/open-day-2018\/\">M\u00e9s  \u2192<\/a><\/p>\n","protected":false},"author":5,"featured_media":12414,"parent":0,"menu_order":0,"comment_status":"closed","ping_status":"closed","template":"templates\/template-map.php","meta":{"_acf_changed":false,"footnotes":""},"class_list":["post-27396","page","type-page","status-publish","has-post-thumbnail","hentry"],"acf":[],"yoast_head":"<!-- This site is optimized with the Yoast SEO plugin v27.3 - https:\/\/yoast.com\/product\/yoast-seo-wordpress\/ -->\n<title>Open Day 2018 &#8211; Poblenou Urban District<\/title>\n<meta name=\"description\" content=\"El 12 de mayo podr\u00e1s disfrutar de un d\u00eda repleto de puertas abiertas en los espacios creativos de la comunidad de Poblenou Urban District.\" \/>\n<meta name=\"robots\" content=\"index, follow, max-snippet:-1, max-image-preview:large, max-video-preview:-1\" \/>\n<link rel=\"canonical\" href=\"https:\/\/poblenouurbandistrict.com\/ca\/open-day-2018\/\" \/>\n<meta property=\"og:locale\" content=\"ca_ES\" \/>\n<meta property=\"og:type\" content=\"article\" \/>\n<meta property=\"og:title\" content=\"Open Day 2018 &#8211; Poblenou Urban District\" \/>\n<meta property=\"og:description\" content=\"El 12 de mayo podr\u00e1s disfrutar de un d\u00eda repleto de puertas abiertas en los espacios creativos de la comunidad de Poblenou Urban District.\" \/>\n<meta property=\"og:url\" content=\"https:\/\/poblenouurbandistrict.com\/ca\/open-day-2018\/\" \/>\n<meta property=\"og:site_name\" content=\"Poblenou Urban District\" \/>\n<meta property=\"article:modified_time\" content=\"2022-03-22T17:27:59+00:00\" \/>\n<meta property=\"og:image\" content=\"https:\/\/poblenouurbandistrict.com\/wp-content\/uploads\/2018\/04\/620x380_OpenDay.jpg\" \/>\n\t<meta property=\"og:image:width\" content=\"620\" \/>\n\t<meta property=\"og:image:height\" content=\"380\" \/>\n\t<meta property=\"og:image:type\" content=\"image\/jpeg\" \/>\n<meta name=\"twitter:card\" content=\"summary_large_image\" \/>\n<meta name=\"twitter:label1\" content=\"Temps estimat de lectura\" \/>\n\t<meta name=\"twitter:data1\" content=\"1 minut\" \/>\n<script type=\"application\/ld+json\" class=\"yoast-schema-graph\">{\"@context\":\"https:\\\/\\\/schema.org\",\"@graph\":[{\"@type\":\"WebPage\",\"@id\":\"https:\\\/\\\/poblenouurbandistrict.com\\\/ca\\\/open-day-2018\\\/\",\"url\":\"https:\\\/\\\/poblenouurbandistrict.com\\\/ca\\\/open-day-2018\\\/\",\"name\":\"Open Day 2018 &#8211; Poblenou Urban District\",\"isPartOf\":{\"@id\":\"https:\\\/\\\/poblenouurbandistrict.com\\\/ca\\\/#website\"},\"primaryImageOfPage\":{\"@id\":\"https:\\\/\\\/poblenouurbandistrict.com\\\/ca\\\/open-day-2018\\\/#primaryimage\"},\"image\":{\"@id\":\"https:\\\/\\\/poblenouurbandistrict.com\\\/open-day-2018\\\/#primaryimage\"},\"thumbnailUrl\":\"https:\\\/\\\/media.poblenouurbandistrict.com\\\/2018\\\/04\\\/25021240\\\/620x380_OpenDay.jpg\",\"datePublished\":\"2022-03-22T17:27:17+00:00\",\"dateModified\":\"2022-03-22T17:27:59+00:00\",\"description\":\"El 12 de mayo podr\u00e1s disfrutar de un d\u00eda repleto de puertas abiertas en los espacios creativos de la comunidad de Poblenou Urban District.\",\"breadcrumb\":{\"@id\":\"https:\\\/\\\/poblenouurbandistrict.com\\\/ca\\\/open-day-2018\\\/#breadcrumb\"},\"inLanguage\":\"ca\",\"potentialAction\":[{\"@type\":\"ReadAction\",\"target\":[[\"https:\\\/\\\/poblenouurbandistrict.com\\\/ca\\\/open-day-2018\\\/\"]]}]},{\"@type\":\"ImageObject\",\"inLanguage\":\"ca\",\"@id\":\"https:\\\/\\\/poblenouurbandistrict.com\\\/ca\\\/open-day-2018\\\/#primaryimage\",\"url\":\"https:\\\/\\\/media.poblenouurbandistrict.com\\\/2018\\\/04\\\/25021240\\\/620x380_OpenDay.jpg\",\"contentUrl\":\"https:\\\/\\\/media.poblenouurbandistrict.com\\\/2018\\\/04\\\/25021240\\\/620x380_OpenDay.jpg\",\"width\":620,\"height\":380},{\"@type\":\"BreadcrumbList\",\"@id\":\"https:\\\/\\\/poblenouurbandistrict.com\\\/ca\\\/open-day-2018\\\/#breadcrumb\",\"itemListElement\":[{\"@type\":\"ListItem\",\"position\":1,\"name\":\"Home\",\"item\":\"https:\\\/\\\/poblenouurbandistrict.com\\\/ca\\\/\"},{\"@type\":\"ListItem\",\"position\":2,\"name\":\"Open Day 2018\"}]},{\"@type\":\"WebSite\",\"@id\":\"https:\\\/\\\/poblenouurbandistrict.com\\\/ca\\\/#website\",\"url\":\"https:\\\/\\\/poblenouurbandistrict.com\\\/ca\\\/\",\"name\":\"Poblenou Urban District\",\"description\":\"Comunitat Creativa\",\"potentialAction\":[{\"@type\":\"SearchAction\",\"target\":{\"@type\":\"EntryPoint\",\"urlTemplate\":\"https:\\\/\\\/poblenouurbandistrict.com\\\/ca\\\/?s={search_term_string}\"},\"query-input\":{\"@type\":\"PropertyValueSpecification\",\"valueRequired\":true,\"valueName\":\"search_term_string\"}}],\"inLanguage\":\"ca\"}]}<\/script>\n<!-- \/ Yoast SEO plugin. -->","yoast_head_json":{"title":"Open Day 2018 &#8211; Poblenou Urban District","description":"El 12 de mayo podr\u00e1s disfrutar de un d\u00eda repleto de puertas abiertas en los espacios creativos de la comunidad de Poblenou Urban District.","robots":{"index":"index","follow":"follow","max-snippet":"max-snippet:-1","max-image-preview":"max-image-preview:large","max-video-preview":"max-video-preview:-1"},"canonical":"https:\/\/poblenouurbandistrict.com\/ca\/open-day-2018\/","og_locale":"ca_ES","og_type":"article","og_title":"Open Day 2018 &#8211; Poblenou Urban District","og_description":"El 12 de mayo podr\u00e1s disfrutar de un d\u00eda repleto de puertas abiertas en los espacios creativos de la comunidad de Poblenou Urban District.","og_url":"https:\/\/poblenouurbandistrict.com\/ca\/open-day-2018\/","og_site_name":"Poblenou Urban District","article_modified_time":"2022-03-22T17:27:59+00:00","og_image":[{"width":620,"height":380,"url":"https:\/\/poblenouurbandistrict.com\/wp-content\/uploads\/2018\/04\/620x380_OpenDay.jpg","type":"image\/jpeg"}],"twitter_card":"summary_large_image","twitter_misc":{"Temps estimat de lectura":"1 minut"},"schema":{"@context":"https:\/\/schema.org","@graph":[{"@type":"WebPage","@id":"https:\/\/poblenouurbandistrict.com\/ca\/open-day-2018\/","url":"https:\/\/poblenouurbandistrict.com\/ca\/open-day-2018\/","name":"Open Day 2018 &#8211; Poblenou Urban District","isPartOf":{"@id":"https:\/\/poblenouurbandistrict.com\/ca\/#website"},"primaryImageOfPage":{"@id":"https:\/\/poblenouurbandistrict.com\/ca\/open-day-2018\/#primaryimage"},"image":{"@id":"https:\/\/poblenouurbandistrict.com\/open-day-2018\/#primaryimage"},"thumbnailUrl":"https:\/\/media.poblenouurbandistrict.com\/2018\/04\/25021240\/620x380_OpenDay.jpg","datePublished":"2022-03-22T17:27:17+00:00","dateModified":"2022-03-22T17:27:59+00:00","description":"El 12 de mayo podr\u00e1s disfrutar de un d\u00eda repleto de puertas abiertas en los espacios creativos de la comunidad de Poblenou Urban District.","breadcrumb":{"@id":"https:\/\/poblenouurbandistrict.com\/ca\/open-day-2018\/#breadcrumb"},"inLanguage":"ca","potentialAction":[{"@type":"ReadAction","target":[["https:\/\/poblenouurbandistrict.com\/ca\/open-day-2018\/"]]}]},{"@type":"ImageObject","inLanguage":"ca","@id":"https:\/\/poblenouurbandistrict.com\/ca\/open-day-2018\/#primaryimage","url":"https:\/\/media.poblenouurbandistrict.com\/2018\/04\/25021240\/620x380_OpenDay.jpg","contentUrl":"https:\/\/media.poblenouurbandistrict.com\/2018\/04\/25021240\/620x380_OpenDay.jpg","width":620,"height":380},{"@type":"BreadcrumbList","@id":"https:\/\/poblenouurbandistrict.com\/ca\/open-day-2018\/#breadcrumb","itemListElement":[{"@type":"ListItem","position":1,"name":"Home","item":"https:\/\/poblenouurbandistrict.com\/ca\/"},{"@type":"ListItem","position":2,"name":"Open Day 2018"}]},{"@type":"WebSite","@id":"https:\/\/poblenouurbandistrict.com\/ca\/#website","url":"https:\/\/poblenouurbandistrict.com\/ca\/","name":"Poblenou Urban District","description":"Comunitat Creativa","potentialAction":[{"@type":"SearchAction","target":{"@type":"EntryPoint","urlTemplate":"https:\/\/poblenouurbandistrict.com\/ca\/?s={search_term_string}"},"query-input":{"@type":"PropertyValueSpecification","valueRequired":true,"valueName":"search_term_string"}}],"inLanguage":"ca"}]}},"_links":{"self":[{"href":"https:\/\/poblenouurbandistrict.com\/ca\/wp-json\/wp\/v2\/pages\/27396","targetHints":{"allow":["GET"]}}],"collection":[{"href":"https:\/\/poblenouurbandistrict.com\/ca\/wp-json\/wp\/v2\/pages"}],"about":[{"href":"https:\/\/poblenouurbandistrict.com\/ca\/wp-json\/wp\/v2\/types\/page"}],"author":[{"embeddable":true,"href":"https:\/\/poblenouurbandistrict.com\/ca\/wp-json\/wp\/v2\/users\/5"}],"replies":[{"embeddable":true,"href":"https:\/\/poblenouurbandistrict.com\/ca\/wp-json\/wp\/v2\/comments?post=27396"}],"version-history":[{"count":2,"href":"https:\/\/poblenouurbandistrict.com\/ca\/wp-json\/wp\/v2\/pages\/27396\/revisions"}],"predecessor-version":[{"id":27445,"href":"https:\/\/poblenouurbandistrict.com\/ca\/wp-json\/wp\/v2\/pages\/27396\/revisions\/27445"}],"wp:featuredmedia":[{"embeddable":true,"href":"https:\/\/poblenouurbandistrict.com\/ca\/wp-json\/wp\/v2\/media\/12414"}],"wp:attachment":[{"href":"https:\/\/poblenouurbandistrict.com\/ca\/wp-json\/wp\/v2\/media?parent=27396"}],"curies":[{"name":"wp","href":"https:\/\/api.w.org\/{rel}","templated":true}]}}