{"id":27399,"date":"2022-03-22T18:24:30","date_gmt":"2022-03-22T17:24:30","guid":{"rendered":"https:\/\/poblenouurbandistrict.com\/?page_id=27399"},"modified":"2022-03-22T18:25:12","modified_gmt":"2022-03-22T17:25:12","slug":"open-day-2017","status":"publish","type":"page","link":"https:\/\/poblenouurbandistrict.com\/ca\/open-day-2017\/","title":{"rendered":"Open Day 2017"},"content":{"rendered":"<p><\/p>\n<h3>El pr\u00f2xim 6 de maig celebrem la quinta edici\u00f3 del Poblenou Open Day, una jornada on la comunitat creativa del Poblenou Urban District obre m\u00e9s de seixanta espais oferint una programaci\u00f3 innovadora en la qual l&#8217;art i la creativitat seran l&#8217;objectiu principal. Durant deu hores ininterrompudes, podreu gaudir d&#8217;una programaci\u00f3 exclusiva d&#8217;exposicions, concerts, propostes gastron\u00f2miques i xerrades.<\/h3>\n<p><\/p>","protected":false},"excerpt":{"rendered":"<p>El pr\u00f2xim 6 de maig celebrem la quinta edici\u00f3 del Poblenou Open Day, una jornada on la comunitat creativa del&#8230; <a href=\"https:\/\/poblenouurbandistrict.com\/ca\/open-day-2017\/\">M\u00e9s  \u2192<\/a><\/p>\n","protected":false},"author":5,"featured_media":10506,"parent":0,"menu_order":0,"comment_status":"closed","ping_status":"closed","template":"templates\/template-map.php","meta":{"_acf_changed":false,"footnotes":""},"class_list":["post-27399","page","type-page","status-publish","has-post-thumbnail","hentry"],"acf":[],"yoast_head":"<!-- This site is optimized with the Yoast SEO plugin v27.3 - https:\/\/yoast.com\/product\/yoast-seo-wordpress\/ -->\n<title>Open Day 2017 &#8211; Poblenou Urban District<\/title>\n<meta name=\"description\" content=\"El 6 de mayo podr\u00e1s disfrutar de un d\u00eda repleto de puertas abiertas en los espacios creativos de la comunidad de Poblenou Urban District.\" \/>\n<meta name=\"robots\" content=\"index, follow, max-snippet:-1, max-image-preview:large, max-video-preview:-1\" \/>\n<link rel=\"canonical\" href=\"https:\/\/poblenouurbandistrict.com\/ca\/open-day-2017\/\" \/>\n<meta property=\"og:locale\" content=\"ca_ES\" \/>\n<meta property=\"og:type\" content=\"article\" \/>\n<meta property=\"og:title\" content=\"Open Day 2017 &#8211; Poblenou Urban District\" \/>\n<meta property=\"og:description\" content=\"El 6 de mayo podr\u00e1s disfrutar de un d\u00eda repleto de puertas abiertas en los espacios creativos de la comunidad de Poblenou Urban District.\" \/>\n<meta property=\"og:url\" content=\"https:\/\/poblenouurbandistrict.com\/ca\/open-day-2017\/\" \/>\n<meta property=\"og:site_name\" content=\"Poblenou Urban District\" \/>\n<meta property=\"article:modified_time\" content=\"2022-03-22T17:25:12+00:00\" \/>\n<meta property=\"og:image\" content=\"https:\/\/poblenouurbandistrict.com\/wp-content\/uploads\/2016\/12\/OR-BANNER-PUD-620x380px-1.jpg\" \/>\n\t<meta property=\"og:image:width\" content=\"620\" \/>\n\t<meta property=\"og:image:height\" content=\"380\" \/>\n\t<meta property=\"og:image:type\" content=\"image\/jpeg\" \/>\n<meta name=\"twitter:card\" content=\"summary_large_image\" \/>\n<meta name=\"twitter:label1\" content=\"Temps estimat de lectura\" \/>\n\t<meta name=\"twitter:data1\" content=\"1 minut\" \/>\n<script type=\"application\/ld+json\" class=\"yoast-schema-graph\">{\"@context\":\"https:\\\/\\\/schema.org\",\"@graph\":[{\"@type\":\"WebPage\",\"@id\":\"https:\\\/\\\/poblenouurbandistrict.com\\\/ca\\\/open-day-2017\\\/\",\"url\":\"https:\\\/\\\/poblenouurbandistrict.com\\\/ca\\\/open-day-2017\\\/\",\"name\":\"Open Day 2017 &#8211; Poblenou Urban District\",\"isPartOf\":{\"@id\":\"https:\\\/\\\/poblenouurbandistrict.com\\\/ca\\\/#website\"},\"primaryImageOfPage\":{\"@id\":\"https:\\\/\\\/poblenouurbandistrict.com\\\/ca\\\/open-day-2017\\\/#primaryimage\"},\"image\":{\"@id\":\"https:\\\/\\\/poblenouurbandistrict.com\\\/open-day-2017\\\/#primaryimage\"},\"thumbnailUrl\":\"https:\\\/\\\/media.poblenouurbandistrict.com\\\/2016\\\/12\\\/25015430\\\/OR-BANNER-PUD-620x380px-1.jpg\",\"datePublished\":\"2022-03-22T17:24:30+00:00\",\"dateModified\":\"2022-03-22T17:25:12+00:00\",\"description\":\"El 6 de mayo podr\u00e1s disfrutar de un d\u00eda repleto de puertas abiertas en los espacios creativos de la comunidad de Poblenou Urban District.\",\"breadcrumb\":{\"@id\":\"https:\\\/\\\/poblenouurbandistrict.com\\\/ca\\\/open-day-2017\\\/#breadcrumb\"},\"inLanguage\":\"ca\",\"potentialAction\":[{\"@type\":\"ReadAction\",\"target\":[[\"https:\\\/\\\/poblenouurbandistrict.com\\\/ca\\\/open-day-2017\\\/\"]]}]},{\"@type\":\"ImageObject\",\"inLanguage\":\"ca\",\"@id\":\"https:\\\/\\\/poblenouurbandistrict.com\\\/ca\\\/open-day-2017\\\/#primaryimage\",\"url\":\"https:\\\/\\\/media.poblenouurbandistrict.com\\\/2016\\\/12\\\/25015430\\\/OR-BANNER-PUD-620x380px-1.jpg\",\"contentUrl\":\"https:\\\/\\\/media.poblenouurbandistrict.com\\\/2016\\\/12\\\/25015430\\\/OR-BANNER-PUD-620x380px-1.jpg\",\"width\":620,\"height\":380},{\"@type\":\"BreadcrumbList\",\"@id\":\"https:\\\/\\\/poblenouurbandistrict.com\\\/ca\\\/open-day-2017\\\/#breadcrumb\",\"itemListElement\":[{\"@type\":\"ListItem\",\"position\":1,\"name\":\"Home\",\"item\":\"https:\\\/\\\/poblenouurbandistrict.com\\\/ca\\\/\"},{\"@type\":\"ListItem\",\"position\":2,\"name\":\"Open Day 2017\"}]},{\"@type\":\"WebSite\",\"@id\":\"https:\\\/\\\/poblenouurbandistrict.com\\\/ca\\\/#website\",\"url\":\"https:\\\/\\\/poblenouurbandistrict.com\\\/ca\\\/\",\"name\":\"Poblenou Urban District\",\"description\":\"Comunitat Creativa\",\"potentialAction\":[{\"@type\":\"SearchAction\",\"target\":{\"@type\":\"EntryPoint\",\"urlTemplate\":\"https:\\\/\\\/poblenouurbandistrict.com\\\/ca\\\/?s={search_term_string}\"},\"query-input\":{\"@type\":\"PropertyValueSpecification\",\"valueRequired\":true,\"valueName\":\"search_term_string\"}}],\"inLanguage\":\"ca\"}]}<\/script>\n<!-- \/ Yoast SEO plugin. -->","yoast_head_json":{"title":"Open Day 2017 &#8211; Poblenou Urban District","description":"El 6 de mayo podr\u00e1s disfrutar de un d\u00eda repleto de puertas abiertas en los espacios creativos de la comunidad de Poblenou Urban District.","robots":{"index":"index","follow":"follow","max-snippet":"max-snippet:-1","max-image-preview":"max-image-preview:large","max-video-preview":"max-video-preview:-1"},"canonical":"https:\/\/poblenouurbandistrict.com\/ca\/open-day-2017\/","og_locale":"ca_ES","og_type":"article","og_title":"Open Day 2017 &#8211; Poblenou Urban District","og_description":"El 6 de mayo podr\u00e1s disfrutar de un d\u00eda repleto de puertas abiertas en los espacios creativos de la comunidad de Poblenou Urban District.","og_url":"https:\/\/poblenouurbandistrict.com\/ca\/open-day-2017\/","og_site_name":"Poblenou Urban District","article_modified_time":"2022-03-22T17:25:12+00:00","og_image":[{"width":620,"height":380,"url":"https:\/\/poblenouurbandistrict.com\/wp-content\/uploads\/2016\/12\/OR-BANNER-PUD-620x380px-1.jpg","type":"image\/jpeg"}],"twitter_card":"summary_large_image","twitter_misc":{"Temps estimat de lectura":"1 minut"},"schema":{"@context":"https:\/\/schema.org","@graph":[{"@type":"WebPage","@id":"https:\/\/poblenouurbandistrict.com\/ca\/open-day-2017\/","url":"https:\/\/poblenouurbandistrict.com\/ca\/open-day-2017\/","name":"Open Day 2017 &#8211; Poblenou Urban District","isPartOf":{"@id":"https:\/\/poblenouurbandistrict.com\/ca\/#website"},"primaryImageOfPage":{"@id":"https:\/\/poblenouurbandistrict.com\/ca\/open-day-2017\/#primaryimage"},"image":{"@id":"https:\/\/poblenouurbandistrict.com\/open-day-2017\/#primaryimage"},"thumbnailUrl":"https:\/\/media.poblenouurbandistrict.com\/2016\/12\/25015430\/OR-BANNER-PUD-620x380px-1.jpg","datePublished":"2022-03-22T17:24:30+00:00","dateModified":"2022-03-22T17:25:12+00:00","description":"El 6 de mayo podr\u00e1s disfrutar de un d\u00eda repleto de puertas abiertas en los espacios creativos de la comunidad de Poblenou Urban District.","breadcrumb":{"@id":"https:\/\/poblenouurbandistrict.com\/ca\/open-day-2017\/#breadcrumb"},"inLanguage":"ca","potentialAction":[{"@type":"ReadAction","target":[["https:\/\/poblenouurbandistrict.com\/ca\/open-day-2017\/"]]}]},{"@type":"ImageObject","inLanguage":"ca","@id":"https:\/\/poblenouurbandistrict.com\/ca\/open-day-2017\/#primaryimage","url":"https:\/\/media.poblenouurbandistrict.com\/2016\/12\/25015430\/OR-BANNER-PUD-620x380px-1.jpg","contentUrl":"https:\/\/media.poblenouurbandistrict.com\/2016\/12\/25015430\/OR-BANNER-PUD-620x380px-1.jpg","width":620,"height":380},{"@type":"BreadcrumbList","@id":"https:\/\/poblenouurbandistrict.com\/ca\/open-day-2017\/#breadcrumb","itemListElement":[{"@type":"ListItem","position":1,"name":"Home","item":"https:\/\/poblenouurbandistrict.com\/ca\/"},{"@type":"ListItem","position":2,"name":"Open Day 2017"}]},{"@type":"WebSite","@id":"https:\/\/poblenouurbandistrict.com\/ca\/#website","url":"https:\/\/poblenouurbandistrict.com\/ca\/","name":"Poblenou Urban District","description":"Comunitat Creativa","potentialAction":[{"@type":"SearchAction","target":{"@type":"EntryPoint","urlTemplate":"https:\/\/poblenouurbandistrict.com\/ca\/?s={search_term_string}"},"query-input":{"@type":"PropertyValueSpecification","valueRequired":true,"valueName":"search_term_string"}}],"inLanguage":"ca"}]}},"_links":{"self":[{"href":"https:\/\/poblenouurbandistrict.com\/ca\/wp-json\/wp\/v2\/pages\/27399","targetHints":{"allow":["GET"]}}],"collection":[{"href":"https:\/\/poblenouurbandistrict.com\/ca\/wp-json\/wp\/v2\/pages"}],"about":[{"href":"https:\/\/poblenouurbandistrict.com\/ca\/wp-json\/wp\/v2\/types\/page"}],"author":[{"embeddable":true,"href":"https:\/\/poblenouurbandistrict.com\/ca\/wp-json\/wp\/v2\/users\/5"}],"replies":[{"embeddable":true,"href":"https:\/\/poblenouurbandistrict.com\/ca\/wp-json\/wp\/v2\/comments?post=27399"}],"version-history":[{"count":3,"href":"https:\/\/poblenouurbandistrict.com\/ca\/wp-json\/wp\/v2\/pages\/27399\/revisions"}],"predecessor-version":[{"id":27443,"href":"https:\/\/poblenouurbandistrict.com\/ca\/wp-json\/wp\/v2\/pages\/27399\/revisions\/27443"}],"wp:featuredmedia":[{"embeddable":true,"href":"https:\/\/poblenouurbandistrict.com\/ca\/wp-json\/wp\/v2\/media\/10506"}],"wp:attachment":[{"href":"https:\/\/poblenouurbandistrict.com\/ca\/wp-json\/wp\/v2\/media?parent=27399"}],"curies":[{"name":"wp","href":"https:\/\/api.w.org\/{rel}","templated":true}]}}