{"id":29993,"date":"2022-05-11T14:02:43","date_gmt":"2022-05-11T12:02:43","guid":{"rendered":"https:\/\/poblenouurbandistrict.com\/?page_id=29993"},"modified":"2022-10-20T12:11:36","modified_gmt":"2022-10-20T10:11:36","slug":"urban-talks-4","status":"publish","type":"page","link":"https:\/\/poblenouurbandistrict.com\/ca\/urban-talks-4\/","title":{"rendered":"Urban Talks #4"},"content":{"rendered":"<p><\/p>\n<h4>La quarta edici\u00f3 de les Urban Talks est\u00e0 organitzada pel Poblenou Urban District, Fab Lab Barcelona a IAAC, La Plataforma i Life In The Woods. A m\u00e9s, torna a comptar amb el suport del projecte europeu H2020 CENTRINNO i amb l&#8217;Institut d&#8217;arquitectura avanzada de Catalunya com a venue partner.<\/h4>\n<hr \/>\n<h4><\/h4>\n<h4>Obertura de portes: 15.45h<\/h4>\n<h4>Espai: IAAC i a<span style=\"font-weight: 400;\">\u00a0<\/span><span style=\"color: #000000;\"><a style=\"color: #000000;\" href=\"https:\/\/www.instagram.com\/poblenouud\/\"><span style=\"font-weight: 400;\">Instagram<\/span><\/a><span style=\"font-weight: 400;\"> \/ <\/span><a style=\"color: #000000;\" href=\"https:\/\/www.youtube.com\/channel\/UCyVb54OCWKmehErJQbsO7Gw\"><span style=\"font-weight: 400;\">Youtube<\/span><\/a><span style=\"font-weight: 400;\"> \/ <\/span><a style=\"color: #000000;\" href=\"https:\/\/poblenouurbandistrict.com\/es\/urban-talks\/\"><span style=\"font-weight: 400;\">Web PUD<\/span><\/a><\/span><\/h4>\n<h4>Horari: <strong>16:00h-19:00h<\/strong><\/h4>\n<p>&nbsp;<\/p>\n<h4>Transporte<b>:<\/b> <span style=\"font-weight: 400;\">Metro: L\u00ednia 4 Llacuna \/ Autob\u00fas: 6, B20, B25\u00a0<\/span><\/h4>\n<h4>Direcci\u00f3<b>:<\/b> <span style=\"font-weight: 400;\">Carrer Pujades, 102, 08005 Barcelona<\/span><b><br \/>\n<\/b>Entrada<b>:<\/b><span style=\"font-weight: 400;\"> Gratu\u00efta <\/span><span style=\"font-weight: 400;\"><br \/>\n<\/span>Idiomes<b>:<\/b><span style=\"font-weight: 400;\"> Angl\u00e8s (amb traducci\u00f3 simult\u00e0nia) i Castell\u00e0<\/span><\/h4>\n<h4><\/h4>\n<p>&nbsp;<\/p>\n<h4><strong>TALK #1 | From the Hub to the City: Una escala para la transformaci\u00f3n urbana<br \/>\n<\/strong>Horari 16:10h<\/h4>\n<p>&nbsp;<\/p>\n<h4><b>TALK #2 | Lo p\u00fablico y lo privado: Los actores de la transformaci\u00f3n urbana<br \/>\n<\/b>Horari 17:15h<\/h4>\n<h4><\/h4>\n<p>&nbsp;<\/p>\n<h4><b><\/b><b>TALK #3 | 505KM (Barcelona\u2013Madrid): El dise\u00f1o de la transformaci\u00f3n urbana<br \/>\n<\/b>Horari 18:20h<\/h4>\n<h4><\/h4>\n<p>&nbsp;<\/p>\n<hr \/>\n<h4>&#8211; L&#8217;acc\u00e9s a les xerrades \u00e9s gratu\u00eft.<br \/>\n&#8211; Pots seguir les Urban Talks en streaming a trav\u00e9s del n<span style=\"color: #333333;\">ostre <a style=\"color: #333333;\" href=\"https:\/\/www.youtube.com\/channel\/UCyVb54OCWKmehErJQbsO7Gw\">canal de Youtube<\/a> i <a style=\"color: #333333;\" href=\"https:\/\/www.instagram.com\/poblenouud\/\">perfil d&#8217;Instagram<\/a><\/span><\/h4>\n<p><\/p>","protected":false},"excerpt":{"rendered":"<p>La quarta edici\u00f3 de les Urban Talks est\u00e0 organitzada pel Poblenou Urban District, Fab Lab Barcelona a IAAC, La Plataforma&#8230; <a href=\"https:\/\/poblenouurbandistrict.com\/ca\/urban-talks-4\/\">M\u00e9s  \u2192<\/a><\/p>\n","protected":false},"author":5,"featured_media":30469,"parent":0,"menu_order":4,"comment_status":"closed","ping_status":"closed","template":"templates\/template-imagemap.php","meta":{"_acf_changed":false,"footnotes":""},"class_list":["post-29993","page","type-page","status-publish","has-post-thumbnail","hentry"],"acf":[],"yoast_head":"<!-- This site is optimized with the Yoast SEO plugin v27.3 - https:\/\/yoast.com\/product\/yoast-seo-wordpress\/ -->\n<title>Quarta edici\u00f3 de les Urban Talks<\/title>\n<meta name=\"description\" content=\"El 18 de maig, de15h a 20:30h, celebrem la quarta edici\u00f3 del cicle de xerrades itinerants Urban Talks.\" \/>\n<meta name=\"robots\" content=\"index, follow, max-snippet:-1, max-image-preview:large, max-video-preview:-1\" \/>\n<link rel=\"canonical\" href=\"https:\/\/poblenouurbandistrict.com\/ca\/urban-talks-4\/\" \/>\n<meta property=\"og:locale\" content=\"ca_ES\" \/>\n<meta property=\"og:type\" content=\"article\" \/>\n<meta property=\"og:title\" content=\"Quarta edici\u00f3 de les Urban Talks\" \/>\n<meta property=\"og:description\" content=\"El 18 de maig, de15h a 20:30h, celebrem la quarta edici\u00f3 del cicle de xerrades itinerants Urban Talks.\" \/>\n<meta property=\"og:url\" content=\"https:\/\/poblenouurbandistrict.com\/ca\/urban-talks-4\/\" \/>\n<meta property=\"og:site_name\" content=\"Poblenou Urban District\" \/>\n<meta property=\"article:modified_time\" content=\"2022-10-20T10:11:36+00:00\" \/>\n<meta property=\"og:image\" content=\"https:\/\/poblenouurbandistrict.com\/wp-content\/uploads\/2022\/05\/sans-titre-43-1.png\" \/>\n\t<meta property=\"og:image:width\" content=\"1920\" \/>\n\t<meta property=\"og:image:height\" content=\"1080\" \/>\n\t<meta property=\"og:image:type\" content=\"image\/png\" \/>\n<meta name=\"twitter:card\" content=\"summary_large_image\" \/>\n<meta name=\"twitter:label1\" content=\"Temps estimat de lectura\" \/>\n\t<meta name=\"twitter:data1\" content=\"1 minut\" \/>\n<script type=\"application\/ld+json\" class=\"yoast-schema-graph\">{\"@context\":\"https:\\\/\\\/schema.org\",\"@graph\":[{\"@type\":\"WebPage\",\"@id\":\"https:\\\/\\\/poblenouurbandistrict.com\\\/ca\\\/urban-talks-4\\\/\",\"url\":\"https:\\\/\\\/poblenouurbandistrict.com\\\/ca\\\/urban-talks-4\\\/\",\"name\":\"Quarta edici\u00f3 de les Urban Talks\",\"isPartOf\":{\"@id\":\"https:\\\/\\\/poblenouurbandistrict.com\\\/ca\\\/#website\"},\"primaryImageOfPage\":{\"@id\":\"https:\\\/\\\/poblenouurbandistrict.com\\\/ca\\\/urban-talks-4\\\/#primaryimage\"},\"image\":{\"@id\":\"https:\\\/\\\/poblenouurbandistrict.com\\\/urban-talks-4\\\/#primaryimage\"},\"thumbnailUrl\":\"https:\\\/\\\/media.poblenouurbandistrict.com\\\/2022\\\/05\\\/25051716\\\/sans-titre-43-1.jpg\",\"datePublished\":\"2022-05-11T12:02:43+00:00\",\"dateModified\":\"2022-10-20T10:11:36+00:00\",\"description\":\"El 18 de maig, de15h a 20:30h, celebrem la quarta edici\u00f3 del cicle de xerrades itinerants Urban Talks.\",\"breadcrumb\":{\"@id\":\"https:\\\/\\\/poblenouurbandistrict.com\\\/ca\\\/urban-talks-4\\\/#breadcrumb\"},\"inLanguage\":\"ca\",\"potentialAction\":[{\"@type\":\"ReadAction\",\"target\":[[\"https:\\\/\\\/poblenouurbandistrict.com\\\/ca\\\/urban-talks-4\\\/\"]]}]},{\"@type\":\"ImageObject\",\"inLanguage\":\"ca\",\"@id\":\"https:\\\/\\\/poblenouurbandistrict.com\\\/ca\\\/urban-talks-4\\\/#primaryimage\",\"url\":\"https:\\\/\\\/media.poblenouurbandistrict.com\\\/2022\\\/05\\\/25051716\\\/sans-titre-43-1.jpg\",\"contentUrl\":\"https:\\\/\\\/media.poblenouurbandistrict.com\\\/2022\\\/05\\\/25051716\\\/sans-titre-43-1.jpg\",\"width\":1920,\"height\":1080},{\"@type\":\"BreadcrumbList\",\"@id\":\"https:\\\/\\\/poblenouurbandistrict.com\\\/ca\\\/urban-talks-4\\\/#breadcrumb\",\"itemListElement\":[{\"@type\":\"ListItem\",\"position\":1,\"name\":\"Home\",\"item\":\"https:\\\/\\\/poblenouurbandistrict.com\\\/ca\\\/\"},{\"@type\":\"ListItem\",\"position\":2,\"name\":\"Urban Talks #4\"}]},{\"@type\":\"WebSite\",\"@id\":\"https:\\\/\\\/poblenouurbandistrict.com\\\/ca\\\/#website\",\"url\":\"https:\\\/\\\/poblenouurbandistrict.com\\\/ca\\\/\",\"name\":\"Poblenou Urban District\",\"description\":\"Comunitat Creativa\",\"potentialAction\":[{\"@type\":\"SearchAction\",\"target\":{\"@type\":\"EntryPoint\",\"urlTemplate\":\"https:\\\/\\\/poblenouurbandistrict.com\\\/ca\\\/?s={search_term_string}\"},\"query-input\":{\"@type\":\"PropertyValueSpecification\",\"valueRequired\":true,\"valueName\":\"search_term_string\"}}],\"inLanguage\":\"ca\"}]}<\/script>\n<!-- \/ Yoast SEO plugin. -->","yoast_head_json":{"title":"Quarta edici\u00f3 de les Urban Talks","description":"El 18 de maig, de15h a 20:30h, celebrem la quarta edici\u00f3 del cicle de xerrades itinerants Urban Talks.","robots":{"index":"index","follow":"follow","max-snippet":"max-snippet:-1","max-image-preview":"max-image-preview:large","max-video-preview":"max-video-preview:-1"},"canonical":"https:\/\/poblenouurbandistrict.com\/ca\/urban-talks-4\/","og_locale":"ca_ES","og_type":"article","og_title":"Quarta edici\u00f3 de les Urban Talks","og_description":"El 18 de maig, de15h a 20:30h, celebrem la quarta edici\u00f3 del cicle de xerrades itinerants Urban Talks.","og_url":"https:\/\/poblenouurbandistrict.com\/ca\/urban-talks-4\/","og_site_name":"Poblenou Urban District","article_modified_time":"2022-10-20T10:11:36+00:00","og_image":[{"width":1920,"height":1080,"url":"https:\/\/poblenouurbandistrict.com\/wp-content\/uploads\/2022\/05\/sans-titre-43-1.png","type":"image\/png"}],"twitter_card":"summary_large_image","twitter_misc":{"Temps estimat de lectura":"1 minut"},"schema":{"@context":"https:\/\/schema.org","@graph":[{"@type":"WebPage","@id":"https:\/\/poblenouurbandistrict.com\/ca\/urban-talks-4\/","url":"https:\/\/poblenouurbandistrict.com\/ca\/urban-talks-4\/","name":"Quarta edici\u00f3 de les Urban Talks","isPartOf":{"@id":"https:\/\/poblenouurbandistrict.com\/ca\/#website"},"primaryImageOfPage":{"@id":"https:\/\/poblenouurbandistrict.com\/ca\/urban-talks-4\/#primaryimage"},"image":{"@id":"https:\/\/poblenouurbandistrict.com\/urban-talks-4\/#primaryimage"},"thumbnailUrl":"https:\/\/media.poblenouurbandistrict.com\/2022\/05\/25051716\/sans-titre-43-1.jpg","datePublished":"2022-05-11T12:02:43+00:00","dateModified":"2022-10-20T10:11:36+00:00","description":"El 18 de maig, de15h a 20:30h, celebrem la quarta edici\u00f3 del cicle de xerrades itinerants Urban Talks.","breadcrumb":{"@id":"https:\/\/poblenouurbandistrict.com\/ca\/urban-talks-4\/#breadcrumb"},"inLanguage":"ca","potentialAction":[{"@type":"ReadAction","target":[["https:\/\/poblenouurbandistrict.com\/ca\/urban-talks-4\/"]]}]},{"@type":"ImageObject","inLanguage":"ca","@id":"https:\/\/poblenouurbandistrict.com\/ca\/urban-talks-4\/#primaryimage","url":"https:\/\/media.poblenouurbandistrict.com\/2022\/05\/25051716\/sans-titre-43-1.jpg","contentUrl":"https:\/\/media.poblenouurbandistrict.com\/2022\/05\/25051716\/sans-titre-43-1.jpg","width":1920,"height":1080},{"@type":"BreadcrumbList","@id":"https:\/\/poblenouurbandistrict.com\/ca\/urban-talks-4\/#breadcrumb","itemListElement":[{"@type":"ListItem","position":1,"name":"Home","item":"https:\/\/poblenouurbandistrict.com\/ca\/"},{"@type":"ListItem","position":2,"name":"Urban Talks #4"}]},{"@type":"WebSite","@id":"https:\/\/poblenouurbandistrict.com\/ca\/#website","url":"https:\/\/poblenouurbandistrict.com\/ca\/","name":"Poblenou Urban District","description":"Comunitat Creativa","potentialAction":[{"@type":"SearchAction","target":{"@type":"EntryPoint","urlTemplate":"https:\/\/poblenouurbandistrict.com\/ca\/?s={search_term_string}"},"query-input":{"@type":"PropertyValueSpecification","valueRequired":true,"valueName":"search_term_string"}}],"inLanguage":"ca"}]}},"_links":{"self":[{"href":"https:\/\/poblenouurbandistrict.com\/ca\/wp-json\/wp\/v2\/pages\/29993","targetHints":{"allow":["GET"]}}],"collection":[{"href":"https:\/\/poblenouurbandistrict.com\/ca\/wp-json\/wp\/v2\/pages"}],"about":[{"href":"https:\/\/poblenouurbandistrict.com\/ca\/wp-json\/wp\/v2\/types\/page"}],"author":[{"embeddable":true,"href":"https:\/\/poblenouurbandistrict.com\/ca\/wp-json\/wp\/v2\/users\/5"}],"replies":[{"embeddable":true,"href":"https:\/\/poblenouurbandistrict.com\/ca\/wp-json\/wp\/v2\/comments?post=29993"}],"version-history":[{"count":23,"href":"https:\/\/poblenouurbandistrict.com\/ca\/wp-json\/wp\/v2\/pages\/29993\/revisions"}],"predecessor-version":[{"id":30493,"href":"https:\/\/poblenouurbandistrict.com\/ca\/wp-json\/wp\/v2\/pages\/29993\/revisions\/30493"}],"wp:featuredmedia":[{"embeddable":true,"href":"https:\/\/poblenouurbandistrict.com\/ca\/wp-json\/wp\/v2\/media\/30469"}],"wp:attachment":[{"href":"https:\/\/poblenouurbandistrict.com\/ca\/wp-json\/wp\/v2\/media?parent=29993"}],"curies":[{"name":"wp","href":"https:\/\/api.w.org\/{rel}","templated":true}]}}