{"id":34272,"date":"2022-10-20T12:03:51","date_gmt":"2022-10-20T10:03:51","guid":{"rendered":"https:\/\/poblenouurbandistrict.com\/?page_id=34272"},"modified":"2025-09-29T13:26:23","modified_gmt":"2025-09-29T11:26:23","slug":"urban-talks-5","status":"publish","type":"page","link":"https:\/\/poblenouurbandistrict.com\/ca\/urban-talks-5\/","title":{"rendered":"Urban Talks #5"},"content":{"rendered":"<p><\/p>\n<h4>La cinquena edici\u00f3 de les Urban Talks est\u00e0 organitzada pel Poblenou Urban District, La Plataforma i Life In The Woods, i compten amb el Disseny Hub Barcelona com a venue partner.<\/h4>\n<hr \/>\n<p><span style=\"text-decoration: underline;\"><strong>TALK #1 \/ Horari 11:00h<\/strong><\/span><\/p>\n<p><strong>WEB3 Autonomia creativa?<\/strong><\/p>\n<p><span style=\"text-decoration: underline;\"><strong>TALK #2 \/ Horari 12:00h<\/strong><\/span><\/p>\n<p><strong>Post-mitjans: Conversa amb &#8216;la nova carn&#8217;<\/strong><\/p>\n<p><strong><span style=\"text-decoration: underline;\">TALK #3 \/ Horari 13:00h<\/span><\/strong><\/p>\n<p><strong>Curators en context<\/strong><\/p>\n<p><b>INFORMACI\u00d3 ADICIONAL<\/b><\/p>\n<p><b>Dia: <\/b><span style=\"font-weight: 400;\">05 de novembre de 2022<\/span><\/p>\n<p><b>Horari: <\/b><span style=\"font-weight: 400;\">11:00h-14:00h<\/span><\/p>\n<p><b>Espai:<\/b><span style=\"font-weight: 400;\"> Disseny Hub Barcelona (Auditori) i a <\/span><a href=\"https:\/\/www.instagram.com\/poblenouud\/\">\u00a0<span style=\"font-weight: 400;\">Instagram<\/span><\/a><span style=\"font-weight: 400;\"> \/<\/span><a href=\"https:\/\/www.youtube.com\/channel\/UCyVb54OCWKmehErJQbsO7Gw\"> <span style=\"font-weight: 400;\">Youtube<\/span><\/a><span style=\"font-weight: 400;\"> \/<\/span><a href=\"https:\/\/poblenouurbandistrict.com\/es\/urban-talks\/\"> <span style=\"font-weight: 400;\">Web PUD<\/span><\/a><\/p>\n<p><b>Transport:<\/b> <span style=\"font-weight: 400;\">Metro: <\/span><span style=\"font-weight: 400;\">Gl\u00f2ries (L\u00ednia 1) \/ Clot (L\u00ednia 2) \/ Monumental (L\u00ednia 2) | Tram: Gl\u00f2ries (L\u00ednies T4, T5 y T6 ) | Bus: \u200b\u200b H12, 92, 192<\/span><\/p>\n<p><b>Direcci\u00f3:<\/b> <span style=\"font-weight: 400;\">Pl. de las Gl\u00f2ries Catalanes, 37 &#8211; 38, 08018 Barcelona<\/span><\/p>\n<p><b>Entrada:<\/b><span style=\"font-weight: 400;\"> Gratu\u00efta<\/span><\/p>\n<p><b>Idiomes:<\/b><span style=\"font-weight: 400;\"> Castell\u00e0<\/span><\/p>\n<hr \/>\n<h5>&#8211; L&#8217;acc\u00e9s a les xerrades \u00e9s gratu\u00eft.<br \/>\n&#8211; Pots seguir les Urban Talks en streaming a trav\u00e9s del n<span style=\"color: #333333;\">ostre <a style=\"color: #333333;\" href=\"https:\/\/www.youtube.com\/channel\/UCyVb54OCWKmehErJQbsO7Gw\">canal de Youtube<\/a> i <a style=\"color: #333333;\" href=\"https:\/\/www.instagram.com\/poblenouud\/\">perfil d&#8217;Instagram<\/a><\/span><\/h5>\n<p><\/p>","protected":false},"excerpt":{"rendered":"<p>La cinquena edici\u00f3 de les Urban Talks est\u00e0 organitzada pel Poblenou Urban District, La Plataforma i Life In The Woods,&#8230; <a href=\"https:\/\/poblenouurbandistrict.com\/ca\/urban-talks-5\/\">M\u00e9s  \u2192<\/a><\/p>\n","protected":false},"author":5,"featured_media":34445,"parent":0,"menu_order":4,"comment_status":"closed","ping_status":"closed","template":"templates\/template-imagemap.php","meta":{"_acf_changed":false,"footnotes":""},"class_list":["post-34272","page","type-page","status-publish","has-post-thumbnail","hentry"],"acf":[],"yoast_head":"<!-- This site is optimized with the Yoast SEO plugin v27.3 - https:\/\/yoast.com\/product\/yoast-seo-wordpress\/ -->\n<title>Cinquena edici\u00f3 de les Urban Talks<\/title>\n<meta name=\"description\" content=\"El 5 de novembre, de 11h a 14:30h, celebrem la quarta edici\u00f3 del cicle de xerrades itinerants Urban Talks.\" \/>\n<meta name=\"robots\" content=\"index, follow, max-snippet:-1, max-image-preview:large, max-video-preview:-1\" \/>\n<link rel=\"canonical\" href=\"https:\/\/poblenouurbandistrict.com\/ca\/urban-talks-5\/\" \/>\n<meta property=\"og:locale\" content=\"ca_ES\" \/>\n<meta property=\"og:type\" content=\"article\" \/>\n<meta property=\"og:title\" content=\"Cinquena edici\u00f3 de les Urban Talks\" \/>\n<meta property=\"og:description\" content=\"El 5 de novembre, de 11h a 14:30h, celebrem la quarta edici\u00f3 del cicle de xerrades itinerants Urban Talks.\" \/>\n<meta property=\"og:url\" content=\"https:\/\/poblenouurbandistrict.com\/ca\/urban-talks-5\/\" \/>\n<meta property=\"og:site_name\" content=\"Poblenou Urban District\" \/>\n<meta property=\"article:modified_time\" content=\"2025-09-29T11:26:23+00:00\" \/>\n<meta property=\"og:image\" content=\"https:\/\/poblenouurbandistrict.com\/wp-content\/uploads\/2022\/10\/banner-ok-ut-405x525-2-96-2.jpg\" \/>\n\t<meta property=\"og:image:width\" content=\"540\" \/>\n\t<meta property=\"og:image:height\" content=\"700\" \/>\n\t<meta property=\"og:image:type\" content=\"image\/jpeg\" \/>\n<meta name=\"twitter:card\" content=\"summary_large_image\" \/>\n<meta name=\"twitter:label1\" content=\"Temps estimat de lectura\" \/>\n\t<meta name=\"twitter:data1\" content=\"1 minut\" \/>\n<script type=\"application\/ld+json\" class=\"yoast-schema-graph\">{\"@context\":\"https:\\\/\\\/schema.org\",\"@graph\":[{\"@type\":\"WebPage\",\"@id\":\"https:\\\/\\\/poblenouurbandistrict.com\\\/ca\\\/urban-talks-5\\\/\",\"url\":\"https:\\\/\\\/poblenouurbandistrict.com\\\/ca\\\/urban-talks-5\\\/\",\"name\":\"Cinquena edici\u00f3 de les Urban Talks\",\"isPartOf\":{\"@id\":\"https:\\\/\\\/poblenouurbandistrict.com\\\/ca\\\/#website\"},\"primaryImageOfPage\":{\"@id\":\"https:\\\/\\\/poblenouurbandistrict.com\\\/ca\\\/urban-talks-5\\\/#primaryimage\"},\"image\":{\"@id\":\"https:\\\/\\\/poblenouurbandistrict.com\\\/urban-talks-5\\\/#primaryimage\"},\"thumbnailUrl\":\"https:\\\/\\\/media.poblenouurbandistrict.com\\\/2022\\\/10\\\/25054810\\\/banner-ok-ut-405x525-2-96-2.jpg\",\"datePublished\":\"2022-10-20T10:03:51+00:00\",\"dateModified\":\"2025-09-29T11:26:23+00:00\",\"description\":\"El 5 de novembre, de 11h a 14:30h, celebrem la quarta edici\u00f3 del cicle de xerrades itinerants Urban Talks.\",\"breadcrumb\":{\"@id\":\"https:\\\/\\\/poblenouurbandistrict.com\\\/ca\\\/urban-talks-5\\\/#breadcrumb\"},\"inLanguage\":\"ca\",\"potentialAction\":[{\"@type\":\"ReadAction\",\"target\":[[\"https:\\\/\\\/poblenouurbandistrict.com\\\/ca\\\/urban-talks-5\\\/\"]]}]},{\"@type\":\"ImageObject\",\"inLanguage\":\"ca\",\"@id\":\"https:\\\/\\\/poblenouurbandistrict.com\\\/ca\\\/urban-talks-5\\\/#primaryimage\",\"url\":\"https:\\\/\\\/media.poblenouurbandistrict.com\\\/2022\\\/10\\\/25054810\\\/banner-ok-ut-405x525-2-96-2.jpg\",\"contentUrl\":\"https:\\\/\\\/media.poblenouurbandistrict.com\\\/2022\\\/10\\\/25054810\\\/banner-ok-ut-405x525-2-96-2.jpg\",\"width\":540,\"height\":700},{\"@type\":\"BreadcrumbList\",\"@id\":\"https:\\\/\\\/poblenouurbandistrict.com\\\/ca\\\/urban-talks-5\\\/#breadcrumb\",\"itemListElement\":[{\"@type\":\"ListItem\",\"position\":1,\"name\":\"Home\",\"item\":\"https:\\\/\\\/poblenouurbandistrict.com\\\/ca\\\/\"},{\"@type\":\"ListItem\",\"position\":2,\"name\":\"Urban Talks #5\"}]},{\"@type\":\"WebSite\",\"@id\":\"https:\\\/\\\/poblenouurbandistrict.com\\\/ca\\\/#website\",\"url\":\"https:\\\/\\\/poblenouurbandistrict.com\\\/ca\\\/\",\"name\":\"Poblenou Urban District\",\"description\":\"Comunitat Creativa\",\"potentialAction\":[{\"@type\":\"SearchAction\",\"target\":{\"@type\":\"EntryPoint\",\"urlTemplate\":\"https:\\\/\\\/poblenouurbandistrict.com\\\/ca\\\/?s={search_term_string}\"},\"query-input\":{\"@type\":\"PropertyValueSpecification\",\"valueRequired\":true,\"valueName\":\"search_term_string\"}}],\"inLanguage\":\"ca\"}]}<\/script>\n<!-- \/ Yoast SEO plugin. -->","yoast_head_json":{"title":"Cinquena edici\u00f3 de les Urban Talks","description":"El 5 de novembre, de 11h a 14:30h, celebrem la quarta edici\u00f3 del cicle de xerrades itinerants Urban Talks.","robots":{"index":"index","follow":"follow","max-snippet":"max-snippet:-1","max-image-preview":"max-image-preview:large","max-video-preview":"max-video-preview:-1"},"canonical":"https:\/\/poblenouurbandistrict.com\/ca\/urban-talks-5\/","og_locale":"ca_ES","og_type":"article","og_title":"Cinquena edici\u00f3 de les Urban Talks","og_description":"El 5 de novembre, de 11h a 14:30h, celebrem la quarta edici\u00f3 del cicle de xerrades itinerants Urban Talks.","og_url":"https:\/\/poblenouurbandistrict.com\/ca\/urban-talks-5\/","og_site_name":"Poblenou Urban District","article_modified_time":"2025-09-29T11:26:23+00:00","og_image":[{"width":540,"height":700,"url":"https:\/\/poblenouurbandistrict.com\/wp-content\/uploads\/2022\/10\/banner-ok-ut-405x525-2-96-2.jpg","type":"image\/jpeg"}],"twitter_card":"summary_large_image","twitter_misc":{"Temps estimat de lectura":"1 minut"},"schema":{"@context":"https:\/\/schema.org","@graph":[{"@type":"WebPage","@id":"https:\/\/poblenouurbandistrict.com\/ca\/urban-talks-5\/","url":"https:\/\/poblenouurbandistrict.com\/ca\/urban-talks-5\/","name":"Cinquena edici\u00f3 de les Urban Talks","isPartOf":{"@id":"https:\/\/poblenouurbandistrict.com\/ca\/#website"},"primaryImageOfPage":{"@id":"https:\/\/poblenouurbandistrict.com\/ca\/urban-talks-5\/#primaryimage"},"image":{"@id":"https:\/\/poblenouurbandistrict.com\/urban-talks-5\/#primaryimage"},"thumbnailUrl":"https:\/\/media.poblenouurbandistrict.com\/2022\/10\/25054810\/banner-ok-ut-405x525-2-96-2.jpg","datePublished":"2022-10-20T10:03:51+00:00","dateModified":"2025-09-29T11:26:23+00:00","description":"El 5 de novembre, de 11h a 14:30h, celebrem la quarta edici\u00f3 del cicle de xerrades itinerants Urban Talks.","breadcrumb":{"@id":"https:\/\/poblenouurbandistrict.com\/ca\/urban-talks-5\/#breadcrumb"},"inLanguage":"ca","potentialAction":[{"@type":"ReadAction","target":[["https:\/\/poblenouurbandistrict.com\/ca\/urban-talks-5\/"]]}]},{"@type":"ImageObject","inLanguage":"ca","@id":"https:\/\/poblenouurbandistrict.com\/ca\/urban-talks-5\/#primaryimage","url":"https:\/\/media.poblenouurbandistrict.com\/2022\/10\/25054810\/banner-ok-ut-405x525-2-96-2.jpg","contentUrl":"https:\/\/media.poblenouurbandistrict.com\/2022\/10\/25054810\/banner-ok-ut-405x525-2-96-2.jpg","width":540,"height":700},{"@type":"BreadcrumbList","@id":"https:\/\/poblenouurbandistrict.com\/ca\/urban-talks-5\/#breadcrumb","itemListElement":[{"@type":"ListItem","position":1,"name":"Home","item":"https:\/\/poblenouurbandistrict.com\/ca\/"},{"@type":"ListItem","position":2,"name":"Urban Talks #5"}]},{"@type":"WebSite","@id":"https:\/\/poblenouurbandistrict.com\/ca\/#website","url":"https:\/\/poblenouurbandistrict.com\/ca\/","name":"Poblenou Urban District","description":"Comunitat Creativa","potentialAction":[{"@type":"SearchAction","target":{"@type":"EntryPoint","urlTemplate":"https:\/\/poblenouurbandistrict.com\/ca\/?s={search_term_string}"},"query-input":{"@type":"PropertyValueSpecification","valueRequired":true,"valueName":"search_term_string"}}],"inLanguage":"ca"}]}},"_links":{"self":[{"href":"https:\/\/poblenouurbandistrict.com\/ca\/wp-json\/wp\/v2\/pages\/34272","targetHints":{"allow":["GET"]}}],"collection":[{"href":"https:\/\/poblenouurbandistrict.com\/ca\/wp-json\/wp\/v2\/pages"}],"about":[{"href":"https:\/\/poblenouurbandistrict.com\/ca\/wp-json\/wp\/v2\/types\/page"}],"author":[{"embeddable":true,"href":"https:\/\/poblenouurbandistrict.com\/ca\/wp-json\/wp\/v2\/users\/5"}],"replies":[{"embeddable":true,"href":"https:\/\/poblenouurbandistrict.com\/ca\/wp-json\/wp\/v2\/comments?post=34272"}],"version-history":[{"count":23,"href":"https:\/\/poblenouurbandistrict.com\/ca\/wp-json\/wp\/v2\/pages\/34272\/revisions"}],"predecessor-version":[{"id":52976,"href":"https:\/\/poblenouurbandistrict.com\/ca\/wp-json\/wp\/v2\/pages\/34272\/revisions\/52976"}],"wp:featuredmedia":[{"embeddable":true,"href":"https:\/\/poblenouurbandistrict.com\/ca\/wp-json\/wp\/v2\/media\/34445"}],"wp:attachment":[{"href":"https:\/\/poblenouurbandistrict.com\/ca\/wp-json\/wp\/v2\/media?parent=34272"}],"curies":[{"name":"wp","href":"https:\/\/api.w.org\/{rel}","templated":true}]}}