{"id":38008,"date":"2023-04-12T11:25:56","date_gmt":"2023-04-12T09:25:56","guid":{"rendered":"https:\/\/poblenouurbandistrict.com\/?page_id=38008"},"modified":"2026-04-17T12:01:50","modified_gmt":"2026-04-17T10:01:50","slug":"open-day","status":"publish","type":"page","link":"https:\/\/poblenouurbandistrict.com\/ca\/open-day\/","title":{"rendered":"Poblenou Open Day"},"content":{"rendered":"<p><\/p>\n<h4>El pr\u00f2xim 9 de maig celebrem el Poblenou Open Day, un dia en qu\u00e8 la comunitat creativa de Poblenou Urban District obre m\u00e9s de quaranta espais, oferint una programaci\u00f3 variada en la qual es convida el p\u00fablic a descobrir el Districte Creatiu de Barcelona. Durant dotze hores ininterrompudes podreu gaudir d\u2019una programaci\u00f3 exclusiva d\u2019exposicions, art, disseny, fotografia, dansa, m\u00fasica en viu, DJ, xerrades, workshops, tallers, visites guiades i gastronomia.<\/h4>\n<p><\/p>","protected":false},"excerpt":{"rendered":"<p>El pr\u00f2xim 9 de maig celebrem el Poblenou Open Day, un dia en qu\u00e8 la comunitat creativa de Poblenou Urban&#8230; <a href=\"https:\/\/poblenouurbandistrict.com\/ca\/open-day\/\">M\u00e9s  \u2192<\/a><\/p>\n","protected":false},"author":5,"featured_media":55608,"parent":0,"menu_order":0,"comment_status":"closed","ping_status":"closed","template":"templates\/template-map.php","meta":{"_acf_changed":false,"footnotes":""},"class_list":["post-38008","page","type-page","status-publish","has-post-thumbnail","hentry"],"acf":[],"yoast_head":"<!-- This site is optimized with the Yoast SEO plugin v27.4 - https:\/\/yoast.com\/product\/yoast-seo-wordpress\/ -->\n<title>Poblenou Open Day &#8211; Poblenou Urban District Poblenou Open Day Poblenou Open Day % Poblenou Open Day<\/title>\n<meta name=\"description\" content=\"El dissabte 10 de maig torna el Poblenou Open Day, un dia on la comunitat creativa de Poblenou Urban District obre les portes dels seus espais oferint una programaci\u00f3 variada, en la qual es convida al p\u00fablic a descobrir l\u2019oferta cultural del districte creatiu de Barcelona.\" \/>\n<meta name=\"robots\" content=\"index, follow, max-snippet:-1, max-image-preview:large, max-video-preview:-1\" \/>\n<link rel=\"canonical\" href=\"https:\/\/poblenouurbandistrict.com\/ca\/open-day\/\" \/>\n<meta property=\"og:locale\" content=\"ca_ES\" \/>\n<meta property=\"og:type\" content=\"article\" \/>\n<meta property=\"og:title\" content=\"Poblenou Open Day &#8211; Poblenou Urban District Poblenou Open Day Poblenou Open Day % Poblenou Open Day\" \/>\n<meta property=\"og:description\" content=\"El dissabte 10 de maig torna el Poblenou Open Day, un dia on la comunitat creativa de Poblenou Urban District obre les portes dels seus espais oferint una programaci\u00f3 variada, en la qual es convida al p\u00fablic a descobrir l\u2019oferta cultural del districte creatiu de Barcelona.\" \/>\n<meta property=\"og:url\" content=\"https:\/\/poblenouurbandistrict.com\/ca\/open-day\/\" \/>\n<meta property=\"og:site_name\" content=\"Poblenou Urban District\" \/>\n<meta property=\"article:modified_time\" content=\"2026-04-17T10:01:50+00:00\" \/>\n<meta property=\"og:image\" content=\"https:\/\/media.poblenouurbandistrict.com\/2026\/04\/17095028\/landing-web2-1.png\" \/>\n\t<meta property=\"og:image:width\" content=\"2560\" \/>\n\t<meta property=\"og:image:height\" content=\"1723\" \/>\n\t<meta property=\"og:image:type\" content=\"image\/png\" \/>\n<meta name=\"twitter:card\" content=\"summary_large_image\" \/>\n<meta name=\"twitter:label1\" content=\"Temps estimat de lectura\" \/>\n\t<meta name=\"twitter:data1\" content=\"1 minut\" \/>\n<script type=\"application\/ld+json\" class=\"yoast-schema-graph\">{\"@context\":\"https:\\\/\\\/schema.org\",\"@graph\":[{\"@type\":\"WebPage\",\"@id\":\"https:\\\/\\\/poblenouurbandistrict.com\\\/ca\\\/open-day\\\/\",\"url\":\"https:\\\/\\\/poblenouurbandistrict.com\\\/ca\\\/open-day\\\/\",\"name\":\"Poblenou Open Day &#8211; Poblenou Urban District Poblenou Open Day Poblenou Open Day % Poblenou Open Day\",\"isPartOf\":{\"@id\":\"https:\\\/\\\/poblenouurbandistrict.com\\\/ca\\\/#website\"},\"primaryImageOfPage\":{\"@id\":\"https:\\\/\\\/poblenouurbandistrict.com\\\/ca\\\/open-day\\\/#primaryimage\"},\"image\":{\"@id\":\"https:\\\/\\\/poblenouurbandistrict.com\\\/open-day\\\/#primaryimage\"},\"thumbnailUrl\":\"https:\\\/\\\/media.poblenouurbandistrict.com\\\/2026\\\/04\\\/17095028\\\/landing-web2-1.png\",\"datePublished\":\"2023-04-12T09:25:56+00:00\",\"dateModified\":\"2026-04-17T10:01:50+00:00\",\"description\":\"El dissabte 10 de maig torna el Poblenou Open Day, un dia on la comunitat creativa de Poblenou Urban District obre les portes dels seus espais oferint una programaci\u00f3 variada, en la qual es convida al p\u00fablic a descobrir l\u2019oferta cultural del districte creatiu de Barcelona.\",\"breadcrumb\":{\"@id\":\"https:\\\/\\\/poblenouurbandistrict.com\\\/ca\\\/open-day\\\/#breadcrumb\"},\"inLanguage\":\"ca\",\"potentialAction\":[{\"@type\":\"ReadAction\",\"target\":[[\"https:\\\/\\\/poblenouurbandistrict.com\\\/ca\\\/open-day\\\/\"]]}]},{\"@type\":\"ImageObject\",\"inLanguage\":\"ca\",\"@id\":\"https:\\\/\\\/poblenouurbandistrict.com\\\/ca\\\/open-day\\\/#primaryimage\",\"url\":\"https:\\\/\\\/media.poblenouurbandistrict.com\\\/2026\\\/04\\\/17095028\\\/landing-web2-1.png\",\"contentUrl\":\"https:\\\/\\\/media.poblenouurbandistrict.com\\\/2026\\\/04\\\/17095028\\\/landing-web2-1.png\",\"width\":2560,\"height\":1723},{\"@type\":\"BreadcrumbList\",\"@id\":\"https:\\\/\\\/poblenouurbandistrict.com\\\/ca\\\/open-day\\\/#breadcrumb\",\"itemListElement\":[{\"@type\":\"ListItem\",\"position\":1,\"name\":\"Home\",\"item\":\"https:\\\/\\\/poblenouurbandistrict.com\\\/ca\\\/\"},{\"@type\":\"ListItem\",\"position\":2,\"name\":\"Poblenou Open Day\"}]},{\"@type\":\"WebSite\",\"@id\":\"https:\\\/\\\/poblenouurbandistrict.com\\\/ca\\\/#website\",\"url\":\"https:\\\/\\\/poblenouurbandistrict.com\\\/ca\\\/\",\"name\":\"Poblenou Urban District\",\"description\":\"Comunitat Creativa\",\"potentialAction\":[{\"@type\":\"SearchAction\",\"target\":{\"@type\":\"EntryPoint\",\"urlTemplate\":\"https:\\\/\\\/poblenouurbandistrict.com\\\/ca\\\/?s={search_term_string}\"},\"query-input\":{\"@type\":\"PropertyValueSpecification\",\"valueRequired\":true,\"valueName\":\"search_term_string\"}}],\"inLanguage\":\"ca\"}]}<\/script>\n<!-- \/ Yoast SEO plugin. -->","yoast_head_json":{"title":"Poblenou Open Day &#8211; Poblenou Urban District Poblenou Open Day Poblenou Open Day % Poblenou Open Day","description":"El dissabte 10 de maig torna el Poblenou Open Day, un dia on la comunitat creativa de Poblenou Urban District obre les portes dels seus espais oferint una programaci\u00f3 variada, en la qual es convida al p\u00fablic a descobrir l\u2019oferta cultural del districte creatiu de Barcelona.","robots":{"index":"index","follow":"follow","max-snippet":"max-snippet:-1","max-image-preview":"max-image-preview:large","max-video-preview":"max-video-preview:-1"},"canonical":"https:\/\/poblenouurbandistrict.com\/ca\/open-day\/","og_locale":"ca_ES","og_type":"article","og_title":"Poblenou Open Day &#8211; Poblenou Urban District Poblenou Open Day Poblenou Open Day % Poblenou Open Day","og_description":"El dissabte 10 de maig torna el Poblenou Open Day, un dia on la comunitat creativa de Poblenou Urban District obre les portes dels seus espais oferint una programaci\u00f3 variada, en la qual es convida al p\u00fablic a descobrir l\u2019oferta cultural del districte creatiu de Barcelona.","og_url":"https:\/\/poblenouurbandistrict.com\/ca\/open-day\/","og_site_name":"Poblenou Urban District","article_modified_time":"2026-04-17T10:01:50+00:00","og_image":[{"width":2560,"height":1723,"url":"https:\/\/media.poblenouurbandistrict.com\/2026\/04\/17095028\/landing-web2-1.png","type":"image\/png"}],"twitter_card":"summary_large_image","twitter_misc":{"Temps estimat de lectura":"1 minut"},"schema":{"@context":"https:\/\/schema.org","@graph":[{"@type":"WebPage","@id":"https:\/\/poblenouurbandistrict.com\/ca\/open-day\/","url":"https:\/\/poblenouurbandistrict.com\/ca\/open-day\/","name":"Poblenou Open Day &#8211; Poblenou Urban District Poblenou Open Day Poblenou Open Day % Poblenou Open Day","isPartOf":{"@id":"https:\/\/poblenouurbandistrict.com\/ca\/#website"},"primaryImageOfPage":{"@id":"https:\/\/poblenouurbandistrict.com\/ca\/open-day\/#primaryimage"},"image":{"@id":"https:\/\/poblenouurbandistrict.com\/open-day\/#primaryimage"},"thumbnailUrl":"https:\/\/media.poblenouurbandistrict.com\/2026\/04\/17095028\/landing-web2-1.png","datePublished":"2023-04-12T09:25:56+00:00","dateModified":"2026-04-17T10:01:50+00:00","description":"El dissabte 10 de maig torna el Poblenou Open Day, un dia on la comunitat creativa de Poblenou Urban District obre les portes dels seus espais oferint una programaci\u00f3 variada, en la qual es convida al p\u00fablic a descobrir l\u2019oferta cultural del districte creatiu de Barcelona.","breadcrumb":{"@id":"https:\/\/poblenouurbandistrict.com\/ca\/open-day\/#breadcrumb"},"inLanguage":"ca","potentialAction":[{"@type":"ReadAction","target":[["https:\/\/poblenouurbandistrict.com\/ca\/open-day\/"]]}]},{"@type":"ImageObject","inLanguage":"ca","@id":"https:\/\/poblenouurbandistrict.com\/ca\/open-day\/#primaryimage","url":"https:\/\/media.poblenouurbandistrict.com\/2026\/04\/17095028\/landing-web2-1.png","contentUrl":"https:\/\/media.poblenouurbandistrict.com\/2026\/04\/17095028\/landing-web2-1.png","width":2560,"height":1723},{"@type":"BreadcrumbList","@id":"https:\/\/poblenouurbandistrict.com\/ca\/open-day\/#breadcrumb","itemListElement":[{"@type":"ListItem","position":1,"name":"Home","item":"https:\/\/poblenouurbandistrict.com\/ca\/"},{"@type":"ListItem","position":2,"name":"Poblenou Open Day"}]},{"@type":"WebSite","@id":"https:\/\/poblenouurbandistrict.com\/ca\/#website","url":"https:\/\/poblenouurbandistrict.com\/ca\/","name":"Poblenou Urban District","description":"Comunitat Creativa","potentialAction":[{"@type":"SearchAction","target":{"@type":"EntryPoint","urlTemplate":"https:\/\/poblenouurbandistrict.com\/ca\/?s={search_term_string}"},"query-input":{"@type":"PropertyValueSpecification","valueRequired":true,"valueName":"search_term_string"}}],"inLanguage":"ca"}]}},"_links":{"self":[{"href":"https:\/\/poblenouurbandistrict.com\/ca\/wp-json\/wp\/v2\/pages\/38008","targetHints":{"allow":["GET"]}}],"collection":[{"href":"https:\/\/poblenouurbandistrict.com\/ca\/wp-json\/wp\/v2\/pages"}],"about":[{"href":"https:\/\/poblenouurbandistrict.com\/ca\/wp-json\/wp\/v2\/types\/page"}],"author":[{"embeddable":true,"href":"https:\/\/poblenouurbandistrict.com\/ca\/wp-json\/wp\/v2\/users\/5"}],"replies":[{"embeddable":true,"href":"https:\/\/poblenouurbandistrict.com\/ca\/wp-json\/wp\/v2\/comments?post=38008"}],"version-history":[{"count":137,"href":"https:\/\/poblenouurbandistrict.com\/ca\/wp-json\/wp\/v2\/pages\/38008\/revisions"}],"predecessor-version":[{"id":55639,"href":"https:\/\/poblenouurbandistrict.com\/ca\/wp-json\/wp\/v2\/pages\/38008\/revisions\/55639"}],"wp:featuredmedia":[{"embeddable":true,"href":"https:\/\/poblenouurbandistrict.com\/ca\/wp-json\/wp\/v2\/media\/55608"}],"wp:attachment":[{"href":"https:\/\/poblenouurbandistrict.com\/ca\/wp-json\/wp\/v2\/media?parent=38008"}],"curies":[{"name":"wp","href":"https:\/\/api.w.org\/{rel}","templated":true}]}}