{"id":41138,"date":"2023-09-13T10:48:11","date_gmt":"2023-09-13T08:48:11","guid":{"rendered":"https:\/\/poblenouurbandistrict.com\/?page_id=41138"},"modified":"2024-05-28T10:43:30","modified_gmt":"2024-05-28T08:43:30","slug":"urban-talks-7-2-2","status":"publish","type":"page","link":"https:\/\/poblenouurbandistrict.com\/ca\/urban-talks-7\/urban-talks-7-2-2\/","title":{"rendered":"Urban Talks"},"content":{"rendered":"<p><\/p>\n<div>\n<h4><b><span style=\"color: #000000;\">&#8220;DESTERRITORIALITZACI\u00d3, ART I NOVES FORMES DE CREACI\u00d3&#8221;<\/span><\/b><\/h4>\n<\/div>\n<p>Moderades per <a href=\"https:\/\/www.instagram.com\/frankiepiza\/\">Frankie Piz\u00e1<\/a>, la setena edici\u00f3 es planteja com podem realment trobar projectes innovadors en un entorn caracteritzat per la constant compet\u00e8ncia per l&#8217;atenci\u00f3 i l&#8217;audi\u00e8ncia, on tots som, en major o menor mesura, n\u00f2mades que transiten entre els espais f\u00edsics i digitals.<\/p>\n<p>Creiem possible, enmig d&#8217;aquest cont\u00ednuum de recerca de projectes, trobar solucions que ens puguin oferir una connexi\u00f3 genu\u00efna amb l&#8217;entorn i les problem\u00e0tiques de les persones que habiten aquests llocs? Es pot transmetre alguna cosa rellevant sense pert\u00e0nyer a un lloc concret i repetint les f\u00f3rmules que es propaguen a les regions digitals?<\/p>\n<p>En aquesta nova edici\u00f3\u00a0ens submergirem en l&#8217;exploraci\u00f3 de propostes que busquen reinventar la col\u00b7laboraci\u00f3 creativa mitjan\u00e7ant l&#8217;\u00fas d&#8217;eines digitals i reflexionarem sobre les q\u00fcestions de la desterritorialitzaci\u00f3 dels artistes amb\u00a0experts, artistes i te\u00f2rics.<\/p>\n<hr \/>\n<h4><a href=\"https:\/\/www.youtube.com\/watch?v=JHY5yKUvD5k\">TALK #1: \u201cArt i processos creatius en temps del turisme permanent\u201d<\/a><\/h4>\n<p>Emmarcats en el consum desorbitat imposat per la postmodernitat i afectats pels s\u00edmptomes de l\u2019anomenada \u201chipercultura\u201d, tots som en certa manera \u201cturistes\u201d permanents. Incapa\u00e7os de recordar i analitzar, naveguem per contextos i disciplines creatives sota l\u2019exig\u00e8ncia de la multidisciplinarietat. I el territori, cada cop m\u00e9s inh\u00f2spit, ens va expulsant progressivament.<\/p>\n<p>En aquesta taula rodona consultarem col\u00b7lectius art\u00edstics i professionals sobre les intencions de l\u2019artista d\u2019avui i de quines maneres es pot recuperar el contacte amb el terreny, la realitat, el lloc i la comunitat per no caure en la reproducci\u00f3 patol\u00f2gica de l\u2019autoretrat.<\/p>\n<p><strong>Participants TALK #1:<\/strong><\/p>\n<ul>\n<li>Jana Trave i Pablo Ciccarelli de <a href=\"https:\/\/www.instagram.com\/p3vitrina\/\">P3Vitrina<\/a><\/li>\n<li><a href=\"https:\/\/www.stefanieherr.com\/\">Stefanie Herr<\/a><\/li>\n<li><a href=\"https:\/\/elpumarejo.org\/\">El Pumarejo: Alex Wellburn<\/a><\/li>\n<\/ul>\n<hr \/>\n<h4><a href=\"https:\/\/www.youtube.com\/watch?v=NgOfueub5Po\">TALK #2: &#8220;M\u00e0quines que pinten: Una conversa amb Lolo &amp; Sosaku&#8221;<\/a><\/h4>\n<p>Lolo &amp; Sosaku\u00a0investiguen les possibilitats de l\u2019escultura com a camp expandit. El nexe que uneix la seva obra \u00e9s la recerca d\u2019un objecte en contacte amb l\u2019entorn i l\u2019espectador, creant fricci\u00f3 i tensi\u00f3, i explorant la capacitat de generar significats nous.<\/p>\n<p>En aquesta taula tindrem l\u2019oportunitat de xerrar amb aquest duet d\u2019artistes argent\u00ed-nip\u00f3 establert a Barcelona, sobre la import\u00e0ncia dels espais, les m\u00e0quines i les forces ocultes que guien la vida a la nostra era tecnol\u00f2gica.<\/p>\n<p><strong>Participants TALK #2:<\/strong><\/p>\n<ul>\n<li><a href=\"http:\/\/www.loloysosaku.com\/\">Lolo &amp; Sosaku<\/a><\/li>\n<\/ul>\n<p><\/p>","protected":false},"excerpt":{"rendered":"<p>&#8220;DESTERRITORIALITZACI\u00d3, ART I NOVES FORMES DE CREACI\u00d3&#8221; Moderades per Frankie Piz\u00e1, la setena edici\u00f3 es planteja com podem realment trobar&#8230; <a href=\"https:\/\/poblenouurbandistrict.com\/ca\/urban-talks-7\/urban-talks-7-2-2\/\">M\u00e9s  \u2192<\/a><\/p>\n","protected":false},"author":5,"featured_media":41511,"parent":40131,"menu_order":4,"comment_status":"closed","ping_status":"closed","template":"templates\/template-imagemap.php","meta":{"_acf_changed":false,"footnotes":""},"class_list":["post-41138","page","type-page","status-publish","has-post-thumbnail","hentry"],"acf":[],"yoast_head":"<!-- This site is optimized with the Yoast SEO plugin v27.3 - https:\/\/yoast.com\/product\/yoast-seo-wordpress\/ -->\n<title>#7 Urban Talks<\/title>\n<meta name=\"description\" content=\"19 OCTUBRE | 17 h a 20 h | Disseny Hub Barcelona\" \/>\n<meta name=\"robots\" content=\"index, follow, max-snippet:-1, max-image-preview:large, max-video-preview:-1\" \/>\n<link rel=\"canonical\" href=\"https:\/\/poblenouurbandistrict.com\/ca\/urban-talks-7\/urban-talks-7-2-2\/\" \/>\n<meta property=\"og:locale\" content=\"ca_ES\" \/>\n<meta property=\"og:type\" content=\"article\" \/>\n<meta property=\"og:title\" content=\"#7 Urban Talks\" \/>\n<meta property=\"og:description\" content=\"19 OCTUBRE | 17 h a 20 h | Disseny Hub Barcelona\" \/>\n<meta property=\"og:url\" content=\"https:\/\/poblenouurbandistrict.com\/ca\/urban-talks-7\/urban-talks-7-2-2\/\" \/>\n<meta property=\"og:site_name\" content=\"Poblenou Urban District\" \/>\n<meta property=\"article:modified_time\" content=\"2024-05-28T08:43:30+00:00\" \/>\n<meta property=\"og:image\" content=\"https:\/\/poblenouurbandistrict.com\/wp-content\/uploads\/2023\/09\/diseno-sin-titulo-2023-09-26t132228167.jpg\" \/>\n\t<meta property=\"og:image:width\" content=\"1800\" \/>\n\t<meta property=\"og:image:height\" content=\"1200\" \/>\n\t<meta property=\"og:image:type\" content=\"image\/jpeg\" \/>\n<meta name=\"twitter:card\" content=\"summary_large_image\" \/>\n<meta name=\"twitter:label1\" content=\"Temps estimat de lectura\" \/>\n\t<meta name=\"twitter:data1\" content=\"3 minuts\" \/>\n<script type=\"application\/ld+json\" class=\"yoast-schema-graph\">{\"@context\":\"https:\\\/\\\/schema.org\",\"@graph\":[{\"@type\":\"WebPage\",\"@id\":\"https:\\\/\\\/poblenouurbandistrict.com\\\/ca\\\/urban-talks-7\\\/urban-talks-7-2-2\\\/\",\"url\":\"https:\\\/\\\/poblenouurbandistrict.com\\\/ca\\\/urban-talks-7\\\/urban-talks-7-2-2\\\/\",\"name\":\"#7 Urban Talks\",\"isPartOf\":{\"@id\":\"https:\\\/\\\/poblenouurbandistrict.com\\\/ca\\\/#website\"},\"primaryImageOfPage\":{\"@id\":\"https:\\\/\\\/poblenouurbandistrict.com\\\/ca\\\/urban-talks-7\\\/urban-talks-7-2-2\\\/#primaryimage\"},\"image\":{\"@id\":\"https:\\\/\\\/poblenouurbandistrict.com\\\/urban-talks-7\\\/urban-talks-7-2-2\\\/#primaryimage\"},\"thumbnailUrl\":\"https:\\\/\\\/media.poblenouurbandistrict.com\\\/2023\\\/09\\\/25065032\\\/diseno-sin-titulo-2023-09-26t132228167.jpg\",\"datePublished\":\"2023-09-13T08:48:11+00:00\",\"dateModified\":\"2024-05-28T08:43:30+00:00\",\"description\":\"19 OCTUBRE | 17 h a 20 h | Disseny Hub Barcelona\",\"breadcrumb\":{\"@id\":\"https:\\\/\\\/poblenouurbandistrict.com\\\/ca\\\/urban-talks-7\\\/urban-talks-7-2-2\\\/#breadcrumb\"},\"inLanguage\":\"ca\",\"potentialAction\":[{\"@type\":\"ReadAction\",\"target\":[[\"https:\\\/\\\/poblenouurbandistrict.com\\\/ca\\\/urban-talks-7\\\/urban-talks-7-2-2\\\/\"]]}]},{\"@type\":\"ImageObject\",\"inLanguage\":\"ca\",\"@id\":\"https:\\\/\\\/poblenouurbandistrict.com\\\/ca\\\/urban-talks-7\\\/urban-talks-7-2-2\\\/#primaryimage\",\"url\":\"https:\\\/\\\/media.poblenouurbandistrict.com\\\/2023\\\/09\\\/25065032\\\/diseno-sin-titulo-2023-09-26t132228167.jpg\",\"contentUrl\":\"https:\\\/\\\/media.poblenouurbandistrict.com\\\/2023\\\/09\\\/25065032\\\/diseno-sin-titulo-2023-09-26t132228167.jpg\",\"width\":1800,\"height\":1200},{\"@type\":\"BreadcrumbList\",\"@id\":\"https:\\\/\\\/poblenouurbandistrict.com\\\/ca\\\/urban-talks-7\\\/urban-talks-7-2-2\\\/#breadcrumb\",\"itemListElement\":[{\"@type\":\"ListItem\",\"position\":1,\"name\":\"Home\",\"item\":\"https:\\\/\\\/poblenouurbandistrict.com\\\/ca\\\/\"},{\"@type\":\"ListItem\",\"position\":2,\"name\":\"Urban Talks #7\",\"item\":\"https:\\\/\\\/poblenouurbandistrict.com\\\/ca\\\/urban-talks-7\\\/\"},{\"@type\":\"ListItem\",\"position\":3,\"name\":\"Urban Talks\"}]},{\"@type\":\"WebSite\",\"@id\":\"https:\\\/\\\/poblenouurbandistrict.com\\\/ca\\\/#website\",\"url\":\"https:\\\/\\\/poblenouurbandistrict.com\\\/ca\\\/\",\"name\":\"Poblenou Urban District\",\"description\":\"Comunitat Creativa\",\"potentialAction\":[{\"@type\":\"SearchAction\",\"target\":{\"@type\":\"EntryPoint\",\"urlTemplate\":\"https:\\\/\\\/poblenouurbandistrict.com\\\/ca\\\/?s={search_term_string}\"},\"query-input\":{\"@type\":\"PropertyValueSpecification\",\"valueRequired\":true,\"valueName\":\"search_term_string\"}}],\"inLanguage\":\"ca\"}]}<\/script>\n<!-- \/ Yoast SEO plugin. -->","yoast_head_json":{"title":"#7 Urban Talks","description":"19 OCTUBRE | 17 h a 20 h | Disseny Hub Barcelona","robots":{"index":"index","follow":"follow","max-snippet":"max-snippet:-1","max-image-preview":"max-image-preview:large","max-video-preview":"max-video-preview:-1"},"canonical":"https:\/\/poblenouurbandistrict.com\/ca\/urban-talks-7\/urban-talks-7-2-2\/","og_locale":"ca_ES","og_type":"article","og_title":"#7 Urban Talks","og_description":"19 OCTUBRE | 17 h a 20 h | Disseny Hub Barcelona","og_url":"https:\/\/poblenouurbandistrict.com\/ca\/urban-talks-7\/urban-talks-7-2-2\/","og_site_name":"Poblenou Urban District","article_modified_time":"2024-05-28T08:43:30+00:00","og_image":[{"width":1800,"height":1200,"url":"https:\/\/poblenouurbandistrict.com\/wp-content\/uploads\/2023\/09\/diseno-sin-titulo-2023-09-26t132228167.jpg","type":"image\/jpeg"}],"twitter_card":"summary_large_image","twitter_misc":{"Temps estimat de lectura":"3 minuts"},"schema":{"@context":"https:\/\/schema.org","@graph":[{"@type":"WebPage","@id":"https:\/\/poblenouurbandistrict.com\/ca\/urban-talks-7\/urban-talks-7-2-2\/","url":"https:\/\/poblenouurbandistrict.com\/ca\/urban-talks-7\/urban-talks-7-2-2\/","name":"#7 Urban Talks","isPartOf":{"@id":"https:\/\/poblenouurbandistrict.com\/ca\/#website"},"primaryImageOfPage":{"@id":"https:\/\/poblenouurbandistrict.com\/ca\/urban-talks-7\/urban-talks-7-2-2\/#primaryimage"},"image":{"@id":"https:\/\/poblenouurbandistrict.com\/urban-talks-7\/urban-talks-7-2-2\/#primaryimage"},"thumbnailUrl":"https:\/\/media.poblenouurbandistrict.com\/2023\/09\/25065032\/diseno-sin-titulo-2023-09-26t132228167.jpg","datePublished":"2023-09-13T08:48:11+00:00","dateModified":"2024-05-28T08:43:30+00:00","description":"19 OCTUBRE | 17 h a 20 h | Disseny Hub Barcelona","breadcrumb":{"@id":"https:\/\/poblenouurbandistrict.com\/ca\/urban-talks-7\/urban-talks-7-2-2\/#breadcrumb"},"inLanguage":"ca","potentialAction":[{"@type":"ReadAction","target":[["https:\/\/poblenouurbandistrict.com\/ca\/urban-talks-7\/urban-talks-7-2-2\/"]]}]},{"@type":"ImageObject","inLanguage":"ca","@id":"https:\/\/poblenouurbandistrict.com\/ca\/urban-talks-7\/urban-talks-7-2-2\/#primaryimage","url":"https:\/\/media.poblenouurbandistrict.com\/2023\/09\/25065032\/diseno-sin-titulo-2023-09-26t132228167.jpg","contentUrl":"https:\/\/media.poblenouurbandistrict.com\/2023\/09\/25065032\/diseno-sin-titulo-2023-09-26t132228167.jpg","width":1800,"height":1200},{"@type":"BreadcrumbList","@id":"https:\/\/poblenouurbandistrict.com\/ca\/urban-talks-7\/urban-talks-7-2-2\/#breadcrumb","itemListElement":[{"@type":"ListItem","position":1,"name":"Home","item":"https:\/\/poblenouurbandistrict.com\/ca\/"},{"@type":"ListItem","position":2,"name":"Urban Talks #7","item":"https:\/\/poblenouurbandistrict.com\/ca\/urban-talks-7\/"},{"@type":"ListItem","position":3,"name":"Urban Talks"}]},{"@type":"WebSite","@id":"https:\/\/poblenouurbandistrict.com\/ca\/#website","url":"https:\/\/poblenouurbandistrict.com\/ca\/","name":"Poblenou Urban District","description":"Comunitat Creativa","potentialAction":[{"@type":"SearchAction","target":{"@type":"EntryPoint","urlTemplate":"https:\/\/poblenouurbandistrict.com\/ca\/?s={search_term_string}"},"query-input":{"@type":"PropertyValueSpecification","valueRequired":true,"valueName":"search_term_string"}}],"inLanguage":"ca"}]}},"_links":{"self":[{"href":"https:\/\/poblenouurbandistrict.com\/ca\/wp-json\/wp\/v2\/pages\/41138","targetHints":{"allow":["GET"]}}],"collection":[{"href":"https:\/\/poblenouurbandistrict.com\/ca\/wp-json\/wp\/v2\/pages"}],"about":[{"href":"https:\/\/poblenouurbandistrict.com\/ca\/wp-json\/wp\/v2\/types\/page"}],"author":[{"embeddable":true,"href":"https:\/\/poblenouurbandistrict.com\/ca\/wp-json\/wp\/v2\/users\/5"}],"replies":[{"embeddable":true,"href":"https:\/\/poblenouurbandistrict.com\/ca\/wp-json\/wp\/v2\/comments?post=41138"}],"version-history":[{"count":50,"href":"https:\/\/poblenouurbandistrict.com\/ca\/wp-json\/wp\/v2\/pages\/41138\/revisions"}],"predecessor-version":[{"id":46060,"href":"https:\/\/poblenouurbandistrict.com\/ca\/wp-json\/wp\/v2\/pages\/41138\/revisions\/46060"}],"up":[{"embeddable":true,"href":"https:\/\/poblenouurbandistrict.com\/ca\/wp-json\/wp\/v2\/pages\/40131"}],"wp:featuredmedia":[{"embeddable":true,"href":"https:\/\/poblenouurbandistrict.com\/ca\/wp-json\/wp\/v2\/media\/41511"}],"wp:attachment":[{"href":"https:\/\/poblenouurbandistrict.com\/ca\/wp-json\/wp\/v2\/media?parent=41138"}],"curies":[{"name":"wp","href":"https:\/\/api.w.org\/{rel}","templated":true}]}}