{"id":49474,"date":"2025-01-30T19:01:25","date_gmt":"2025-01-30T18:01:25","guid":{"rendered":"https:\/\/poblenouurbandistrict.com\/?page_id=49474"},"modified":"2025-10-10T13:40:31","modified_gmt":"2025-10-10T11:40:31","slug":"urban-talks-9","status":"publish","type":"page","link":"https:\/\/poblenouurbandistrict.com\/ca\/urban-talks-9\/","title":{"rendered":"Urban Talks #9"},"content":{"rendered":"<p><\/p>\n<p data-start=\"227\" data-end=\"497\">En aquesta novena edici\u00f3, en col\u00b7laboraci\u00f3 amb Conexiones Creativas i La Plataforma, les Urban Talks volen generar un espai de di\u00e0leg entre professionals i p\u00fablic, explorant diferents perspectives sobre l\u2019art, la creativitat i el seu paper als Districtes Creatius.<\/p>\n<p>Les tres xerrades estaran moderades per <strong>Paula Trujillo i Conrado Uribe<\/strong>, directors de <a href=\"https:\/\/cccreativas.com\/\">Conexiones Creativas<\/a>.<\/p>\n<h4>Taula 1: Art i Territori<\/h4>\n<ul>\n<li><span style=\"font-weight: 400;\"><strong>Mar L\u00f3pez-Pinto i Jordi Solsona<\/strong>, Fundadors del <\/span><a href=\"https:\/\/www.gargarfestival.com\/\"><span style=\"font-weight: 400;\">Gargar Festival<\/span><\/a><\/li>\n<li><span style=\"font-weight: 400;\"><strong>Sergi Arbus\u00e0<\/strong>, Fundador de Penique Productions<\/span><\/li>\n<li><span style=\"font-weight: 400;\"><strong>Blanca Haddad<\/strong>, poeta y pintora<\/span><\/li>\n<li><span style=\"font-weight: 400;\"><strong>Claudia Leit\u00e3o<\/strong>, Secretaria d&#8217;Economia Creativa del Brasil<\/span><\/li>\n<\/ul>\n<p><span style=\"font-weight: 400;\">Abordaran de quina manera les intervencions art\u00edstiques poden activar la mem\u00f2ria, resistir l&#8217;homogene\u00eftzaci\u00f3\u00a0 i negociar les identitats als territoris evitant convertir-se en eines d&#8217;un urbanisme purament est\u00e8tiques.<\/span><\/p>\n<hr \/>\n<h4>Taula 2: Com impulsar Districtes Creatius<\/h4>\n<ul>\n<li><span style=\"font-weight: 400;\"><strong>Claudia Costa<\/strong>, Directora creativa de Poblenou Urban District<\/span><\/li>\n<li><strong>Elisabet Par\u00e9s<\/strong>, Fundadora de Palo Santo<\/li>\n<li><strong>Felipe Dias<\/strong>, secretari d&#8217;Economia Creativa de Salvador (Brasil)<\/li>\n<li><strong>Mar\u00eda Paula Giraldo<\/strong>, de Distrito Creativo de Marinilla (Colombia)<\/li>\n<\/ul>\n<p>Parlaran de quines estrat\u00e8gies poden fomentar i consolidar els districtes creatius a trav\u00e9s de tres casos d&#8217;estudi. S&#8217;exploraran models de governan\u00e7a, la necessitat d&#8217;articular aliances publicoprivades i el desenvolupament d&#8217;ecosistemes resilients.<\/p>\n<hr \/>\n<h4>Taula 3: Gentrificaci\u00f3 als Districtes Creatius<\/h4>\n<ul>\n<li><span style=\"font-weight: 400;\"><strong>Maria Teresa Fernandez<\/strong>, Cap de Projecte \u2013 Metadistritos, Universidad Vi\u00f1a del Mar (Xile)<\/span><\/li>\n<li><strong>Paula Trujillo,<\/strong> Exgerent del Hub Creativo Bodega Comfama\/Distrito Perpetuo Socorro (Medell\u00edn)<\/li>\n<li><span style=\"font-weight: 400;\"><strong>Thiago Pilloni<\/strong>, gerent de Distritos <\/span>Criativos e Monitoramento, Prefeitura de Salvador (Brasil)<\/li>\n<\/ul>\n<p>Discutiran sobre si \u00e9s possible un desenvolupament cultural que no es converteixi en una eina d&#8217;exclusi\u00f3. Una taula rodona que confronta el repte m\u00e9s sist\u00e8mic dels districtes creatius: el seu paper paradoxal com acceleradors de la gentrificaci\u00f3.<\/p>\n<p><strong>Les Urban Talks s\u00f3n d&#8217;acc\u00e9s lliure i gratu\u00eft fins a completar aforament.<\/strong><\/p>\n<p>&nbsp;<\/p>\n<h3 style=\"text-align: center;\"><a href=\"https:\/\/www.youtube.com\/@poblenouurbandistrict\/videos\"><strong>Pots veure les Urban Talks fent clic aqui.<\/strong><\/a><\/h3>\n<p><\/p>","protected":false},"excerpt":{"rendered":"<p>En aquesta novena edici\u00f3, en col\u00b7laboraci\u00f3 amb Conexiones Creativas i La Plataforma, les Urban Talks volen generar un espai de&#8230; <a href=\"https:\/\/poblenouurbandistrict.com\/ca\/urban-talks-9\/\">M\u00e9s  \u2192<\/a><\/p>\n","protected":false},"author":5,"featured_media":52548,"parent":0,"menu_order":4,"comment_status":"closed","ping_status":"closed","template":"templates\/template-imagemap.php","meta":{"_acf_changed":false,"footnotes":""},"class_list":["post-49474","page","type-page","status-publish","has-post-thumbnail","hentry"],"acf":[],"yoast_head":"<!-- This site is optimized with the Yoast SEO plugin v27.3 - https:\/\/yoast.com\/product\/yoast-seo-wordpress\/ -->\n<title>#9 Urban Talks<\/title>\n<meta name=\"description\" content=\"4 OCTUBRE | 11h 15h | Disseny Hub Barcelona\" \/>\n<meta name=\"robots\" content=\"index, follow, max-snippet:-1, max-image-preview:large, max-video-preview:-1\" \/>\n<link rel=\"canonical\" href=\"https:\/\/poblenouurbandistrict.com\/ca\/urban-talks-9\/\" \/>\n<meta property=\"og:locale\" content=\"ca_ES\" \/>\n<meta property=\"og:type\" content=\"article\" \/>\n<meta property=\"og:title\" content=\"#9 Urban Talks\" \/>\n<meta property=\"og:description\" content=\"4 OCTUBRE | 11h 15h | Disseny Hub Barcelona\" \/>\n<meta property=\"og:url\" content=\"https:\/\/poblenouurbandistrict.com\/ca\/urban-talks-9\/\" \/>\n<meta property=\"og:site_name\" content=\"Poblenou Urban District\" \/>\n<meta property=\"article:modified_time\" content=\"2025-10-10T11:40:31+00:00\" \/>\n<meta property=\"og:image\" content=\"https:\/\/poblenouurbandistrict.com\/wp-content\/uploads\/2025\/09\/landing-web-mesa-de-trabajo-1.png\" \/>\n\t<meta property=\"og:image:width\" content=\"2560\" \/>\n\t<meta property=\"og:image:height\" content=\"1067\" \/>\n\t<meta property=\"og:image:type\" content=\"image\/png\" \/>\n<meta name=\"twitter:card\" content=\"summary_large_image\" \/>\n<meta name=\"twitter:label1\" content=\"Temps estimat de lectura\" \/>\n\t<meta name=\"twitter:data1\" content=\"1 minut\" \/>\n<script type=\"application\/ld+json\" class=\"yoast-schema-graph\">{\"@context\":\"https:\\\/\\\/schema.org\",\"@graph\":[{\"@type\":\"WebPage\",\"@id\":\"https:\\\/\\\/poblenouurbandistrict.com\\\/ca\\\/urban-talks-9\\\/\",\"url\":\"https:\\\/\\\/poblenouurbandistrict.com\\\/ca\\\/urban-talks-9\\\/\",\"name\":\"#9 Urban Talks\",\"isPartOf\":{\"@id\":\"https:\\\/\\\/poblenouurbandistrict.com\\\/ca\\\/#website\"},\"primaryImageOfPage\":{\"@id\":\"https:\\\/\\\/poblenouurbandistrict.com\\\/ca\\\/urban-talks-9\\\/#primaryimage\"},\"image\":{\"@id\":\"https:\\\/\\\/poblenouurbandistrict.com\\\/urban-talks-9\\\/#primaryimage\"},\"thumbnailUrl\":\"https:\\\/\\\/media.poblenouurbandistrict.com\\\/2025\\\/09\\\/25092943\\\/landing-web-mesa-de-trabajo-1.png\",\"datePublished\":\"2025-01-30T18:01:25+00:00\",\"dateModified\":\"2025-10-10T11:40:31+00:00\",\"description\":\"4 OCTUBRE | 11h 15h | Disseny Hub Barcelona\",\"breadcrumb\":{\"@id\":\"https:\\\/\\\/poblenouurbandistrict.com\\\/ca\\\/urban-talks-9\\\/#breadcrumb\"},\"inLanguage\":\"ca\",\"potentialAction\":[{\"@type\":\"ReadAction\",\"target\":[[\"https:\\\/\\\/poblenouurbandistrict.com\\\/ca\\\/urban-talks-9\\\/\"]]}]},{\"@type\":\"ImageObject\",\"inLanguage\":\"ca\",\"@id\":\"https:\\\/\\\/poblenouurbandistrict.com\\\/ca\\\/urban-talks-9\\\/#primaryimage\",\"url\":\"https:\\\/\\\/media.poblenouurbandistrict.com\\\/2025\\\/09\\\/25092943\\\/landing-web-mesa-de-trabajo-1.png\",\"contentUrl\":\"https:\\\/\\\/media.poblenouurbandistrict.com\\\/2025\\\/09\\\/25092943\\\/landing-web-mesa-de-trabajo-1.png\",\"width\":2560,\"height\":1067},{\"@type\":\"BreadcrumbList\",\"@id\":\"https:\\\/\\\/poblenouurbandistrict.com\\\/ca\\\/urban-talks-9\\\/#breadcrumb\",\"itemListElement\":[{\"@type\":\"ListItem\",\"position\":1,\"name\":\"Home\",\"item\":\"https:\\\/\\\/poblenouurbandistrict.com\\\/ca\\\/\"},{\"@type\":\"ListItem\",\"position\":2,\"name\":\"Urban Talks #9\"}]},{\"@type\":\"WebSite\",\"@id\":\"https:\\\/\\\/poblenouurbandistrict.com\\\/ca\\\/#website\",\"url\":\"https:\\\/\\\/poblenouurbandistrict.com\\\/ca\\\/\",\"name\":\"Poblenou Urban District\",\"description\":\"Comunitat Creativa\",\"potentialAction\":[{\"@type\":\"SearchAction\",\"target\":{\"@type\":\"EntryPoint\",\"urlTemplate\":\"https:\\\/\\\/poblenouurbandistrict.com\\\/ca\\\/?s={search_term_string}\"},\"query-input\":{\"@type\":\"PropertyValueSpecification\",\"valueRequired\":true,\"valueName\":\"search_term_string\"}}],\"inLanguage\":\"ca\"}]}<\/script>\n<!-- \/ Yoast SEO plugin. -->","yoast_head_json":{"title":"#9 Urban Talks","description":"4 OCTUBRE | 11h 15h | Disseny Hub Barcelona","robots":{"index":"index","follow":"follow","max-snippet":"max-snippet:-1","max-image-preview":"max-image-preview:large","max-video-preview":"max-video-preview:-1"},"canonical":"https:\/\/poblenouurbandistrict.com\/ca\/urban-talks-9\/","og_locale":"ca_ES","og_type":"article","og_title":"#9 Urban Talks","og_description":"4 OCTUBRE | 11h 15h | Disseny Hub Barcelona","og_url":"https:\/\/poblenouurbandistrict.com\/ca\/urban-talks-9\/","og_site_name":"Poblenou Urban District","article_modified_time":"2025-10-10T11:40:31+00:00","og_image":[{"width":2560,"height":1067,"url":"https:\/\/poblenouurbandistrict.com\/wp-content\/uploads\/2025\/09\/landing-web-mesa-de-trabajo-1.png","type":"image\/png"}],"twitter_card":"summary_large_image","twitter_misc":{"Temps estimat de lectura":"1 minut"},"schema":{"@context":"https:\/\/schema.org","@graph":[{"@type":"WebPage","@id":"https:\/\/poblenouurbandistrict.com\/ca\/urban-talks-9\/","url":"https:\/\/poblenouurbandistrict.com\/ca\/urban-talks-9\/","name":"#9 Urban Talks","isPartOf":{"@id":"https:\/\/poblenouurbandistrict.com\/ca\/#website"},"primaryImageOfPage":{"@id":"https:\/\/poblenouurbandistrict.com\/ca\/urban-talks-9\/#primaryimage"},"image":{"@id":"https:\/\/poblenouurbandistrict.com\/urban-talks-9\/#primaryimage"},"thumbnailUrl":"https:\/\/media.poblenouurbandistrict.com\/2025\/09\/25092943\/landing-web-mesa-de-trabajo-1.png","datePublished":"2025-01-30T18:01:25+00:00","dateModified":"2025-10-10T11:40:31+00:00","description":"4 OCTUBRE | 11h 15h | Disseny Hub Barcelona","breadcrumb":{"@id":"https:\/\/poblenouurbandistrict.com\/ca\/urban-talks-9\/#breadcrumb"},"inLanguage":"ca","potentialAction":[{"@type":"ReadAction","target":[["https:\/\/poblenouurbandistrict.com\/ca\/urban-talks-9\/"]]}]},{"@type":"ImageObject","inLanguage":"ca","@id":"https:\/\/poblenouurbandistrict.com\/ca\/urban-talks-9\/#primaryimage","url":"https:\/\/media.poblenouurbandistrict.com\/2025\/09\/25092943\/landing-web-mesa-de-trabajo-1.png","contentUrl":"https:\/\/media.poblenouurbandistrict.com\/2025\/09\/25092943\/landing-web-mesa-de-trabajo-1.png","width":2560,"height":1067},{"@type":"BreadcrumbList","@id":"https:\/\/poblenouurbandistrict.com\/ca\/urban-talks-9\/#breadcrumb","itemListElement":[{"@type":"ListItem","position":1,"name":"Home","item":"https:\/\/poblenouurbandistrict.com\/ca\/"},{"@type":"ListItem","position":2,"name":"Urban Talks #9"}]},{"@type":"WebSite","@id":"https:\/\/poblenouurbandistrict.com\/ca\/#website","url":"https:\/\/poblenouurbandistrict.com\/ca\/","name":"Poblenou Urban District","description":"Comunitat Creativa","potentialAction":[{"@type":"SearchAction","target":{"@type":"EntryPoint","urlTemplate":"https:\/\/poblenouurbandistrict.com\/ca\/?s={search_term_string}"},"query-input":{"@type":"PropertyValueSpecification","valueRequired":true,"valueName":"search_term_string"}}],"inLanguage":"ca"}]}},"_links":{"self":[{"href":"https:\/\/poblenouurbandistrict.com\/ca\/wp-json\/wp\/v2\/pages\/49474","targetHints":{"allow":["GET"]}}],"collection":[{"href":"https:\/\/poblenouurbandistrict.com\/ca\/wp-json\/wp\/v2\/pages"}],"about":[{"href":"https:\/\/poblenouurbandistrict.com\/ca\/wp-json\/wp\/v2\/types\/page"}],"author":[{"embeddable":true,"href":"https:\/\/poblenouurbandistrict.com\/ca\/wp-json\/wp\/v2\/users\/5"}],"replies":[{"embeddable":true,"href":"https:\/\/poblenouurbandistrict.com\/ca\/wp-json\/wp\/v2\/comments?post=49474"}],"version-history":[{"count":91,"href":"https:\/\/poblenouurbandistrict.com\/ca\/wp-json\/wp\/v2\/pages\/49474\/revisions"}],"predecessor-version":[{"id":53361,"href":"https:\/\/poblenouurbandistrict.com\/ca\/wp-json\/wp\/v2\/pages\/49474\/revisions\/53361"}],"wp:featuredmedia":[{"embeddable":true,"href":"https:\/\/poblenouurbandistrict.com\/ca\/wp-json\/wp\/v2\/media\/52548"}],"wp:attachment":[{"href":"https:\/\/poblenouurbandistrict.com\/ca\/wp-json\/wp\/v2\/media?parent=49474"}],"curies":[{"name":"wp","href":"https:\/\/api.w.org\/{rel}","templated":true}]}}