{"id":50011,"date":"2025-03-04T19:54:38","date_gmt":"2025-03-04T18:54:38","guid":{"rendered":"https:\/\/poblenouurbandistrict.com\/?page_id=50011"},"modified":"2025-03-04T19:54:38","modified_gmt":"2025-03-04T18:54:38","slug":"poblenou-open-day-2024","status":"publish","type":"page","link":"https:\/\/poblenouurbandistrict.com\/ca\/poblenou-open-day-2024\/","title":{"rendered":"Poblenou Open Day 2024"},"content":{"rendered":"<p><\/p>\n<h3 style=\"text-align: center;\">El pr\u00f2xim 4 de maig celebrem el Poblenou Open Day, un dia on la comunitat creativa de Poblenou Urban District obre m\u00e9s de seixanta espais oferint una programaci\u00f3 variada, en la qual es convida al p\u00fablic a descobrir l\u2019oferta del Districte Creatiu de Barcelona. Durant deu hores ininterrompudes podreu gaudir d\u2019una programaci\u00f3 exclusiva d\u2019exposicions, art, disseny, fotografia, dansa, m\u00fasica en viu, DJ&#8217;s, xerrades, workshops, tallers, visites guiades i gastronomia.<\/h3>\n<p><\/p>","protected":false},"excerpt":{"rendered":"<p>El pr\u00f2xim 4 de maig celebrem el Poblenou Open Day, un dia on la comunitat creativa de Poblenou Urban District&#8230; <a href=\"https:\/\/poblenouurbandistrict.com\/ca\/poblenou-open-day-2024\/\">M\u00e9s  \u2192<\/a><\/p>\n","protected":false},"author":5,"featured_media":45367,"parent":0,"menu_order":0,"comment_status":"closed","ping_status":"closed","template":"templates\/template-map.php","meta":{"_acf_changed":false,"footnotes":""},"class_list":["post-50011","page","type-page","status-publish","has-post-thumbnail","hentry"],"acf":[],"yoast_head":"<!-- This site is optimized with the Yoast SEO plugin v27.3 - https:\/\/yoast.com\/product\/yoast-seo-wordpress\/ -->\n<title>Poblenou Open Day 2024 &#8211; Poblenou Urban District Poblenou Open Day 2024 Poblenou Open Day 2024 % Poblenou Open Day 2024<\/title>\n<meta name=\"description\" content=\"El pr\u00f2xim dissabte, 6 de maig, torna el Poblenou Open Day, una jornada on la comunitat creativa del Poblenou Urban District obre m\u00e9s de cinquanta espais oferint una programaci\u00f3 variada, en la qual es convida al p\u00fablic a descobrir l\u2019oferta del districte cultural i creatiu de Barcelona.\" \/>\n<meta name=\"robots\" content=\"index, follow, max-snippet:-1, max-image-preview:large, max-video-preview:-1\" \/>\n<link rel=\"canonical\" href=\"https:\/\/poblenouurbandistrict.com\/ca\/poblenou-open-day-2024\/\" \/>\n<meta property=\"og:locale\" content=\"ca_ES\" \/>\n<meta property=\"og:type\" content=\"article\" \/>\n<meta property=\"og:title\" content=\"Poblenou Open Day 2024 &#8211; Poblenou Urban District Poblenou Open Day 2024 Poblenou Open Day 2024 % Poblenou Open Day 2024\" \/>\n<meta property=\"og:description\" content=\"El pr\u00f2xim dissabte, 6 de maig, torna el Poblenou Open Day, una jornada on la comunitat creativa del Poblenou Urban District obre m\u00e9s de cinquanta espais oferint una programaci\u00f3 variada, en la qual es convida al p\u00fablic a descobrir l\u2019oferta del districte cultural i creatiu de Barcelona.\" \/>\n<meta property=\"og:url\" content=\"https:\/\/poblenouurbandistrict.com\/ca\/poblenou-open-day-2024\/\" \/>\n<meta property=\"og:site_name\" content=\"Poblenou Urban District\" \/>\n<meta property=\"og:image\" content=\"https:\/\/poblenouurbandistrict.com\/wp-content\/uploads\/2024\/04\/or-open-day-imatge-dhub-butlleti-horizontal-570x270-1.jpg\" \/>\n\t<meta property=\"og:image:width\" content=\"571\" \/>\n\t<meta property=\"og:image:height\" content=\"270\" \/>\n\t<meta property=\"og:image:type\" content=\"image\/jpeg\" \/>\n<meta name=\"twitter:card\" content=\"summary_large_image\" \/>\n<meta name=\"twitter:label1\" content=\"Temps estimat de lectura\" \/>\n\t<meta name=\"twitter:data1\" content=\"1 minut\" \/>\n<script type=\"application\/ld+json\" class=\"yoast-schema-graph\">{\"@context\":\"https:\\\/\\\/schema.org\",\"@graph\":[{\"@type\":\"WebPage\",\"@id\":\"https:\\\/\\\/poblenouurbandistrict.com\\\/ca\\\/poblenou-open-day-2024\\\/\",\"url\":\"https:\\\/\\\/poblenouurbandistrict.com\\\/ca\\\/poblenou-open-day-2024\\\/\",\"name\":\"Poblenou Open Day 2024 &#8211; Poblenou Urban District Poblenou Open Day 2024 Poblenou Open Day 2024 % Poblenou Open Day 2024\",\"isPartOf\":{\"@id\":\"https:\\\/\\\/poblenouurbandistrict.com\\\/ca\\\/#website\"},\"primaryImageOfPage\":{\"@id\":\"https:\\\/\\\/poblenouurbandistrict.com\\\/ca\\\/poblenou-open-day-2024\\\/#primaryimage\"},\"image\":{\"@id\":\"https:\\\/\\\/poblenouurbandistrict.com\\\/poblenou-open-day-2024\\\/#primaryimage\"},\"thumbnailUrl\":\"https:\\\/\\\/media.poblenouurbandistrict.com\\\/2024\\\/04\\\/25072643\\\/or-open-day-imatge-dhub-butlleti-horizontal-570x270-1.jpg\",\"datePublished\":\"2025-03-04T18:54:38+00:00\",\"description\":\"El pr\u00f2xim dissabte, 6 de maig, torna el Poblenou Open Day, una jornada on la comunitat creativa del Poblenou Urban District obre m\u00e9s de cinquanta espais oferint una programaci\u00f3 variada, en la qual es convida al p\u00fablic a descobrir l\u2019oferta del districte cultural i creatiu de Barcelona.\",\"breadcrumb\":{\"@id\":\"https:\\\/\\\/poblenouurbandistrict.com\\\/ca\\\/poblenou-open-day-2024\\\/#breadcrumb\"},\"inLanguage\":\"ca\",\"potentialAction\":[{\"@type\":\"ReadAction\",\"target\":[[\"https:\\\/\\\/poblenouurbandistrict.com\\\/ca\\\/poblenou-open-day-2024\\\/\"]]}]},{\"@type\":\"ImageObject\",\"inLanguage\":\"ca\",\"@id\":\"https:\\\/\\\/poblenouurbandistrict.com\\\/ca\\\/poblenou-open-day-2024\\\/#primaryimage\",\"url\":\"https:\\\/\\\/media.poblenouurbandistrict.com\\\/2024\\\/04\\\/25072643\\\/or-open-day-imatge-dhub-butlleti-horizontal-570x270-1.jpg\",\"contentUrl\":\"https:\\\/\\\/media.poblenouurbandistrict.com\\\/2024\\\/04\\\/25072643\\\/or-open-day-imatge-dhub-butlleti-horizontal-570x270-1.jpg\",\"width\":571,\"height\":270},{\"@type\":\"BreadcrumbList\",\"@id\":\"https:\\\/\\\/poblenouurbandistrict.com\\\/ca\\\/poblenou-open-day-2024\\\/#breadcrumb\",\"itemListElement\":[{\"@type\":\"ListItem\",\"position\":1,\"name\":\"Home\",\"item\":\"https:\\\/\\\/poblenouurbandistrict.com\\\/ca\\\/\"},{\"@type\":\"ListItem\",\"position\":2,\"name\":\"Poblenou Open Day 2024\"}]},{\"@type\":\"WebSite\",\"@id\":\"https:\\\/\\\/poblenouurbandistrict.com\\\/ca\\\/#website\",\"url\":\"https:\\\/\\\/poblenouurbandistrict.com\\\/ca\\\/\",\"name\":\"Poblenou Urban District\",\"description\":\"Comunitat Creativa\",\"potentialAction\":[{\"@type\":\"SearchAction\",\"target\":{\"@type\":\"EntryPoint\",\"urlTemplate\":\"https:\\\/\\\/poblenouurbandistrict.com\\\/ca\\\/?s={search_term_string}\"},\"query-input\":{\"@type\":\"PropertyValueSpecification\",\"valueRequired\":true,\"valueName\":\"search_term_string\"}}],\"inLanguage\":\"ca\"}]}<\/script>\n<!-- \/ Yoast SEO plugin. -->","yoast_head_json":{"title":"Poblenou Open Day 2024 &#8211; Poblenou Urban District Poblenou Open Day 2024 Poblenou Open Day 2024 % Poblenou Open Day 2024","description":"El pr\u00f2xim dissabte, 6 de maig, torna el Poblenou Open Day, una jornada on la comunitat creativa del Poblenou Urban District obre m\u00e9s de cinquanta espais oferint una programaci\u00f3 variada, en la qual es convida al p\u00fablic a descobrir l\u2019oferta del districte cultural i creatiu de Barcelona.","robots":{"index":"index","follow":"follow","max-snippet":"max-snippet:-1","max-image-preview":"max-image-preview:large","max-video-preview":"max-video-preview:-1"},"canonical":"https:\/\/poblenouurbandistrict.com\/ca\/poblenou-open-day-2024\/","og_locale":"ca_ES","og_type":"article","og_title":"Poblenou Open Day 2024 &#8211; Poblenou Urban District Poblenou Open Day 2024 Poblenou Open Day 2024 % Poblenou Open Day 2024","og_description":"El pr\u00f2xim dissabte, 6 de maig, torna el Poblenou Open Day, una jornada on la comunitat creativa del Poblenou Urban District obre m\u00e9s de cinquanta espais oferint una programaci\u00f3 variada, en la qual es convida al p\u00fablic a descobrir l\u2019oferta del districte cultural i creatiu de Barcelona.","og_url":"https:\/\/poblenouurbandistrict.com\/ca\/poblenou-open-day-2024\/","og_site_name":"Poblenou Urban District","og_image":[{"width":571,"height":270,"url":"https:\/\/poblenouurbandistrict.com\/wp-content\/uploads\/2024\/04\/or-open-day-imatge-dhub-butlleti-horizontal-570x270-1.jpg","type":"image\/jpeg"}],"twitter_card":"summary_large_image","twitter_misc":{"Temps estimat de lectura":"1 minut"},"schema":{"@context":"https:\/\/schema.org","@graph":[{"@type":"WebPage","@id":"https:\/\/poblenouurbandistrict.com\/ca\/poblenou-open-day-2024\/","url":"https:\/\/poblenouurbandistrict.com\/ca\/poblenou-open-day-2024\/","name":"Poblenou Open Day 2024 &#8211; Poblenou Urban District Poblenou Open Day 2024 Poblenou Open Day 2024 % Poblenou Open Day 2024","isPartOf":{"@id":"https:\/\/poblenouurbandistrict.com\/ca\/#website"},"primaryImageOfPage":{"@id":"https:\/\/poblenouurbandistrict.com\/ca\/poblenou-open-day-2024\/#primaryimage"},"image":{"@id":"https:\/\/poblenouurbandistrict.com\/poblenou-open-day-2024\/#primaryimage"},"thumbnailUrl":"https:\/\/media.poblenouurbandistrict.com\/2024\/04\/25072643\/or-open-day-imatge-dhub-butlleti-horizontal-570x270-1.jpg","datePublished":"2025-03-04T18:54:38+00:00","description":"El pr\u00f2xim dissabte, 6 de maig, torna el Poblenou Open Day, una jornada on la comunitat creativa del Poblenou Urban District obre m\u00e9s de cinquanta espais oferint una programaci\u00f3 variada, en la qual es convida al p\u00fablic a descobrir l\u2019oferta del districte cultural i creatiu de Barcelona.","breadcrumb":{"@id":"https:\/\/poblenouurbandistrict.com\/ca\/poblenou-open-day-2024\/#breadcrumb"},"inLanguage":"ca","potentialAction":[{"@type":"ReadAction","target":[["https:\/\/poblenouurbandistrict.com\/ca\/poblenou-open-day-2024\/"]]}]},{"@type":"ImageObject","inLanguage":"ca","@id":"https:\/\/poblenouurbandistrict.com\/ca\/poblenou-open-day-2024\/#primaryimage","url":"https:\/\/media.poblenouurbandistrict.com\/2024\/04\/25072643\/or-open-day-imatge-dhub-butlleti-horizontal-570x270-1.jpg","contentUrl":"https:\/\/media.poblenouurbandistrict.com\/2024\/04\/25072643\/or-open-day-imatge-dhub-butlleti-horizontal-570x270-1.jpg","width":571,"height":270},{"@type":"BreadcrumbList","@id":"https:\/\/poblenouurbandistrict.com\/ca\/poblenou-open-day-2024\/#breadcrumb","itemListElement":[{"@type":"ListItem","position":1,"name":"Home","item":"https:\/\/poblenouurbandistrict.com\/ca\/"},{"@type":"ListItem","position":2,"name":"Poblenou Open Day 2024"}]},{"@type":"WebSite","@id":"https:\/\/poblenouurbandistrict.com\/ca\/#website","url":"https:\/\/poblenouurbandistrict.com\/ca\/","name":"Poblenou Urban District","description":"Comunitat Creativa","potentialAction":[{"@type":"SearchAction","target":{"@type":"EntryPoint","urlTemplate":"https:\/\/poblenouurbandistrict.com\/ca\/?s={search_term_string}"},"query-input":{"@type":"PropertyValueSpecification","valueRequired":true,"valueName":"search_term_string"}}],"inLanguage":"ca"}]}},"_links":{"self":[{"href":"https:\/\/poblenouurbandistrict.com\/ca\/wp-json\/wp\/v2\/pages\/50011","targetHints":{"allow":["GET"]}}],"collection":[{"href":"https:\/\/poblenouurbandistrict.com\/ca\/wp-json\/wp\/v2\/pages"}],"about":[{"href":"https:\/\/poblenouurbandistrict.com\/ca\/wp-json\/wp\/v2\/types\/page"}],"author":[{"embeddable":true,"href":"https:\/\/poblenouurbandistrict.com\/ca\/wp-json\/wp\/v2\/users\/5"}],"replies":[{"embeddable":true,"href":"https:\/\/poblenouurbandistrict.com\/ca\/wp-json\/wp\/v2\/comments?post=50011"}],"version-history":[{"count":1,"href":"https:\/\/poblenouurbandistrict.com\/ca\/wp-json\/wp\/v2\/pages\/50011\/revisions"}],"predecessor-version":[{"id":50013,"href":"https:\/\/poblenouurbandistrict.com\/ca\/wp-json\/wp\/v2\/pages\/50011\/revisions\/50013"}],"wp:featuredmedia":[{"embeddable":true,"href":"https:\/\/poblenouurbandistrict.com\/ca\/wp-json\/wp\/v2\/media\/45367"}],"wp:attachment":[{"href":"https:\/\/poblenouurbandistrict.com\/ca\/wp-json\/wp\/v2\/media?parent=50011"}],"curies":[{"name":"wp","href":"https:\/\/api.w.org\/{rel}","templated":true}]}}