{"id":52506,"date":"2025-09-15T13:42:11","date_gmt":"2025-09-15T11:42:11","guid":{"rendered":"https:\/\/poblenouurbandistrict.com\/?page_id=52506"},"modified":"2025-09-16T11:41:16","modified_gmt":"2025-09-16T09:41:16","slug":"urban-talks-8-2","status":"publish","type":"page","link":"https:\/\/poblenouurbandistrict.com\/ca\/urban-talks-8-2\/","title":{"rendered":"Urban Talks #8"},"content":{"rendered":"<p>Les Urban Talks, el cicle de xerrades organitzat per Poblenou Urban District i La Plataforma, torna amb una nova edici\u00f3 centrada en la cultura i la creativitat en l\u2019entorn urb\u00e0. Aquestes sessions busquen obrir un di\u00e0leg entre professionals i el p\u00fablic, explorant diverses perspectives sobre l\u2019art i la ciutat.<\/p>\n<p>La vuitena edici\u00f3 de les Urban Talks estaran moderades per l\u2019artista pl\u00e0stic i investigador <strong>Enrique Radigales<\/strong>, qui guiar\u00e0 converses sobre experi\u00e8ncies expositives, el col\u00b7leccionisme i la relaci\u00f3 entre l\u2019art i el territori. A m\u00e9s, comptar\u00e0 amb la participaci\u00f3 de destacats professionals i artistes que compartiran els seus coneixements i viv\u00e8ncies en l\u2019\u00e0mbit cultural.<\/p>\n<p>Aquest esdeveniment es consolida com un espai de reflexi\u00f3 i debat per als qui busquen entendre l\u2019impacte de l\u2019art a la ciutat i la seva evoluci\u00f3 en el context contemporani.<\/p>\n<hr \/>\n<h4><b>TALK #1: &#8220;Experi\u00e8ncies\u00a0expositives. De l&#8217;ef\u00edmer al permanent&#8221;<\/b><\/h4>\n<p>Dissabte 29 de 11h a 12:15h<\/p>\n<p><b>Participants TALK #1:<\/b><\/p>\n<ul>\n<li>Arturo Fuentes, de l&#8217;equip d&#8217;Indissoluble<\/li>\n<li>Juan Roberto V\u00e1squez,\u00a0CEO d&#8217;Indissoluble<\/li>\n<li>Ricard Campeny, de l&#8217;equip d&#8217;Indissoluble<\/li>\n<\/ul>\n<hr \/>\n<h4><b>TALK #2: &#8220;Nous\u00a0relats del col\u00b7leccionisme&#8221;<\/b><\/h4>\n<p>Dissabte 29 de 12:30h a 13:30h<\/p>\n<p><b>Participants TALK #2:<\/b><\/p>\n<ul>\n<li>Alexander Grahovsky<\/li>\n<li>Joaqu\u00edn D\u00edez-Casc\u00f3n, coleccionista, arquitecte i fundador de Swab Barcelona, fira internacional d&#8217;Art Contemporani.<\/li>\n<li>Jordi Bohigas, director de Piramid\u00f3n, Centre d&#8217;Art Contemporani<\/li>\n<\/ul>\n<hr \/>\n<h4><b>TALK #3: &#8220;Art i territori&#8221;<\/b><\/h4>\n<p>Dissabte 29 de 13:45h a 15h<\/p>\n<p><b>Participants TALK #3:<\/b><\/p>\n<ul>\n<li>Alberto Le\u00f3n<\/li>\n<li>El dios de los tres<\/li>\n<li>Medianeras<\/li>\n<\/ul>\n<hr \/>\n<h3 style=\"text-align: center;\"><a href=\"https:\/\/www.eventbrite.es\/e\/entradas-urban-talks-8-1296683438069?aff=oddtdtcreator\">RESERVA LA TEVA ENTRADA<\/a><\/h3>\n<p><\/p>","protected":false},"excerpt":{"rendered":"<p>Les Urban Talks, el cicle de xerrades organitzat per Poblenou Urban District i La Plataforma, torna amb una nova edici\u00f3&#8230; <a href=\"https:\/\/poblenouurbandistrict.com\/ca\/urban-talks-8-2\/\">M\u00e9s  \u2192<\/a><\/p>\n","protected":false},"author":5,"featured_media":0,"parent":0,"menu_order":4,"comment_status":"closed","ping_status":"closed","template":"templates\/template-imagemap.php","meta":{"_acf_changed":false,"footnotes":""},"class_list":["post-52506","page","type-page","status-publish","hentry"],"acf":[],"yoast_head":"<!-- This site is optimized with the Yoast SEO plugin v27.3 - https:\/\/yoast.com\/product\/yoast-seo-wordpress\/ -->\n<title>#8 Urban Talks<\/title>\n<meta name=\"description\" content=\"29 MAR\u00c7 | 11h 14h | Disseny Hub Barcelona\" \/>\n<meta name=\"robots\" content=\"index, follow, max-snippet:-1, max-image-preview:large, max-video-preview:-1\" \/>\n<link rel=\"canonical\" href=\"https:\/\/poblenouurbandistrict.com\/ca\/urban-talks-8-2\/\" \/>\n<meta property=\"og:locale\" content=\"ca_ES\" \/>\n<meta property=\"og:type\" content=\"article\" \/>\n<meta property=\"og:title\" content=\"#8 Urban Talks\" \/>\n<meta property=\"og:description\" content=\"29 MAR\u00c7 | 11h 14h | Disseny Hub Barcelona\" \/>\n<meta property=\"og:url\" content=\"https:\/\/poblenouurbandistrict.com\/ca\/urban-talks-8-2\/\" \/>\n<meta property=\"og:site_name\" content=\"Poblenou Urban District\" \/>\n<meta property=\"article:modified_time\" content=\"2025-09-16T09:41:16+00:00\" \/>\n<meta name=\"twitter:card\" content=\"summary_large_image\" \/>\n<meta name=\"twitter:label1\" content=\"Temps estimat de lectura\" \/>\n\t<meta name=\"twitter:data1\" content=\"2 minuts\" \/>\n<script type=\"application\/ld+json\" class=\"yoast-schema-graph\">{\"@context\":\"https:\\\/\\\/schema.org\",\"@graph\":[{\"@type\":\"WebPage\",\"@id\":\"https:\\\/\\\/poblenouurbandistrict.com\\\/ca\\\/urban-talks-8-2\\\/\",\"url\":\"https:\\\/\\\/poblenouurbandistrict.com\\\/ca\\\/urban-talks-8-2\\\/\",\"name\":\"#8 Urban Talks\",\"isPartOf\":{\"@id\":\"https:\\\/\\\/poblenouurbandistrict.com\\\/ca\\\/#website\"},\"datePublished\":\"2025-09-15T11:42:11+00:00\",\"dateModified\":\"2025-09-16T09:41:16+00:00\",\"description\":\"29 MAR\u00c7 | 11h 14h | Disseny Hub Barcelona\",\"breadcrumb\":{\"@id\":\"https:\\\/\\\/poblenouurbandistrict.com\\\/ca\\\/urban-talks-8-2\\\/#breadcrumb\"},\"inLanguage\":\"ca\",\"potentialAction\":[{\"@type\":\"ReadAction\",\"target\":[[\"https:\\\/\\\/poblenouurbandistrict.com\\\/ca\\\/urban-talks-8-2\\\/\"]]}]},{\"@type\":\"BreadcrumbList\",\"@id\":\"https:\\\/\\\/poblenouurbandistrict.com\\\/ca\\\/urban-talks-8-2\\\/#breadcrumb\",\"itemListElement\":[{\"@type\":\"ListItem\",\"position\":1,\"name\":\"Home\",\"item\":\"https:\\\/\\\/poblenouurbandistrict.com\\\/ca\\\/\"},{\"@type\":\"ListItem\",\"position\":2,\"name\":\"Urban Talks #8\"}]},{\"@type\":\"WebSite\",\"@id\":\"https:\\\/\\\/poblenouurbandistrict.com\\\/ca\\\/#website\",\"url\":\"https:\\\/\\\/poblenouurbandistrict.com\\\/ca\\\/\",\"name\":\"Poblenou Urban District\",\"description\":\"Comunitat Creativa\",\"potentialAction\":[{\"@type\":\"SearchAction\",\"target\":{\"@type\":\"EntryPoint\",\"urlTemplate\":\"https:\\\/\\\/poblenouurbandistrict.com\\\/ca\\\/?s={search_term_string}\"},\"query-input\":{\"@type\":\"PropertyValueSpecification\",\"valueRequired\":true,\"valueName\":\"search_term_string\"}}],\"inLanguage\":\"ca\"}]}<\/script>\n<!-- \/ Yoast SEO plugin. -->","yoast_head_json":{"title":"#8 Urban Talks","description":"29 MAR\u00c7 | 11h 14h | Disseny Hub Barcelona","robots":{"index":"index","follow":"follow","max-snippet":"max-snippet:-1","max-image-preview":"max-image-preview:large","max-video-preview":"max-video-preview:-1"},"canonical":"https:\/\/poblenouurbandistrict.com\/ca\/urban-talks-8-2\/","og_locale":"ca_ES","og_type":"article","og_title":"#8 Urban Talks","og_description":"29 MAR\u00c7 | 11h 14h | Disseny Hub Barcelona","og_url":"https:\/\/poblenouurbandistrict.com\/ca\/urban-talks-8-2\/","og_site_name":"Poblenou Urban District","article_modified_time":"2025-09-16T09:41:16+00:00","twitter_card":"summary_large_image","twitter_misc":{"Temps estimat de lectura":"2 minuts"},"schema":{"@context":"https:\/\/schema.org","@graph":[{"@type":"WebPage","@id":"https:\/\/poblenouurbandistrict.com\/ca\/urban-talks-8-2\/","url":"https:\/\/poblenouurbandistrict.com\/ca\/urban-talks-8-2\/","name":"#8 Urban Talks","isPartOf":{"@id":"https:\/\/poblenouurbandistrict.com\/ca\/#website"},"datePublished":"2025-09-15T11:42:11+00:00","dateModified":"2025-09-16T09:41:16+00:00","description":"29 MAR\u00c7 | 11h 14h | Disseny Hub Barcelona","breadcrumb":{"@id":"https:\/\/poblenouurbandistrict.com\/ca\/urban-talks-8-2\/#breadcrumb"},"inLanguage":"ca","potentialAction":[{"@type":"ReadAction","target":[["https:\/\/poblenouurbandistrict.com\/ca\/urban-talks-8-2\/"]]}]},{"@type":"BreadcrumbList","@id":"https:\/\/poblenouurbandistrict.com\/ca\/urban-talks-8-2\/#breadcrumb","itemListElement":[{"@type":"ListItem","position":1,"name":"Home","item":"https:\/\/poblenouurbandistrict.com\/ca\/"},{"@type":"ListItem","position":2,"name":"Urban Talks #8"}]},{"@type":"WebSite","@id":"https:\/\/poblenouurbandistrict.com\/ca\/#website","url":"https:\/\/poblenouurbandistrict.com\/ca\/","name":"Poblenou Urban District","description":"Comunitat Creativa","potentialAction":[{"@type":"SearchAction","target":{"@type":"EntryPoint","urlTemplate":"https:\/\/poblenouurbandistrict.com\/ca\/?s={search_term_string}"},"query-input":{"@type":"PropertyValueSpecification","valueRequired":true,"valueName":"search_term_string"}}],"inLanguage":"ca"}]}},"_links":{"self":[{"href":"https:\/\/poblenouurbandistrict.com\/ca\/wp-json\/wp\/v2\/pages\/52506","targetHints":{"allow":["GET"]}}],"collection":[{"href":"https:\/\/poblenouurbandistrict.com\/ca\/wp-json\/wp\/v2\/pages"}],"about":[{"href":"https:\/\/poblenouurbandistrict.com\/ca\/wp-json\/wp\/v2\/types\/page"}],"author":[{"embeddable":true,"href":"https:\/\/poblenouurbandistrict.com\/ca\/wp-json\/wp\/v2\/users\/5"}],"replies":[{"embeddable":true,"href":"https:\/\/poblenouurbandistrict.com\/ca\/wp-json\/wp\/v2\/comments?post=52506"}],"version-history":[{"count":2,"href":"https:\/\/poblenouurbandistrict.com\/ca\/wp-json\/wp\/v2\/pages\/52506\/revisions"}],"predecessor-version":[{"id":52525,"href":"https:\/\/poblenouurbandistrict.com\/ca\/wp-json\/wp\/v2\/pages\/52506\/revisions\/52525"}],"wp:attachment":[{"href":"https:\/\/poblenouurbandistrict.com\/ca\/wp-json\/wp\/v2\/media?parent=52506"}],"curies":[{"name":"wp","href":"https:\/\/api.w.org\/{rel}","templated":true}]}}