{"id":55343,"date":"2026-03-31T11:05:47","date_gmt":"2026-03-31T09:05:47","guid":{"rendered":"https:\/\/poblenouurbandistrict.com\/?page_id=55343"},"modified":"2026-03-31T11:08:02","modified_gmt":"2026-03-31T09:08:02","slug":"poblenou-open-day-2025","status":"publish","type":"page","link":"https:\/\/poblenouurbandistrict.com\/ca\/poblenou-open-day-2025\/","title":{"rendered":"Poblenou Open Day 2025"},"content":{"rendered":"<p><\/p>\n<h4 style=\"text-align: center;\" data-pm-slice=\"1 1 []\">El pr\u00f2xim 10 de maig celebrem el Poblenou Open Day, un dia en qu\u00e8 la comunitat creativa de Poblenou Urban District obre les portes de m\u00e9s de cinquanta espais oferint una programaci\u00f3 variada, en la qual es convida el p\u00fablic a descobrir l\u2019oferta cultural del Districte Creatiu de Barcelona. Durant deu hores ininterrompudes podreu gaudir d\u2019una programaci\u00f3 exclusiva d\u2019exposicions, art, disseny, fotografia, dansa, m\u00fasica en viu, DJs, xerrades, workshops, tallers, visites guiades i gastronomia.<\/h4>\n<p><\/p>","protected":false},"excerpt":{"rendered":"<p>El pr\u00f2xim 10 de maig celebrem el Poblenou Open Day, un dia en qu\u00e8 la comunitat creativa de Poblenou Urban&#8230; <a href=\"https:\/\/poblenouurbandistrict.com\/ca\/poblenou-open-day-2025\/\">M\u00e9s  \u2192<\/a><\/p>\n","protected":false},"author":5,"featured_media":50684,"parent":0,"menu_order":0,"comment_status":"closed","ping_status":"closed","template":"templates\/template-map.php","meta":{"_acf_changed":false,"footnotes":""},"class_list":["post-55343","page","type-page","status-publish","has-post-thumbnail","hentry"],"acf":[],"yoast_head":"<!-- This site is optimized with the Yoast SEO plugin v27.6 - https:\/\/yoast.com\/product\/yoast-seo-wordpress\/ -->\n<title>Poblenou Open Day 2025 &#8211; Poblenou Urban District Poblenou Open Day 2025 Poblenou Open Day 2025 % Poblenou Open Day 2025<\/title>\n<meta name=\"description\" content=\"El dissabte 10 de maig torna el Poblenou Open Day, un dia on la comunitat creativa de Poblenou Urban District obre les portes dels seus espais oferint una programaci\u00f3 variada, en la qual es convida al p\u00fablic a descobrir l\u2019oferta cultural del districte creatiu de Barcelona.\" \/>\n<meta name=\"robots\" content=\"index, follow, max-snippet:-1, max-image-preview:large, max-video-preview:-1\" \/>\n<link rel=\"canonical\" href=\"https:\/\/poblenouurbandistrict.com\/ca\/poblenou-open-day-2025\/\" \/>\n<meta property=\"og:locale\" content=\"ca_ES\" \/>\n<meta property=\"og:type\" content=\"article\" \/>\n<meta property=\"og:title\" content=\"Poblenou Open Day 2025 &#8211; Poblenou Urban District Poblenou Open Day 2025 Poblenou Open Day 2025 % Poblenou Open Day 2025\" \/>\n<meta property=\"og:description\" content=\"El dissabte 10 de maig torna el Poblenou Open Day, un dia on la comunitat creativa de Poblenou Urban District obre les portes dels seus espais oferint una programaci\u00f3 variada, en la qual es convida al p\u00fablic a descobrir l\u2019oferta cultural del districte creatiu de Barcelona.\" \/>\n<meta property=\"og:url\" content=\"https:\/\/poblenouurbandistrict.com\/ca\/poblenou-open-day-2025\/\" \/>\n<meta property=\"og:site_name\" content=\"Poblenou Urban District\" \/>\n<meta property=\"article:modified_time\" content=\"2026-03-31T09:08:02+00:00\" \/>\n<meta property=\"og:image\" content=\"https:\/\/media.poblenouurbandistrict.com\/2025\/04\/25085545\/or-open-day-571x270-landing-webpud-1.jpg\" \/>\n\t<meta property=\"og:image:width\" content=\"2560\" \/>\n\t<meta property=\"og:image:height\" content=\"1723\" \/>\n\t<meta property=\"og:image:type\" content=\"image\/jpeg\" \/>\n<meta name=\"twitter:card\" content=\"summary_large_image\" \/>\n<meta name=\"twitter:label1\" content=\"Temps estimat de lectura\" \/>\n\t<meta name=\"twitter:data1\" content=\"1 minut\" \/>\n<script type=\"application\/ld+json\" class=\"yoast-schema-graph\">{\"@context\":\"https:\\\/\\\/schema.org\",\"@graph\":[{\"@type\":\"WebPage\",\"@id\":\"https:\\\/\\\/poblenouurbandistrict.com\\\/ca\\\/poblenou-open-day-2025\\\/\",\"url\":\"https:\\\/\\\/poblenouurbandistrict.com\\\/ca\\\/poblenou-open-day-2025\\\/\",\"name\":\"Poblenou Open Day 2025 &#8211; Poblenou Urban District Poblenou Open Day 2025 Poblenou Open Day 2025 % Poblenou Open Day 2025\",\"isPartOf\":{\"@id\":\"https:\\\/\\\/poblenouurbandistrict.com\\\/ca\\\/#website\"},\"primaryImageOfPage\":{\"@id\":\"https:\\\/\\\/poblenouurbandistrict.com\\\/ca\\\/poblenou-open-day-2025\\\/#primaryimage\"},\"image\":{\"@id\":\"https:\\\/\\\/poblenouurbandistrict.com\\\/poblenou-open-day-2025\\\/#primaryimage\"},\"thumbnailUrl\":\"https:\\\/\\\/media.poblenouurbandistrict.com\\\/2025\\\/04\\\/25085545\\\/or-open-day-571x270-landing-webpud-1.jpg\",\"datePublished\":\"2026-03-31T09:05:47+00:00\",\"dateModified\":\"2026-03-31T09:08:02+00:00\",\"description\":\"El dissabte 10 de maig torna el Poblenou Open Day, un dia on la comunitat creativa de Poblenou Urban District obre les portes dels seus espais oferint una programaci\u00f3 variada, en la qual es convida al p\u00fablic a descobrir l\u2019oferta cultural del districte creatiu de Barcelona.\",\"breadcrumb\":{\"@id\":\"https:\\\/\\\/poblenouurbandistrict.com\\\/ca\\\/poblenou-open-day-2025\\\/#breadcrumb\"},\"inLanguage\":\"ca\",\"potentialAction\":[{\"@type\":\"ReadAction\",\"target\":[[\"https:\\\/\\\/poblenouurbandistrict.com\\\/ca\\\/poblenou-open-day-2025\\\/\"]]}]},{\"@type\":\"ImageObject\",\"inLanguage\":\"ca\",\"@id\":\"https:\\\/\\\/poblenouurbandistrict.com\\\/ca\\\/poblenou-open-day-2025\\\/#primaryimage\",\"url\":\"https:\\\/\\\/media.poblenouurbandistrict.com\\\/2025\\\/04\\\/25085545\\\/or-open-day-571x270-landing-webpud-1.jpg\",\"contentUrl\":\"https:\\\/\\\/media.poblenouurbandistrict.com\\\/2025\\\/04\\\/25085545\\\/or-open-day-571x270-landing-webpud-1.jpg\",\"width\":2560,\"height\":1723},{\"@type\":\"BreadcrumbList\",\"@id\":\"https:\\\/\\\/poblenouurbandistrict.com\\\/ca\\\/poblenou-open-day-2025\\\/#breadcrumb\",\"itemListElement\":[{\"@type\":\"ListItem\",\"position\":1,\"name\":\"Home\",\"item\":\"https:\\\/\\\/poblenouurbandistrict.com\\\/ca\\\/\"},{\"@type\":\"ListItem\",\"position\":2,\"name\":\"Poblenou Open Day 2025\"}]},{\"@type\":\"WebSite\",\"@id\":\"https:\\\/\\\/poblenouurbandistrict.com\\\/ca\\\/#website\",\"url\":\"https:\\\/\\\/poblenouurbandistrict.com\\\/ca\\\/\",\"name\":\"Poblenou Urban District\",\"description\":\"Comunitat Creativa\",\"potentialAction\":[{\"@type\":\"SearchAction\",\"target\":{\"@type\":\"EntryPoint\",\"urlTemplate\":\"https:\\\/\\\/poblenouurbandistrict.com\\\/ca\\\/?s={search_term_string}\"},\"query-input\":{\"@type\":\"PropertyValueSpecification\",\"valueRequired\":true,\"valueName\":\"search_term_string\"}}],\"inLanguage\":\"ca\"}]}<\/script>\n<!-- \/ Yoast SEO plugin. -->","yoast_head_json":{"title":"Poblenou Open Day 2025 &#8211; Poblenou Urban District Poblenou Open Day 2025 Poblenou Open Day 2025 % Poblenou Open Day 2025","description":"El dissabte 10 de maig torna el Poblenou Open Day, un dia on la comunitat creativa de Poblenou Urban District obre les portes dels seus espais oferint una programaci\u00f3 variada, en la qual es convida al p\u00fablic a descobrir l\u2019oferta cultural del districte creatiu de Barcelona.","robots":{"index":"index","follow":"follow","max-snippet":"max-snippet:-1","max-image-preview":"max-image-preview:large","max-video-preview":"max-video-preview:-1"},"canonical":"https:\/\/poblenouurbandistrict.com\/ca\/poblenou-open-day-2025\/","og_locale":"ca_ES","og_type":"article","og_title":"Poblenou Open Day 2025 &#8211; Poblenou Urban District Poblenou Open Day 2025 Poblenou Open Day 2025 % Poblenou Open Day 2025","og_description":"El dissabte 10 de maig torna el Poblenou Open Day, un dia on la comunitat creativa de Poblenou Urban District obre les portes dels seus espais oferint una programaci\u00f3 variada, en la qual es convida al p\u00fablic a descobrir l\u2019oferta cultural del districte creatiu de Barcelona.","og_url":"https:\/\/poblenouurbandistrict.com\/ca\/poblenou-open-day-2025\/","og_site_name":"Poblenou Urban District","article_modified_time":"2026-03-31T09:08:02+00:00","og_image":[{"width":2560,"height":1723,"url":"https:\/\/media.poblenouurbandistrict.com\/2025\/04\/25085545\/or-open-day-571x270-landing-webpud-1.jpg","type":"image\/jpeg"}],"twitter_card":"summary_large_image","twitter_misc":{"Temps estimat de lectura":"1 minut"},"schema":{"@context":"https:\/\/schema.org","@graph":[{"@type":"WebPage","@id":"https:\/\/poblenouurbandistrict.com\/ca\/poblenou-open-day-2025\/","url":"https:\/\/poblenouurbandistrict.com\/ca\/poblenou-open-day-2025\/","name":"Poblenou Open Day 2025 &#8211; Poblenou Urban District Poblenou Open Day 2025 Poblenou Open Day 2025 % Poblenou Open Day 2025","isPartOf":{"@id":"https:\/\/poblenouurbandistrict.com\/ca\/#website"},"primaryImageOfPage":{"@id":"https:\/\/poblenouurbandistrict.com\/ca\/poblenou-open-day-2025\/#primaryimage"},"image":{"@id":"https:\/\/poblenouurbandistrict.com\/poblenou-open-day-2025\/#primaryimage"},"thumbnailUrl":"https:\/\/media.poblenouurbandistrict.com\/2025\/04\/25085545\/or-open-day-571x270-landing-webpud-1.jpg","datePublished":"2026-03-31T09:05:47+00:00","dateModified":"2026-03-31T09:08:02+00:00","description":"El dissabte 10 de maig torna el Poblenou Open Day, un dia on la comunitat creativa de Poblenou Urban District obre les portes dels seus espais oferint una programaci\u00f3 variada, en la qual es convida al p\u00fablic a descobrir l\u2019oferta cultural del districte creatiu de Barcelona.","breadcrumb":{"@id":"https:\/\/poblenouurbandistrict.com\/ca\/poblenou-open-day-2025\/#breadcrumb"},"inLanguage":"ca","potentialAction":[{"@type":"ReadAction","target":[["https:\/\/poblenouurbandistrict.com\/ca\/poblenou-open-day-2025\/"]]}]},{"@type":"ImageObject","inLanguage":"ca","@id":"https:\/\/poblenouurbandistrict.com\/ca\/poblenou-open-day-2025\/#primaryimage","url":"https:\/\/media.poblenouurbandistrict.com\/2025\/04\/25085545\/or-open-day-571x270-landing-webpud-1.jpg","contentUrl":"https:\/\/media.poblenouurbandistrict.com\/2025\/04\/25085545\/or-open-day-571x270-landing-webpud-1.jpg","width":2560,"height":1723},{"@type":"BreadcrumbList","@id":"https:\/\/poblenouurbandistrict.com\/ca\/poblenou-open-day-2025\/#breadcrumb","itemListElement":[{"@type":"ListItem","position":1,"name":"Home","item":"https:\/\/poblenouurbandistrict.com\/ca\/"},{"@type":"ListItem","position":2,"name":"Poblenou Open Day 2025"}]},{"@type":"WebSite","@id":"https:\/\/poblenouurbandistrict.com\/ca\/#website","url":"https:\/\/poblenouurbandistrict.com\/ca\/","name":"Poblenou Urban District","description":"Comunitat Creativa","potentialAction":[{"@type":"SearchAction","target":{"@type":"EntryPoint","urlTemplate":"https:\/\/poblenouurbandistrict.com\/ca\/?s={search_term_string}"},"query-input":{"@type":"PropertyValueSpecification","valueRequired":true,"valueName":"search_term_string"}}],"inLanguage":"ca"}]}},"_links":{"self":[{"href":"https:\/\/poblenouurbandistrict.com\/ca\/wp-json\/wp\/v2\/pages\/55343","targetHints":{"allow":["GET"]}}],"collection":[{"href":"https:\/\/poblenouurbandistrict.com\/ca\/wp-json\/wp\/v2\/pages"}],"about":[{"href":"https:\/\/poblenouurbandistrict.com\/ca\/wp-json\/wp\/v2\/types\/page"}],"author":[{"embeddable":true,"href":"https:\/\/poblenouurbandistrict.com\/ca\/wp-json\/wp\/v2\/users\/5"}],"replies":[{"embeddable":true,"href":"https:\/\/poblenouurbandistrict.com\/ca\/wp-json\/wp\/v2\/comments?post=55343"}],"version-history":[{"count":2,"href":"https:\/\/poblenouurbandistrict.com\/ca\/wp-json\/wp\/v2\/pages\/55343\/revisions"}],"predecessor-version":[{"id":55350,"href":"https:\/\/poblenouurbandistrict.com\/ca\/wp-json\/wp\/v2\/pages\/55343\/revisions\/55350"}],"wp:featuredmedia":[{"embeddable":true,"href":"https:\/\/poblenouurbandistrict.com\/ca\/wp-json\/wp\/v2\/media\/50684"}],"wp:attachment":[{"href":"https:\/\/poblenouurbandistrict.com\/ca\/wp-json\/wp\/v2\/media?parent=55343"}],"curies":[{"name":"wp","href":"https:\/\/api.w.org\/{rel}","templated":true}]}}