{"id":49744,"date":"2025-02-14T18:12:50","date_gmt":"2025-02-14T17:12:50","guid":{"rendered":"https:\/\/poblenouurbandistrict.com\/?page_id=49744"},"modified":"2025-02-14T18:12:50","modified_gmt":"2025-02-14T17:12:50","slug":"windows-art-circuit-2024","status":"publish","type":"page","link":"https:\/\/poblenouurbandistrict.com\/en\/windows-art-circuit-2024\/","title":{"rendered":"Windows Art Circuit 2024"},"content":{"rendered":"<p><\/p>\n<h3>The next 4th of May we celebrate the Windows Art Circuit (WAC), a circuit that allows the public to experience firsthand the entire process of creating mural art on unconventional media, reclaiming the streets and recovering the spaces in ruins as areas of high cultural value. In this edition we will be able to enjoy more than a dozen specially selected artists working in different disciplines such as photography, illustration, painting and mural art.<\/h3>\n<p><\/p>","protected":false},"excerpt":{"rendered":"<p>The next 4th of May we celebrate the Windows Art Circuit (WAC), a circuit that allows the public to experience&#8230; <a href=\"https:\/\/poblenouurbandistrict.com\/en\/windows-art-circuit-2024\/\">More  \u2192<\/a><\/p>\n","protected":false},"author":5,"featured_media":45721,"parent":0,"menu_order":0,"comment_status":"closed","ping_status":"closed","template":"templates\/template-map.php","meta":{"_acf_changed":false,"footnotes":""},"class_list":["post-49744","page","type-page","status-publish","has-post-thumbnail","hentry"],"acf":[],"yoast_head":"<!-- This site is optimized with the Yoast SEO plugin v27.3 - https:\/\/yoast.com\/product\/yoast-seo-wordpress\/ -->\n<title>Windows Art Circuit 2024 &#8211; Poblenou Urban District Windows Art Circuit 2024 Windows Art Circuit 2024 % Windows Art Circuit 2024<\/title>\n<meta name=\"description\" content=\"El Windows Art Circuit (WAC) \u00e9s un dels esdeveniments vertebradors del Poblenou Urban District, un circuit que permet el p\u00fablic experimentar en directe el proc\u00e9s complet de creaci\u00f3 de l\u2019art mural sobre suports no convencionals, reclamant els carrers i recuperant els espais en des\u00fas com a \u00e0rees d\u2019alt valor cultural. En aquesta edici\u00f3 podrem gaudir de m\u00e9s d\u2019una vintena d\u2019artistes especialment seleccionats que treballen diferents disciplines com la fotografia, la il\u00b7lustraci\u00f3, la pintura i l\u2019art mural.\" \/>\n<meta name=\"robots\" content=\"index, follow, max-snippet:-1, max-image-preview:large, max-video-preview:-1\" \/>\n<link rel=\"canonical\" href=\"https:\/\/poblenouurbandistrict.com\/en\/windows-art-circuit-2024\/\" \/>\n<meta property=\"og:locale\" content=\"en_US\" \/>\n<meta property=\"og:type\" content=\"article\" \/>\n<meta property=\"og:title\" content=\"Windows Art Circuit 2024 &#8211; Poblenou Urban District Windows Art Circuit 2024 Windows Art Circuit 2024 % Windows Art Circuit 2024\" \/>\n<meta property=\"og:description\" content=\"El Windows Art Circuit (WAC) \u00e9s un dels esdeveniments vertebradors del Poblenou Urban District, un circuit que permet el p\u00fablic experimentar en directe el proc\u00e9s complet de creaci\u00f3 de l\u2019art mural sobre suports no convencionals, reclamant els carrers i recuperant els espais en des\u00fas com a \u00e0rees d\u2019alt valor cultural. En aquesta edici\u00f3 podrem gaudir de m\u00e9s d\u2019una vintena d\u2019artistes especialment seleccionats que treballen diferents disciplines com la fotografia, la il\u00b7lustraci\u00f3, la pintura i l\u2019art mural.\" \/>\n<meta property=\"og:url\" content=\"https:\/\/poblenouurbandistrict.com\/en\/windows-art-circuit-2024\/\" \/>\n<meta property=\"og:site_name\" content=\"Poblenou Urban District\" \/>\n<meta property=\"og:image\" content=\"https:\/\/poblenouurbandistrict.com\/wp-content\/uploads\/2024\/04\/logo-wac-05-2.png\" \/>\n\t<meta property=\"og:image:width\" content=\"2560\" \/>\n\t<meta property=\"og:image:height\" content=\"852\" \/>\n\t<meta property=\"og:image:type\" content=\"image\/png\" \/>\n<meta name=\"twitter:card\" content=\"summary_large_image\" \/>\n<meta name=\"twitter:label1\" content=\"Est. reading time\" \/>\n\t<meta name=\"twitter:data1\" content=\"1 minute\" \/>\n<script type=\"application\/ld+json\" class=\"yoast-schema-graph\">{\"@context\":\"https:\\\/\\\/schema.org\",\"@graph\":[{\"@type\":\"WebPage\",\"@id\":\"https:\\\/\\\/poblenouurbandistrict.com\\\/en\\\/windows-art-circuit-2024\\\/\",\"url\":\"https:\\\/\\\/poblenouurbandistrict.com\\\/en\\\/windows-art-circuit-2024\\\/\",\"name\":\"Windows Art Circuit 2024 &#8211; Poblenou Urban District Windows Art Circuit 2024 Windows Art Circuit 2024 % Windows Art Circuit 2024\",\"isPartOf\":{\"@id\":\"https:\\\/\\\/poblenouurbandistrict.com\\\/en\\\/#website\"},\"primaryImageOfPage\":{\"@id\":\"https:\\\/\\\/poblenouurbandistrict.com\\\/en\\\/windows-art-circuit-2024\\\/#primaryimage\"},\"image\":{\"@id\":\"https:\\\/\\\/poblenouurbandistrict.com\\\/windows-art-circuit-2024\\\/#primaryimage\"},\"thumbnailUrl\":\"https:\\\/\\\/media.poblenouurbandistrict.com\\\/2024\\\/04\\\/25073115\\\/logo-wac-05-2.png\",\"datePublished\":\"2025-02-14T17:12:50+00:00\",\"description\":\"El Windows Art Circuit (WAC) \u00e9s un dels esdeveniments vertebradors del Poblenou Urban District, un circuit que permet el p\u00fablic experimentar en directe el proc\u00e9s complet de creaci\u00f3 de l\u2019art mural sobre suports no convencionals, reclamant els carrers i recuperant els espais en des\u00fas com a \u00e0rees d\u2019alt valor cultural. En aquesta edici\u00f3 podrem gaudir de m\u00e9s d\u2019una vintena d\u2019artistes especialment seleccionats que treballen diferents disciplines com la fotografia, la il\u00b7lustraci\u00f3, la pintura i l\u2019art mural.\",\"breadcrumb\":{\"@id\":\"https:\\\/\\\/poblenouurbandistrict.com\\\/en\\\/windows-art-circuit-2024\\\/#breadcrumb\"},\"inLanguage\":\"en-US\",\"potentialAction\":[{\"@type\":\"ReadAction\",\"target\":[[\"https:\\\/\\\/poblenouurbandistrict.com\\\/en\\\/windows-art-circuit-2024\\\/\"]]}]},{\"@type\":\"ImageObject\",\"inLanguage\":\"en-US\",\"@id\":\"https:\\\/\\\/poblenouurbandistrict.com\\\/en\\\/windows-art-circuit-2024\\\/#primaryimage\",\"url\":\"https:\\\/\\\/media.poblenouurbandistrict.com\\\/2024\\\/04\\\/25073115\\\/logo-wac-05-2.png\",\"contentUrl\":\"https:\\\/\\\/media.poblenouurbandistrict.com\\\/2024\\\/04\\\/25073115\\\/logo-wac-05-2.png\",\"width\":2560,\"height\":852},{\"@type\":\"BreadcrumbList\",\"@id\":\"https:\\\/\\\/poblenouurbandistrict.com\\\/en\\\/windows-art-circuit-2024\\\/#breadcrumb\",\"itemListElement\":[{\"@type\":\"ListItem\",\"position\":1,\"name\":\"Home\",\"item\":\"https:\\\/\\\/poblenouurbandistrict.com\\\/en\\\/\"},{\"@type\":\"ListItem\",\"position\":2,\"name\":\"Windows Art Circuit 2024\"}]},{\"@type\":\"WebSite\",\"@id\":\"https:\\\/\\\/poblenouurbandistrict.com\\\/en\\\/#website\",\"url\":\"https:\\\/\\\/poblenouurbandistrict.com\\\/en\\\/\",\"name\":\"Poblenou Urban District\",\"description\":\"Creative Community\",\"potentialAction\":[{\"@type\":\"SearchAction\",\"target\":{\"@type\":\"EntryPoint\",\"urlTemplate\":\"https:\\\/\\\/poblenouurbandistrict.com\\\/en\\\/?s={search_term_string}\"},\"query-input\":{\"@type\":\"PropertyValueSpecification\",\"valueRequired\":true,\"valueName\":\"search_term_string\"}}],\"inLanguage\":\"en-US\"}]}<\/script>\n<!-- \/ Yoast SEO plugin. -->","yoast_head_json":{"title":"Windows Art Circuit 2024 &#8211; Poblenou Urban District Windows Art Circuit 2024 Windows Art Circuit 2024 % Windows Art Circuit 2024","description":"El Windows Art Circuit (WAC) \u00e9s un dels esdeveniments vertebradors del Poblenou Urban District, un circuit que permet el p\u00fablic experimentar en directe el proc\u00e9s complet de creaci\u00f3 de l\u2019art mural sobre suports no convencionals, reclamant els carrers i recuperant els espais en des\u00fas com a \u00e0rees d\u2019alt valor cultural. En aquesta edici\u00f3 podrem gaudir de m\u00e9s d\u2019una vintena d\u2019artistes especialment seleccionats que treballen diferents disciplines com la fotografia, la il\u00b7lustraci\u00f3, la pintura i l\u2019art mural.","robots":{"index":"index","follow":"follow","max-snippet":"max-snippet:-1","max-image-preview":"max-image-preview:large","max-video-preview":"max-video-preview:-1"},"canonical":"https:\/\/poblenouurbandistrict.com\/en\/windows-art-circuit-2024\/","og_locale":"en_US","og_type":"article","og_title":"Windows Art Circuit 2024 &#8211; Poblenou Urban District Windows Art Circuit 2024 Windows Art Circuit 2024 % Windows Art Circuit 2024","og_description":"El Windows Art Circuit (WAC) \u00e9s un dels esdeveniments vertebradors del Poblenou Urban District, un circuit que permet el p\u00fablic experimentar en directe el proc\u00e9s complet de creaci\u00f3 de l\u2019art mural sobre suports no convencionals, reclamant els carrers i recuperant els espais en des\u00fas com a \u00e0rees d\u2019alt valor cultural. En aquesta edici\u00f3 podrem gaudir de m\u00e9s d\u2019una vintena d\u2019artistes especialment seleccionats que treballen diferents disciplines com la fotografia, la il\u00b7lustraci\u00f3, la pintura i l\u2019art mural.","og_url":"https:\/\/poblenouurbandistrict.com\/en\/windows-art-circuit-2024\/","og_site_name":"Poblenou Urban District","og_image":[{"width":2560,"height":852,"url":"https:\/\/poblenouurbandistrict.com\/wp-content\/uploads\/2024\/04\/logo-wac-05-2.png","type":"image\/png"}],"twitter_card":"summary_large_image","twitter_misc":{"Est. reading time":"1 minute"},"schema":{"@context":"https:\/\/schema.org","@graph":[{"@type":"WebPage","@id":"https:\/\/poblenouurbandistrict.com\/en\/windows-art-circuit-2024\/","url":"https:\/\/poblenouurbandistrict.com\/en\/windows-art-circuit-2024\/","name":"Windows Art Circuit 2024 &#8211; Poblenou Urban District Windows Art Circuit 2024 Windows Art Circuit 2024 % Windows Art Circuit 2024","isPartOf":{"@id":"https:\/\/poblenouurbandistrict.com\/en\/#website"},"primaryImageOfPage":{"@id":"https:\/\/poblenouurbandistrict.com\/en\/windows-art-circuit-2024\/#primaryimage"},"image":{"@id":"https:\/\/poblenouurbandistrict.com\/windows-art-circuit-2024\/#primaryimage"},"thumbnailUrl":"https:\/\/media.poblenouurbandistrict.com\/2024\/04\/25073115\/logo-wac-05-2.png","datePublished":"2025-02-14T17:12:50+00:00","description":"El Windows Art Circuit (WAC) \u00e9s un dels esdeveniments vertebradors del Poblenou Urban District, un circuit que permet el p\u00fablic experimentar en directe el proc\u00e9s complet de creaci\u00f3 de l\u2019art mural sobre suports no convencionals, reclamant els carrers i recuperant els espais en des\u00fas com a \u00e0rees d\u2019alt valor cultural. En aquesta edici\u00f3 podrem gaudir de m\u00e9s d\u2019una vintena d\u2019artistes especialment seleccionats que treballen diferents disciplines com la fotografia, la il\u00b7lustraci\u00f3, la pintura i l\u2019art mural.","breadcrumb":{"@id":"https:\/\/poblenouurbandistrict.com\/en\/windows-art-circuit-2024\/#breadcrumb"},"inLanguage":"en-US","potentialAction":[{"@type":"ReadAction","target":[["https:\/\/poblenouurbandistrict.com\/en\/windows-art-circuit-2024\/"]]}]},{"@type":"ImageObject","inLanguage":"en-US","@id":"https:\/\/poblenouurbandistrict.com\/en\/windows-art-circuit-2024\/#primaryimage","url":"https:\/\/media.poblenouurbandistrict.com\/2024\/04\/25073115\/logo-wac-05-2.png","contentUrl":"https:\/\/media.poblenouurbandistrict.com\/2024\/04\/25073115\/logo-wac-05-2.png","width":2560,"height":852},{"@type":"BreadcrumbList","@id":"https:\/\/poblenouurbandistrict.com\/en\/windows-art-circuit-2024\/#breadcrumb","itemListElement":[{"@type":"ListItem","position":1,"name":"Home","item":"https:\/\/poblenouurbandistrict.com\/en\/"},{"@type":"ListItem","position":2,"name":"Windows Art Circuit 2024"}]},{"@type":"WebSite","@id":"https:\/\/poblenouurbandistrict.com\/en\/#website","url":"https:\/\/poblenouurbandistrict.com\/en\/","name":"Poblenou Urban District","description":"Creative Community","potentialAction":[{"@type":"SearchAction","target":{"@type":"EntryPoint","urlTemplate":"https:\/\/poblenouurbandistrict.com\/en\/?s={search_term_string}"},"query-input":{"@type":"PropertyValueSpecification","valueRequired":true,"valueName":"search_term_string"}}],"inLanguage":"en-US"}]}},"_links":{"self":[{"href":"https:\/\/poblenouurbandistrict.com\/en\/wp-json\/wp\/v2\/pages\/49744","targetHints":{"allow":["GET"]}}],"collection":[{"href":"https:\/\/poblenouurbandistrict.com\/en\/wp-json\/wp\/v2\/pages"}],"about":[{"href":"https:\/\/poblenouurbandistrict.com\/en\/wp-json\/wp\/v2\/types\/page"}],"author":[{"embeddable":true,"href":"https:\/\/poblenouurbandistrict.com\/en\/wp-json\/wp\/v2\/users\/5"}],"replies":[{"embeddable":true,"href":"https:\/\/poblenouurbandistrict.com\/en\/wp-json\/wp\/v2\/comments?post=49744"}],"version-history":[{"count":1,"href":"https:\/\/poblenouurbandistrict.com\/en\/wp-json\/wp\/v2\/pages\/49744\/revisions"}],"predecessor-version":[{"id":49746,"href":"https:\/\/poblenouurbandistrict.com\/en\/wp-json\/wp\/v2\/pages\/49744\/revisions\/49746"}],"wp:featuredmedia":[{"embeddable":true,"href":"https:\/\/poblenouurbandistrict.com\/en\/wp-json\/wp\/v2\/media\/45721"}],"wp:attachment":[{"href":"https:\/\/poblenouurbandistrict.com\/en\/wp-json\/wp\/v2\/media?parent=49744"}],"curies":[{"name":"wp","href":"https:\/\/api.w.org\/{rel}","templated":true}]}}