{"id":56019,"date":"2026-04-30T10:41:16","date_gmt":"2026-04-30T08:41:16","guid":{"rendered":"https:\/\/poblenouurbandistrict.com\/?page_id=56019"},"modified":"2026-04-30T10:52:23","modified_gmt":"2026-04-30T08:52:23","slug":"windows-art-circuit-2025","status":"publish","type":"page","link":"https:\/\/poblenouurbandistrict.com\/en\/windows-art-circuit-2025\/","title":{"rendered":"Windows Art Circuit 2025"},"content":{"rendered":"<p><\/p>\n<h4>On May 10, we celebrate the Windows Art Circuit (WAC), a multidisciplinary art circuit that takes place within the Poblenou Open Day program and allows the public to experience firsthand the process of creating mural and visual art in unconventional spaces, thus reclaiming streets and disused industrial areas as spaces of great cultural value.<\/h4>\n<p><\/p>","protected":false},"excerpt":{"rendered":"<p>On May 10, we celebrate the Windows Art Circuit (WAC), a multidisciplinary art circuit that takes place within the Poblenou&#8230; <a href=\"https:\/\/poblenouurbandistrict.com\/en\/windows-art-circuit-2025\/\">More  \u2192<\/a><\/p>\n","protected":false},"author":5,"featured_media":45721,"parent":0,"menu_order":0,"comment_status":"closed","ping_status":"closed","template":"templates\/template-map.php","meta":{"_acf_changed":false,"footnotes":""},"class_list":["post-56019","page","type-page","status-publish","has-post-thumbnail","hentry"],"acf":[],"yoast_head":"<!-- This site is optimized with the Yoast SEO plugin v27.6 - https:\/\/yoast.com\/product\/yoast-seo-wordpress\/ -->\n<title>Windows Art Circuit 2025 &#8211; Poblenou Urban District Windows Art Circuit 2025 Windows Art Circuit 2025 % Windows Art Circuit 2025<\/title>\n<meta name=\"description\" content=\"El Windows Art Circuit (WAC) \u00e9s un dels esdeveniments vertebradors del Poblenou Urban District, un circuit que permet el p\u00fablic experimentar en directe el proc\u00e9s complet de creaci\u00f3 de l\u2019art mural sobre suports no convencionals, reclamant els carrers i recuperant els espais en des\u00fas com a \u00e0rees d\u2019alt valor cultural. En aquesta edici\u00f3 podrem gaudir de m\u00e9s d\u2019una vintena d\u2019artistes especialment seleccionats que treballen diferents disciplines com la fotografia, la il\u00b7lustraci\u00f3, la pintura i l\u2019art mural.\" \/>\n<meta name=\"robots\" content=\"index, follow, max-snippet:-1, max-image-preview:large, max-video-preview:-1\" \/>\n<link rel=\"canonical\" href=\"https:\/\/poblenouurbandistrict.com\/en\/windows-art-circuit-2025\/\" \/>\n<meta property=\"og:locale\" content=\"en_US\" \/>\n<meta property=\"og:type\" content=\"article\" \/>\n<meta property=\"og:title\" content=\"Windows Art Circuit 2025 &#8211; Poblenou Urban District Windows Art Circuit 2025 Windows Art Circuit 2025 % Windows Art Circuit 2025\" \/>\n<meta property=\"og:description\" content=\"El Windows Art Circuit (WAC) \u00e9s un dels esdeveniments vertebradors del Poblenou Urban District, un circuit que permet el p\u00fablic experimentar en directe el proc\u00e9s complet de creaci\u00f3 de l\u2019art mural sobre suports no convencionals, reclamant els carrers i recuperant els espais en des\u00fas com a \u00e0rees d\u2019alt valor cultural. En aquesta edici\u00f3 podrem gaudir de m\u00e9s d\u2019una vintena d\u2019artistes especialment seleccionats que treballen diferents disciplines com la fotografia, la il\u00b7lustraci\u00f3, la pintura i l\u2019art mural.\" \/>\n<meta property=\"og:url\" content=\"https:\/\/poblenouurbandistrict.com\/en\/windows-art-circuit-2025\/\" \/>\n<meta property=\"og:site_name\" content=\"Poblenou Urban District\" \/>\n<meta property=\"article:modified_time\" content=\"2026-04-30T08:52:23+00:00\" \/>\n<meta property=\"og:image\" content=\"https:\/\/media.poblenouurbandistrict.com\/2024\/04\/25073115\/logo-wac-05-2.png\" \/>\n\t<meta property=\"og:image:width\" content=\"2560\" \/>\n\t<meta property=\"og:image:height\" content=\"852\" \/>\n\t<meta property=\"og:image:type\" content=\"image\/png\" \/>\n<meta name=\"twitter:card\" content=\"summary_large_image\" \/>\n<meta name=\"twitter:label1\" content=\"Est. reading time\" \/>\n\t<meta name=\"twitter:data1\" content=\"1 minute\" \/>\n<script type=\"application\/ld+json\" class=\"yoast-schema-graph\">{\"@context\":\"https:\\\/\\\/schema.org\",\"@graph\":[{\"@type\":\"WebPage\",\"@id\":\"https:\\\/\\\/poblenouurbandistrict.com\\\/en\\\/windows-art-circuit-2025\\\/\",\"url\":\"https:\\\/\\\/poblenouurbandistrict.com\\\/en\\\/windows-art-circuit-2025\\\/\",\"name\":\"Windows Art Circuit 2025 &#8211; Poblenou Urban District Windows Art Circuit 2025 Windows Art Circuit 2025 % Windows Art Circuit 2025\",\"isPartOf\":{\"@id\":\"https:\\\/\\\/poblenouurbandistrict.com\\\/en\\\/#website\"},\"primaryImageOfPage\":{\"@id\":\"https:\\\/\\\/poblenouurbandistrict.com\\\/en\\\/windows-art-circuit-2025\\\/#primaryimage\"},\"image\":{\"@id\":\"https:\\\/\\\/poblenouurbandistrict.com\\\/windows-art-circuit-2025\\\/#primaryimage\"},\"thumbnailUrl\":\"https:\\\/\\\/media.poblenouurbandistrict.com\\\/2024\\\/04\\\/25073115\\\/logo-wac-05-2.png\",\"datePublished\":\"2026-04-30T08:41:16+00:00\",\"dateModified\":\"2026-04-30T08:52:23+00:00\",\"description\":\"El Windows Art Circuit (WAC) \u00e9s un dels esdeveniments vertebradors del Poblenou Urban District, un circuit que permet el p\u00fablic experimentar en directe el proc\u00e9s complet de creaci\u00f3 de l\u2019art mural sobre suports no convencionals, reclamant els carrers i recuperant els espais en des\u00fas com a \u00e0rees d\u2019alt valor cultural. En aquesta edici\u00f3 podrem gaudir de m\u00e9s d\u2019una vintena d\u2019artistes especialment seleccionats que treballen diferents disciplines com la fotografia, la il\u00b7lustraci\u00f3, la pintura i l\u2019art mural.\",\"breadcrumb\":{\"@id\":\"https:\\\/\\\/poblenouurbandistrict.com\\\/en\\\/windows-art-circuit-2025\\\/#breadcrumb\"},\"inLanguage\":\"en-US\",\"potentialAction\":[{\"@type\":\"ReadAction\",\"target\":[[\"https:\\\/\\\/poblenouurbandistrict.com\\\/en\\\/windows-art-circuit-2025\\\/\"]]}]},{\"@type\":\"ImageObject\",\"inLanguage\":\"en-US\",\"@id\":\"https:\\\/\\\/poblenouurbandistrict.com\\\/en\\\/windows-art-circuit-2025\\\/#primaryimage\",\"url\":\"https:\\\/\\\/media.poblenouurbandistrict.com\\\/2024\\\/04\\\/25073115\\\/logo-wac-05-2.png\",\"contentUrl\":\"https:\\\/\\\/media.poblenouurbandistrict.com\\\/2024\\\/04\\\/25073115\\\/logo-wac-05-2.png\",\"width\":2560,\"height\":852},{\"@type\":\"BreadcrumbList\",\"@id\":\"https:\\\/\\\/poblenouurbandistrict.com\\\/en\\\/windows-art-circuit-2025\\\/#breadcrumb\",\"itemListElement\":[{\"@type\":\"ListItem\",\"position\":1,\"name\":\"Home\",\"item\":\"https:\\\/\\\/poblenouurbandistrict.com\\\/en\\\/\"},{\"@type\":\"ListItem\",\"position\":2,\"name\":\"Windows Art Circuit 2025\"}]},{\"@type\":\"WebSite\",\"@id\":\"https:\\\/\\\/poblenouurbandistrict.com\\\/en\\\/#website\",\"url\":\"https:\\\/\\\/poblenouurbandistrict.com\\\/en\\\/\",\"name\":\"Poblenou Urban District\",\"description\":\"Creative Community\",\"potentialAction\":[{\"@type\":\"SearchAction\",\"target\":{\"@type\":\"EntryPoint\",\"urlTemplate\":\"https:\\\/\\\/poblenouurbandistrict.com\\\/en\\\/?s={search_term_string}\"},\"query-input\":{\"@type\":\"PropertyValueSpecification\",\"valueRequired\":true,\"valueName\":\"search_term_string\"}}],\"inLanguage\":\"en-US\"}]}<\/script>\n<!-- \/ Yoast SEO plugin. -->","yoast_head_json":{"title":"Windows Art Circuit 2025 &#8211; Poblenou Urban District Windows Art Circuit 2025 Windows Art Circuit 2025 % Windows Art Circuit 2025","description":"El Windows Art Circuit (WAC) \u00e9s un dels esdeveniments vertebradors del Poblenou Urban District, un circuit que permet el p\u00fablic experimentar en directe el proc\u00e9s complet de creaci\u00f3 de l\u2019art mural sobre suports no convencionals, reclamant els carrers i recuperant els espais en des\u00fas com a \u00e0rees d\u2019alt valor cultural. En aquesta edici\u00f3 podrem gaudir de m\u00e9s d\u2019una vintena d\u2019artistes especialment seleccionats que treballen diferents disciplines com la fotografia, la il\u00b7lustraci\u00f3, la pintura i l\u2019art mural.","robots":{"index":"index","follow":"follow","max-snippet":"max-snippet:-1","max-image-preview":"max-image-preview:large","max-video-preview":"max-video-preview:-1"},"canonical":"https:\/\/poblenouurbandistrict.com\/en\/windows-art-circuit-2025\/","og_locale":"en_US","og_type":"article","og_title":"Windows Art Circuit 2025 &#8211; Poblenou Urban District Windows Art Circuit 2025 Windows Art Circuit 2025 % Windows Art Circuit 2025","og_description":"El Windows Art Circuit (WAC) \u00e9s un dels esdeveniments vertebradors del Poblenou Urban District, un circuit que permet el p\u00fablic experimentar en directe el proc\u00e9s complet de creaci\u00f3 de l\u2019art mural sobre suports no convencionals, reclamant els carrers i recuperant els espais en des\u00fas com a \u00e0rees d\u2019alt valor cultural. En aquesta edici\u00f3 podrem gaudir de m\u00e9s d\u2019una vintena d\u2019artistes especialment seleccionats que treballen diferents disciplines com la fotografia, la il\u00b7lustraci\u00f3, la pintura i l\u2019art mural.","og_url":"https:\/\/poblenouurbandistrict.com\/en\/windows-art-circuit-2025\/","og_site_name":"Poblenou Urban District","article_modified_time":"2026-04-30T08:52:23+00:00","og_image":[{"width":2560,"height":852,"url":"https:\/\/media.poblenouurbandistrict.com\/2024\/04\/25073115\/logo-wac-05-2.png","type":"image\/png"}],"twitter_card":"summary_large_image","twitter_misc":{"Est. reading time":"1 minute"},"schema":{"@context":"https:\/\/schema.org","@graph":[{"@type":"WebPage","@id":"https:\/\/poblenouurbandistrict.com\/en\/windows-art-circuit-2025\/","url":"https:\/\/poblenouurbandistrict.com\/en\/windows-art-circuit-2025\/","name":"Windows Art Circuit 2025 &#8211; Poblenou Urban District Windows Art Circuit 2025 Windows Art Circuit 2025 % Windows Art Circuit 2025","isPartOf":{"@id":"https:\/\/poblenouurbandistrict.com\/en\/#website"},"primaryImageOfPage":{"@id":"https:\/\/poblenouurbandistrict.com\/en\/windows-art-circuit-2025\/#primaryimage"},"image":{"@id":"https:\/\/poblenouurbandistrict.com\/windows-art-circuit-2025\/#primaryimage"},"thumbnailUrl":"https:\/\/media.poblenouurbandistrict.com\/2024\/04\/25073115\/logo-wac-05-2.png","datePublished":"2026-04-30T08:41:16+00:00","dateModified":"2026-04-30T08:52:23+00:00","description":"El Windows Art Circuit (WAC) \u00e9s un dels esdeveniments vertebradors del Poblenou Urban District, un circuit que permet el p\u00fablic experimentar en directe el proc\u00e9s complet de creaci\u00f3 de l\u2019art mural sobre suports no convencionals, reclamant els carrers i recuperant els espais en des\u00fas com a \u00e0rees d\u2019alt valor cultural. En aquesta edici\u00f3 podrem gaudir de m\u00e9s d\u2019una vintena d\u2019artistes especialment seleccionats que treballen diferents disciplines com la fotografia, la il\u00b7lustraci\u00f3, la pintura i l\u2019art mural.","breadcrumb":{"@id":"https:\/\/poblenouurbandistrict.com\/en\/windows-art-circuit-2025\/#breadcrumb"},"inLanguage":"en-US","potentialAction":[{"@type":"ReadAction","target":[["https:\/\/poblenouurbandistrict.com\/en\/windows-art-circuit-2025\/"]]}]},{"@type":"ImageObject","inLanguage":"en-US","@id":"https:\/\/poblenouurbandistrict.com\/en\/windows-art-circuit-2025\/#primaryimage","url":"https:\/\/media.poblenouurbandistrict.com\/2024\/04\/25073115\/logo-wac-05-2.png","contentUrl":"https:\/\/media.poblenouurbandistrict.com\/2024\/04\/25073115\/logo-wac-05-2.png","width":2560,"height":852},{"@type":"BreadcrumbList","@id":"https:\/\/poblenouurbandistrict.com\/en\/windows-art-circuit-2025\/#breadcrumb","itemListElement":[{"@type":"ListItem","position":1,"name":"Home","item":"https:\/\/poblenouurbandistrict.com\/en\/"},{"@type":"ListItem","position":2,"name":"Windows Art Circuit 2025"}]},{"@type":"WebSite","@id":"https:\/\/poblenouurbandistrict.com\/en\/#website","url":"https:\/\/poblenouurbandistrict.com\/en\/","name":"Poblenou Urban District","description":"Creative Community","potentialAction":[{"@type":"SearchAction","target":{"@type":"EntryPoint","urlTemplate":"https:\/\/poblenouurbandistrict.com\/en\/?s={search_term_string}"},"query-input":{"@type":"PropertyValueSpecification","valueRequired":true,"valueName":"search_term_string"}}],"inLanguage":"en-US"}]}},"_links":{"self":[{"href":"https:\/\/poblenouurbandistrict.com\/en\/wp-json\/wp\/v2\/pages\/56019","targetHints":{"allow":["GET"]}}],"collection":[{"href":"https:\/\/poblenouurbandistrict.com\/en\/wp-json\/wp\/v2\/pages"}],"about":[{"href":"https:\/\/poblenouurbandistrict.com\/en\/wp-json\/wp\/v2\/types\/page"}],"author":[{"embeddable":true,"href":"https:\/\/poblenouurbandistrict.com\/en\/wp-json\/wp\/v2\/users\/5"}],"replies":[{"embeddable":true,"href":"https:\/\/poblenouurbandistrict.com\/en\/wp-json\/wp\/v2\/comments?post=56019"}],"version-history":[{"count":2,"href":"https:\/\/poblenouurbandistrict.com\/en\/wp-json\/wp\/v2\/pages\/56019\/revisions"}],"predecessor-version":[{"id":56023,"href":"https:\/\/poblenouurbandistrict.com\/en\/wp-json\/wp\/v2\/pages\/56019\/revisions\/56023"}],"wp:featuredmedia":[{"embeddable":true,"href":"https:\/\/poblenouurbandistrict.com\/en\/wp-json\/wp\/v2\/media\/45721"}],"wp:attachment":[{"href":"https:\/\/poblenouurbandistrict.com\/en\/wp-json\/wp\/v2\/media?parent=56019"}],"curies":[{"name":"wp","href":"https:\/\/api.w.org\/{rel}","templated":true}]}}