{"id":16638,"date":"2019-12-17T12:40:45","date_gmt":"2019-12-17T11:40:45","guid":{"rendered":"https:\/\/poblenouurbandistrict.com\/?page_id=16638"},"modified":"2024-02-27T12:30:06","modified_gmt":"2024-02-27T11:30:06","slug":"representacio-artistes","status":"publish","type":"page","link":"https:\/\/poblenouurbandistrict.com\/es\/representacio-artistes\/","title":{"rendered":"Representaci\u00f3n de artistas"},"content":{"rendered":"","protected":false},"excerpt":{"rendered":"","protected":false},"author":3,"featured_media":28989,"parent":0,"menu_order":0,"comment_status":"closed","ping_status":"closed","template":"templates\/template-flex.php","meta":{"_acf_changed":false,"footnotes":""},"class_list":["post-16638","page","type-page","status-publish","has-post-thumbnail","hentry"],"acf":[],"yoast_head":"<!-- This site is optimized with the Yoast SEO plugin v27.3 - https:\/\/yoast.com\/product\/yoast-seo-wordpress\/ -->\n<title>Representaci\u00f3n de artistas &#8211; Poblenou Urban District<\/title>\n<meta name=\"description\" content=\"Col\u00b7laborem amb un grup d&#039;artistes multidisciplinars nacionals i internacionals, tant emergents com consagrats. S\u00f3n artistes amb els que hem treballat pr\u00e8viament en produccions i esdeveniments i que es posen a disposici\u00f3 per a contractacions puntuals, amb l&#039;associaci\u00f3 com a intermediari en aquestes.\" \/>\n<meta name=\"robots\" content=\"index, follow, max-snippet:-1, max-image-preview:large, max-video-preview:-1\" \/>\n<link rel=\"canonical\" href=\"https:\/\/poblenouurbandistrict.com\/es\/representacio-artistes\/\" \/>\n<meta property=\"og:locale\" content=\"es_ES\" \/>\n<meta property=\"og:type\" content=\"article\" \/>\n<meta property=\"og:title\" content=\"Representaci\u00f3n de artistas &#8211; Poblenou Urban District\" \/>\n<meta property=\"og:description\" content=\"Col\u00b7laborem amb un grup d&#039;artistes multidisciplinars nacionals i internacionals, tant emergents com consagrats. S\u00f3n artistes amb els que hem treballat pr\u00e8viament en produccions i esdeveniments i que es posen a disposici\u00f3 per a contractacions puntuals, amb l&#039;associaci\u00f3 com a intermediari en aquestes.\" \/>\n<meta property=\"og:url\" content=\"https:\/\/poblenouurbandistrict.com\/es\/representacio-artistes\/\" \/>\n<meta property=\"og:site_name\" content=\"Poblenou Urban District\" \/>\n<meta property=\"article:modified_time\" content=\"2024-02-27T11:30:06+00:00\" \/>\n<meta property=\"og:image\" content=\"https:\/\/poblenouurbandistrict.com\/wp-content\/uploads\/2022\/04\/wac2021-solar-ricard-lopez00010-scaled.jpg\" \/>\n\t<meta property=\"og:image:width\" content=\"2560\" \/>\n\t<meta property=\"og:image:height\" content=\"1708\" \/>\n\t<meta property=\"og:image:type\" content=\"image\/jpeg\" \/>\n<meta name=\"twitter:card\" content=\"summary_large_image\" \/>\n<meta name=\"twitter:label1\" content=\"Tiempo de lectura\" \/>\n\t<meta name=\"twitter:data1\" content=\"1 minuto\" \/>\n<script type=\"application\/ld+json\" class=\"yoast-schema-graph\">{\"@context\":\"https:\\\/\\\/schema.org\",\"@graph\":[{\"@type\":\"WebPage\",\"@id\":\"https:\\\/\\\/poblenouurbandistrict.com\\\/es\\\/representacio-artistes\\\/\",\"url\":\"https:\\\/\\\/poblenouurbandistrict.com\\\/es\\\/representacio-artistes\\\/\",\"name\":\"Representaci\u00f3n de artistas &#8211; Poblenou Urban District\",\"isPartOf\":{\"@id\":\"https:\\\/\\\/poblenouurbandistrict.com\\\/es\\\/#website\"},\"primaryImageOfPage\":{\"@id\":\"https:\\\/\\\/poblenouurbandistrict.com\\\/es\\\/representacio-artistes\\\/#primaryimage\"},\"image\":{\"@id\":\"https:\\\/\\\/poblenouurbandistrict.com\\\/representacio-artistes\\\/#primaryimage\"},\"thumbnailUrl\":\"https:\\\/\\\/media.poblenouurbandistrict.com\\\/2022\\\/04\\\/25050407\\\/wac2021-solar-ricard-lopez00010-scaled.jpg\",\"datePublished\":\"2019-12-17T11:40:45+00:00\",\"dateModified\":\"2024-02-27T11:30:06+00:00\",\"description\":\"Col\u00b7laborem amb un grup d'artistes multidisciplinars nacionals i internacionals, tant emergents com consagrats. S\u00f3n artistes amb els que hem treballat pr\u00e8viament en produccions i esdeveniments i que es posen a disposici\u00f3 per a contractacions puntuals, amb l'associaci\u00f3 com a intermediari en aquestes.\",\"breadcrumb\":{\"@id\":\"https:\\\/\\\/poblenouurbandistrict.com\\\/es\\\/representacio-artistes\\\/#breadcrumb\"},\"inLanguage\":\"es\",\"potentialAction\":[{\"@type\":\"ReadAction\",\"target\":[[\"https:\\\/\\\/poblenouurbandistrict.com\\\/es\\\/representacio-artistes\\\/\"]]}]},{\"@type\":\"ImageObject\",\"inLanguage\":\"es\",\"@id\":\"https:\\\/\\\/poblenouurbandistrict.com\\\/es\\\/representacio-artistes\\\/#primaryimage\",\"url\":\"https:\\\/\\\/media.poblenouurbandistrict.com\\\/2022\\\/04\\\/25050407\\\/wac2021-solar-ricard-lopez00010-scaled.jpg\",\"contentUrl\":\"https:\\\/\\\/media.poblenouurbandistrict.com\\\/2022\\\/04\\\/25050407\\\/wac2021-solar-ricard-lopez00010-scaled.jpg\",\"width\":2560,\"height\":1708},{\"@type\":\"BreadcrumbList\",\"@id\":\"https:\\\/\\\/poblenouurbandistrict.com\\\/es\\\/representacio-artistes\\\/#breadcrumb\",\"itemListElement\":[{\"@type\":\"ListItem\",\"position\":1,\"name\":\"Home\",\"item\":\"https:\\\/\\\/poblenouurbandistrict.com\\\/es\\\/\"},{\"@type\":\"ListItem\",\"position\":2,\"name\":\"Representaci\u00f3 d&#8217;artistes\"}]},{\"@type\":\"WebSite\",\"@id\":\"https:\\\/\\\/poblenouurbandistrict.com\\\/es\\\/#website\",\"url\":\"https:\\\/\\\/poblenouurbandistrict.com\\\/es\\\/\",\"name\":\"Poblenou Urban District\",\"description\":\"Comunidad Creativa\",\"potentialAction\":[{\"@type\":\"SearchAction\",\"target\":{\"@type\":\"EntryPoint\",\"urlTemplate\":\"https:\\\/\\\/poblenouurbandistrict.com\\\/es\\\/?s={search_term_string}\"},\"query-input\":{\"@type\":\"PropertyValueSpecification\",\"valueRequired\":true,\"valueName\":\"search_term_string\"}}],\"inLanguage\":\"es\"}]}<\/script>\n<!-- \/ Yoast SEO plugin. -->","yoast_head_json":{"title":"Representaci\u00f3n de artistas &#8211; Poblenou Urban District","description":"Col\u00b7laborem amb un grup d'artistes multidisciplinars nacionals i internacionals, tant emergents com consagrats. S\u00f3n artistes amb els que hem treballat pr\u00e8viament en produccions i esdeveniments i que es posen a disposici\u00f3 per a contractacions puntuals, amb l'associaci\u00f3 com a intermediari en aquestes.","robots":{"index":"index","follow":"follow","max-snippet":"max-snippet:-1","max-image-preview":"max-image-preview:large","max-video-preview":"max-video-preview:-1"},"canonical":"https:\/\/poblenouurbandistrict.com\/es\/representacio-artistes\/","og_locale":"es_ES","og_type":"article","og_title":"Representaci\u00f3n de artistas &#8211; Poblenou Urban District","og_description":"Col\u00b7laborem amb un grup d'artistes multidisciplinars nacionals i internacionals, tant emergents com consagrats. S\u00f3n artistes amb els que hem treballat pr\u00e8viament en produccions i esdeveniments i que es posen a disposici\u00f3 per a contractacions puntuals, amb l'associaci\u00f3 com a intermediari en aquestes.","og_url":"https:\/\/poblenouurbandistrict.com\/es\/representacio-artistes\/","og_site_name":"Poblenou Urban District","article_modified_time":"2024-02-27T11:30:06+00:00","og_image":[{"width":2560,"height":1708,"url":"https:\/\/poblenouurbandistrict.com\/wp-content\/uploads\/2022\/04\/wac2021-solar-ricard-lopez00010-scaled.jpg","type":"image\/jpeg"}],"twitter_card":"summary_large_image","twitter_misc":{"Tiempo de lectura":"1 minuto"},"schema":{"@context":"https:\/\/schema.org","@graph":[{"@type":"WebPage","@id":"https:\/\/poblenouurbandistrict.com\/es\/representacio-artistes\/","url":"https:\/\/poblenouurbandistrict.com\/es\/representacio-artistes\/","name":"Representaci\u00f3n de artistas &#8211; Poblenou Urban District","isPartOf":{"@id":"https:\/\/poblenouurbandistrict.com\/es\/#website"},"primaryImageOfPage":{"@id":"https:\/\/poblenouurbandistrict.com\/es\/representacio-artistes\/#primaryimage"},"image":{"@id":"https:\/\/poblenouurbandistrict.com\/representacio-artistes\/#primaryimage"},"thumbnailUrl":"https:\/\/media.poblenouurbandistrict.com\/2022\/04\/25050407\/wac2021-solar-ricard-lopez00010-scaled.jpg","datePublished":"2019-12-17T11:40:45+00:00","dateModified":"2024-02-27T11:30:06+00:00","description":"Col\u00b7laborem amb un grup d'artistes multidisciplinars nacionals i internacionals, tant emergents com consagrats. S\u00f3n artistes amb els que hem treballat pr\u00e8viament en produccions i esdeveniments i que es posen a disposici\u00f3 per a contractacions puntuals, amb l'associaci\u00f3 com a intermediari en aquestes.","breadcrumb":{"@id":"https:\/\/poblenouurbandistrict.com\/es\/representacio-artistes\/#breadcrumb"},"inLanguage":"es","potentialAction":[{"@type":"ReadAction","target":[["https:\/\/poblenouurbandistrict.com\/es\/representacio-artistes\/"]]}]},{"@type":"ImageObject","inLanguage":"es","@id":"https:\/\/poblenouurbandistrict.com\/es\/representacio-artistes\/#primaryimage","url":"https:\/\/media.poblenouurbandistrict.com\/2022\/04\/25050407\/wac2021-solar-ricard-lopez00010-scaled.jpg","contentUrl":"https:\/\/media.poblenouurbandistrict.com\/2022\/04\/25050407\/wac2021-solar-ricard-lopez00010-scaled.jpg","width":2560,"height":1708},{"@type":"BreadcrumbList","@id":"https:\/\/poblenouurbandistrict.com\/es\/representacio-artistes\/#breadcrumb","itemListElement":[{"@type":"ListItem","position":1,"name":"Home","item":"https:\/\/poblenouurbandistrict.com\/es\/"},{"@type":"ListItem","position":2,"name":"Representaci\u00f3 d&#8217;artistes"}]},{"@type":"WebSite","@id":"https:\/\/poblenouurbandistrict.com\/es\/#website","url":"https:\/\/poblenouurbandistrict.com\/es\/","name":"Poblenou Urban District","description":"Comunidad Creativa","potentialAction":[{"@type":"SearchAction","target":{"@type":"EntryPoint","urlTemplate":"https:\/\/poblenouurbandistrict.com\/es\/?s={search_term_string}"},"query-input":{"@type":"PropertyValueSpecification","valueRequired":true,"valueName":"search_term_string"}}],"inLanguage":"es"}]}},"_links":{"self":[{"href":"https:\/\/poblenouurbandistrict.com\/es\/wp-json\/wp\/v2\/pages\/16638","targetHints":{"allow":["GET"]}}],"collection":[{"href":"https:\/\/poblenouurbandistrict.com\/es\/wp-json\/wp\/v2\/pages"}],"about":[{"href":"https:\/\/poblenouurbandistrict.com\/es\/wp-json\/wp\/v2\/types\/page"}],"author":[{"embeddable":true,"href":"https:\/\/poblenouurbandistrict.com\/es\/wp-json\/wp\/v2\/users\/3"}],"replies":[{"embeddable":true,"href":"https:\/\/poblenouurbandistrict.com\/es\/wp-json\/wp\/v2\/comments?post=16638"}],"version-history":[{"count":28,"href":"https:\/\/poblenouurbandistrict.com\/es\/wp-json\/wp\/v2\/pages\/16638\/revisions"}],"predecessor-version":[{"id":44784,"href":"https:\/\/poblenouurbandistrict.com\/es\/wp-json\/wp\/v2\/pages\/16638\/revisions\/44784"}],"wp:featuredmedia":[{"embeddable":true,"href":"https:\/\/poblenouurbandistrict.com\/es\/wp-json\/wp\/v2\/media\/28989"}],"wp:attachment":[{"href":"https:\/\/poblenouurbandistrict.com\/es\/wp-json\/wp\/v2\/media?parent=16638"}],"curies":[{"name":"wp","href":"https:\/\/api.w.org\/{rel}","templated":true}]}}