{"id":17012,"date":"2021-04-28T19:36:11","date_gmt":"2021-04-28T17:36:11","guid":{"rendered":"https:\/\/poblenouurbandistrict.com\/?page_id=17012"},"modified":"2023-04-25T17:01:01","modified_gmt":"2023-04-25T15:01:01","slug":"open-day-2022-2","status":"publish","type":"page","link":"https:\/\/poblenouurbandistrict.com\/es\/open-day-2022-2\/","title":{"rendered":"Open Day"},"content":{"rendered":"<p><\/p>\n<h3>El pr\u00f3ximo 7 de mayo celebramos el Poblenou Open Day, una jornada donde la comunidad creativa de Poblenou Urban District abre m\u00e1s de setenta espacios ofreciendo una programaci\u00f3n variada, en la que se invita al p\u00fablico a descubrir la oferta del distrito cultural y creativo de Barcelona. Durante diez horas ininterrumpidas podr\u00e9is disfrutar de una programaci\u00f3n exclusiva de exposiciones, charlas, talleres, visitas guiadas y gastronom\u00eda.<\/h3>\n<p><\/p>","protected":false},"excerpt":{"rendered":"<p>El pr\u00f3ximo 7 de mayo celebramos el Poblenou Open Day, una jornada donde la comunidad creativa de Poblenou Urban District&#8230; <a href=\"https:\/\/poblenouurbandistrict.com\/es\/open-day-2022-2\/\">M\u00e1s  \u2192<\/a><\/p>\n","protected":false},"author":5,"featured_media":28833,"parent":0,"menu_order":0,"comment_status":"closed","ping_status":"closed","template":"templates\/template-map.php","meta":{"_acf_changed":false,"footnotes":""},"class_list":["post-17012","page","type-page","status-publish","has-post-thumbnail","hentry"],"acf":[],"yoast_head":"<!-- This site is optimized with the Yoast SEO plugin v27.3 - https:\/\/yoast.com\/product\/yoast-seo-wordpress\/ -->\n<title>Open Day &#8211; Poblenou Urban District Open Day Open Day Open Day<\/title>\n<meta name=\"description\" content=\"Poblenou Open Day, una jornada on la comunitat creativa del Poblenou Urban District obre m\u00e9s de cinquanta espais oferint una programaci\u00f3 variada, en la qual es convida al p\u00fablic a descobrir l\u2019oferta del districte cultural i creatiu de Barcelona.\" \/>\n<meta name=\"robots\" content=\"index, follow, max-snippet:-1, max-image-preview:large, max-video-preview:-1\" \/>\n<link rel=\"canonical\" href=\"https:\/\/poblenouurbandistrict.com\/es\/open-day-2022-2\/\" \/>\n<meta property=\"og:locale\" content=\"es_ES\" \/>\n<meta property=\"og:type\" content=\"article\" \/>\n<meta property=\"og:title\" content=\"Open Day &#8211; Poblenou Urban District Open Day Open Day Open Day\" \/>\n<meta property=\"og:description\" content=\"Poblenou Open Day, una jornada on la comunitat creativa del Poblenou Urban District obre m\u00e9s de cinquanta espais oferint una programaci\u00f3 variada, en la qual es convida al p\u00fablic a descobrir l\u2019oferta del districte cultural i creatiu de Barcelona.\" \/>\n<meta property=\"og:url\" content=\"https:\/\/poblenouurbandistrict.com\/es\/open-day-2022-2\/\" \/>\n<meta property=\"og:site_name\" content=\"Poblenou Urban District\" \/>\n<meta property=\"article:modified_time\" content=\"2023-04-25T15:01:01+00:00\" \/>\n<meta property=\"og:image\" content=\"https:\/\/poblenouurbandistrict.com\/wp-content\/uploads\/2022\/04\/or-pod-22-banner-web-2.gif\" \/>\n\t<meta property=\"og:image:width\" content=\"472\" \/>\n\t<meta property=\"og:image:height\" content=\"568\" \/>\n\t<meta property=\"og:image:type\" content=\"image\/gif\" \/>\n<meta name=\"twitter:card\" content=\"summary_large_image\" \/>\n<meta name=\"twitter:label1\" content=\"Tiempo de lectura\" \/>\n\t<meta name=\"twitter:data1\" content=\"1 minuto\" \/>\n<script type=\"application\/ld+json\" class=\"yoast-schema-graph\">{\"@context\":\"https:\\\/\\\/schema.org\",\"@graph\":[{\"@type\":\"WebPage\",\"@id\":\"https:\\\/\\\/poblenouurbandistrict.com\\\/es\\\/open-day-2022-2\\\/\",\"url\":\"https:\\\/\\\/poblenouurbandistrict.com\\\/es\\\/open-day-2022-2\\\/\",\"name\":\"Open Day &#8211; Poblenou Urban District Open Day Open Day Open Day\",\"isPartOf\":{\"@id\":\"https:\\\/\\\/poblenouurbandistrict.com\\\/es\\\/#website\"},\"primaryImageOfPage\":{\"@id\":\"https:\\\/\\\/poblenouurbandistrict.com\\\/es\\\/open-day-2022-2\\\/#primaryimage\"},\"image\":{\"@id\":\"https:\\\/\\\/poblenouurbandistrict.com\\\/open-day-2022-2\\\/#primaryimage\"},\"thumbnailUrl\":\"https:\\\/\\\/media.poblenouurbandistrict.com\\\/2022\\\/04\\\/25050223\\\/or-pod-22-banner-web-2.gif\",\"datePublished\":\"2021-04-28T17:36:11+00:00\",\"dateModified\":\"2023-04-25T15:01:01+00:00\",\"description\":\"Poblenou Open Day, una jornada on la comunitat creativa del Poblenou Urban District obre m\u00e9s de cinquanta espais oferint una programaci\u00f3 variada, en la qual es convida al p\u00fablic a descobrir l\u2019oferta del districte cultural i creatiu de Barcelona.\",\"breadcrumb\":{\"@id\":\"https:\\\/\\\/poblenouurbandistrict.com\\\/es\\\/open-day-2022-2\\\/#breadcrumb\"},\"inLanguage\":\"es\",\"potentialAction\":[{\"@type\":\"ReadAction\",\"target\":[[\"https:\\\/\\\/poblenouurbandistrict.com\\\/es\\\/open-day-2022-2\\\/\"]]}]},{\"@type\":\"ImageObject\",\"inLanguage\":\"es\",\"@id\":\"https:\\\/\\\/poblenouurbandistrict.com\\\/es\\\/open-day-2022-2\\\/#primaryimage\",\"url\":\"https:\\\/\\\/media.poblenouurbandistrict.com\\\/2022\\\/04\\\/25050223\\\/or-pod-22-banner-web-2.gif\",\"contentUrl\":\"https:\\\/\\\/media.poblenouurbandistrict.com\\\/2022\\\/04\\\/25050223\\\/or-pod-22-banner-web-2.gif\",\"width\":472,\"height\":568},{\"@type\":\"BreadcrumbList\",\"@id\":\"https:\\\/\\\/poblenouurbandistrict.com\\\/es\\\/open-day-2022-2\\\/#breadcrumb\",\"itemListElement\":[{\"@type\":\"ListItem\",\"position\":1,\"name\":\"Home\",\"item\":\"https:\\\/\\\/poblenouurbandistrict.com\\\/es\\\/\"},{\"@type\":\"ListItem\",\"position\":2,\"name\":\"Open Day 2022\"}]},{\"@type\":\"WebSite\",\"@id\":\"https:\\\/\\\/poblenouurbandistrict.com\\\/es\\\/#website\",\"url\":\"https:\\\/\\\/poblenouurbandistrict.com\\\/es\\\/\",\"name\":\"Poblenou Urban District\",\"description\":\"Comunidad Creativa\",\"potentialAction\":[{\"@type\":\"SearchAction\",\"target\":{\"@type\":\"EntryPoint\",\"urlTemplate\":\"https:\\\/\\\/poblenouurbandistrict.com\\\/es\\\/?s={search_term_string}\"},\"query-input\":{\"@type\":\"PropertyValueSpecification\",\"valueRequired\":true,\"valueName\":\"search_term_string\"}}],\"inLanguage\":\"es\"}]}<\/script>\n<!-- \/ Yoast SEO plugin. -->","yoast_head_json":{"title":"Open Day &#8211; Poblenou Urban District Open Day Open Day Open Day","description":"Poblenou Open Day, una jornada on la comunitat creativa del Poblenou Urban District obre m\u00e9s de cinquanta espais oferint una programaci\u00f3 variada, en la qual es convida al p\u00fablic a descobrir l\u2019oferta del districte cultural i creatiu de Barcelona.","robots":{"index":"index","follow":"follow","max-snippet":"max-snippet:-1","max-image-preview":"max-image-preview:large","max-video-preview":"max-video-preview:-1"},"canonical":"https:\/\/poblenouurbandistrict.com\/es\/open-day-2022-2\/","og_locale":"es_ES","og_type":"article","og_title":"Open Day &#8211; Poblenou Urban District Open Day Open Day Open Day","og_description":"Poblenou Open Day, una jornada on la comunitat creativa del Poblenou Urban District obre m\u00e9s de cinquanta espais oferint una programaci\u00f3 variada, en la qual es convida al p\u00fablic a descobrir l\u2019oferta del districte cultural i creatiu de Barcelona.","og_url":"https:\/\/poblenouurbandistrict.com\/es\/open-day-2022-2\/","og_site_name":"Poblenou Urban District","article_modified_time":"2023-04-25T15:01:01+00:00","og_image":[{"url":"https:\/\/poblenouurbandistrict.com\/wp-content\/uploads\/2022\/04\/or-pod-22-banner-web-2.gif","width":472,"height":568,"type":"image\/gif"}],"twitter_card":"summary_large_image","twitter_misc":{"Tiempo de lectura":"1 minuto"},"schema":{"@context":"https:\/\/schema.org","@graph":[{"@type":"WebPage","@id":"https:\/\/poblenouurbandistrict.com\/es\/open-day-2022-2\/","url":"https:\/\/poblenouurbandistrict.com\/es\/open-day-2022-2\/","name":"Open Day &#8211; Poblenou Urban District Open Day Open Day Open Day","isPartOf":{"@id":"https:\/\/poblenouurbandistrict.com\/es\/#website"},"primaryImageOfPage":{"@id":"https:\/\/poblenouurbandistrict.com\/es\/open-day-2022-2\/#primaryimage"},"image":{"@id":"https:\/\/poblenouurbandistrict.com\/open-day-2022-2\/#primaryimage"},"thumbnailUrl":"https:\/\/media.poblenouurbandistrict.com\/2022\/04\/25050223\/or-pod-22-banner-web-2.gif","datePublished":"2021-04-28T17:36:11+00:00","dateModified":"2023-04-25T15:01:01+00:00","description":"Poblenou Open Day, una jornada on la comunitat creativa del Poblenou Urban District obre m\u00e9s de cinquanta espais oferint una programaci\u00f3 variada, en la qual es convida al p\u00fablic a descobrir l\u2019oferta del districte cultural i creatiu de Barcelona.","breadcrumb":{"@id":"https:\/\/poblenouurbandistrict.com\/es\/open-day-2022-2\/#breadcrumb"},"inLanguage":"es","potentialAction":[{"@type":"ReadAction","target":[["https:\/\/poblenouurbandistrict.com\/es\/open-day-2022-2\/"]]}]},{"@type":"ImageObject","inLanguage":"es","@id":"https:\/\/poblenouurbandistrict.com\/es\/open-day-2022-2\/#primaryimage","url":"https:\/\/media.poblenouurbandistrict.com\/2022\/04\/25050223\/or-pod-22-banner-web-2.gif","contentUrl":"https:\/\/media.poblenouurbandistrict.com\/2022\/04\/25050223\/or-pod-22-banner-web-2.gif","width":472,"height":568},{"@type":"BreadcrumbList","@id":"https:\/\/poblenouurbandistrict.com\/es\/open-day-2022-2\/#breadcrumb","itemListElement":[{"@type":"ListItem","position":1,"name":"Home","item":"https:\/\/poblenouurbandistrict.com\/es\/"},{"@type":"ListItem","position":2,"name":"Open Day 2022"}]},{"@type":"WebSite","@id":"https:\/\/poblenouurbandistrict.com\/es\/#website","url":"https:\/\/poblenouurbandistrict.com\/es\/","name":"Poblenou Urban District","description":"Comunidad Creativa","potentialAction":[{"@type":"SearchAction","target":{"@type":"EntryPoint","urlTemplate":"https:\/\/poblenouurbandistrict.com\/es\/?s={search_term_string}"},"query-input":{"@type":"PropertyValueSpecification","valueRequired":true,"valueName":"search_term_string"}}],"inLanguage":"es"}]}},"_links":{"self":[{"href":"https:\/\/poblenouurbandistrict.com\/es\/wp-json\/wp\/v2\/pages\/17012","targetHints":{"allow":["GET"]}}],"collection":[{"href":"https:\/\/poblenouurbandistrict.com\/es\/wp-json\/wp\/v2\/pages"}],"about":[{"href":"https:\/\/poblenouurbandistrict.com\/es\/wp-json\/wp\/v2\/types\/page"}],"author":[{"embeddable":true,"href":"https:\/\/poblenouurbandistrict.com\/es\/wp-json\/wp\/v2\/users\/5"}],"replies":[{"embeddable":true,"href":"https:\/\/poblenouurbandistrict.com\/es\/wp-json\/wp\/v2\/comments?post=17012"}],"version-history":[{"count":81,"href":"https:\/\/poblenouurbandistrict.com\/es\/wp-json\/wp\/v2\/pages\/17012\/revisions"}],"predecessor-version":[{"id":38528,"href":"https:\/\/poblenouurbandistrict.com\/es\/wp-json\/wp\/v2\/pages\/17012\/revisions\/38528"}],"wp:featuredmedia":[{"embeddable":true,"href":"https:\/\/poblenouurbandistrict.com\/es\/wp-json\/wp\/v2\/media\/28833"}],"wp:attachment":[{"href":"https:\/\/poblenouurbandistrict.com\/es\/wp-json\/wp\/v2\/media?parent=17012"}],"curies":[{"name":"wp","href":"https:\/\/api.w.org\/{rel}","templated":true}]}}