{"id":26953,"date":"2022-03-11T12:14:15","date_gmt":"2022-03-11T11:14:15","guid":{"rendered":"https:\/\/poblenouurbandistrict.com\/?page_id=26953"},"modified":"2025-10-10T13:59:42","modified_gmt":"2025-10-10T11:59:42","slug":"urban-talks-2","status":"publish","type":"page","link":"https:\/\/poblenouurbandistrict.com\/es\/urban-talks-2\/","title":{"rendered":"Urban Talks #1"},"content":{"rendered":"<p><\/p>\n<p data-start=\"106\" data-end=\"565\">Las <strong data-start=\"110\" data-end=\"125\">Urban Talks<\/strong> son un ciclo de charlas itinerantes que tienen como objetivo abrir un debate con la ciudadan\u00eda sobre la cultura y la creatividad en relaci\u00f3n con el entorno urbano. Las Urban Talks son una oportunidad \u00fanica para dialogar sobre el arte, el patrimonio, la econom\u00eda, la tecnolog\u00eda o la sostenibilidad con profesionales que han destacado por su actividad en estos campos y que nos permiten mirar con optimismo hacia el futuro de las ciudades.<\/p>\n<p data-start=\"567\" data-end=\"756\">Las <strong data-start=\"571\" data-end=\"586\">Urban Talks<\/strong> tendr\u00e1n lugar el <strong data-start=\"604\" data-end=\"636\">17 de octubre de 11 h a 15 h<\/strong>, integradas en el marco del <strong data-start=\"665\" data-end=\"676\">WAC Lab<\/strong>, con actividades presenciales y virtuales que podr\u00e1n seguirse en <em data-start=\"742\" data-end=\"753\">streaming<\/em>.<\/p>\n<p data-start=\"758\" data-end=\"1055\">Las mesas estar\u00e1n moderadas por <strong data-start=\"790\" data-end=\"806\">Frankie Piz\u00e1<\/strong>, Director Creativo de <strong data-start=\"829\" data-end=\"848\">Primavera Sound<\/strong> y miembro activo de la escena barcelonesa desde hace a\u00f1os a trav\u00e9s de medios, festivales y marcas, y tambi\u00e9n por <strong data-start=\"962\" data-end=\"977\">Arcadi Poch<\/strong>, explorador sociocultural especializado en proyectos en el espacio p\u00fablico.<\/p>\n<p data-start=\"1057\" data-end=\"1232\">El evento cuenta con la <strong data-start=\"1081\" data-end=\"1135\">curadur\u00eda de la agencia creativa Life In The Woods<\/strong>, el <strong data-start=\"1140\" data-end=\"1166\">apoyo de Estrella Damm<\/strong>, la <strong data-start=\"1171\" data-end=\"1198\">colaboraci\u00f3n de Montana<\/strong> y <strong data-start=\"1201\" data-end=\"1229\">Simon como venue partner<\/strong>.<\/p>\n<div class=\"page\" title=\"Page 1\">\n<div class=\"section\">\n<div class=\"layoutArea\">\n<div class=\"column\">\n<hr \/>\n<\/div>\n<\/div>\n<\/div>\n<\/div>\n<h3>Apertura de puertas: 11.00h<\/h3>\n<div class=\"page\" title=\"Page 1\">\n<div class=\"section\">\n<div class=\"layoutArea\">\n<div class=\"column\">\n<p>Las Urban Talks estara\u0301n organizadas alrededor de tres mesas tema\u0301ticas:<\/p>\n<p><strong>TALK #1:<\/strong><\/p>\n<p><strong>MARCAS, NUEVOS PU\u0301BLICOS Y HONESTIDAD<\/strong><\/p>\n<p>Descripcio\u0301n: Los jo\u0301venes de hoy en di\u0301a prefieren consumir el contenido que generan sus propios amigos al de entidades o marcas. La figura del i<em>nfluencer<\/em> como transmisor es un esta\u0301ndar y el si\u0301ndrome de la \u00abcancelacio\u0301n\u00bb algo habitual: ninguna entidad o corporacio\u0301n puede escapar a unas nuevas reglas e\u0301ticas que esta\u0301n sustituyendo al reino este\u0301tico que vivimos a partir de los 2000. \u00bfCo\u0301mo debe comunicarse una marca hoy en di\u0301a? \u00bfDebe crear memes para hablar los co\u0301digos de expresio\u0301n de la generacio\u0301n Z? \u00bfDebe ser, ante todo, honesta y transparente?<\/p>\n<\/div>\n<\/div>\n<\/div>\n<\/div>\n<div class=\"page\" title=\"Page 2\">\n<div class=\"section\">\n<div class=\"layoutArea\">\n<div class=\"column\">\n<p>Un coloquio en el que desde el punto de vista de la comunicacio\u0301n y el marketing debatiremos las nuevas grietas sociolo\u0301gicas a las que se enfrentan las marcas de hoy en di\u0301a y los retos a la hora de llegar a los nuevos pu\u0301blicos potenciales. No hablaremos de reglas ni normativas, sino de estrategias y nuevas fo\u0301rmulas. Desde la mirada de las propias marcas a los actores externos capaces de generar los nuevos lenguajes de representacio\u0301n que marcara\u0301n el man\u0303ana.<\/p>\n<p>Moderador: Frankie Piza\u0301<br \/>\nPonentes:<br \/>\nRaquel Vieira (PR and Comm Manager at Lacoste)<br \/>\nFreddy Cardenas (Specialty Category Brand Manager EMEA SOUTH at Nike)\u2028 Kai Landre (Artista \/ Cyborg Foundation)<\/p>\n<p><strong>MESA #2<\/strong><\/p>\n<p>REPENSAR LOS FESTIVALES: REFLEXIONES Y NUEVOS FORMATOS PARA EL FUTURO DE LOS EVENTOS<\/p>\n<p>Descripcio\u0301n: Teo\u0301ricos y expertos dicen que los festivales, tal y como los conoci\u0301amos, ya nunca volvera\u0301n. La forma en la que hemos consumido entretenimiento hasta la llegada de la COVID-19 se ha esfumado y tanto la cultura como el ocio (si queremos seguir haciendo esta distincio\u0301n) esta\u0301n evolucionando ra\u0301pidamente. Esta situacio\u0301n nos obliga a plantearnos nuevos paradigmas, nuevos formatos y a imaginar un futuro que sepa corresponder de forma ma\u0301s equitativa a artistas, promotores y audiencia.<\/p>\n<p>Una mesa redonda en la que desde la experiencia en primera persona y los diversos a\u0301ngulos de interpretacio\u0301n buscaremos dar respuesta y arrojar luz sobre los futuros inmediatos y a largo plazo en la industria del entretenimiento cultural.<\/p>\n<p>Moderador: Frankie Piza\u0301<br \/>\nPonentes:<br \/>\nAlex Nikolov (Fundador Loom Collective) Albert Salinas (Fundador Lapsus)<br \/>\nRosa Ferna\u0301ndez (Music Lead DICE)<\/p>\n<\/div>\n<\/div>\n<\/div>\n<\/div>\n<div class=\"page\" title=\"Page 3\">\n<div class=\"section\">\n<div class=\"layoutArea\">\n<div class=\"column\">\n<p><strong>MESA #3:<\/strong><br \/>\nLA TRANSFORMACIO\u0301N DEL TERRITORIO A TRAVE\u0301S DEL ARTE<\/p>\n<\/div>\n<\/div>\n<div class=\"layoutArea\">\n<div class=\"column\">\n<p>Descripcio\u0301n: Poblenou sigue siendo hoy en di\u0301a un espacio en constante reconversio\u0301n de su pasado industrial. Un territorio que ha alumbrado un distrito creativo y que ha contado tradicionalmente con grandes espacios en los que el arte ha florecido de forma horizontal, en paralelo al resto de transformaciones que han acontecido en Barcelona.<\/p>\n<\/div>\n<\/div>\n<div class=\"layoutArea\">\n<div class=\"column\">\n<p>Un nuevo paisaje con obras hechas con basura, grandes murales, arte digital, viveros verticales y fachadas sostenibles que combinan ingenieri\u0301a, sostenibilidad y creatividad. Nuestra tercera mesa sera\u0301 una conversacio\u0301n entre actores que miden la pulsacio\u0301n de este cambio. \u00bfCo\u0301mo los artistas pueden convertirse en una fuerza para la recuperacio\u0301n de las calles por parte de los ciudadanos? \u00bfCo\u0301mo deben regular las autoridades el espacio comu\u0301n para favorecer una nueva creatividad? \u00bfDebe el arte ser un instrumento de cohesio\u0301n social que rompa con las brechas socioecono\u0301micas?<\/p>\n<\/div>\n<\/div>\n<div class=\"layoutArea\">\n<div class=\"column\">\n<p>Moderador: Arcadi Poch<br \/>\nPonentes:<br \/>\nFrancisco de Pa\u0301jaro (Art Is Trash)<br \/>\nXavier Ballaz, Ana Manaia (B-MURALS y Difusor) Jordi Montanya\u0300 (Institut Municipal del Paisatge Urba\u0300)<\/p>\n<\/div>\n<\/div>\n<\/div>\n<\/div>\n<p><\/p>","protected":false},"excerpt":{"rendered":"<p>Las Urban Talks son un ciclo de charlas itinerantes que tienen como objetivo abrir un debate con la ciudadan\u00eda sobre&#8230; <a href=\"https:\/\/poblenouurbandistrict.com\/es\/urban-talks-2\/\">M\u00e1s  \u2192<\/a><\/p>\n","protected":false},"author":5,"featured_media":26954,"parent":0,"menu_order":4,"comment_status":"closed","ping_status":"closed","template":"templates\/template-imagemap.php","meta":{"_acf_changed":false,"footnotes":""},"class_list":["post-26953","page","type-page","status-publish","has-post-thumbnail","hentry"],"acf":[],"yoast_head":"<!-- This site is optimized with the Yoast SEO plugin v27.3 - https:\/\/yoast.com\/product\/yoast-seo-wordpress\/ -->\n<title>Primera edici\u00f3 de les Urban Talks en el marc del AR-DE 2021<\/title>\n<meta name=\"description\" content=\"El 17 d&#039;octubre, d&#039;11h a 15h, celebrem la primera edici\u00f3 del cicle de xerrades itinerants Urban Talks.\" \/>\n<meta name=\"robots\" content=\"index, follow, max-snippet:-1, max-image-preview:large, max-video-preview:-1\" \/>\n<link rel=\"canonical\" href=\"https:\/\/poblenouurbandistrict.com\/es\/urban-talks-2\/\" \/>\n<meta property=\"og:locale\" content=\"es_ES\" \/>\n<meta property=\"og:type\" content=\"article\" \/>\n<meta property=\"og:title\" content=\"Primera edici\u00f3 de les Urban Talks en el marc del AR-DE 2021\" \/>\n<meta property=\"og:description\" content=\"El 17 d&#039;octubre, d&#039;11h a 15h, celebrem la primera edici\u00f3 del cicle de xerrades itinerants Urban Talks.\" \/>\n<meta property=\"og:url\" content=\"https:\/\/poblenouurbandistrict.com\/es\/urban-talks-2\/\" \/>\n<meta property=\"og:site_name\" content=\"Poblenou Urban District\" \/>\n<meta property=\"article:modified_time\" content=\"2025-10-10T11:59:42+00:00\" \/>\n<meta property=\"og:image\" content=\"https:\/\/poblenouurbandistrict.com\/wp-content\/uploads\/2022\/03\/12.jpg\" \/>\n\t<meta property=\"og:image:width\" content=\"1920\" \/>\n\t<meta property=\"og:image:height\" content=\"1080\" \/>\n\t<meta property=\"og:image:type\" content=\"image\/png\" \/>\n<meta name=\"twitter:card\" content=\"summary_large_image\" \/>\n<meta name=\"twitter:label1\" content=\"Tiempo de lectura\" \/>\n\t<meta name=\"twitter:data1\" content=\"5 minutos\" \/>\n<script type=\"application\/ld+json\" class=\"yoast-schema-graph\">{\"@context\":\"https:\\\/\\\/schema.org\",\"@graph\":[{\"@type\":\"WebPage\",\"@id\":\"https:\\\/\\\/poblenouurbandistrict.com\\\/es\\\/urban-talks-2\\\/\",\"url\":\"https:\\\/\\\/poblenouurbandistrict.com\\\/es\\\/urban-talks-2\\\/\",\"name\":\"Primera edici\u00f3 de les Urban Talks en el marc del AR-DE 2021\",\"isPartOf\":{\"@id\":\"https:\\\/\\\/poblenouurbandistrict.com\\\/es\\\/#website\"},\"primaryImageOfPage\":{\"@id\":\"https:\\\/\\\/poblenouurbandistrict.com\\\/es\\\/urban-talks-2\\\/#primaryimage\"},\"image\":{\"@id\":\"https:\\\/\\\/poblenouurbandistrict.com\\\/urban-talks-2\\\/#primaryimage\"},\"thumbnailUrl\":\"https:\\\/\\\/poblenouurbandistrict.com\\\/wp-content\\\/uploads\\\/2022\\\/03\\\/12.jpg\",\"datePublished\":\"2022-03-11T11:14:15+00:00\",\"dateModified\":\"2025-10-10T11:59:42+00:00\",\"description\":\"El 17 d'octubre, d'11h a 15h, celebrem la primera edici\u00f3 del cicle de xerrades itinerants Urban Talks.\",\"breadcrumb\":{\"@id\":\"https:\\\/\\\/poblenouurbandistrict.com\\\/es\\\/urban-talks-2\\\/#breadcrumb\"},\"inLanguage\":\"es\",\"potentialAction\":[{\"@type\":\"ReadAction\",\"target\":[[\"https:\\\/\\\/poblenouurbandistrict.com\\\/es\\\/urban-talks-2\\\/\"]]}]},{\"@type\":\"ImageObject\",\"inLanguage\":\"es\",\"@id\":\"https:\\\/\\\/poblenouurbandistrict.com\\\/es\\\/urban-talks-2\\\/#primaryimage\",\"url\":\"https:\\\/\\\/poblenouurbandistrict.com\\\/wp-content\\\/uploads\\\/2022\\\/03\\\/12.jpg\",\"contentUrl\":\"https:\\\/\\\/poblenouurbandistrict.com\\\/wp-content\\\/uploads\\\/2022\\\/03\\\/12.jpg\",\"width\":1920,\"height\":1080,\"caption\":\"Urban talks #1\"},{\"@type\":\"BreadcrumbList\",\"@id\":\"https:\\\/\\\/poblenouurbandistrict.com\\\/es\\\/urban-talks-2\\\/#breadcrumb\",\"itemListElement\":[{\"@type\":\"ListItem\",\"position\":1,\"name\":\"Home\",\"item\":\"https:\\\/\\\/poblenouurbandistrict.com\\\/es\\\/\"},{\"@type\":\"ListItem\",\"position\":2,\"name\":\"Urban Talks #1\"}]},{\"@type\":\"WebSite\",\"@id\":\"https:\\\/\\\/poblenouurbandistrict.com\\\/es\\\/#website\",\"url\":\"https:\\\/\\\/poblenouurbandistrict.com\\\/es\\\/\",\"name\":\"Poblenou Urban District\",\"description\":\"Comunidad Creativa\",\"potentialAction\":[{\"@type\":\"SearchAction\",\"target\":{\"@type\":\"EntryPoint\",\"urlTemplate\":\"https:\\\/\\\/poblenouurbandistrict.com\\\/es\\\/?s={search_term_string}\"},\"query-input\":{\"@type\":\"PropertyValueSpecification\",\"valueRequired\":true,\"valueName\":\"search_term_string\"}}],\"inLanguage\":\"es\"}]}<\/script>\n<!-- \/ Yoast SEO plugin. -->","yoast_head_json":{"title":"Primera edici\u00f3 de les Urban Talks en el marc del AR-DE 2021","description":"El 17 d'octubre, d'11h a 15h, celebrem la primera edici\u00f3 del cicle de xerrades itinerants Urban Talks.","robots":{"index":"index","follow":"follow","max-snippet":"max-snippet:-1","max-image-preview":"max-image-preview:large","max-video-preview":"max-video-preview:-1"},"canonical":"https:\/\/poblenouurbandistrict.com\/es\/urban-talks-2\/","og_locale":"es_ES","og_type":"article","og_title":"Primera edici\u00f3 de les Urban Talks en el marc del AR-DE 2021","og_description":"El 17 d'octubre, d'11h a 15h, celebrem la primera edici\u00f3 del cicle de xerrades itinerants Urban Talks.","og_url":"https:\/\/poblenouurbandistrict.com\/es\/urban-talks-2\/","og_site_name":"Poblenou Urban District","article_modified_time":"2025-10-10T11:59:42+00:00","og_image":[{"width":1920,"height":1080,"url":"https:\/\/poblenouurbandistrict.com\/wp-content\/uploads\/2022\/03\/12.jpg","type":"image\/png"}],"twitter_card":"summary_large_image","twitter_misc":{"Tiempo de lectura":"5 minutos"},"schema":{"@context":"https:\/\/schema.org","@graph":[{"@type":"WebPage","@id":"https:\/\/poblenouurbandistrict.com\/es\/urban-talks-2\/","url":"https:\/\/poblenouurbandistrict.com\/es\/urban-talks-2\/","name":"Primera edici\u00f3 de les Urban Talks en el marc del AR-DE 2021","isPartOf":{"@id":"https:\/\/poblenouurbandistrict.com\/es\/#website"},"primaryImageOfPage":{"@id":"https:\/\/poblenouurbandistrict.com\/es\/urban-talks-2\/#primaryimage"},"image":{"@id":"https:\/\/poblenouurbandistrict.com\/urban-talks-2\/#primaryimage"},"thumbnailUrl":"https:\/\/poblenouurbandistrict.com\/wp-content\/uploads\/2022\/03\/12.jpg","datePublished":"2022-03-11T11:14:15+00:00","dateModified":"2025-10-10T11:59:42+00:00","description":"El 17 d'octubre, d'11h a 15h, celebrem la primera edici\u00f3 del cicle de xerrades itinerants Urban Talks.","breadcrumb":{"@id":"https:\/\/poblenouurbandistrict.com\/es\/urban-talks-2\/#breadcrumb"},"inLanguage":"es","potentialAction":[{"@type":"ReadAction","target":[["https:\/\/poblenouurbandistrict.com\/es\/urban-talks-2\/"]]}]},{"@type":"ImageObject","inLanguage":"es","@id":"https:\/\/poblenouurbandistrict.com\/es\/urban-talks-2\/#primaryimage","url":"https:\/\/poblenouurbandistrict.com\/wp-content\/uploads\/2022\/03\/12.jpg","contentUrl":"https:\/\/poblenouurbandistrict.com\/wp-content\/uploads\/2022\/03\/12.jpg","width":1920,"height":1080,"caption":"Urban talks #1"},{"@type":"BreadcrumbList","@id":"https:\/\/poblenouurbandistrict.com\/es\/urban-talks-2\/#breadcrumb","itemListElement":[{"@type":"ListItem","position":1,"name":"Home","item":"https:\/\/poblenouurbandistrict.com\/es\/"},{"@type":"ListItem","position":2,"name":"Urban Talks #1"}]},{"@type":"WebSite","@id":"https:\/\/poblenouurbandistrict.com\/es\/#website","url":"https:\/\/poblenouurbandistrict.com\/es\/","name":"Poblenou Urban District","description":"Comunidad Creativa","potentialAction":[{"@type":"SearchAction","target":{"@type":"EntryPoint","urlTemplate":"https:\/\/poblenouurbandistrict.com\/es\/?s={search_term_string}"},"query-input":{"@type":"PropertyValueSpecification","valueRequired":true,"valueName":"search_term_string"}}],"inLanguage":"es"}]}},"_links":{"self":[{"href":"https:\/\/poblenouurbandistrict.com\/es\/wp-json\/wp\/v2\/pages\/26953","targetHints":{"allow":["GET"]}}],"collection":[{"href":"https:\/\/poblenouurbandistrict.com\/es\/wp-json\/wp\/v2\/pages"}],"about":[{"href":"https:\/\/poblenouurbandistrict.com\/es\/wp-json\/wp\/v2\/types\/page"}],"author":[{"embeddable":true,"href":"https:\/\/poblenouurbandistrict.com\/es\/wp-json\/wp\/v2\/users\/5"}],"replies":[{"embeddable":true,"href":"https:\/\/poblenouurbandistrict.com\/es\/wp-json\/wp\/v2\/comments?post=26953"}],"version-history":[{"count":14,"href":"https:\/\/poblenouurbandistrict.com\/es\/wp-json\/wp\/v2\/pages\/26953\/revisions"}],"predecessor-version":[{"id":53287,"href":"https:\/\/poblenouurbandistrict.com\/es\/wp-json\/wp\/v2\/pages\/26953\/revisions\/53287"}],"wp:featuredmedia":[{"embeddable":true,"href":"https:\/\/poblenouurbandistrict.com\/es\/wp-json\/wp\/v2\/media\/26954"}],"wp:attachment":[{"href":"https:\/\/poblenouurbandistrict.com\/es\/wp-json\/wp\/v2\/media?parent=26953"}],"curies":[{"name":"wp","href":"https:\/\/api.w.org\/{rel}","templated":true}]}}