{"id":27414,"date":"2022-03-22T18:17:16","date_gmt":"2022-03-22T17:17:16","guid":{"rendered":"https:\/\/poblenouurbandistrict.com\/?page_id=27414"},"modified":"2022-03-22T18:17:16","modified_gmt":"2022-03-22T17:17:16","slug":"open-day-2015","status":"publish","type":"page","link":"https:\/\/poblenouurbandistrict.com\/es\/open-day-2015\/","title":{"rendered":"Open Day 2015"},"content":{"rendered":"<p><\/p>\n<h3>El pr\u00f3ximo 21 de marzo celebramos el Poblenou Open Day, una jornada donde la comunidad creativa de Poblenou Urban District abre sus espacios ofreciendo una programaci\u00f3n innovadora en la que el arte y la creatividad ser\u00e1n el objetivo principal. Durante nueve horas ininterrumpidas podr\u00e9is disfrutar de una programaci\u00f3n exclusiva de exposiciones, conciertos, talleres, propuestas gastron\u00f3micas y charlas.<\/h3>\n<p><\/p>","protected":false},"excerpt":{"rendered":"<p>El pr\u00f3ximo 21 de marzo celebramos el Poblenou Open Day, una jornada donde la comunidad creativa de Poblenou Urban District&#8230; <a href=\"https:\/\/poblenouurbandistrict.com\/es\/open-day-2015\/\">M\u00e1s  \u2192<\/a><\/p>\n","protected":false},"author":5,"featured_media":5318,"parent":0,"menu_order":0,"comment_status":"closed","ping_status":"closed","template":"templates\/template-map.php","meta":{"_acf_changed":false,"footnotes":""},"class_list":["post-27414","page","type-page","status-publish","has-post-thumbnail","hentry"],"acf":[],"yoast_head":"<!-- This site is optimized with the Yoast SEO plugin v27.3 - https:\/\/yoast.com\/product\/yoast-seo-wordpress\/ -->\n<title>Open Day 2015 &#8211; Poblenou Urban District<\/title>\n<meta name=\"description\" content=\"El 21 de marzo podr\u00e1s disfrutar de un d\u00eda repleto de puertas abiertas en los espacios creativos de la comunidad de Poblenou Urban District.\" \/>\n<meta name=\"robots\" content=\"index, follow, max-snippet:-1, max-image-preview:large, max-video-preview:-1\" \/>\n<link rel=\"canonical\" href=\"https:\/\/poblenouurbandistrict.com\/es\/open-day-2015\/\" \/>\n<meta property=\"og:locale\" content=\"es_ES\" \/>\n<meta property=\"og:type\" content=\"article\" \/>\n<meta property=\"og:title\" content=\"Open Day 2015 &#8211; Poblenou Urban District\" \/>\n<meta property=\"og:description\" content=\"El 21 de marzo podr\u00e1s disfrutar de un d\u00eda repleto de puertas abiertas en los espacios creativos de la comunidad de Poblenou Urban District.\" \/>\n<meta property=\"og:url\" content=\"https:\/\/poblenouurbandistrict.com\/es\/open-day-2015\/\" \/>\n<meta property=\"og:site_name\" content=\"Poblenou Urban District\" \/>\n<meta property=\"og:image\" content=\"https:\/\/poblenouurbandistrict.com\/wp-content\/uploads\/2015\/03\/FeatWebProgram.jpg\" \/>\n\t<meta property=\"og:image:width\" content=\"623\" \/>\n\t<meta property=\"og:image:height\" content=\"384\" \/>\n\t<meta property=\"og:image:type\" content=\"image\/jpeg\" \/>\n<meta name=\"twitter:card\" content=\"summary_large_image\" \/>\n<meta name=\"twitter:label1\" content=\"Tiempo de lectura\" \/>\n\t<meta name=\"twitter:data1\" content=\"1 minuto\" \/>\n<script type=\"application\/ld+json\" class=\"yoast-schema-graph\">{\"@context\":\"https:\\\/\\\/schema.org\",\"@graph\":[{\"@type\":\"WebPage\",\"@id\":\"https:\\\/\\\/poblenouurbandistrict.com\\\/es\\\/open-day-2015\\\/\",\"url\":\"https:\\\/\\\/poblenouurbandistrict.com\\\/es\\\/open-day-2015\\\/\",\"name\":\"Open Day 2015 &#8211; Poblenou Urban District\",\"isPartOf\":{\"@id\":\"https:\\\/\\\/poblenouurbandistrict.com\\\/es\\\/#website\"},\"primaryImageOfPage\":{\"@id\":\"https:\\\/\\\/poblenouurbandistrict.com\\\/es\\\/open-day-2015\\\/#primaryimage\"},\"image\":{\"@id\":\"https:\\\/\\\/poblenouurbandistrict.com\\\/open-day-2015\\\/#primaryimage\"},\"thumbnailUrl\":\"https:\\\/\\\/media.poblenouurbandistrict.com\\\/2015\\\/03\\\/25005128\\\/FeatWebProgram.jpg\",\"datePublished\":\"2022-03-22T17:17:16+00:00\",\"description\":\"El 21 de marzo podr\u00e1s disfrutar de un d\u00eda repleto de puertas abiertas en los espacios creativos de la comunidad de Poblenou Urban District.\",\"breadcrumb\":{\"@id\":\"https:\\\/\\\/poblenouurbandistrict.com\\\/es\\\/open-day-2015\\\/#breadcrumb\"},\"inLanguage\":\"es\",\"potentialAction\":[{\"@type\":\"ReadAction\",\"target\":[[\"https:\\\/\\\/poblenouurbandistrict.com\\\/es\\\/open-day-2015\\\/\"]]}]},{\"@type\":\"ImageObject\",\"inLanguage\":\"es\",\"@id\":\"https:\\\/\\\/poblenouurbandistrict.com\\\/es\\\/open-day-2015\\\/#primaryimage\",\"url\":\"https:\\\/\\\/media.poblenouurbandistrict.com\\\/2015\\\/03\\\/25005128\\\/FeatWebProgram.jpg\",\"contentUrl\":\"https:\\\/\\\/media.poblenouurbandistrict.com\\\/2015\\\/03\\\/25005128\\\/FeatWebProgram.jpg\",\"width\":623,\"height\":384,\"caption\":\"Programaci\u00f3n Poblenou Urban District Open Day\"},{\"@type\":\"BreadcrumbList\",\"@id\":\"https:\\\/\\\/poblenouurbandistrict.com\\\/es\\\/open-day-2015\\\/#breadcrumb\",\"itemListElement\":[{\"@type\":\"ListItem\",\"position\":1,\"name\":\"Home\",\"item\":\"https:\\\/\\\/poblenouurbandistrict.com\\\/es\\\/\"},{\"@type\":\"ListItem\",\"position\":2,\"name\":\"Open Day 2015\"}]},{\"@type\":\"WebSite\",\"@id\":\"https:\\\/\\\/poblenouurbandistrict.com\\\/es\\\/#website\",\"url\":\"https:\\\/\\\/poblenouurbandistrict.com\\\/es\\\/\",\"name\":\"Poblenou Urban District\",\"description\":\"Comunidad Creativa\",\"potentialAction\":[{\"@type\":\"SearchAction\",\"target\":{\"@type\":\"EntryPoint\",\"urlTemplate\":\"https:\\\/\\\/poblenouurbandistrict.com\\\/es\\\/?s={search_term_string}\"},\"query-input\":{\"@type\":\"PropertyValueSpecification\",\"valueRequired\":true,\"valueName\":\"search_term_string\"}}],\"inLanguage\":\"es\"}]}<\/script>\n<!-- \/ Yoast SEO plugin. -->","yoast_head_json":{"title":"Open Day 2015 &#8211; Poblenou Urban District","description":"El 21 de marzo podr\u00e1s disfrutar de un d\u00eda repleto de puertas abiertas en los espacios creativos de la comunidad de Poblenou Urban District.","robots":{"index":"index","follow":"follow","max-snippet":"max-snippet:-1","max-image-preview":"max-image-preview:large","max-video-preview":"max-video-preview:-1"},"canonical":"https:\/\/poblenouurbandistrict.com\/es\/open-day-2015\/","og_locale":"es_ES","og_type":"article","og_title":"Open Day 2015 &#8211; Poblenou Urban District","og_description":"El 21 de marzo podr\u00e1s disfrutar de un d\u00eda repleto de puertas abiertas en los espacios creativos de la comunidad de Poblenou Urban District.","og_url":"https:\/\/poblenouurbandistrict.com\/es\/open-day-2015\/","og_site_name":"Poblenou Urban District","og_image":[{"width":623,"height":384,"url":"https:\/\/poblenouurbandistrict.com\/wp-content\/uploads\/2015\/03\/FeatWebProgram.jpg","type":"image\/jpeg"}],"twitter_card":"summary_large_image","twitter_misc":{"Tiempo de lectura":"1 minuto"},"schema":{"@context":"https:\/\/schema.org","@graph":[{"@type":"WebPage","@id":"https:\/\/poblenouurbandistrict.com\/es\/open-day-2015\/","url":"https:\/\/poblenouurbandistrict.com\/es\/open-day-2015\/","name":"Open Day 2015 &#8211; Poblenou Urban District","isPartOf":{"@id":"https:\/\/poblenouurbandistrict.com\/es\/#website"},"primaryImageOfPage":{"@id":"https:\/\/poblenouurbandistrict.com\/es\/open-day-2015\/#primaryimage"},"image":{"@id":"https:\/\/poblenouurbandistrict.com\/open-day-2015\/#primaryimage"},"thumbnailUrl":"https:\/\/media.poblenouurbandistrict.com\/2015\/03\/25005128\/FeatWebProgram.jpg","datePublished":"2022-03-22T17:17:16+00:00","description":"El 21 de marzo podr\u00e1s disfrutar de un d\u00eda repleto de puertas abiertas en los espacios creativos de la comunidad de Poblenou Urban District.","breadcrumb":{"@id":"https:\/\/poblenouurbandistrict.com\/es\/open-day-2015\/#breadcrumb"},"inLanguage":"es","potentialAction":[{"@type":"ReadAction","target":[["https:\/\/poblenouurbandistrict.com\/es\/open-day-2015\/"]]}]},{"@type":"ImageObject","inLanguage":"es","@id":"https:\/\/poblenouurbandistrict.com\/es\/open-day-2015\/#primaryimage","url":"https:\/\/media.poblenouurbandistrict.com\/2015\/03\/25005128\/FeatWebProgram.jpg","contentUrl":"https:\/\/media.poblenouurbandistrict.com\/2015\/03\/25005128\/FeatWebProgram.jpg","width":623,"height":384,"caption":"Programaci\u00f3n Poblenou Urban District Open Day"},{"@type":"BreadcrumbList","@id":"https:\/\/poblenouurbandistrict.com\/es\/open-day-2015\/#breadcrumb","itemListElement":[{"@type":"ListItem","position":1,"name":"Home","item":"https:\/\/poblenouurbandistrict.com\/es\/"},{"@type":"ListItem","position":2,"name":"Open Day 2015"}]},{"@type":"WebSite","@id":"https:\/\/poblenouurbandistrict.com\/es\/#website","url":"https:\/\/poblenouurbandistrict.com\/es\/","name":"Poblenou Urban District","description":"Comunidad Creativa","potentialAction":[{"@type":"SearchAction","target":{"@type":"EntryPoint","urlTemplate":"https:\/\/poblenouurbandistrict.com\/es\/?s={search_term_string}"},"query-input":{"@type":"PropertyValueSpecification","valueRequired":true,"valueName":"search_term_string"}}],"inLanguage":"es"}]}},"_links":{"self":[{"href":"https:\/\/poblenouurbandistrict.com\/es\/wp-json\/wp\/v2\/pages\/27414","targetHints":{"allow":["GET"]}}],"collection":[{"href":"https:\/\/poblenouurbandistrict.com\/es\/wp-json\/wp\/v2\/pages"}],"about":[{"href":"https:\/\/poblenouurbandistrict.com\/es\/wp-json\/wp\/v2\/types\/page"}],"author":[{"embeddable":true,"href":"https:\/\/poblenouurbandistrict.com\/es\/wp-json\/wp\/v2\/users\/5"}],"replies":[{"embeddable":true,"href":"https:\/\/poblenouurbandistrict.com\/es\/wp-json\/wp\/v2\/comments?post=27414"}],"version-history":[{"count":3,"href":"https:\/\/poblenouurbandistrict.com\/es\/wp-json\/wp\/v2\/pages\/27414\/revisions"}],"predecessor-version":[{"id":27437,"href":"https:\/\/poblenouurbandistrict.com\/es\/wp-json\/wp\/v2\/pages\/27414\/revisions\/27437"}],"wp:featuredmedia":[{"embeddable":true,"href":"https:\/\/poblenouurbandistrict.com\/es\/wp-json\/wp\/v2\/media\/5318"}],"wp:attachment":[{"href":"https:\/\/poblenouurbandistrict.com\/es\/wp-json\/wp\/v2\/media?parent=27414"}],"curies":[{"name":"wp","href":"https:\/\/api.w.org\/{rel}","templated":true}]}}