{"id":27454,"date":"2022-03-22T18:52:03","date_gmt":"2022-03-22T17:52:03","guid":{"rendered":"https:\/\/poblenouurbandistrict.com\/?page_id=27454"},"modified":"2022-03-22T18:52:03","modified_gmt":"2022-03-22T17:52:03","slug":"music-urban-circuit-2021","status":"publish","type":"page","link":"https:\/\/poblenouurbandistrict.com\/es\/music-urban-circuit-2021\/","title":{"rendered":"Music Urban Circuit 2021"},"content":{"rendered":"<p><\/p>\n<h3>El Music Urban Circuit nace como respuesta a una demanda creciente del p\u00fablico de Poblenou Urban District de una programaci\u00f3n musical m\u00e1s all\u00e1 de la habitual. Con cinco a\u00f1os de experiencia en la organizaci\u00f3n del Windows Art Circuit, Poblenou Urban District se pone manos a la obra para traer una nueva convocatoria para bandas, solistas\u00a0o Dj\u2019s emergentes y ofrecer un recorrido musical singular por los espacios de su comunidad.<\/h3>\n<h3><strong>La segunda edici\u00f3n del Music Urban Circuit \/ MUC presenta su programaci\u00f3n musical para el 26 de noviembre dentro del marco del\u00a0<span style=\"color: #000000;\"><a style=\"color: #000000;\" href=\"https:\/\/poblenouurbandistrict.com\/es\/poblenou-open-night\/open-night-2021\/\" target=\"_blank\" rel=\"noopener\">Poblenou Open Night<\/a>.<\/span><\/strong><\/h3>\n<p><\/p>","protected":false},"excerpt":{"rendered":"<p>El Music Urban Circuit nace como respuesta a una demanda creciente del p\u00fablico de Poblenou Urban District de una programaci\u00f3n&#8230; <a href=\"https:\/\/poblenouurbandistrict.com\/es\/music-urban-circuit-2021\/\">M\u00e1s  \u2192<\/a><\/p>\n","protected":false},"author":5,"featured_media":24466,"parent":0,"menu_order":0,"comment_status":"closed","ping_status":"closed","template":"templates\/template-map.php","meta":{"_acf_changed":false,"footnotes":""},"class_list":["post-27454","page","type-page","status-publish","has-post-thumbnail","hentry"],"acf":[],"yoast_head":"<!-- This site is optimized with the Yoast SEO plugin v27.4 - https:\/\/yoast.com\/product\/yoast-seo-wordpress\/ -->\n<title>Music Urban Circuit 2021 &#8211; Poblenou Urban District<\/title>\n<meta name=\"description\" content=\"La segunda edici\u00f3n del Music Urban Circuit presenta su programaci\u00f3n musical para el 26 de noviembre dentro del marco del Poblenou Open Night.\" \/>\n<meta name=\"robots\" content=\"index, follow, max-snippet:-1, max-image-preview:large, max-video-preview:-1\" \/>\n<link rel=\"canonical\" href=\"https:\/\/poblenouurbandistrict.com\/es\/music-urban-circuit-2021\/\" \/>\n<meta property=\"og:locale\" content=\"es_ES\" \/>\n<meta property=\"og:type\" content=\"article\" \/>\n<meta property=\"og:title\" content=\"Music Urban Circuit 2021 &#8211; Poblenou Urban District\" \/>\n<meta property=\"og:description\" content=\"La segunda edici\u00f3n del Music Urban Circuit presenta su programaci\u00f3n musical para el 26 de noviembre dentro del marco del Poblenou Open Night.\" \/>\n<meta property=\"og:url\" content=\"https:\/\/poblenouurbandistrict.com\/es\/music-urban-circuit-2021\/\" \/>\n<meta property=\"og:site_name\" content=\"Poblenou Urban District\" \/>\n<meta property=\"og:image\" content=\"https:\/\/poblenouurbandistrict.com\/wp-content\/uploads\/2021\/11\/muc-x-la-web.jpg\" \/>\n\t<meta property=\"og:image:width\" content=\"1500\" \/>\n\t<meta property=\"og:image:height\" content=\"1000\" \/>\n\t<meta property=\"og:image:type\" content=\"image\/jpeg\" \/>\n<meta name=\"twitter:card\" content=\"summary_large_image\" \/>\n<meta name=\"twitter:label1\" content=\"Tiempo de lectura\" \/>\n\t<meta name=\"twitter:data1\" content=\"1 minuto\" \/>\n<script type=\"application\/ld+json\" class=\"yoast-schema-graph\">{\"@context\":\"https:\\\/\\\/schema.org\",\"@graph\":[{\"@type\":\"WebPage\",\"@id\":\"https:\\\/\\\/poblenouurbandistrict.com\\\/es\\\/music-urban-circuit-2021\\\/\",\"url\":\"https:\\\/\\\/poblenouurbandistrict.com\\\/es\\\/music-urban-circuit-2021\\\/\",\"name\":\"Music Urban Circuit 2021 &#8211; Poblenou Urban District\",\"isPartOf\":{\"@id\":\"https:\\\/\\\/poblenouurbandistrict.com\\\/es\\\/#website\"},\"primaryImageOfPage\":{\"@id\":\"https:\\\/\\\/poblenouurbandistrict.com\\\/es\\\/music-urban-circuit-2021\\\/#primaryimage\"},\"image\":{\"@id\":\"https:\\\/\\\/poblenouurbandistrict.com\\\/music-urban-circuit-2021\\\/#primaryimage\"},\"thumbnailUrl\":\"https:\\\/\\\/media.poblenouurbandistrict.com\\\/2021\\\/11\\\/25042955\\\/muc-x-la-web.jpg\",\"datePublished\":\"2022-03-22T17:52:03+00:00\",\"description\":\"La segunda edici\u00f3n del Music Urban Circuit presenta su programaci\u00f3n musical para el 26 de noviembre dentro del marco del Poblenou Open Night.\",\"breadcrumb\":{\"@id\":\"https:\\\/\\\/poblenouurbandistrict.com\\\/es\\\/music-urban-circuit-2021\\\/#breadcrumb\"},\"inLanguage\":\"es\",\"potentialAction\":[{\"@type\":\"ReadAction\",\"target\":[[\"https:\\\/\\\/poblenouurbandistrict.com\\\/es\\\/music-urban-circuit-2021\\\/\"]]}]},{\"@type\":\"ImageObject\",\"inLanguage\":\"es\",\"@id\":\"https:\\\/\\\/poblenouurbandistrict.com\\\/es\\\/music-urban-circuit-2021\\\/#primaryimage\",\"url\":\"https:\\\/\\\/media.poblenouurbandistrict.com\\\/2021\\\/11\\\/25042955\\\/muc-x-la-web.jpg\",\"contentUrl\":\"https:\\\/\\\/media.poblenouurbandistrict.com\\\/2021\\\/11\\\/25042955\\\/muc-x-la-web.jpg\",\"width\":1500,\"height\":1000},{\"@type\":\"BreadcrumbList\",\"@id\":\"https:\\\/\\\/poblenouurbandistrict.com\\\/es\\\/music-urban-circuit-2021\\\/#breadcrumb\",\"itemListElement\":[{\"@type\":\"ListItem\",\"position\":1,\"name\":\"Home\",\"item\":\"https:\\\/\\\/poblenouurbandistrict.com\\\/es\\\/\"},{\"@type\":\"ListItem\",\"position\":2,\"name\":\"Music Urban Circuit 2021\"}]},{\"@type\":\"WebSite\",\"@id\":\"https:\\\/\\\/poblenouurbandistrict.com\\\/es\\\/#website\",\"url\":\"https:\\\/\\\/poblenouurbandistrict.com\\\/es\\\/\",\"name\":\"Poblenou Urban District\",\"description\":\"Comunidad Creativa\",\"potentialAction\":[{\"@type\":\"SearchAction\",\"target\":{\"@type\":\"EntryPoint\",\"urlTemplate\":\"https:\\\/\\\/poblenouurbandistrict.com\\\/es\\\/?s={search_term_string}\"},\"query-input\":{\"@type\":\"PropertyValueSpecification\",\"valueRequired\":true,\"valueName\":\"search_term_string\"}}],\"inLanguage\":\"es\"}]}<\/script>\n<!-- \/ Yoast SEO plugin. -->","yoast_head_json":{"title":"Music Urban Circuit 2021 &#8211; Poblenou Urban District","description":"La segunda edici\u00f3n del Music Urban Circuit presenta su programaci\u00f3n musical para el 26 de noviembre dentro del marco del Poblenou Open Night.","robots":{"index":"index","follow":"follow","max-snippet":"max-snippet:-1","max-image-preview":"max-image-preview:large","max-video-preview":"max-video-preview:-1"},"canonical":"https:\/\/poblenouurbandistrict.com\/es\/music-urban-circuit-2021\/","og_locale":"es_ES","og_type":"article","og_title":"Music Urban Circuit 2021 &#8211; Poblenou Urban District","og_description":"La segunda edici\u00f3n del Music Urban Circuit presenta su programaci\u00f3n musical para el 26 de noviembre dentro del marco del Poblenou Open Night.","og_url":"https:\/\/poblenouurbandistrict.com\/es\/music-urban-circuit-2021\/","og_site_name":"Poblenou Urban District","og_image":[{"width":1500,"height":1000,"url":"https:\/\/poblenouurbandistrict.com\/wp-content\/uploads\/2021\/11\/muc-x-la-web.jpg","type":"image\/jpeg"}],"twitter_card":"summary_large_image","twitter_misc":{"Tiempo de lectura":"1 minuto"},"schema":{"@context":"https:\/\/schema.org","@graph":[{"@type":"WebPage","@id":"https:\/\/poblenouurbandistrict.com\/es\/music-urban-circuit-2021\/","url":"https:\/\/poblenouurbandistrict.com\/es\/music-urban-circuit-2021\/","name":"Music Urban Circuit 2021 &#8211; Poblenou Urban District","isPartOf":{"@id":"https:\/\/poblenouurbandistrict.com\/es\/#website"},"primaryImageOfPage":{"@id":"https:\/\/poblenouurbandistrict.com\/es\/music-urban-circuit-2021\/#primaryimage"},"image":{"@id":"https:\/\/poblenouurbandistrict.com\/music-urban-circuit-2021\/#primaryimage"},"thumbnailUrl":"https:\/\/media.poblenouurbandistrict.com\/2021\/11\/25042955\/muc-x-la-web.jpg","datePublished":"2022-03-22T17:52:03+00:00","description":"La segunda edici\u00f3n del Music Urban Circuit presenta su programaci\u00f3n musical para el 26 de noviembre dentro del marco del Poblenou Open Night.","breadcrumb":{"@id":"https:\/\/poblenouurbandistrict.com\/es\/music-urban-circuit-2021\/#breadcrumb"},"inLanguage":"es","potentialAction":[{"@type":"ReadAction","target":[["https:\/\/poblenouurbandistrict.com\/es\/music-urban-circuit-2021\/"]]}]},{"@type":"ImageObject","inLanguage":"es","@id":"https:\/\/poblenouurbandistrict.com\/es\/music-urban-circuit-2021\/#primaryimage","url":"https:\/\/media.poblenouurbandistrict.com\/2021\/11\/25042955\/muc-x-la-web.jpg","contentUrl":"https:\/\/media.poblenouurbandistrict.com\/2021\/11\/25042955\/muc-x-la-web.jpg","width":1500,"height":1000},{"@type":"BreadcrumbList","@id":"https:\/\/poblenouurbandistrict.com\/es\/music-urban-circuit-2021\/#breadcrumb","itemListElement":[{"@type":"ListItem","position":1,"name":"Home","item":"https:\/\/poblenouurbandistrict.com\/es\/"},{"@type":"ListItem","position":2,"name":"Music Urban Circuit 2021"}]},{"@type":"WebSite","@id":"https:\/\/poblenouurbandistrict.com\/es\/#website","url":"https:\/\/poblenouurbandistrict.com\/es\/","name":"Poblenou Urban District","description":"Comunidad Creativa","potentialAction":[{"@type":"SearchAction","target":{"@type":"EntryPoint","urlTemplate":"https:\/\/poblenouurbandistrict.com\/es\/?s={search_term_string}"},"query-input":{"@type":"PropertyValueSpecification","valueRequired":true,"valueName":"search_term_string"}}],"inLanguage":"es"}]}},"_links":{"self":[{"href":"https:\/\/poblenouurbandistrict.com\/es\/wp-json\/wp\/v2\/pages\/27454","targetHints":{"allow":["GET"]}}],"collection":[{"href":"https:\/\/poblenouurbandistrict.com\/es\/wp-json\/wp\/v2\/pages"}],"about":[{"href":"https:\/\/poblenouurbandistrict.com\/es\/wp-json\/wp\/v2\/types\/page"}],"author":[{"embeddable":true,"href":"https:\/\/poblenouurbandistrict.com\/es\/wp-json\/wp\/v2\/users\/5"}],"replies":[{"embeddable":true,"href":"https:\/\/poblenouurbandistrict.com\/es\/wp-json\/wp\/v2\/comments?post=27454"}],"version-history":[{"count":1,"href":"https:\/\/poblenouurbandistrict.com\/es\/wp-json\/wp\/v2\/pages\/27454\/revisions"}],"predecessor-version":[{"id":27456,"href":"https:\/\/poblenouurbandistrict.com\/es\/wp-json\/wp\/v2\/pages\/27454\/revisions\/27456"}],"wp:featuredmedia":[{"embeddable":true,"href":"https:\/\/poblenouurbandistrict.com\/es\/wp-json\/wp\/v2\/media\/24466"}],"wp:attachment":[{"href":"https:\/\/poblenouurbandistrict.com\/es\/wp-json\/wp\/v2\/media?parent=27454"}],"curies":[{"name":"wp","href":"https:\/\/api.w.org\/{rel}","templated":true}]}}