{"id":27457,"date":"2022-03-22T19:01:48","date_gmt":"2022-03-22T18:01:48","guid":{"rendered":"https:\/\/poblenouurbandistrict.com\/?page_id=27457"},"modified":"2022-03-22T19:01:48","modified_gmt":"2022-03-22T18:01:48","slug":"windows-art-circuit-2020","status":"publish","type":"page","link":"https:\/\/poblenouurbandistrict.com\/es\/windows-art-circuit-2020\/","title":{"rendered":"Windows Art Circuit 2020"},"content":{"rendered":"<p><\/p>\n<h3>El Windows Art Circuit (WAC) es uno de los eventos vertebradores del Poblenou Urban District, un circuito que permite el p\u00fablico experimentar en directo el proceso completo de creaci\u00f3n del arte mural sobre soportes no convencionales, reclamando las calles y recuperando los espacios en desuso como \u00e1reas de alto valor cultural.<\/h3>\n<h3>En esta sexta edici\u00f3n, podremos disfrutar de 35 artistas procedentes de diversas disciplinas como el muralismo, la exposici\u00f3n, la instalaci\u00f3n y la performance.<\/h3>\n<p><\/p>","protected":false},"excerpt":{"rendered":"<p>El Windows Art Circuit (WAC) es uno de los eventos vertebradores del Poblenou Urban District, un circuito que permite el&#8230; <a href=\"https:\/\/poblenouurbandistrict.com\/es\/windows-art-circuit-2020\/\">M\u00e1s  \u2192<\/a><\/p>\n","protected":false},"author":5,"featured_media":21091,"parent":0,"menu_order":0,"comment_status":"closed","ping_status":"closed","template":"templates\/template-map.php","meta":{"_acf_changed":false,"footnotes":""},"class_list":["post-27457","page","type-page","status-publish","has-post-thumbnail","hentry"],"acf":[],"yoast_head":"<!-- This site is optimized with the Yoast SEO plugin v27.5 - https:\/\/yoast.com\/product\/yoast-seo-wordpress\/ -->\n<title>Sisena edici\u00f3 del Windows Art Circuit<\/title>\n<meta name=\"description\" content=\"Celebrem la sisena edici\u00f3 del Windows Art Circuit \/ WAC\" \/>\n<meta name=\"robots\" content=\"index, follow, max-snippet:-1, max-image-preview:large, max-video-preview:-1\" \/>\n<link rel=\"canonical\" href=\"https:\/\/poblenouurbandistrict.com\/es\/windows-art-circuit-2020\/\" \/>\n<meta property=\"og:locale\" content=\"es_ES\" \/>\n<meta property=\"og:type\" content=\"article\" \/>\n<meta property=\"og:title\" content=\"Sisena edici\u00f3 del Windows Art Circuit\" \/>\n<meta property=\"og:description\" content=\"Celebrem la sisena edici\u00f3 del Windows Art Circuit \/ WAC\" \/>\n<meta property=\"og:url\" content=\"https:\/\/poblenouurbandistrict.com\/es\/windows-art-circuit-2020\/\" \/>\n<meta property=\"og:site_name\" content=\"Poblenou Urban District\" \/>\n<meta property=\"og:image\" content=\"https:\/\/poblenouurbandistrict.com\/wp-content\/uploads\/2020\/12\/nave-wac-lab-01-scaled.jpg\" \/>\n\t<meta property=\"og:image:width\" content=\"2560\" \/>\n\t<meta property=\"og:image:height\" content=\"1708\" \/>\n\t<meta property=\"og:image:type\" content=\"image\/jpeg\" \/>\n<meta name=\"twitter:card\" content=\"summary_large_image\" \/>\n<meta name=\"twitter:label1\" content=\"Tiempo de lectura\" \/>\n\t<meta name=\"twitter:data1\" content=\"1 minuto\" \/>\n<script type=\"application\/ld+json\" class=\"yoast-schema-graph\">{\"@context\":\"https:\\\/\\\/schema.org\",\"@graph\":[{\"@type\":\"WebPage\",\"@id\":\"https:\\\/\\\/poblenouurbandistrict.com\\\/es\\\/windows-art-circuit-2020\\\/\",\"url\":\"https:\\\/\\\/poblenouurbandistrict.com\\\/es\\\/windows-art-circuit-2020\\\/\",\"name\":\"Sisena edici\u00f3 del Windows Art Circuit\",\"isPartOf\":{\"@id\":\"https:\\\/\\\/poblenouurbandistrict.com\\\/es\\\/#website\"},\"primaryImageOfPage\":{\"@id\":\"https:\\\/\\\/poblenouurbandistrict.com\\\/es\\\/windows-art-circuit-2020\\\/#primaryimage\"},\"image\":{\"@id\":\"https:\\\/\\\/poblenouurbandistrict.com\\\/windows-art-circuit-2020\\\/#primaryimage\"},\"thumbnailUrl\":\"https:\\\/\\\/media.poblenouurbandistrict.com\\\/2020\\\/12\\\/25033942\\\/nave-wac-lab-01-scaled.jpg\",\"datePublished\":\"2022-03-22T18:01:48+00:00\",\"description\":\"Celebrem la sisena edici\u00f3 del Windows Art Circuit \\\/ WAC\",\"breadcrumb\":{\"@id\":\"https:\\\/\\\/poblenouurbandistrict.com\\\/es\\\/windows-art-circuit-2020\\\/#breadcrumb\"},\"inLanguage\":\"es\",\"potentialAction\":[{\"@type\":\"ReadAction\",\"target\":[[\"https:\\\/\\\/poblenouurbandistrict.com\\\/es\\\/windows-art-circuit-2020\\\/\"]]}]},{\"@type\":\"ImageObject\",\"inLanguage\":\"es\",\"@id\":\"https:\\\/\\\/poblenouurbandistrict.com\\\/es\\\/windows-art-circuit-2020\\\/#primaryimage\",\"url\":\"https:\\\/\\\/media.poblenouurbandistrict.com\\\/2020\\\/12\\\/25033942\\\/nave-wac-lab-01-scaled.jpg\",\"contentUrl\":\"https:\\\/\\\/media.poblenouurbandistrict.com\\\/2020\\\/12\\\/25033942\\\/nave-wac-lab-01-scaled.jpg\",\"width\":2560,\"height\":1708},{\"@type\":\"BreadcrumbList\",\"@id\":\"https:\\\/\\\/poblenouurbandistrict.com\\\/es\\\/windows-art-circuit-2020\\\/#breadcrumb\",\"itemListElement\":[{\"@type\":\"ListItem\",\"position\":1,\"name\":\"Home\",\"item\":\"https:\\\/\\\/poblenouurbandistrict.com\\\/es\\\/\"},{\"@type\":\"ListItem\",\"position\":2,\"name\":\"Windows Art Circuit 2020\"}]},{\"@type\":\"WebSite\",\"@id\":\"https:\\\/\\\/poblenouurbandistrict.com\\\/es\\\/#website\",\"url\":\"https:\\\/\\\/poblenouurbandistrict.com\\\/es\\\/\",\"name\":\"Poblenou Urban District\",\"description\":\"Comunidad Creativa\",\"potentialAction\":[{\"@type\":\"SearchAction\",\"target\":{\"@type\":\"EntryPoint\",\"urlTemplate\":\"https:\\\/\\\/poblenouurbandistrict.com\\\/es\\\/?s={search_term_string}\"},\"query-input\":{\"@type\":\"PropertyValueSpecification\",\"valueRequired\":true,\"valueName\":\"search_term_string\"}}],\"inLanguage\":\"es\"}]}<\/script>\n<!-- \/ Yoast SEO plugin. -->","yoast_head_json":{"title":"Sisena edici\u00f3 del Windows Art Circuit","description":"Celebrem la sisena edici\u00f3 del Windows Art Circuit \/ WAC","robots":{"index":"index","follow":"follow","max-snippet":"max-snippet:-1","max-image-preview":"max-image-preview:large","max-video-preview":"max-video-preview:-1"},"canonical":"https:\/\/poblenouurbandistrict.com\/es\/windows-art-circuit-2020\/","og_locale":"es_ES","og_type":"article","og_title":"Sisena edici\u00f3 del Windows Art Circuit","og_description":"Celebrem la sisena edici\u00f3 del Windows Art Circuit \/ WAC","og_url":"https:\/\/poblenouurbandistrict.com\/es\/windows-art-circuit-2020\/","og_site_name":"Poblenou Urban District","og_image":[{"width":2560,"height":1708,"url":"https:\/\/poblenouurbandistrict.com\/wp-content\/uploads\/2020\/12\/nave-wac-lab-01-scaled.jpg","type":"image\/jpeg"}],"twitter_card":"summary_large_image","twitter_misc":{"Tiempo de lectura":"1 minuto"},"schema":{"@context":"https:\/\/schema.org","@graph":[{"@type":"WebPage","@id":"https:\/\/poblenouurbandistrict.com\/es\/windows-art-circuit-2020\/","url":"https:\/\/poblenouurbandistrict.com\/es\/windows-art-circuit-2020\/","name":"Sisena edici\u00f3 del Windows Art Circuit","isPartOf":{"@id":"https:\/\/poblenouurbandistrict.com\/es\/#website"},"primaryImageOfPage":{"@id":"https:\/\/poblenouurbandistrict.com\/es\/windows-art-circuit-2020\/#primaryimage"},"image":{"@id":"https:\/\/poblenouurbandistrict.com\/windows-art-circuit-2020\/#primaryimage"},"thumbnailUrl":"https:\/\/media.poblenouurbandistrict.com\/2020\/12\/25033942\/nave-wac-lab-01-scaled.jpg","datePublished":"2022-03-22T18:01:48+00:00","description":"Celebrem la sisena edici\u00f3 del Windows Art Circuit \/ WAC","breadcrumb":{"@id":"https:\/\/poblenouurbandistrict.com\/es\/windows-art-circuit-2020\/#breadcrumb"},"inLanguage":"es","potentialAction":[{"@type":"ReadAction","target":[["https:\/\/poblenouurbandistrict.com\/es\/windows-art-circuit-2020\/"]]}]},{"@type":"ImageObject","inLanguage":"es","@id":"https:\/\/poblenouurbandistrict.com\/es\/windows-art-circuit-2020\/#primaryimage","url":"https:\/\/media.poblenouurbandistrict.com\/2020\/12\/25033942\/nave-wac-lab-01-scaled.jpg","contentUrl":"https:\/\/media.poblenouurbandistrict.com\/2020\/12\/25033942\/nave-wac-lab-01-scaled.jpg","width":2560,"height":1708},{"@type":"BreadcrumbList","@id":"https:\/\/poblenouurbandistrict.com\/es\/windows-art-circuit-2020\/#breadcrumb","itemListElement":[{"@type":"ListItem","position":1,"name":"Home","item":"https:\/\/poblenouurbandistrict.com\/es\/"},{"@type":"ListItem","position":2,"name":"Windows Art Circuit 2020"}]},{"@type":"WebSite","@id":"https:\/\/poblenouurbandistrict.com\/es\/#website","url":"https:\/\/poblenouurbandistrict.com\/es\/","name":"Poblenou Urban District","description":"Comunidad Creativa","potentialAction":[{"@type":"SearchAction","target":{"@type":"EntryPoint","urlTemplate":"https:\/\/poblenouurbandistrict.com\/es\/?s={search_term_string}"},"query-input":{"@type":"PropertyValueSpecification","valueRequired":true,"valueName":"search_term_string"}}],"inLanguage":"es"}]}},"_links":{"self":[{"href":"https:\/\/poblenouurbandistrict.com\/es\/wp-json\/wp\/v2\/pages\/27457","targetHints":{"allow":["GET"]}}],"collection":[{"href":"https:\/\/poblenouurbandistrict.com\/es\/wp-json\/wp\/v2\/pages"}],"about":[{"href":"https:\/\/poblenouurbandistrict.com\/es\/wp-json\/wp\/v2\/types\/page"}],"author":[{"embeddable":true,"href":"https:\/\/poblenouurbandistrict.com\/es\/wp-json\/wp\/v2\/users\/5"}],"replies":[{"embeddable":true,"href":"https:\/\/poblenouurbandistrict.com\/es\/wp-json\/wp\/v2\/comments?post=27457"}],"version-history":[{"count":1,"href":"https:\/\/poblenouurbandistrict.com\/es\/wp-json\/wp\/v2\/pages\/27457\/revisions"}],"predecessor-version":[{"id":27459,"href":"https:\/\/poblenouurbandistrict.com\/es\/wp-json\/wp\/v2\/pages\/27457\/revisions\/27459"}],"wp:featuredmedia":[{"embeddable":true,"href":"https:\/\/poblenouurbandistrict.com\/es\/wp-json\/wp\/v2\/media\/21091"}],"wp:attachment":[{"href":"https:\/\/poblenouurbandistrict.com\/es\/wp-json\/wp\/v2\/media?parent=27457"}],"curies":[{"name":"wp","href":"https:\/\/api.w.org\/{rel}","templated":true}]}}