{"id":27496,"date":"2022-03-23T15:42:03","date_gmt":"2022-03-23T14:42:03","guid":{"rendered":"https:\/\/poblenouurbandistrict.com\/?page_id=27496"},"modified":"2022-03-23T15:42:03","modified_gmt":"2022-03-23T14:42:03","slug":"windows-art-circuit-2018-2","status":"publish","type":"page","link":"https:\/\/poblenouurbandistrict.com\/es\/windows-art-circuit-2018-2\/","title":{"rendered":"Windows Art Circuit 2018"},"content":{"rendered":"<p><\/p>\n<h3>El Windows Art Circuit (WAC) \u00e9s un dels esdeveniments vertebradors del Poblenou Urban District, un circuit que permet el p\u00fablic experimentar en directe el proc\u00e9s complet de creaci\u00f3 de l\u2019art mural sobre suports no convencionals, reclamant els carrers i recuperant els espais en des\u00fas com a \u00e0rees d\u2019alt valor cultural.<\/h3>\n<h3>La quarta edici\u00f3 se celebrar\u00e0 el 12 de maig dins del marc del Poblenou Open Day, i comptar\u00e0 amb les intervencions en directe de 23 il\u00b7lustradors i muralistes.<\/h3>\n<p><\/p>","protected":false},"excerpt":{"rendered":"<p>El Windows Art Circuit (WAC) \u00e9s un dels esdeveniments vertebradors del Poblenou Urban District, un circuit que permet el p\u00fablic&#8230; <a href=\"https:\/\/poblenouurbandistrict.com\/es\/windows-art-circuit-2018-2\/\">M\u00e1s  \u2192<\/a><\/p>\n","protected":false},"author":5,"featured_media":27338,"parent":0,"menu_order":0,"comment_status":"closed","ping_status":"closed","template":"templates\/template-map.php","meta":{"_acf_changed":false,"footnotes":""},"class_list":["post-27496","page","type-page","status-publish","has-post-thumbnail","hentry"],"acf":[],"yoast_head":"<!-- This site is optimized with the Yoast SEO plugin v27.4 - https:\/\/yoast.com\/product\/yoast-seo-wordpress\/ -->\n<title>Quarta edici\u00f3 del Windows Art Circuit<\/title>\n<meta name=\"description\" content=\"El 12 de maig celebrem la quarta edici\u00f3 del Windows Art Circuit \/ WAC en el marc del Poblenou Open Day\" \/>\n<meta name=\"robots\" content=\"index, follow, max-snippet:-1, max-image-preview:large, max-video-preview:-1\" \/>\n<link rel=\"canonical\" href=\"https:\/\/poblenouurbandistrict.com\/es\/windows-art-circuit-2018-2\/\" \/>\n<meta property=\"og:locale\" content=\"es_ES\" \/>\n<meta property=\"og:type\" content=\"article\" \/>\n<meta property=\"og:title\" content=\"Quarta edici\u00f3 del Windows Art Circuit\" \/>\n<meta property=\"og:description\" content=\"El 12 de maig celebrem la quarta edici\u00f3 del Windows Art Circuit \/ WAC en el marc del Poblenou Open Day\" \/>\n<meta property=\"og:url\" content=\"https:\/\/poblenouurbandistrict.com\/es\/windows-art-circuit-2018-2\/\" \/>\n<meta property=\"og:site_name\" content=\"Poblenou Urban District\" \/>\n<meta property=\"og:image\" content=\"https:\/\/poblenouurbandistrict.com\/wp-content\/uploads\/2022\/03\/copia-de-copia-de-dsf3679.jpg\" \/>\n\t<meta property=\"og:image:width\" content=\"2199\" \/>\n\t<meta property=\"og:image:height\" content=\"1466\" \/>\n\t<meta property=\"og:image:type\" content=\"image\/jpeg\" \/>\n<meta name=\"twitter:card\" content=\"summary_large_image\" \/>\n<meta name=\"twitter:label1\" content=\"Tiempo de lectura\" \/>\n\t<meta name=\"twitter:data1\" content=\"1 minuto\" \/>\n<script type=\"application\/ld+json\" class=\"yoast-schema-graph\">{\"@context\":\"https:\\\/\\\/schema.org\",\"@graph\":[{\"@type\":\"WebPage\",\"@id\":\"https:\\\/\\\/poblenouurbandistrict.com\\\/es\\\/windows-art-circuit-2018-2\\\/\",\"url\":\"https:\\\/\\\/poblenouurbandistrict.com\\\/es\\\/windows-art-circuit-2018-2\\\/\",\"name\":\"Quarta edici\u00f3 del Windows Art Circuit\",\"isPartOf\":{\"@id\":\"https:\\\/\\\/poblenouurbandistrict.com\\\/es\\\/#website\"},\"primaryImageOfPage\":{\"@id\":\"https:\\\/\\\/poblenouurbandistrict.com\\\/es\\\/windows-art-circuit-2018-2\\\/#primaryimage\"},\"image\":{\"@id\":\"https:\\\/\\\/poblenouurbandistrict.com\\\/windows-art-circuit-2018-2\\\/#primaryimage\"},\"thumbnailUrl\":\"https:\\\/\\\/media.poblenouurbandistrict.com\\\/2022\\\/03\\\/25045541\\\/copia-de-copia-de-dsf3679.jpg\",\"datePublished\":\"2022-03-23T14:42:03+00:00\",\"description\":\"El 12 de maig celebrem la quarta edici\u00f3 del Windows Art Circuit \\\/ WAC en el marc del Poblenou Open Day\",\"breadcrumb\":{\"@id\":\"https:\\\/\\\/poblenouurbandistrict.com\\\/es\\\/windows-art-circuit-2018-2\\\/#breadcrumb\"},\"inLanguage\":\"es\",\"potentialAction\":[{\"@type\":\"ReadAction\",\"target\":[[\"https:\\\/\\\/poblenouurbandistrict.com\\\/es\\\/windows-art-circuit-2018-2\\\/\"]]}]},{\"@type\":\"ImageObject\",\"inLanguage\":\"es\",\"@id\":\"https:\\\/\\\/poblenouurbandistrict.com\\\/es\\\/windows-art-circuit-2018-2\\\/#primaryimage\",\"url\":\"https:\\\/\\\/media.poblenouurbandistrict.com\\\/2022\\\/03\\\/25045541\\\/copia-de-copia-de-dsf3679.jpg\",\"contentUrl\":\"https:\\\/\\\/media.poblenouurbandistrict.com\\\/2022\\\/03\\\/25045541\\\/copia-de-copia-de-dsf3679.jpg\",\"width\":2199,\"height\":1466},{\"@type\":\"BreadcrumbList\",\"@id\":\"https:\\\/\\\/poblenouurbandistrict.com\\\/es\\\/windows-art-circuit-2018-2\\\/#breadcrumb\",\"itemListElement\":[{\"@type\":\"ListItem\",\"position\":1,\"name\":\"Home\",\"item\":\"https:\\\/\\\/poblenouurbandistrict.com\\\/es\\\/\"},{\"@type\":\"ListItem\",\"position\":2,\"name\":\"Windows Art Circuit 2018\"}]},{\"@type\":\"WebSite\",\"@id\":\"https:\\\/\\\/poblenouurbandistrict.com\\\/es\\\/#website\",\"url\":\"https:\\\/\\\/poblenouurbandistrict.com\\\/es\\\/\",\"name\":\"Poblenou Urban District\",\"description\":\"Comunidad Creativa\",\"potentialAction\":[{\"@type\":\"SearchAction\",\"target\":{\"@type\":\"EntryPoint\",\"urlTemplate\":\"https:\\\/\\\/poblenouurbandistrict.com\\\/es\\\/?s={search_term_string}\"},\"query-input\":{\"@type\":\"PropertyValueSpecification\",\"valueRequired\":true,\"valueName\":\"search_term_string\"}}],\"inLanguage\":\"es\"}]}<\/script>\n<!-- \/ Yoast SEO plugin. -->","yoast_head_json":{"title":"Quarta edici\u00f3 del Windows Art Circuit","description":"El 12 de maig celebrem la quarta edici\u00f3 del Windows Art Circuit \/ WAC en el marc del Poblenou Open Day","robots":{"index":"index","follow":"follow","max-snippet":"max-snippet:-1","max-image-preview":"max-image-preview:large","max-video-preview":"max-video-preview:-1"},"canonical":"https:\/\/poblenouurbandistrict.com\/es\/windows-art-circuit-2018-2\/","og_locale":"es_ES","og_type":"article","og_title":"Quarta edici\u00f3 del Windows Art Circuit","og_description":"El 12 de maig celebrem la quarta edici\u00f3 del Windows Art Circuit \/ WAC en el marc del Poblenou Open Day","og_url":"https:\/\/poblenouurbandistrict.com\/es\/windows-art-circuit-2018-2\/","og_site_name":"Poblenou Urban District","og_image":[{"width":2199,"height":1466,"url":"https:\/\/poblenouurbandistrict.com\/wp-content\/uploads\/2022\/03\/copia-de-copia-de-dsf3679.jpg","type":"image\/jpeg"}],"twitter_card":"summary_large_image","twitter_misc":{"Tiempo de lectura":"1 minuto"},"schema":{"@context":"https:\/\/schema.org","@graph":[{"@type":"WebPage","@id":"https:\/\/poblenouurbandistrict.com\/es\/windows-art-circuit-2018-2\/","url":"https:\/\/poblenouurbandistrict.com\/es\/windows-art-circuit-2018-2\/","name":"Quarta edici\u00f3 del Windows Art Circuit","isPartOf":{"@id":"https:\/\/poblenouurbandistrict.com\/es\/#website"},"primaryImageOfPage":{"@id":"https:\/\/poblenouurbandistrict.com\/es\/windows-art-circuit-2018-2\/#primaryimage"},"image":{"@id":"https:\/\/poblenouurbandistrict.com\/windows-art-circuit-2018-2\/#primaryimage"},"thumbnailUrl":"https:\/\/media.poblenouurbandistrict.com\/2022\/03\/25045541\/copia-de-copia-de-dsf3679.jpg","datePublished":"2022-03-23T14:42:03+00:00","description":"El 12 de maig celebrem la quarta edici\u00f3 del Windows Art Circuit \/ WAC en el marc del Poblenou Open Day","breadcrumb":{"@id":"https:\/\/poblenouurbandistrict.com\/es\/windows-art-circuit-2018-2\/#breadcrumb"},"inLanguage":"es","potentialAction":[{"@type":"ReadAction","target":[["https:\/\/poblenouurbandistrict.com\/es\/windows-art-circuit-2018-2\/"]]}]},{"@type":"ImageObject","inLanguage":"es","@id":"https:\/\/poblenouurbandistrict.com\/es\/windows-art-circuit-2018-2\/#primaryimage","url":"https:\/\/media.poblenouurbandistrict.com\/2022\/03\/25045541\/copia-de-copia-de-dsf3679.jpg","contentUrl":"https:\/\/media.poblenouurbandistrict.com\/2022\/03\/25045541\/copia-de-copia-de-dsf3679.jpg","width":2199,"height":1466},{"@type":"BreadcrumbList","@id":"https:\/\/poblenouurbandistrict.com\/es\/windows-art-circuit-2018-2\/#breadcrumb","itemListElement":[{"@type":"ListItem","position":1,"name":"Home","item":"https:\/\/poblenouurbandistrict.com\/es\/"},{"@type":"ListItem","position":2,"name":"Windows Art Circuit 2018"}]},{"@type":"WebSite","@id":"https:\/\/poblenouurbandistrict.com\/es\/#website","url":"https:\/\/poblenouurbandistrict.com\/es\/","name":"Poblenou Urban District","description":"Comunidad Creativa","potentialAction":[{"@type":"SearchAction","target":{"@type":"EntryPoint","urlTemplate":"https:\/\/poblenouurbandistrict.com\/es\/?s={search_term_string}"},"query-input":{"@type":"PropertyValueSpecification","valueRequired":true,"valueName":"search_term_string"}}],"inLanguage":"es"}]}},"_links":{"self":[{"href":"https:\/\/poblenouurbandistrict.com\/es\/wp-json\/wp\/v2\/pages\/27496","targetHints":{"allow":["GET"]}}],"collection":[{"href":"https:\/\/poblenouurbandistrict.com\/es\/wp-json\/wp\/v2\/pages"}],"about":[{"href":"https:\/\/poblenouurbandistrict.com\/es\/wp-json\/wp\/v2\/types\/page"}],"author":[{"embeddable":true,"href":"https:\/\/poblenouurbandistrict.com\/es\/wp-json\/wp\/v2\/users\/5"}],"replies":[{"embeddable":true,"href":"https:\/\/poblenouurbandistrict.com\/es\/wp-json\/wp\/v2\/comments?post=27496"}],"version-history":[{"count":1,"href":"https:\/\/poblenouurbandistrict.com\/es\/wp-json\/wp\/v2\/pages\/27496\/revisions"}],"predecessor-version":[{"id":27499,"href":"https:\/\/poblenouurbandistrict.com\/es\/wp-json\/wp\/v2\/pages\/27496\/revisions\/27499"}],"wp:featuredmedia":[{"embeddable":true,"href":"https:\/\/poblenouurbandistrict.com\/es\/wp-json\/wp\/v2\/media\/27338"}],"wp:attachment":[{"href":"https:\/\/poblenouurbandistrict.com\/es\/wp-json\/wp\/v2\/media?parent=27496"}],"curies":[{"name":"wp","href":"https:\/\/api.w.org\/{rel}","templated":true}]}}