{"id":27500,"date":"2022-03-23T15:48:51","date_gmt":"2022-03-23T14:48:51","guid":{"rendered":"https:\/\/poblenouurbandistrict.com\/?page_id=27500"},"modified":"2022-03-23T15:48:51","modified_gmt":"2022-03-23T14:48:51","slug":"windows-art-circuit-2017","status":"publish","type":"page","link":"https:\/\/poblenouurbandistrict.com\/es\/windows-art-circuit-2017\/","title":{"rendered":"Windows Art Circuit 2017"},"content":{"rendered":"<p><\/p>\n<h3>El Windows Art Circuit (WAC) es uno de los eventos vertebradores del Poblenou Urban District, un circuito que permite el p\u00fablico experimentar en directo el proceso completo de creaci\u00f3n del arte mural sobre soportes no convencionales, reclamando las calles y recuperando los espacios en desuso como \u00e1reas de alto valor cultural.<\/h3>\n<h3>La tercera edici\u00f3n se celebrar\u00e1 en 24 de noviembre, dentro del marco de Poblenou Open Night, y contar\u00e1 con artistas de diferentes disciplinas como la pintura, la escultura, la ilustraci\u00f3n, fotograf\u00eda, multimedia y performance.<\/h3>\n<p><\/p>","protected":false},"excerpt":{"rendered":"<p>El Windows Art Circuit (WAC) es uno de los eventos vertebradores del Poblenou Urban District, un circuito que permite el&#8230; <a href=\"https:\/\/poblenouurbandistrict.com\/es\/windows-art-circuit-2017\/\">M\u00e1s  \u2192<\/a><\/p>\n","protected":false},"author":5,"featured_media":18624,"parent":0,"menu_order":0,"comment_status":"closed","ping_status":"closed","template":"templates\/template-map.php","meta":{"_acf_changed":false,"footnotes":""},"class_list":["post-27500","page","type-page","status-publish","has-post-thumbnail","hentry"],"acf":[],"yoast_head":"<!-- This site is optimized with the Yoast SEO plugin v27.3 - https:\/\/yoast.com\/product\/yoast-seo-wordpress\/ -->\n<title>Tercera edici\u00f3 del Windows Art Circuit<\/title>\n<meta name=\"description\" content=\"El 24 de novembre celebrem la tercera edici\u00f3 del Windows Art Circuit \/ WAC en el marc del Poblenou Open Night\" \/>\n<meta name=\"robots\" content=\"index, follow, max-snippet:-1, max-image-preview:large, max-video-preview:-1\" \/>\n<link rel=\"canonical\" href=\"https:\/\/poblenouurbandistrict.com\/es\/windows-art-circuit-2017\/\" \/>\n<meta property=\"og:locale\" content=\"es_ES\" \/>\n<meta property=\"og:type\" content=\"article\" \/>\n<meta property=\"og:title\" content=\"Tercera edici\u00f3 del Windows Art Circuit\" \/>\n<meta property=\"og:description\" content=\"El 24 de novembre celebrem la tercera edici\u00f3 del Windows Art Circuit \/ WAC en el marc del Poblenou Open Night\" \/>\n<meta property=\"og:url\" content=\"https:\/\/poblenouurbandistrict.com\/es\/windows-art-circuit-2017\/\" \/>\n<meta property=\"og:site_name\" content=\"Poblenou Urban District\" \/>\n<meta property=\"og:image\" content=\"https:\/\/poblenouurbandistrict.com\/wp-content\/uploads\/2020\/05\/wac-vektorama-2017.jpg\" \/>\n\t<meta property=\"og:image:width\" content=\"820\" \/>\n\t<meta property=\"og:image:height\" content=\"820\" \/>\n\t<meta property=\"og:image:type\" content=\"image\/jpeg\" \/>\n<meta name=\"twitter:card\" content=\"summary_large_image\" \/>\n<meta name=\"twitter:label1\" content=\"Tiempo de lectura\" \/>\n\t<meta name=\"twitter:data1\" content=\"1 minuto\" \/>\n<script type=\"application\/ld+json\" class=\"yoast-schema-graph\">{\"@context\":\"https:\\\/\\\/schema.org\",\"@graph\":[{\"@type\":\"WebPage\",\"@id\":\"https:\\\/\\\/poblenouurbandistrict.com\\\/es\\\/windows-art-circuit-2017\\\/\",\"url\":\"https:\\\/\\\/poblenouurbandistrict.com\\\/es\\\/windows-art-circuit-2017\\\/\",\"name\":\"Tercera edici\u00f3 del Windows Art Circuit\",\"isPartOf\":{\"@id\":\"https:\\\/\\\/poblenouurbandistrict.com\\\/es\\\/#website\"},\"primaryImageOfPage\":{\"@id\":\"https:\\\/\\\/poblenouurbandistrict.com\\\/es\\\/windows-art-circuit-2017\\\/#primaryimage\"},\"image\":{\"@id\":\"https:\\\/\\\/poblenouurbandistrict.com\\\/windows-art-circuit-2017\\\/#primaryimage\"},\"thumbnailUrl\":\"https:\\\/\\\/media.poblenouurbandistrict.com\\\/2020\\\/05\\\/25031228\\\/wac-vektorama-2017.jpg\",\"datePublished\":\"2022-03-23T14:48:51+00:00\",\"description\":\"El 24 de novembre celebrem la tercera edici\u00f3 del Windows Art Circuit \\\/ WAC en el marc del Poblenou Open Night\",\"breadcrumb\":{\"@id\":\"https:\\\/\\\/poblenouurbandistrict.com\\\/es\\\/windows-art-circuit-2017\\\/#breadcrumb\"},\"inLanguage\":\"es\",\"potentialAction\":[{\"@type\":\"ReadAction\",\"target\":[[\"https:\\\/\\\/poblenouurbandistrict.com\\\/es\\\/windows-art-circuit-2017\\\/\"]]}]},{\"@type\":\"ImageObject\",\"inLanguage\":\"es\",\"@id\":\"https:\\\/\\\/poblenouurbandistrict.com\\\/es\\\/windows-art-circuit-2017\\\/#primaryimage\",\"url\":\"https:\\\/\\\/media.poblenouurbandistrict.com\\\/2020\\\/05\\\/25031228\\\/wac-vektorama-2017.jpg\",\"contentUrl\":\"https:\\\/\\\/media.poblenouurbandistrict.com\\\/2020\\\/05\\\/25031228\\\/wac-vektorama-2017.jpg\",\"width\":820,\"height\":820},{\"@type\":\"BreadcrumbList\",\"@id\":\"https:\\\/\\\/poblenouurbandistrict.com\\\/es\\\/windows-art-circuit-2017\\\/#breadcrumb\",\"itemListElement\":[{\"@type\":\"ListItem\",\"position\":1,\"name\":\"Home\",\"item\":\"https:\\\/\\\/poblenouurbandistrict.com\\\/es\\\/\"},{\"@type\":\"ListItem\",\"position\":2,\"name\":\"Windows Art Circuit 2017\"}]},{\"@type\":\"WebSite\",\"@id\":\"https:\\\/\\\/poblenouurbandistrict.com\\\/es\\\/#website\",\"url\":\"https:\\\/\\\/poblenouurbandistrict.com\\\/es\\\/\",\"name\":\"Poblenou Urban District\",\"description\":\"Comunidad Creativa\",\"potentialAction\":[{\"@type\":\"SearchAction\",\"target\":{\"@type\":\"EntryPoint\",\"urlTemplate\":\"https:\\\/\\\/poblenouurbandistrict.com\\\/es\\\/?s={search_term_string}\"},\"query-input\":{\"@type\":\"PropertyValueSpecification\",\"valueRequired\":true,\"valueName\":\"search_term_string\"}}],\"inLanguage\":\"es\"}]}<\/script>\n<!-- \/ Yoast SEO plugin. -->","yoast_head_json":{"title":"Tercera edici\u00f3 del Windows Art Circuit","description":"El 24 de novembre celebrem la tercera edici\u00f3 del Windows Art Circuit \/ WAC en el marc del Poblenou Open Night","robots":{"index":"index","follow":"follow","max-snippet":"max-snippet:-1","max-image-preview":"max-image-preview:large","max-video-preview":"max-video-preview:-1"},"canonical":"https:\/\/poblenouurbandistrict.com\/es\/windows-art-circuit-2017\/","og_locale":"es_ES","og_type":"article","og_title":"Tercera edici\u00f3 del Windows Art Circuit","og_description":"El 24 de novembre celebrem la tercera edici\u00f3 del Windows Art Circuit \/ WAC en el marc del Poblenou Open Night","og_url":"https:\/\/poblenouurbandistrict.com\/es\/windows-art-circuit-2017\/","og_site_name":"Poblenou Urban District","og_image":[{"width":820,"height":820,"url":"https:\/\/poblenouurbandistrict.com\/wp-content\/uploads\/2020\/05\/wac-vektorama-2017.jpg","type":"image\/jpeg"}],"twitter_card":"summary_large_image","twitter_misc":{"Tiempo de lectura":"1 minuto"},"schema":{"@context":"https:\/\/schema.org","@graph":[{"@type":"WebPage","@id":"https:\/\/poblenouurbandistrict.com\/es\/windows-art-circuit-2017\/","url":"https:\/\/poblenouurbandistrict.com\/es\/windows-art-circuit-2017\/","name":"Tercera edici\u00f3 del Windows Art Circuit","isPartOf":{"@id":"https:\/\/poblenouurbandistrict.com\/es\/#website"},"primaryImageOfPage":{"@id":"https:\/\/poblenouurbandistrict.com\/es\/windows-art-circuit-2017\/#primaryimage"},"image":{"@id":"https:\/\/poblenouurbandistrict.com\/windows-art-circuit-2017\/#primaryimage"},"thumbnailUrl":"https:\/\/media.poblenouurbandistrict.com\/2020\/05\/25031228\/wac-vektorama-2017.jpg","datePublished":"2022-03-23T14:48:51+00:00","description":"El 24 de novembre celebrem la tercera edici\u00f3 del Windows Art Circuit \/ WAC en el marc del Poblenou Open Night","breadcrumb":{"@id":"https:\/\/poblenouurbandistrict.com\/es\/windows-art-circuit-2017\/#breadcrumb"},"inLanguage":"es","potentialAction":[{"@type":"ReadAction","target":[["https:\/\/poblenouurbandistrict.com\/es\/windows-art-circuit-2017\/"]]}]},{"@type":"ImageObject","inLanguage":"es","@id":"https:\/\/poblenouurbandistrict.com\/es\/windows-art-circuit-2017\/#primaryimage","url":"https:\/\/media.poblenouurbandistrict.com\/2020\/05\/25031228\/wac-vektorama-2017.jpg","contentUrl":"https:\/\/media.poblenouurbandistrict.com\/2020\/05\/25031228\/wac-vektorama-2017.jpg","width":820,"height":820},{"@type":"BreadcrumbList","@id":"https:\/\/poblenouurbandistrict.com\/es\/windows-art-circuit-2017\/#breadcrumb","itemListElement":[{"@type":"ListItem","position":1,"name":"Home","item":"https:\/\/poblenouurbandistrict.com\/es\/"},{"@type":"ListItem","position":2,"name":"Windows Art Circuit 2017"}]},{"@type":"WebSite","@id":"https:\/\/poblenouurbandistrict.com\/es\/#website","url":"https:\/\/poblenouurbandistrict.com\/es\/","name":"Poblenou Urban District","description":"Comunidad Creativa","potentialAction":[{"@type":"SearchAction","target":{"@type":"EntryPoint","urlTemplate":"https:\/\/poblenouurbandistrict.com\/es\/?s={search_term_string}"},"query-input":{"@type":"PropertyValueSpecification","valueRequired":true,"valueName":"search_term_string"}}],"inLanguage":"es"}]}},"_links":{"self":[{"href":"https:\/\/poblenouurbandistrict.com\/es\/wp-json\/wp\/v2\/pages\/27500","targetHints":{"allow":["GET"]}}],"collection":[{"href":"https:\/\/poblenouurbandistrict.com\/es\/wp-json\/wp\/v2\/pages"}],"about":[{"href":"https:\/\/poblenouurbandistrict.com\/es\/wp-json\/wp\/v2\/types\/page"}],"author":[{"embeddable":true,"href":"https:\/\/poblenouurbandistrict.com\/es\/wp-json\/wp\/v2\/users\/5"}],"replies":[{"embeddable":true,"href":"https:\/\/poblenouurbandistrict.com\/es\/wp-json\/wp\/v2\/comments?post=27500"}],"version-history":[{"count":1,"href":"https:\/\/poblenouurbandistrict.com\/es\/wp-json\/wp\/v2\/pages\/27500\/revisions"}],"predecessor-version":[{"id":27502,"href":"https:\/\/poblenouurbandistrict.com\/es\/wp-json\/wp\/v2\/pages\/27500\/revisions\/27502"}],"wp:featuredmedia":[{"embeddable":true,"href":"https:\/\/poblenouurbandistrict.com\/es\/wp-json\/wp\/v2\/media\/18624"}],"wp:attachment":[{"href":"https:\/\/poblenouurbandistrict.com\/es\/wp-json\/wp\/v2\/media?parent=27500"}],"curies":[{"name":"wp","href":"https:\/\/api.w.org\/{rel}","templated":true}]}}