{"id":30740,"date":"2022-05-20T16:38:15","date_gmt":"2022-05-20T14:38:15","guid":{"rendered":"https:\/\/poblenouurbandistrict.com\/?page_id=30740"},"modified":"2025-03-07T11:21:54","modified_gmt":"2025-03-07T10:21:54","slug":"ar-de","status":"publish","type":"page","link":"https:\/\/poblenouurbandistrict.com\/es\/4a-edicio-ar-de\/ar-de\/","title":{"rendered":"AR-DE"},"content":{"rendered":"<p><\/p>\n<h4 style=\"text-align: center;\">Poblenou Urban District presenta AR-DE, el nuevo circuito de galer\u00edas de arte, showrooms y museos creado con el objetivo de acercar al p\u00fablico la programaci\u00f3n de estos espacios e incentivar la venta de arte y dise\u00f1o.<br \/>\nUna buena oportunidad para conocer a artistas emergentes y consagrados y dise\u00f1adores nacionales e internacionales.<br \/>\nAR-DE: Arte, Dise\u00f1o, Mobiliario, editorial, fotograf\u00eda impresiones y mucho m\u00e1s.<br \/>\nDel 14 al 16 de octubre.<\/h4>\n<p><\/p>","protected":false},"excerpt":{"rendered":"<p>Poblenou Urban District presenta AR-DE, el nuevo circuito de galer\u00edas de arte, showrooms y museos creado con el objetivo de&#8230; <a href=\"https:\/\/poblenouurbandistrict.com\/es\/4a-edicio-ar-de\/ar-de\/\">M\u00e1s  \u2192<\/a><\/p>\n","protected":false},"author":5,"featured_media":24695,"parent":37184,"menu_order":0,"comment_status":"closed","ping_status":"closed","template":"templates\/template-map.php","meta":{"_acf_changed":false,"footnotes":""},"class_list":["post-30740","page","type-page","status-publish","has-post-thumbnail","hentry"],"acf":[],"yoast_head":"<!-- This site is optimized with the Yoast SEO plugin v27.3 - https:\/\/yoast.com\/product\/yoast-seo-wordpress\/ -->\n<title>AR-DE &#8211; Poblenou Urban District AR-DE &#8211;<\/title>\n<meta name=\"description\" content=\"AR_DE \u00e9s un circuit de galeries, showrooms i museus amb l&#039;objectiu de promoure l&#039;art i el disseny al districte creatiu de Barcelona.\" \/>\n<meta name=\"robots\" content=\"index, follow, max-snippet:-1, max-image-preview:large, max-video-preview:-1\" \/>\n<link rel=\"canonical\" href=\"https:\/\/poblenouurbandistrict.com\/es\/4a-edicio-ar-de\/ar-de\/\" \/>\n<meta property=\"og:locale\" content=\"es_ES\" \/>\n<meta property=\"og:type\" content=\"article\" \/>\n<meta property=\"og:title\" content=\"AR-DE &#8211; Poblenou Urban District AR-DE &#8211;\" \/>\n<meta property=\"og:description\" content=\"AR_DE \u00e9s un circuit de galeries, showrooms i museus amb l&#039;objectiu de promoure l&#039;art i el disseny al districte creatiu de Barcelona.\" \/>\n<meta property=\"og:url\" content=\"https:\/\/poblenouurbandistrict.com\/es\/4a-edicio-ar-de\/ar-de\/\" \/>\n<meta property=\"og:site_name\" content=\"Poblenou Urban District\" \/>\n<meta property=\"article:modified_time\" content=\"2025-03-07T10:21:54+00:00\" \/>\n<meta property=\"og:image\" content=\"https:\/\/poblenouurbandistrict.com\/wp-content\/uploads\/2021\/12\/ar-de-1500x1000-1.jpg\" \/>\n\t<meta property=\"og:image:width\" content=\"1500\" \/>\n\t<meta property=\"og:image:height\" content=\"1000\" \/>\n\t<meta property=\"og:image:type\" content=\"image\/jpeg\" \/>\n<meta name=\"twitter:card\" content=\"summary_large_image\" \/>\n<meta name=\"twitter:label1\" content=\"Tiempo de lectura\" \/>\n\t<meta name=\"twitter:data1\" content=\"1 minuto\" \/>\n<script type=\"application\/ld+json\" class=\"yoast-schema-graph\">{\"@context\":\"https:\\\/\\\/schema.org\",\"@graph\":[{\"@type\":\"WebPage\",\"@id\":\"https:\\\/\\\/poblenouurbandistrict.com\\\/es\\\/4a-edicio-ar-de\\\/ar-de\\\/\",\"url\":\"https:\\\/\\\/poblenouurbandistrict.com\\\/es\\\/4a-edicio-ar-de\\\/ar-de\\\/\",\"name\":\"AR-DE &#8211; Poblenou Urban District AR-DE &#8211;\",\"isPartOf\":{\"@id\":\"https:\\\/\\\/poblenouurbandistrict.com\\\/es\\\/#website\"},\"primaryImageOfPage\":{\"@id\":\"https:\\\/\\\/poblenouurbandistrict.com\\\/es\\\/4a-edicio-ar-de\\\/ar-de\\\/#primaryimage\"},\"image\":{\"@id\":\"https:\\\/\\\/poblenouurbandistrict.com\\\/4a-edicio-ar-de\\\/ar-de\\\/#primaryimage\"},\"thumbnailUrl\":\"https:\\\/\\\/media.poblenouurbandistrict.com\\\/2021\\\/12\\\/25043141\\\/ar-de-1500x1000-1.jpg\",\"datePublished\":\"2022-05-20T14:38:15+00:00\",\"dateModified\":\"2025-03-07T10:21:54+00:00\",\"description\":\"AR_DE \u00e9s un circuit de galeries, showrooms i museus amb l'objectiu de promoure l'art i el disseny al districte creatiu de Barcelona.\",\"breadcrumb\":{\"@id\":\"https:\\\/\\\/poblenouurbandistrict.com\\\/es\\\/4a-edicio-ar-de\\\/ar-de\\\/#breadcrumb\"},\"inLanguage\":\"es\",\"potentialAction\":[{\"@type\":\"ReadAction\",\"target\":[[\"https:\\\/\\\/poblenouurbandistrict.com\\\/es\\\/4a-edicio-ar-de\\\/ar-de\\\/\"]]}]},{\"@type\":\"ImageObject\",\"inLanguage\":\"es\",\"@id\":\"https:\\\/\\\/poblenouurbandistrict.com\\\/es\\\/4a-edicio-ar-de\\\/ar-de\\\/#primaryimage\",\"url\":\"https:\\\/\\\/media.poblenouurbandistrict.com\\\/2021\\\/12\\\/25043141\\\/ar-de-1500x1000-1.jpg\",\"contentUrl\":\"https:\\\/\\\/media.poblenouurbandistrict.com\\\/2021\\\/12\\\/25043141\\\/ar-de-1500x1000-1.jpg\",\"width\":1500,\"height\":1000},{\"@type\":\"BreadcrumbList\",\"@id\":\"https:\\\/\\\/poblenouurbandistrict.com\\\/es\\\/4a-edicio-ar-de\\\/ar-de\\\/#breadcrumb\",\"itemListElement\":[{\"@type\":\"ListItem\",\"position\":1,\"name\":\"Home\",\"item\":\"https:\\\/\\\/poblenouurbandistrict.com\\\/es\\\/\"},{\"@type\":\"ListItem\",\"position\":2,\"name\":\"AR-DE\",\"item\":\"https:\\\/\\\/poblenouurbandistrict.com\\\/es\\\/4a-edicio-ar-de\\\/\"},{\"@type\":\"ListItem\",\"position\":3,\"name\":\"AR-DE\"}]},{\"@type\":\"WebSite\",\"@id\":\"https:\\\/\\\/poblenouurbandistrict.com\\\/es\\\/#website\",\"url\":\"https:\\\/\\\/poblenouurbandistrict.com\\\/es\\\/\",\"name\":\"Poblenou Urban District\",\"description\":\"Comunidad Creativa\",\"potentialAction\":[{\"@type\":\"SearchAction\",\"target\":{\"@type\":\"EntryPoint\",\"urlTemplate\":\"https:\\\/\\\/poblenouurbandistrict.com\\\/es\\\/?s={search_term_string}\"},\"query-input\":{\"@type\":\"PropertyValueSpecification\",\"valueRequired\":true,\"valueName\":\"search_term_string\"}}],\"inLanguage\":\"es\"}]}<\/script>\n<!-- \/ Yoast SEO plugin. -->","yoast_head_json":{"title":"AR-DE &#8211; Poblenou Urban District AR-DE &#8211;","description":"AR_DE \u00e9s un circuit de galeries, showrooms i museus amb l'objectiu de promoure l'art i el disseny al districte creatiu de Barcelona.","robots":{"index":"index","follow":"follow","max-snippet":"max-snippet:-1","max-image-preview":"max-image-preview:large","max-video-preview":"max-video-preview:-1"},"canonical":"https:\/\/poblenouurbandistrict.com\/es\/4a-edicio-ar-de\/ar-de\/","og_locale":"es_ES","og_type":"article","og_title":"AR-DE &#8211; Poblenou Urban District AR-DE &#8211;","og_description":"AR_DE \u00e9s un circuit de galeries, showrooms i museus amb l'objectiu de promoure l'art i el disseny al districte creatiu de Barcelona.","og_url":"https:\/\/poblenouurbandistrict.com\/es\/4a-edicio-ar-de\/ar-de\/","og_site_name":"Poblenou Urban District","article_modified_time":"2025-03-07T10:21:54+00:00","og_image":[{"width":1500,"height":1000,"url":"https:\/\/poblenouurbandistrict.com\/wp-content\/uploads\/2021\/12\/ar-de-1500x1000-1.jpg","type":"image\/jpeg"}],"twitter_card":"summary_large_image","twitter_misc":{"Tiempo de lectura":"1 minuto"},"schema":{"@context":"https:\/\/schema.org","@graph":[{"@type":"WebPage","@id":"https:\/\/poblenouurbandistrict.com\/es\/4a-edicio-ar-de\/ar-de\/","url":"https:\/\/poblenouurbandistrict.com\/es\/4a-edicio-ar-de\/ar-de\/","name":"AR-DE &#8211; Poblenou Urban District AR-DE &#8211;","isPartOf":{"@id":"https:\/\/poblenouurbandistrict.com\/es\/#website"},"primaryImageOfPage":{"@id":"https:\/\/poblenouurbandistrict.com\/es\/4a-edicio-ar-de\/ar-de\/#primaryimage"},"image":{"@id":"https:\/\/poblenouurbandistrict.com\/4a-edicio-ar-de\/ar-de\/#primaryimage"},"thumbnailUrl":"https:\/\/media.poblenouurbandistrict.com\/2021\/12\/25043141\/ar-de-1500x1000-1.jpg","datePublished":"2022-05-20T14:38:15+00:00","dateModified":"2025-03-07T10:21:54+00:00","description":"AR_DE \u00e9s un circuit de galeries, showrooms i museus amb l'objectiu de promoure l'art i el disseny al districte creatiu de Barcelona.","breadcrumb":{"@id":"https:\/\/poblenouurbandistrict.com\/es\/4a-edicio-ar-de\/ar-de\/#breadcrumb"},"inLanguage":"es","potentialAction":[{"@type":"ReadAction","target":[["https:\/\/poblenouurbandistrict.com\/es\/4a-edicio-ar-de\/ar-de\/"]]}]},{"@type":"ImageObject","inLanguage":"es","@id":"https:\/\/poblenouurbandistrict.com\/es\/4a-edicio-ar-de\/ar-de\/#primaryimage","url":"https:\/\/media.poblenouurbandistrict.com\/2021\/12\/25043141\/ar-de-1500x1000-1.jpg","contentUrl":"https:\/\/media.poblenouurbandistrict.com\/2021\/12\/25043141\/ar-de-1500x1000-1.jpg","width":1500,"height":1000},{"@type":"BreadcrumbList","@id":"https:\/\/poblenouurbandistrict.com\/es\/4a-edicio-ar-de\/ar-de\/#breadcrumb","itemListElement":[{"@type":"ListItem","position":1,"name":"Home","item":"https:\/\/poblenouurbandistrict.com\/es\/"},{"@type":"ListItem","position":2,"name":"AR-DE","item":"https:\/\/poblenouurbandistrict.com\/es\/4a-edicio-ar-de\/"},{"@type":"ListItem","position":3,"name":"AR-DE"}]},{"@type":"WebSite","@id":"https:\/\/poblenouurbandistrict.com\/es\/#website","url":"https:\/\/poblenouurbandistrict.com\/es\/","name":"Poblenou Urban District","description":"Comunidad Creativa","potentialAction":[{"@type":"SearchAction","target":{"@type":"EntryPoint","urlTemplate":"https:\/\/poblenouurbandistrict.com\/es\/?s={search_term_string}"},"query-input":{"@type":"PropertyValueSpecification","valueRequired":true,"valueName":"search_term_string"}}],"inLanguage":"es"}]}},"_links":{"self":[{"href":"https:\/\/poblenouurbandistrict.com\/es\/wp-json\/wp\/v2\/pages\/30740","targetHints":{"allow":["GET"]}}],"collection":[{"href":"https:\/\/poblenouurbandistrict.com\/es\/wp-json\/wp\/v2\/pages"}],"about":[{"href":"https:\/\/poblenouurbandistrict.com\/es\/wp-json\/wp\/v2\/types\/page"}],"author":[{"embeddable":true,"href":"https:\/\/poblenouurbandistrict.com\/es\/wp-json\/wp\/v2\/users\/5"}],"replies":[{"embeddable":true,"href":"https:\/\/poblenouurbandistrict.com\/es\/wp-json\/wp\/v2\/comments?post=30740"}],"version-history":[{"count":31,"href":"https:\/\/poblenouurbandistrict.com\/es\/wp-json\/wp\/v2\/pages\/30740\/revisions"}],"predecessor-version":[{"id":50066,"href":"https:\/\/poblenouurbandistrict.com\/es\/wp-json\/wp\/v2\/pages\/30740\/revisions\/50066"}],"up":[{"embeddable":true,"href":"https:\/\/poblenouurbandistrict.com\/es\/wp-json\/wp\/v2\/pages\/37184"}],"wp:featuredmedia":[{"embeddable":true,"href":"https:\/\/poblenouurbandistrict.com\/es\/wp-json\/wp\/v2\/media\/24695"}],"wp:attachment":[{"href":"https:\/\/poblenouurbandistrict.com\/es\/wp-json\/wp\/v2\/media?parent=30740"}],"curies":[{"name":"wp","href":"https:\/\/api.w.org\/{rel}","templated":true}]}}