{"id":34272,"date":"2022-10-20T12:03:51","date_gmt":"2022-10-20T10:03:51","guid":{"rendered":"https:\/\/poblenouurbandistrict.com\/?page_id=34272"},"modified":"2025-09-29T13:26:23","modified_gmt":"2025-09-29T11:26:23","slug":"urban-talks-5","status":"publish","type":"page","link":"https:\/\/poblenouurbandistrict.com\/es\/urban-talks-5\/","title":{"rendered":"Urban Talks #5"},"content":{"rendered":"<p><\/p>\n<h4>La quinta edici\u00f3n de las Urban Talks est\u00e1 organizada por Poblenou Urban District, La Plataforma y Life In The Woods, y cuentan con el Disseny Hub Barcelona como venue partner.<\/h4>\n<hr \/>\n<p><span style=\"text-decoration: underline;\"><b>TALK #1 \/ Horario 11:00h<\/b><\/span><\/p>\n<p><b>WEB3 \u00bfAutonom\u00eda creativa?<\/b><\/p>\n<p><span style=\"text-decoration: underline;\"><b>TALK #2 \/ Horario 12:00h<\/b><\/span><b><\/b><\/p>\n<p><b>Post-medios: Conversaci\u00f3n con \u2018la nueva carne\u2019<\/b><\/p>\n<p><span style=\"text-decoration: underline;\"><b>TALK #3 \/ Horario 13:00h<\/b><\/span><\/p>\n<p><b><\/b><b>Curators en contexto<\/b><\/p>\n<p>&nbsp;<\/p>\n<p><b>INFORMACI\u00d3N ADICIONAL<\/b><\/p>\n<p><b>D\u00eda: <\/b><span style=\"font-weight: 400;\">05 de noviembre de 2022<\/span><\/p>\n<p><b>Horario: <\/b><span style=\"font-weight: 400;\">11:00h-14:00h<\/span><\/p>\n<p><b>Lugar:<\/b><span style=\"font-weight: 400;\"> Disseny Hub Barcelona (Auditorio) y en<\/span><a href=\"https:\/\/www.instagram.com\/poblenouud\/\"> <span style=\"font-weight: 400;\">Instagram<\/span><\/a><span style=\"font-weight: 400;\"> \/<\/span><a href=\"https:\/\/www.youtube.com\/channel\/UCyVb54OCWKmehErJQbsO7Gw\"> <span style=\"font-weight: 400;\">Youtube<\/span><\/a><span style=\"font-weight: 400;\"> \/<\/span><a href=\"https:\/\/poblenouurbandistrict.com\/es\/urban-talks\/\"> <span style=\"font-weight: 400;\">Web PUD<\/span><\/a><\/p>\n<p><b>Transporte:<\/b> <span style=\"font-weight: 400;\">Metro: <\/span><span style=\"font-weight: 400;\">Gl\u00f2ries (L\u00ednea 1) \/ Clot (L\u00ednea 2) \/ Monumental (L\u00ednea 2) | Tram: Gl\u00f2ries (L\u00edneas T4, T5 y T6 ) | Bus: \u200b\u200b H12, 92, 192<\/span><\/p>\n<p><b>Direcci\u00f3n:<\/b> <span style=\"font-weight: 400;\">Pl. de las Glorias Catalanas, 37 &#8211; 38, 08018 Barcelona<\/span><\/p>\n<p><b>Entrada:<\/b><span style=\"font-weight: 400;\"> Gratuita<\/span><\/p>\n<p><b>Idiomas:<\/b><span style=\"font-weight: 400;\"> Castellano<\/span><\/p>","protected":false},"excerpt":{"rendered":"<p>La quinta edici\u00f3n de las Urban Talks est\u00e1 organizada por Poblenou Urban District, La Plataforma y Life In The Woods,&#8230; <a href=\"https:\/\/poblenouurbandistrict.com\/es\/urban-talks-5\/\">M\u00e1s  \u2192<\/a><\/p>\n","protected":false},"author":5,"featured_media":34445,"parent":0,"menu_order":4,"comment_status":"closed","ping_status":"closed","template":"templates\/template-imagemap.php","meta":{"_acf_changed":false,"footnotes":""},"class_list":["post-34272","page","type-page","status-publish","has-post-thumbnail","hentry"],"acf":[],"yoast_head":"<!-- This site is optimized with the Yoast SEO plugin v27.4 - https:\/\/yoast.com\/product\/yoast-seo-wordpress\/ -->\n<title>Cinquena edici\u00f3 de les Urban Talks<\/title>\n<meta name=\"description\" content=\"El 5 de novembre, de 11h a 14:30h, celebrem la quarta edici\u00f3 del cicle de xerrades itinerants Urban Talks.\" \/>\n<meta name=\"robots\" content=\"index, follow, max-snippet:-1, max-image-preview:large, max-video-preview:-1\" \/>\n<link rel=\"canonical\" href=\"https:\/\/poblenouurbandistrict.com\/es\/urban-talks-5\/\" \/>\n<meta property=\"og:locale\" content=\"es_ES\" \/>\n<meta property=\"og:type\" content=\"article\" \/>\n<meta property=\"og:title\" content=\"Cinquena edici\u00f3 de les Urban Talks\" \/>\n<meta property=\"og:description\" content=\"El 5 de novembre, de 11h a 14:30h, celebrem la quarta edici\u00f3 del cicle de xerrades itinerants Urban Talks.\" \/>\n<meta property=\"og:url\" content=\"https:\/\/poblenouurbandistrict.com\/es\/urban-talks-5\/\" \/>\n<meta property=\"og:site_name\" content=\"Poblenou Urban District\" \/>\n<meta property=\"article:modified_time\" content=\"2025-09-29T11:26:23+00:00\" \/>\n<meta property=\"og:image\" content=\"https:\/\/poblenouurbandistrict.com\/wp-content\/uploads\/2022\/10\/banner-ok-ut-405x525-2-96-2.jpg\" \/>\n\t<meta property=\"og:image:width\" content=\"540\" \/>\n\t<meta property=\"og:image:height\" content=\"700\" \/>\n\t<meta property=\"og:image:type\" content=\"image\/jpeg\" \/>\n<meta name=\"twitter:card\" content=\"summary_large_image\" \/>\n<meta name=\"twitter:label1\" content=\"Tiempo de lectura\" \/>\n\t<meta name=\"twitter:data1\" content=\"1 minuto\" \/>\n<script type=\"application\/ld+json\" class=\"yoast-schema-graph\">{\"@context\":\"https:\\\/\\\/schema.org\",\"@graph\":[{\"@type\":\"WebPage\",\"@id\":\"https:\\\/\\\/poblenouurbandistrict.com\\\/es\\\/urban-talks-5\\\/\",\"url\":\"https:\\\/\\\/poblenouurbandistrict.com\\\/es\\\/urban-talks-5\\\/\",\"name\":\"Cinquena edici\u00f3 de les Urban Talks\",\"isPartOf\":{\"@id\":\"https:\\\/\\\/poblenouurbandistrict.com\\\/es\\\/#website\"},\"primaryImageOfPage\":{\"@id\":\"https:\\\/\\\/poblenouurbandistrict.com\\\/es\\\/urban-talks-5\\\/#primaryimage\"},\"image\":{\"@id\":\"https:\\\/\\\/poblenouurbandistrict.com\\\/urban-talks-5\\\/#primaryimage\"},\"thumbnailUrl\":\"https:\\\/\\\/media.poblenouurbandistrict.com\\\/2022\\\/10\\\/25054810\\\/banner-ok-ut-405x525-2-96-2.jpg\",\"datePublished\":\"2022-10-20T10:03:51+00:00\",\"dateModified\":\"2025-09-29T11:26:23+00:00\",\"description\":\"El 5 de novembre, de 11h a 14:30h, celebrem la quarta edici\u00f3 del cicle de xerrades itinerants Urban Talks.\",\"breadcrumb\":{\"@id\":\"https:\\\/\\\/poblenouurbandistrict.com\\\/es\\\/urban-talks-5\\\/#breadcrumb\"},\"inLanguage\":\"es\",\"potentialAction\":[{\"@type\":\"ReadAction\",\"target\":[[\"https:\\\/\\\/poblenouurbandistrict.com\\\/es\\\/urban-talks-5\\\/\"]]}]},{\"@type\":\"ImageObject\",\"inLanguage\":\"es\",\"@id\":\"https:\\\/\\\/poblenouurbandistrict.com\\\/es\\\/urban-talks-5\\\/#primaryimage\",\"url\":\"https:\\\/\\\/media.poblenouurbandistrict.com\\\/2022\\\/10\\\/25054810\\\/banner-ok-ut-405x525-2-96-2.jpg\",\"contentUrl\":\"https:\\\/\\\/media.poblenouurbandistrict.com\\\/2022\\\/10\\\/25054810\\\/banner-ok-ut-405x525-2-96-2.jpg\",\"width\":540,\"height\":700},{\"@type\":\"BreadcrumbList\",\"@id\":\"https:\\\/\\\/poblenouurbandistrict.com\\\/es\\\/urban-talks-5\\\/#breadcrumb\",\"itemListElement\":[{\"@type\":\"ListItem\",\"position\":1,\"name\":\"Home\",\"item\":\"https:\\\/\\\/poblenouurbandistrict.com\\\/es\\\/\"},{\"@type\":\"ListItem\",\"position\":2,\"name\":\"Urban Talks #5\"}]},{\"@type\":\"WebSite\",\"@id\":\"https:\\\/\\\/poblenouurbandistrict.com\\\/es\\\/#website\",\"url\":\"https:\\\/\\\/poblenouurbandistrict.com\\\/es\\\/\",\"name\":\"Poblenou Urban District\",\"description\":\"Comunidad Creativa\",\"potentialAction\":[{\"@type\":\"SearchAction\",\"target\":{\"@type\":\"EntryPoint\",\"urlTemplate\":\"https:\\\/\\\/poblenouurbandistrict.com\\\/es\\\/?s={search_term_string}\"},\"query-input\":{\"@type\":\"PropertyValueSpecification\",\"valueRequired\":true,\"valueName\":\"search_term_string\"}}],\"inLanguage\":\"es\"}]}<\/script>\n<!-- \/ Yoast SEO plugin. -->","yoast_head_json":{"title":"Cinquena edici\u00f3 de les Urban Talks","description":"El 5 de novembre, de 11h a 14:30h, celebrem la quarta edici\u00f3 del cicle de xerrades itinerants Urban Talks.","robots":{"index":"index","follow":"follow","max-snippet":"max-snippet:-1","max-image-preview":"max-image-preview:large","max-video-preview":"max-video-preview:-1"},"canonical":"https:\/\/poblenouurbandistrict.com\/es\/urban-talks-5\/","og_locale":"es_ES","og_type":"article","og_title":"Cinquena edici\u00f3 de les Urban Talks","og_description":"El 5 de novembre, de 11h a 14:30h, celebrem la quarta edici\u00f3 del cicle de xerrades itinerants Urban Talks.","og_url":"https:\/\/poblenouurbandistrict.com\/es\/urban-talks-5\/","og_site_name":"Poblenou Urban District","article_modified_time":"2025-09-29T11:26:23+00:00","og_image":[{"width":540,"height":700,"url":"https:\/\/poblenouurbandistrict.com\/wp-content\/uploads\/2022\/10\/banner-ok-ut-405x525-2-96-2.jpg","type":"image\/jpeg"}],"twitter_card":"summary_large_image","twitter_misc":{"Tiempo de lectura":"1 minuto"},"schema":{"@context":"https:\/\/schema.org","@graph":[{"@type":"WebPage","@id":"https:\/\/poblenouurbandistrict.com\/es\/urban-talks-5\/","url":"https:\/\/poblenouurbandistrict.com\/es\/urban-talks-5\/","name":"Cinquena edici\u00f3 de les Urban Talks","isPartOf":{"@id":"https:\/\/poblenouurbandistrict.com\/es\/#website"},"primaryImageOfPage":{"@id":"https:\/\/poblenouurbandistrict.com\/es\/urban-talks-5\/#primaryimage"},"image":{"@id":"https:\/\/poblenouurbandistrict.com\/urban-talks-5\/#primaryimage"},"thumbnailUrl":"https:\/\/media.poblenouurbandistrict.com\/2022\/10\/25054810\/banner-ok-ut-405x525-2-96-2.jpg","datePublished":"2022-10-20T10:03:51+00:00","dateModified":"2025-09-29T11:26:23+00:00","description":"El 5 de novembre, de 11h a 14:30h, celebrem la quarta edici\u00f3 del cicle de xerrades itinerants Urban Talks.","breadcrumb":{"@id":"https:\/\/poblenouurbandistrict.com\/es\/urban-talks-5\/#breadcrumb"},"inLanguage":"es","potentialAction":[{"@type":"ReadAction","target":[["https:\/\/poblenouurbandistrict.com\/es\/urban-talks-5\/"]]}]},{"@type":"ImageObject","inLanguage":"es","@id":"https:\/\/poblenouurbandistrict.com\/es\/urban-talks-5\/#primaryimage","url":"https:\/\/media.poblenouurbandistrict.com\/2022\/10\/25054810\/banner-ok-ut-405x525-2-96-2.jpg","contentUrl":"https:\/\/media.poblenouurbandistrict.com\/2022\/10\/25054810\/banner-ok-ut-405x525-2-96-2.jpg","width":540,"height":700},{"@type":"BreadcrumbList","@id":"https:\/\/poblenouurbandistrict.com\/es\/urban-talks-5\/#breadcrumb","itemListElement":[{"@type":"ListItem","position":1,"name":"Home","item":"https:\/\/poblenouurbandistrict.com\/es\/"},{"@type":"ListItem","position":2,"name":"Urban Talks #5"}]},{"@type":"WebSite","@id":"https:\/\/poblenouurbandistrict.com\/es\/#website","url":"https:\/\/poblenouurbandistrict.com\/es\/","name":"Poblenou Urban District","description":"Comunidad Creativa","potentialAction":[{"@type":"SearchAction","target":{"@type":"EntryPoint","urlTemplate":"https:\/\/poblenouurbandistrict.com\/es\/?s={search_term_string}"},"query-input":{"@type":"PropertyValueSpecification","valueRequired":true,"valueName":"search_term_string"}}],"inLanguage":"es"}]}},"_links":{"self":[{"href":"https:\/\/poblenouurbandistrict.com\/es\/wp-json\/wp\/v2\/pages\/34272","targetHints":{"allow":["GET"]}}],"collection":[{"href":"https:\/\/poblenouurbandistrict.com\/es\/wp-json\/wp\/v2\/pages"}],"about":[{"href":"https:\/\/poblenouurbandistrict.com\/es\/wp-json\/wp\/v2\/types\/page"}],"author":[{"embeddable":true,"href":"https:\/\/poblenouurbandistrict.com\/es\/wp-json\/wp\/v2\/users\/5"}],"replies":[{"embeddable":true,"href":"https:\/\/poblenouurbandistrict.com\/es\/wp-json\/wp\/v2\/comments?post=34272"}],"version-history":[{"count":23,"href":"https:\/\/poblenouurbandistrict.com\/es\/wp-json\/wp\/v2\/pages\/34272\/revisions"}],"predecessor-version":[{"id":52976,"href":"https:\/\/poblenouurbandistrict.com\/es\/wp-json\/wp\/v2\/pages\/34272\/revisions\/52976"}],"wp:featuredmedia":[{"embeddable":true,"href":"https:\/\/poblenouurbandistrict.com\/es\/wp-json\/wp\/v2\/media\/34445"}],"wp:attachment":[{"href":"https:\/\/poblenouurbandistrict.com\/es\/wp-json\/wp\/v2\/media?parent=34272"}],"curies":[{"name":"wp","href":"https:\/\/api.w.org\/{rel}","templated":true}]}}