{"id":40131,"date":"2023-06-29T15:54:17","date_gmt":"2023-06-29T13:54:17","guid":{"rendered":"https:\/\/poblenouurbandistrict.com\/?page_id=40131"},"modified":"2024-02-26T19:10:07","modified_gmt":"2024-02-26T18:10:07","slug":"urban-talks-7","status":"publish","type":"page","link":"https:\/\/poblenouurbandistrict.com\/es\/urban-talks-7\/","title":{"rendered":"Urban Talks #7"},"content":{"rendered":"<p><\/p>\n<h3>\u201cFRONTERA ARTIFICIAL: IA, Arte y Creatividad\u201d<\/h3>\n<h4>4 DE MAYO | 17h &#8211; 20h | Disseny Hub Barcelona<\/h4>\n<hr \/>\n<p>La 6\u00aa edici\u00f3n de las Urban Talks est\u00e1 organizada por Poblenou Urban District, La Plataforma y Life In The Woods, y tendr\u00e1n lugar el pr\u00f3ximo 4 de mayo en el <a href=\"https:\/\/ajuntament.barcelona.cat\/museudeldisseny\/es\">Disseny Hub Barcelona<\/a>.<\/p>\n<p>Moderadas por Frankie Piz\u00e1, \u00abFrontera artificial: IA, Arte y Creatividad\u00bb tratar\u00e1 de dar luz al debate sobre la competencia de las m\u00e1quinas en la resoluci\u00f3n de retos y en la toma de decisiones, en un lugar hasta ahora ocupado exclusivamente por la mente. Hablaremos de capacidades, posibilidades lejos del ruido medi\u00e1tico y del impacto presente y futuro en los campos del arte y la creatividad.<\/p>\n<h3>TALK #1: \u00abM\u00e1quinas y l\u00edmites creativos\u00bb<\/h3>\n<p>\u00bfLas m\u00e1quinas pueden inventar cuando no son conscientes de su propia existencia? La primera charla tratar\u00e1 sobre el furor por los nuevos sistemas de inteligencia artificial como ChatGPT, Stable Diffusion, etc., que nos permiten crear im\u00e1genes realistas, contestar a conversaciones, generar proyectos de forma integral y asistirnos en innumerables procesos.<\/p>\n<p><strong>Participantes TALK #1:<\/strong><\/p>\n<ul>\n<li>Axel Gasulla (Fundador <a href=\"https:\/\/domesticstreamers.com\/\">Domestic Data Streamers<\/a>)<\/li>\n<li>Marta Handenawer (Directora de Creatividad de Domestic Data Streamers).<\/li>\n<\/ul>\n<hr \/>\n<h3>TALK #2: \u00abFrontera artificial\u00bb<\/h3>\n<p>\u00bfLa Inteligencia Artificial transformar\u00e1 nuestra comprensi\u00f3n de lo que es, c\u00f3mo funciona y c\u00f3mo se valora el arte contempor\u00e1neo? Desde el estallido de los sistemas de IA, el futuro de muchos profesionales del dise\u00f1o y del arte contempor\u00e1neo ha cambiado, y no precisamente porque estas herramientas ampl\u00edan su creatividad o eficiencia, sino porque empiezan a intuirse cambios profundos.<\/p>\n<p><strong>Participantes TALK #2:<\/strong><\/p>\n<ul>\n<li>Sa\u00fal Baeza (Director Creativo <a href=\"https:\/\/www.does-work.com\/\">DOES<\/a>)<\/li>\n<li>Cristina Checa (Desert\/<a href=\"https:\/\/www.guzzu.io\/\">Guzzu<\/a>)<\/li>\n<li>Sebastian Soriano (Cofundador <a href=\"https:\/\/www.lowkeymoves.com\/\">Low Key Moves<\/a>)<\/li>\n<\/ul>\n<hr \/>\n<h5 style=\"text-align: center;\">Actividad gratuita<br \/>\nPuedes seguir las Urban Talks en streaming a trav\u00e9s de nuestro <a href=\"https:\/\/www.youtube.com\/channel\/UCyVb54OCWKmehErJQbsO7Gw\">canal de Youtube<\/a> y <a href=\"https:\/\/www.instagram.com\/poblenouud\/\">perfil de Instagram<\/a><\/h5>\n<p><\/p>","protected":false},"excerpt":{"rendered":"<p>\u201cFRONTERA ARTIFICIAL: IA, Arte y Creatividad\u201d 4 DE MAYO | 17h &#8211; 20h | Disseny Hub Barcelona La 6\u00aa edici\u00f3n&#8230; <a href=\"https:\/\/poblenouurbandistrict.com\/es\/urban-talks-7\/\">M\u00e1s  \u2192<\/a><\/p>\n","protected":false},"author":3,"featured_media":0,"parent":0,"menu_order":4,"comment_status":"closed","ping_status":"closed","template":"templates\/template-newtalks.php","meta":{"_acf_changed":false,"footnotes":""},"class_list":["post-40131","page","type-page","status-publish","hentry"],"acf":[],"yoast_head":"<!-- This site is optimized with the Yoast SEO plugin v27.3 - https:\/\/yoast.com\/product\/yoast-seo-wordpress\/ -->\n<title>Urban Talks #6<\/title>\n<meta name=\"robots\" content=\"index, follow, max-snippet:-1, max-image-preview:large, max-video-preview:-1\" \/>\n<link rel=\"canonical\" href=\"https:\/\/poblenouurbandistrict.com\/es\/urban-talks-7\/\" \/>\n<meta property=\"og:locale\" content=\"es_ES\" \/>\n<meta property=\"og:type\" content=\"article\" \/>\n<meta property=\"og:title\" content=\"Urban Talks #6\" \/>\n<meta property=\"og:description\" content=\"\u201cFRONTERA ARTIFICIAL: IA, Arte y Creatividad\u201d 4 DE MAYO | 17h &#8211; 20h | Disseny Hub Barcelona La 6\u00aa edici\u00f3n... M\u00e1s \u2192\" \/>\n<meta property=\"og:url\" content=\"https:\/\/poblenouurbandistrict.com\/es\/urban-talks-7\/\" \/>\n<meta property=\"og:site_name\" content=\"Poblenou Urban District\" \/>\n<meta property=\"article:modified_time\" content=\"2024-02-26T18:10:07+00:00\" \/>\n<meta name=\"twitter:card\" content=\"summary_large_image\" \/>\n<meta name=\"twitter:label1\" content=\"Tiempo de lectura\" \/>\n\t<meta name=\"twitter:data1\" content=\"1 minuto\" \/>\n<script type=\"application\/ld+json\" class=\"yoast-schema-graph\">{\"@context\":\"https:\\\/\\\/schema.org\",\"@graph\":[{\"@type\":\"WebPage\",\"@id\":\"https:\\\/\\\/poblenouurbandistrict.com\\\/es\\\/urban-talks-7\\\/\",\"url\":\"https:\\\/\\\/poblenouurbandistrict.com\\\/es\\\/urban-talks-7\\\/\",\"name\":\"Urban Talks #6\",\"isPartOf\":{\"@id\":\"https:\\\/\\\/poblenouurbandistrict.com\\\/es\\\/#website\"},\"datePublished\":\"2023-06-29T13:54:17+00:00\",\"dateModified\":\"2024-02-26T18:10:07+00:00\",\"breadcrumb\":{\"@id\":\"https:\\\/\\\/poblenouurbandistrict.com\\\/es\\\/urban-talks-7\\\/#breadcrumb\"},\"inLanguage\":\"es\",\"potentialAction\":[{\"@type\":\"ReadAction\",\"target\":[[\"https:\\\/\\\/poblenouurbandistrict.com\\\/es\\\/urban-talks-7\\\/\"]]}]},{\"@type\":\"BreadcrumbList\",\"@id\":\"https:\\\/\\\/poblenouurbandistrict.com\\\/es\\\/urban-talks-7\\\/#breadcrumb\",\"itemListElement\":[{\"@type\":\"ListItem\",\"position\":1,\"name\":\"Home\",\"item\":\"https:\\\/\\\/poblenouurbandistrict.com\\\/es\\\/\"},{\"@type\":\"ListItem\",\"position\":2,\"name\":\"Urban Talks #7\"}]},{\"@type\":\"WebSite\",\"@id\":\"https:\\\/\\\/poblenouurbandistrict.com\\\/es\\\/#website\",\"url\":\"https:\\\/\\\/poblenouurbandistrict.com\\\/es\\\/\",\"name\":\"Poblenou Urban District\",\"description\":\"Comunidad Creativa\",\"potentialAction\":[{\"@type\":\"SearchAction\",\"target\":{\"@type\":\"EntryPoint\",\"urlTemplate\":\"https:\\\/\\\/poblenouurbandistrict.com\\\/es\\\/?s={search_term_string}\"},\"query-input\":{\"@type\":\"PropertyValueSpecification\",\"valueRequired\":true,\"valueName\":\"search_term_string\"}}],\"inLanguage\":\"es\"}]}<\/script>\n<!-- \/ Yoast SEO plugin. -->","yoast_head_json":{"title":"Urban Talks #6","robots":{"index":"index","follow":"follow","max-snippet":"max-snippet:-1","max-image-preview":"max-image-preview:large","max-video-preview":"max-video-preview:-1"},"canonical":"https:\/\/poblenouurbandistrict.com\/es\/urban-talks-7\/","og_locale":"es_ES","og_type":"article","og_title":"Urban Talks #6","og_description":"\u201cFRONTERA ARTIFICIAL: IA, Arte y Creatividad\u201d 4 DE MAYO | 17h &#8211; 20h | Disseny Hub Barcelona La 6\u00aa edici\u00f3n... M\u00e1s \u2192","og_url":"https:\/\/poblenouurbandistrict.com\/es\/urban-talks-7\/","og_site_name":"Poblenou Urban District","article_modified_time":"2024-02-26T18:10:07+00:00","twitter_card":"summary_large_image","twitter_misc":{"Tiempo de lectura":"1 minuto"},"schema":{"@context":"https:\/\/schema.org","@graph":[{"@type":"WebPage","@id":"https:\/\/poblenouurbandistrict.com\/es\/urban-talks-7\/","url":"https:\/\/poblenouurbandistrict.com\/es\/urban-talks-7\/","name":"Urban Talks #6","isPartOf":{"@id":"https:\/\/poblenouurbandistrict.com\/es\/#website"},"datePublished":"2023-06-29T13:54:17+00:00","dateModified":"2024-02-26T18:10:07+00:00","breadcrumb":{"@id":"https:\/\/poblenouurbandistrict.com\/es\/urban-talks-7\/#breadcrumb"},"inLanguage":"es","potentialAction":[{"@type":"ReadAction","target":[["https:\/\/poblenouurbandistrict.com\/es\/urban-talks-7\/"]]}]},{"@type":"BreadcrumbList","@id":"https:\/\/poblenouurbandistrict.com\/es\/urban-talks-7\/#breadcrumb","itemListElement":[{"@type":"ListItem","position":1,"name":"Home","item":"https:\/\/poblenouurbandistrict.com\/es\/"},{"@type":"ListItem","position":2,"name":"Urban Talks #7"}]},{"@type":"WebSite","@id":"https:\/\/poblenouurbandistrict.com\/es\/#website","url":"https:\/\/poblenouurbandistrict.com\/es\/","name":"Poblenou Urban District","description":"Comunidad Creativa","potentialAction":[{"@type":"SearchAction","target":{"@type":"EntryPoint","urlTemplate":"https:\/\/poblenouurbandistrict.com\/es\/?s={search_term_string}"},"query-input":{"@type":"PropertyValueSpecification","valueRequired":true,"valueName":"search_term_string"}}],"inLanguage":"es"}]}},"_links":{"self":[{"href":"https:\/\/poblenouurbandistrict.com\/es\/wp-json\/wp\/v2\/pages\/40131","targetHints":{"allow":["GET"]}}],"collection":[{"href":"https:\/\/poblenouurbandistrict.com\/es\/wp-json\/wp\/v2\/pages"}],"about":[{"href":"https:\/\/poblenouurbandistrict.com\/es\/wp-json\/wp\/v2\/types\/page"}],"author":[{"embeddable":true,"href":"https:\/\/poblenouurbandistrict.com\/es\/wp-json\/wp\/v2\/users\/3"}],"replies":[{"embeddable":true,"href":"https:\/\/poblenouurbandistrict.com\/es\/wp-json\/wp\/v2\/comments?post=40131"}],"version-history":[{"count":24,"href":"https:\/\/poblenouurbandistrict.com\/es\/wp-json\/wp\/v2\/pages\/40131\/revisions"}],"predecessor-version":[{"id":44733,"href":"https:\/\/poblenouurbandistrict.com\/es\/wp-json\/wp\/v2\/pages\/40131\/revisions\/44733"}],"wp:attachment":[{"href":"https:\/\/poblenouurbandistrict.com\/es\/wp-json\/wp\/v2\/media?parent=40131"}],"curies":[{"name":"wp","href":"https:\/\/api.w.org\/{rel}","templated":true}]}}