{"id":42958,"date":"2023-11-22T11:44:41","date_gmt":"2023-11-22T10:44:41","guid":{"rendered":"https:\/\/poblenouurbandistrict.com\/?page_id=42958"},"modified":"2024-10-11T19:42:24","modified_gmt":"2024-10-11T17:42:24","slug":"3a-music-urban-circuit-2023","status":"publish","type":"page","link":"https:\/\/poblenouurbandistrict.com\/es\/3a-music-urban-circuit-2023\/","title":{"rendered":"Music Urban Circuit 2023"},"content":{"rendered":"<p><\/p>\n<h3 style=\"text-align: center;\">MUSIC URBAN CIRCUIT | 24 DE NOVIEMBRE<\/h3>\n<h6>El Music Urban Circuit es un circuito que tiene como objetivo dar a conocer a nuevos artistas del panorama musical barcelon\u00e9s. Es una oportunidad \u00fanica para que los m\u00fasicos seleccionados toquen en espacios singulares de la comunidad creativa de Poblenou Urban District durante el Poblenou Open Night.<\/h6>\n<h6>De todas las actuaciones, saldr\u00e1n diferentes propuestas ganadoras que tendr\u00e1n la oportunidad de tocar en Razzmatazz, Bridge 48 o Poblenou Urban District en la primavera de 2024.<\/h6>\n<p><\/p>","protected":false},"excerpt":{"rendered":"<p>MUSIC URBAN CIRCUIT | 24 DE NOVIEMBRE El Music Urban Circuit es un circuito que tiene como objetivo dar a&#8230; <a href=\"https:\/\/poblenouurbandistrict.com\/es\/3a-music-urban-circuit-2023\/\">M\u00e1s  \u2192<\/a><\/p>\n","protected":false},"author":5,"featured_media":0,"parent":0,"menu_order":0,"comment_status":"closed","ping_status":"closed","template":"templates\/template-map.php","meta":{"_acf_changed":false,"footnotes":""},"class_list":["post-42958","page","type-page","status-publish","hentry"],"acf":[],"yoast_head":"<!-- This site is optimized with the Yoast SEO plugin v27.3 - https:\/\/yoast.com\/product\/yoast-seo-wordpress\/ -->\n<title>Music Urban Circuit<\/title>\n<meta name=\"robots\" content=\"index, follow, max-snippet:-1, max-image-preview:large, max-video-preview:-1\" \/>\n<link rel=\"canonical\" href=\"https:\/\/poblenouurbandistrict.com\/es\/3a-music-urban-circuit-2023\/\" \/>\n<meta property=\"og:locale\" content=\"es_ES\" \/>\n<meta property=\"og:type\" content=\"article\" \/>\n<meta property=\"og:title\" content=\"Music Urban Circuit\" \/>\n<meta property=\"og:description\" content=\"MUSIC URBAN CIRCUIT | 24 DE NOVIEMBRE El Music Urban Circuit es un circuito que tiene como objetivo dar a... M\u00e1s \u2192\" \/>\n<meta property=\"og:url\" content=\"https:\/\/poblenouurbandistrict.com\/es\/3a-music-urban-circuit-2023\/\" \/>\n<meta property=\"og:site_name\" content=\"Poblenou Urban District\" \/>\n<meta property=\"article:modified_time\" content=\"2024-10-11T17:42:24+00:00\" \/>\n<meta name=\"twitter:card\" content=\"summary_large_image\" \/>\n<meta name=\"twitter:label1\" content=\"Tiempo de lectura\" \/>\n\t<meta name=\"twitter:data1\" content=\"1 minuto\" \/>\n<script type=\"application\/ld+json\" class=\"yoast-schema-graph\">{\"@context\":\"https:\\\/\\\/schema.org\",\"@graph\":[{\"@type\":\"WebPage\",\"@id\":\"https:\\\/\\\/poblenouurbandistrict.com\\\/es\\\/3a-music-urban-circuit-2023\\\/\",\"url\":\"https:\\\/\\\/poblenouurbandistrict.com\\\/es\\\/3a-music-urban-circuit-2023\\\/\",\"name\":\"Music Urban Circuit\",\"isPartOf\":{\"@id\":\"https:\\\/\\\/poblenouurbandistrict.com\\\/es\\\/#website\"},\"datePublished\":\"2023-11-22T10:44:41+00:00\",\"dateModified\":\"2024-10-11T17:42:24+00:00\",\"breadcrumb\":{\"@id\":\"https:\\\/\\\/poblenouurbandistrict.com\\\/es\\\/3a-music-urban-circuit-2023\\\/#breadcrumb\"},\"inLanguage\":\"es\",\"potentialAction\":[{\"@type\":\"ReadAction\",\"target\":[[\"https:\\\/\\\/poblenouurbandistrict.com\\\/es\\\/3a-music-urban-circuit-2023\\\/\"]]}]},{\"@type\":\"BreadcrumbList\",\"@id\":\"https:\\\/\\\/poblenouurbandistrict.com\\\/es\\\/3a-music-urban-circuit-2023\\\/#breadcrumb\",\"itemListElement\":[{\"@type\":\"ListItem\",\"position\":1,\"name\":\"Home\",\"item\":\"https:\\\/\\\/poblenouurbandistrict.com\\\/es\\\/\"},{\"@type\":\"ListItem\",\"position\":2,\"name\":\"Music Urban Circuit 2023\"}]},{\"@type\":\"WebSite\",\"@id\":\"https:\\\/\\\/poblenouurbandistrict.com\\\/es\\\/#website\",\"url\":\"https:\\\/\\\/poblenouurbandistrict.com\\\/es\\\/\",\"name\":\"Poblenou Urban District\",\"description\":\"Comunidad Creativa\",\"potentialAction\":[{\"@type\":\"SearchAction\",\"target\":{\"@type\":\"EntryPoint\",\"urlTemplate\":\"https:\\\/\\\/poblenouurbandistrict.com\\\/es\\\/?s={search_term_string}\"},\"query-input\":{\"@type\":\"PropertyValueSpecification\",\"valueRequired\":true,\"valueName\":\"search_term_string\"}}],\"inLanguage\":\"es\"}]}<\/script>\n<!-- \/ Yoast SEO plugin. -->","yoast_head_json":{"title":"Music Urban Circuit","robots":{"index":"index","follow":"follow","max-snippet":"max-snippet:-1","max-image-preview":"max-image-preview:large","max-video-preview":"max-video-preview:-1"},"canonical":"https:\/\/poblenouurbandistrict.com\/es\/3a-music-urban-circuit-2023\/","og_locale":"es_ES","og_type":"article","og_title":"Music Urban Circuit","og_description":"MUSIC URBAN CIRCUIT | 24 DE NOVIEMBRE El Music Urban Circuit es un circuito que tiene como objetivo dar a... M\u00e1s \u2192","og_url":"https:\/\/poblenouurbandistrict.com\/es\/3a-music-urban-circuit-2023\/","og_site_name":"Poblenou Urban District","article_modified_time":"2024-10-11T17:42:24+00:00","twitter_card":"summary_large_image","twitter_misc":{"Tiempo de lectura":"1 minuto"},"schema":{"@context":"https:\/\/schema.org","@graph":[{"@type":"WebPage","@id":"https:\/\/poblenouurbandistrict.com\/es\/3a-music-urban-circuit-2023\/","url":"https:\/\/poblenouurbandistrict.com\/es\/3a-music-urban-circuit-2023\/","name":"Music Urban Circuit","isPartOf":{"@id":"https:\/\/poblenouurbandistrict.com\/es\/#website"},"datePublished":"2023-11-22T10:44:41+00:00","dateModified":"2024-10-11T17:42:24+00:00","breadcrumb":{"@id":"https:\/\/poblenouurbandistrict.com\/es\/3a-music-urban-circuit-2023\/#breadcrumb"},"inLanguage":"es","potentialAction":[{"@type":"ReadAction","target":[["https:\/\/poblenouurbandistrict.com\/es\/3a-music-urban-circuit-2023\/"]]}]},{"@type":"BreadcrumbList","@id":"https:\/\/poblenouurbandistrict.com\/es\/3a-music-urban-circuit-2023\/#breadcrumb","itemListElement":[{"@type":"ListItem","position":1,"name":"Home","item":"https:\/\/poblenouurbandistrict.com\/es\/"},{"@type":"ListItem","position":2,"name":"Music Urban Circuit 2023"}]},{"@type":"WebSite","@id":"https:\/\/poblenouurbandistrict.com\/es\/#website","url":"https:\/\/poblenouurbandistrict.com\/es\/","name":"Poblenou Urban District","description":"Comunidad Creativa","potentialAction":[{"@type":"SearchAction","target":{"@type":"EntryPoint","urlTemplate":"https:\/\/poblenouurbandistrict.com\/es\/?s={search_term_string}"},"query-input":{"@type":"PropertyValueSpecification","valueRequired":true,"valueName":"search_term_string"}}],"inLanguage":"es"}]}},"_links":{"self":[{"href":"https:\/\/poblenouurbandistrict.com\/es\/wp-json\/wp\/v2\/pages\/42958","targetHints":{"allow":["GET"]}}],"collection":[{"href":"https:\/\/poblenouurbandistrict.com\/es\/wp-json\/wp\/v2\/pages"}],"about":[{"href":"https:\/\/poblenouurbandistrict.com\/es\/wp-json\/wp\/v2\/types\/page"}],"author":[{"embeddable":true,"href":"https:\/\/poblenouurbandistrict.com\/es\/wp-json\/wp\/v2\/users\/5"}],"replies":[{"embeddable":true,"href":"https:\/\/poblenouurbandistrict.com\/es\/wp-json\/wp\/v2\/comments?post=42958"}],"version-history":[{"count":25,"href":"https:\/\/poblenouurbandistrict.com\/es\/wp-json\/wp\/v2\/pages\/42958\/revisions"}],"predecessor-version":[{"id":47500,"href":"https:\/\/poblenouurbandistrict.com\/es\/wp-json\/wp\/v2\/pages\/42958\/revisions\/47500"}],"wp:attachment":[{"href":"https:\/\/poblenouurbandistrict.com\/es\/wp-json\/wp\/v2\/media?parent=42958"}],"curies":[{"name":"wp","href":"https:\/\/api.w.org\/{rel}","templated":true}]}}