{"id":45708,"date":"2024-04-29T13:41:57","date_gmt":"2024-04-29T11:41:57","guid":{"rendered":"https:\/\/poblenouurbandistrict.com\/?page_id=45708"},"modified":"2026-01-20T13:04:02","modified_gmt":"2026-01-20T12:04:02","slug":"windows-art-circuit","status":"publish","type":"page","link":"https:\/\/poblenouurbandistrict.com\/es\/windows-art-circuit\/","title":{"rendered":"Windows Art Circuit"},"content":{"rendered":"<p><\/p>\n<h3>El pr\u00f3ximo 10 de mayo celebramos el Windows Art Circuit (WAC), un circuito que permite al p\u00fablico experimentar en directo el proceso completo de creaci\u00f3n del arte mural sobre soportes no convencionales, reclamando las calles y recuperando los espacios en desuso como \u00e1reas de alto valor cultural. En esta edici\u00f3n podremos disfrutar de m\u00e1s de veinte artistas especialmente seleccionados que trabajan diferentes disciplinas como la fotograf\u00eda, la ilustraci\u00f3n, la pintura y el arte mural.<\/h3>\n<p>&nbsp;<\/p>","protected":false},"excerpt":{"rendered":"<p>El pr\u00f3ximo 10 de mayo celebramos el Windows Art Circuit (WAC), un circuito que permite al p\u00fablico experimentar en directo&#8230; <a href=\"https:\/\/poblenouurbandistrict.com\/es\/windows-art-circuit\/\">M\u00e1s  \u2192<\/a><\/p>\n","protected":false},"author":5,"featured_media":45721,"parent":0,"menu_order":0,"comment_status":"closed","ping_status":"closed","template":"templates\/template-map.php","meta":{"_acf_changed":false,"footnotes":""},"class_list":["post-45708","page","type-page","status-publish","has-post-thumbnail","hentry"],"acf":[],"yoast_head":"<!-- This site is optimized with the Yoast SEO plugin v27.3 - https:\/\/yoast.com\/product\/yoast-seo-wordpress\/ -->\n<title>Windows Art Circuit &#8211; Poblenou Urban District Windows Art Circuit Windows Art Circuit % Windows Art Circuit<\/title>\n<meta name=\"description\" content=\"El Windows Art Circuit (WAC) \u00e9s un dels esdeveniments vertebradors del Poblenou Urban District, un circuit que permet el p\u00fablic experimentar en directe el proc\u00e9s complet de creaci\u00f3 de l\u2019art mural sobre suports no convencionals, reclamant els carrers i recuperant els espais en des\u00fas com a \u00e0rees d\u2019alt valor cultural. En aquesta edici\u00f3 podrem gaudir de m\u00e9s d\u2019una vintena d\u2019artistes especialment seleccionats que treballen diferents disciplines com la fotografia, la il\u00b7lustraci\u00f3, la pintura i l\u2019art mural.\" \/>\n<meta name=\"robots\" content=\"index, follow, max-snippet:-1, max-image-preview:large, max-video-preview:-1\" \/>\n<link rel=\"canonical\" href=\"https:\/\/poblenouurbandistrict.com\/es\/windows-art-circuit\/\" \/>\n<meta property=\"og:locale\" content=\"es_ES\" \/>\n<meta property=\"og:type\" content=\"article\" \/>\n<meta property=\"og:title\" content=\"Windows Art Circuit &#8211; Poblenou Urban District Windows Art Circuit Windows Art Circuit % Windows Art Circuit\" \/>\n<meta property=\"og:description\" content=\"El Windows Art Circuit (WAC) \u00e9s un dels esdeveniments vertebradors del Poblenou Urban District, un circuit que permet el p\u00fablic experimentar en directe el proc\u00e9s complet de creaci\u00f3 de l\u2019art mural sobre suports no convencionals, reclamant els carrers i recuperant els espais en des\u00fas com a \u00e0rees d\u2019alt valor cultural. En aquesta edici\u00f3 podrem gaudir de m\u00e9s d\u2019una vintena d\u2019artistes especialment seleccionats que treballen diferents disciplines com la fotografia, la il\u00b7lustraci\u00f3, la pintura i l\u2019art mural.\" \/>\n<meta property=\"og:url\" content=\"https:\/\/poblenouurbandistrict.com\/es\/windows-art-circuit\/\" \/>\n<meta property=\"og:site_name\" content=\"Poblenou Urban District\" \/>\n<meta property=\"article:modified_time\" content=\"2026-01-20T12:04:02+00:00\" \/>\n<meta property=\"og:image\" content=\"https:\/\/poblenouurbandistrict.com\/wp-content\/uploads\/2024\/04\/logo-wac-05-2.png\" \/>\n\t<meta property=\"og:image:width\" content=\"2560\" \/>\n\t<meta property=\"og:image:height\" content=\"852\" \/>\n\t<meta property=\"og:image:type\" content=\"image\/png\" \/>\n<meta name=\"twitter:card\" content=\"summary_large_image\" \/>\n<meta name=\"twitter:label1\" content=\"Tiempo de lectura\" \/>\n\t<meta name=\"twitter:data1\" content=\"1 minuto\" \/>\n<script type=\"application\/ld+json\" class=\"yoast-schema-graph\">{\"@context\":\"https:\\\/\\\/schema.org\",\"@graph\":[{\"@type\":\"WebPage\",\"@id\":\"https:\\\/\\\/poblenouurbandistrict.com\\\/es\\\/windows-art-circuit\\\/\",\"url\":\"https:\\\/\\\/poblenouurbandistrict.com\\\/es\\\/windows-art-circuit\\\/\",\"name\":\"Windows Art Circuit &#8211; Poblenou Urban District Windows Art Circuit Windows Art Circuit % Windows Art Circuit\",\"isPartOf\":{\"@id\":\"https:\\\/\\\/poblenouurbandistrict.com\\\/es\\\/#website\"},\"primaryImageOfPage\":{\"@id\":\"https:\\\/\\\/poblenouurbandistrict.com\\\/es\\\/windows-art-circuit\\\/#primaryimage\"},\"image\":{\"@id\":\"https:\\\/\\\/poblenouurbandistrict.com\\\/windows-art-circuit\\\/#primaryimage\"},\"thumbnailUrl\":\"https:\\\/\\\/media.poblenouurbandistrict.com\\\/2024\\\/04\\\/25073115\\\/logo-wac-05-2.png\",\"datePublished\":\"2024-04-29T11:41:57+00:00\",\"dateModified\":\"2026-01-20T12:04:02+00:00\",\"description\":\"El Windows Art Circuit (WAC) \u00e9s un dels esdeveniments vertebradors del Poblenou Urban District, un circuit que permet el p\u00fablic experimentar en directe el proc\u00e9s complet de creaci\u00f3 de l\u2019art mural sobre suports no convencionals, reclamant els carrers i recuperant els espais en des\u00fas com a \u00e0rees d\u2019alt valor cultural. En aquesta edici\u00f3 podrem gaudir de m\u00e9s d\u2019una vintena d\u2019artistes especialment seleccionats que treballen diferents disciplines com la fotografia, la il\u00b7lustraci\u00f3, la pintura i l\u2019art mural.\",\"breadcrumb\":{\"@id\":\"https:\\\/\\\/poblenouurbandistrict.com\\\/es\\\/windows-art-circuit\\\/#breadcrumb\"},\"inLanguage\":\"es\",\"potentialAction\":[{\"@type\":\"ReadAction\",\"target\":[[\"https:\\\/\\\/poblenouurbandistrict.com\\\/es\\\/windows-art-circuit\\\/\"]]}]},{\"@type\":\"ImageObject\",\"inLanguage\":\"es\",\"@id\":\"https:\\\/\\\/poblenouurbandistrict.com\\\/es\\\/windows-art-circuit\\\/#primaryimage\",\"url\":\"https:\\\/\\\/media.poblenouurbandistrict.com\\\/2024\\\/04\\\/25073115\\\/logo-wac-05-2.png\",\"contentUrl\":\"https:\\\/\\\/media.poblenouurbandistrict.com\\\/2024\\\/04\\\/25073115\\\/logo-wac-05-2.png\",\"width\":2560,\"height\":852},{\"@type\":\"BreadcrumbList\",\"@id\":\"https:\\\/\\\/poblenouurbandistrict.com\\\/es\\\/windows-art-circuit\\\/#breadcrumb\",\"itemListElement\":[{\"@type\":\"ListItem\",\"position\":1,\"name\":\"Home\",\"item\":\"https:\\\/\\\/poblenouurbandistrict.com\\\/es\\\/\"},{\"@type\":\"ListItem\",\"position\":2,\"name\":\"Windows Art Circuit\"}]},{\"@type\":\"WebSite\",\"@id\":\"https:\\\/\\\/poblenouurbandistrict.com\\\/es\\\/#website\",\"url\":\"https:\\\/\\\/poblenouurbandistrict.com\\\/es\\\/\",\"name\":\"Poblenou Urban District\",\"description\":\"Comunidad Creativa\",\"potentialAction\":[{\"@type\":\"SearchAction\",\"target\":{\"@type\":\"EntryPoint\",\"urlTemplate\":\"https:\\\/\\\/poblenouurbandistrict.com\\\/es\\\/?s={search_term_string}\"},\"query-input\":{\"@type\":\"PropertyValueSpecification\",\"valueRequired\":true,\"valueName\":\"search_term_string\"}}],\"inLanguage\":\"es\"}]}<\/script>\n<!-- \/ Yoast SEO plugin. -->","yoast_head_json":{"title":"Windows Art Circuit &#8211; Poblenou Urban District Windows Art Circuit Windows Art Circuit % Windows Art Circuit","description":"El Windows Art Circuit (WAC) \u00e9s un dels esdeveniments vertebradors del Poblenou Urban District, un circuit que permet el p\u00fablic experimentar en directe el proc\u00e9s complet de creaci\u00f3 de l\u2019art mural sobre suports no convencionals, reclamant els carrers i recuperant els espais en des\u00fas com a \u00e0rees d\u2019alt valor cultural. En aquesta edici\u00f3 podrem gaudir de m\u00e9s d\u2019una vintena d\u2019artistes especialment seleccionats que treballen diferents disciplines com la fotografia, la il\u00b7lustraci\u00f3, la pintura i l\u2019art mural.","robots":{"index":"index","follow":"follow","max-snippet":"max-snippet:-1","max-image-preview":"max-image-preview:large","max-video-preview":"max-video-preview:-1"},"canonical":"https:\/\/poblenouurbandistrict.com\/es\/windows-art-circuit\/","og_locale":"es_ES","og_type":"article","og_title":"Windows Art Circuit &#8211; Poblenou Urban District Windows Art Circuit Windows Art Circuit % Windows Art Circuit","og_description":"El Windows Art Circuit (WAC) \u00e9s un dels esdeveniments vertebradors del Poblenou Urban District, un circuit que permet el p\u00fablic experimentar en directe el proc\u00e9s complet de creaci\u00f3 de l\u2019art mural sobre suports no convencionals, reclamant els carrers i recuperant els espais en des\u00fas com a \u00e0rees d\u2019alt valor cultural. En aquesta edici\u00f3 podrem gaudir de m\u00e9s d\u2019una vintena d\u2019artistes especialment seleccionats que treballen diferents disciplines com la fotografia, la il\u00b7lustraci\u00f3, la pintura i l\u2019art mural.","og_url":"https:\/\/poblenouurbandistrict.com\/es\/windows-art-circuit\/","og_site_name":"Poblenou Urban District","article_modified_time":"2026-01-20T12:04:02+00:00","og_image":[{"width":2560,"height":852,"url":"https:\/\/poblenouurbandistrict.com\/wp-content\/uploads\/2024\/04\/logo-wac-05-2.png","type":"image\/png"}],"twitter_card":"summary_large_image","twitter_misc":{"Tiempo de lectura":"1 minuto"},"schema":{"@context":"https:\/\/schema.org","@graph":[{"@type":"WebPage","@id":"https:\/\/poblenouurbandistrict.com\/es\/windows-art-circuit\/","url":"https:\/\/poblenouurbandistrict.com\/es\/windows-art-circuit\/","name":"Windows Art Circuit &#8211; Poblenou Urban District Windows Art Circuit Windows Art Circuit % Windows Art Circuit","isPartOf":{"@id":"https:\/\/poblenouurbandistrict.com\/es\/#website"},"primaryImageOfPage":{"@id":"https:\/\/poblenouurbandistrict.com\/es\/windows-art-circuit\/#primaryimage"},"image":{"@id":"https:\/\/poblenouurbandistrict.com\/windows-art-circuit\/#primaryimage"},"thumbnailUrl":"https:\/\/media.poblenouurbandistrict.com\/2024\/04\/25073115\/logo-wac-05-2.png","datePublished":"2024-04-29T11:41:57+00:00","dateModified":"2026-01-20T12:04:02+00:00","description":"El Windows Art Circuit (WAC) \u00e9s un dels esdeveniments vertebradors del Poblenou Urban District, un circuit que permet el p\u00fablic experimentar en directe el proc\u00e9s complet de creaci\u00f3 de l\u2019art mural sobre suports no convencionals, reclamant els carrers i recuperant els espais en des\u00fas com a \u00e0rees d\u2019alt valor cultural. En aquesta edici\u00f3 podrem gaudir de m\u00e9s d\u2019una vintena d\u2019artistes especialment seleccionats que treballen diferents disciplines com la fotografia, la il\u00b7lustraci\u00f3, la pintura i l\u2019art mural.","breadcrumb":{"@id":"https:\/\/poblenouurbandistrict.com\/es\/windows-art-circuit\/#breadcrumb"},"inLanguage":"es","potentialAction":[{"@type":"ReadAction","target":[["https:\/\/poblenouurbandistrict.com\/es\/windows-art-circuit\/"]]}]},{"@type":"ImageObject","inLanguage":"es","@id":"https:\/\/poblenouurbandistrict.com\/es\/windows-art-circuit\/#primaryimage","url":"https:\/\/media.poblenouurbandistrict.com\/2024\/04\/25073115\/logo-wac-05-2.png","contentUrl":"https:\/\/media.poblenouurbandistrict.com\/2024\/04\/25073115\/logo-wac-05-2.png","width":2560,"height":852},{"@type":"BreadcrumbList","@id":"https:\/\/poblenouurbandistrict.com\/es\/windows-art-circuit\/#breadcrumb","itemListElement":[{"@type":"ListItem","position":1,"name":"Home","item":"https:\/\/poblenouurbandistrict.com\/es\/"},{"@type":"ListItem","position":2,"name":"Windows Art Circuit"}]},{"@type":"WebSite","@id":"https:\/\/poblenouurbandistrict.com\/es\/#website","url":"https:\/\/poblenouurbandistrict.com\/es\/","name":"Poblenou Urban District","description":"Comunidad Creativa","potentialAction":[{"@type":"SearchAction","target":{"@type":"EntryPoint","urlTemplate":"https:\/\/poblenouurbandistrict.com\/es\/?s={search_term_string}"},"query-input":{"@type":"PropertyValueSpecification","valueRequired":true,"valueName":"search_term_string"}}],"inLanguage":"es"}]}},"_links":{"self":[{"href":"https:\/\/poblenouurbandistrict.com\/es\/wp-json\/wp\/v2\/pages\/45708","targetHints":{"allow":["GET"]}}],"collection":[{"href":"https:\/\/poblenouurbandistrict.com\/es\/wp-json\/wp\/v2\/pages"}],"about":[{"href":"https:\/\/poblenouurbandistrict.com\/es\/wp-json\/wp\/v2\/types\/page"}],"author":[{"embeddable":true,"href":"https:\/\/poblenouurbandistrict.com\/es\/wp-json\/wp\/v2\/users\/5"}],"replies":[{"embeddable":true,"href":"https:\/\/poblenouurbandistrict.com\/es\/wp-json\/wp\/v2\/comments?post=45708"}],"version-history":[{"count":12,"href":"https:\/\/poblenouurbandistrict.com\/es\/wp-json\/wp\/v2\/pages\/45708\/revisions"}],"predecessor-version":[{"id":54488,"href":"https:\/\/poblenouurbandistrict.com\/es\/wp-json\/wp\/v2\/pages\/45708\/revisions\/54488"}],"wp:featuredmedia":[{"embeddable":true,"href":"https:\/\/poblenouurbandistrict.com\/es\/wp-json\/wp\/v2\/media\/45721"}],"wp:attachment":[{"href":"https:\/\/poblenouurbandistrict.com\/es\/wp-json\/wp\/v2\/media?parent=45708"}],"curies":[{"name":"wp","href":"https:\/\/api.w.org\/{rel}","templated":true}]}}