{"id":45715,"date":"2024-04-29T14:59:24","date_gmt":"2024-04-29T12:59:24","guid":{"rendered":"https:\/\/poblenouurbandistrict.com\/?page_id=45715"},"modified":"2024-04-29T14:59:24","modified_gmt":"2024-04-29T12:59:24","slug":"wac-windows-art-circuit-2023","status":"publish","type":"page","link":"https:\/\/poblenouurbandistrict.com\/es\/wac-windows-art-circuit-2023\/","title":{"rendered":"Windows Art Circuit 2023"},"content":{"rendered":"<p>El Windows Art Circuit (WAC) \u00e9s un dels esdeveniments vertebradors del Poblenou Urban District, un circuit que permet el p\u00fablic experimentar en directe el proc\u00e9s complet de creaci\u00f3 de l\u2019art mural sobre suports no convencionals, reclamant els carrers i recuperant els espais en des\u00fas com a \u00e0rees d\u2019alt valor cultural. En aquesta edici\u00f3 podrem gaudir de m\u00e9s d&#8217;una vintena d\u2019artistes especialment seleccionats que treballen diferents disciplines com la fotografia, la il\u00b7lustraci\u00f3, la pintura i l\u2019art mural.<\/p>\n<h5 style=\"text-align: center;\"><strong>Dissabte, 4 de maig<\/strong><\/h5>\n<p><\/p>","protected":false},"excerpt":{"rendered":"<p>El Windows Art Circuit (WAC) \u00e9s un dels esdeveniments vertebradors del Poblenou Urban District, un circuit que permet el p\u00fablic&#8230; <a href=\"https:\/\/poblenouurbandistrict.com\/es\/wac-windows-art-circuit-2023\/\">M\u00e1s  \u2192<\/a><\/p>\n","protected":false},"author":5,"featured_media":45706,"parent":0,"menu_order":0,"comment_status":"closed","ping_status":"closed","template":"templates\/template-map.php","meta":{"_acf_changed":false,"footnotes":""},"class_list":["post-45715","page","type-page","status-publish","has-post-thumbnail","hentry"],"acf":[],"yoast_head":"<!-- This site is optimized with the Yoast SEO plugin v27.3 - https:\/\/yoast.com\/product\/yoast-seo-wordpress\/ -->\n<title>Windows Art Circuit 2023 &#8211; Poblenou Urban District Windows Art Circuit 2023 Windows Art Circuit 2023 % Windows Art Circuit 2023<\/title>\n<meta name=\"description\" content=\"El Windows Art Circuit (WAC) \u00e9s un dels esdeveniments vertebradors del Poblenou Urban District, un circuit que permet el p\u00fablic experimentar en directe el proc\u00e9s complet de creaci\u00f3 de l\u2019art mural sobre suports no convencionals, reclamant els carrers i recuperant els espais en des\u00fas com a \u00e0rees d\u2019alt valor cultural. En aquesta edici\u00f3 podrem gaudir de m\u00e9s d\u2019una vintena d\u2019artistes especialment seleccionats que treballen diferents disciplines com la fotografia, la il\u00b7lustraci\u00f3, la pintura i l\u2019art mural.\" \/>\n<meta name=\"robots\" content=\"index, follow, max-snippet:-1, max-image-preview:large, max-video-preview:-1\" \/>\n<link rel=\"canonical\" href=\"https:\/\/poblenouurbandistrict.com\/es\/wac-windows-art-circuit-2023\/\" \/>\n<meta property=\"og:locale\" content=\"es_ES\" \/>\n<meta property=\"og:type\" content=\"article\" \/>\n<meta property=\"og:title\" content=\"Windows Art Circuit 2023 &#8211; Poblenou Urban District Windows Art Circuit 2023 Windows Art Circuit 2023 % Windows Art Circuit 2023\" \/>\n<meta property=\"og:description\" content=\"El Windows Art Circuit (WAC) \u00e9s un dels esdeveniments vertebradors del Poblenou Urban District, un circuit que permet el p\u00fablic experimentar en directe el proc\u00e9s complet de creaci\u00f3 de l\u2019art mural sobre suports no convencionals, reclamant els carrers i recuperant els espais en des\u00fas com a \u00e0rees d\u2019alt valor cultural. En aquesta edici\u00f3 podrem gaudir de m\u00e9s d\u2019una vintena d\u2019artistes especialment seleccionats que treballen diferents disciplines com la fotografia, la il\u00b7lustraci\u00f3, la pintura i l\u2019art mural.\" \/>\n<meta property=\"og:url\" content=\"https:\/\/poblenouurbandistrict.com\/es\/wac-windows-art-circuit-2023\/\" \/>\n<meta property=\"og:site_name\" content=\"Poblenou Urban District\" \/>\n<meta property=\"og:image\" content=\"https:\/\/poblenouurbandistrict.com\/wp-content\/uploads\/2024\/04\/logo-wac-01.png\" \/>\n\t<meta property=\"og:image:width\" content=\"1357\" \/>\n\t<meta property=\"og:image:height\" content=\"857\" \/>\n\t<meta property=\"og:image:type\" content=\"image\/png\" \/>\n<meta name=\"twitter:card\" content=\"summary_large_image\" \/>\n<meta name=\"twitter:label1\" content=\"Tiempo de lectura\" \/>\n\t<meta name=\"twitter:data1\" content=\"1 minuto\" \/>\n<script type=\"application\/ld+json\" class=\"yoast-schema-graph\">{\"@context\":\"https:\\\/\\\/schema.org\",\"@graph\":[{\"@type\":\"WebPage\",\"@id\":\"https:\\\/\\\/poblenouurbandistrict.com\\\/es\\\/wac-windows-art-circuit-2023\\\/\",\"url\":\"https:\\\/\\\/poblenouurbandistrict.com\\\/es\\\/wac-windows-art-circuit-2023\\\/\",\"name\":\"Windows Art Circuit 2023 &#8211; Poblenou Urban District Windows Art Circuit 2023 Windows Art Circuit 2023 % Windows Art Circuit 2023\",\"isPartOf\":{\"@id\":\"https:\\\/\\\/poblenouurbandistrict.com\\\/es\\\/#website\"},\"primaryImageOfPage\":{\"@id\":\"https:\\\/\\\/poblenouurbandistrict.com\\\/es\\\/wac-windows-art-circuit-2023\\\/#primaryimage\"},\"image\":{\"@id\":\"https:\\\/\\\/poblenouurbandistrict.com\\\/wac-windows-art-circuit-2023\\\/#primaryimage\"},\"thumbnailUrl\":\"https:\\\/\\\/media.poblenouurbandistrict.com\\\/2024\\\/04\\\/25073105\\\/logo-wac-01.png\",\"datePublished\":\"2024-04-29T12:59:24+00:00\",\"description\":\"El Windows Art Circuit (WAC) \u00e9s un dels esdeveniments vertebradors del Poblenou Urban District, un circuit que permet el p\u00fablic experimentar en directe el proc\u00e9s complet de creaci\u00f3 de l\u2019art mural sobre suports no convencionals, reclamant els carrers i recuperant els espais en des\u00fas com a \u00e0rees d\u2019alt valor cultural. En aquesta edici\u00f3 podrem gaudir de m\u00e9s d\u2019una vintena d\u2019artistes especialment seleccionats que treballen diferents disciplines com la fotografia, la il\u00b7lustraci\u00f3, la pintura i l\u2019art mural.\",\"breadcrumb\":{\"@id\":\"https:\\\/\\\/poblenouurbandistrict.com\\\/es\\\/wac-windows-art-circuit-2023\\\/#breadcrumb\"},\"inLanguage\":\"es\",\"potentialAction\":[{\"@type\":\"ReadAction\",\"target\":[[\"https:\\\/\\\/poblenouurbandistrict.com\\\/es\\\/wac-windows-art-circuit-2023\\\/\"]]}]},{\"@type\":\"ImageObject\",\"inLanguage\":\"es\",\"@id\":\"https:\\\/\\\/poblenouurbandistrict.com\\\/es\\\/wac-windows-art-circuit-2023\\\/#primaryimage\",\"url\":\"https:\\\/\\\/media.poblenouurbandistrict.com\\\/2024\\\/04\\\/25073105\\\/logo-wac-01.png\",\"contentUrl\":\"https:\\\/\\\/media.poblenouurbandistrict.com\\\/2024\\\/04\\\/25073105\\\/logo-wac-01.png\",\"width\":1357,\"height\":857},{\"@type\":\"BreadcrumbList\",\"@id\":\"https:\\\/\\\/poblenouurbandistrict.com\\\/es\\\/wac-windows-art-circuit-2023\\\/#breadcrumb\",\"itemListElement\":[{\"@type\":\"ListItem\",\"position\":1,\"name\":\"Home\",\"item\":\"https:\\\/\\\/poblenouurbandistrict.com\\\/es\\\/\"},{\"@type\":\"ListItem\",\"position\":2,\"name\":\"Windows Art Circuit 2023\"}]},{\"@type\":\"WebSite\",\"@id\":\"https:\\\/\\\/poblenouurbandistrict.com\\\/es\\\/#website\",\"url\":\"https:\\\/\\\/poblenouurbandistrict.com\\\/es\\\/\",\"name\":\"Poblenou Urban District\",\"description\":\"Comunidad Creativa\",\"potentialAction\":[{\"@type\":\"SearchAction\",\"target\":{\"@type\":\"EntryPoint\",\"urlTemplate\":\"https:\\\/\\\/poblenouurbandistrict.com\\\/es\\\/?s={search_term_string}\"},\"query-input\":{\"@type\":\"PropertyValueSpecification\",\"valueRequired\":true,\"valueName\":\"search_term_string\"}}],\"inLanguage\":\"es\"}]}<\/script>\n<!-- \/ Yoast SEO plugin. -->","yoast_head_json":{"title":"Windows Art Circuit 2023 &#8211; Poblenou Urban District Windows Art Circuit 2023 Windows Art Circuit 2023 % Windows Art Circuit 2023","description":"El Windows Art Circuit (WAC) \u00e9s un dels esdeveniments vertebradors del Poblenou Urban District, un circuit que permet el p\u00fablic experimentar en directe el proc\u00e9s complet de creaci\u00f3 de l\u2019art mural sobre suports no convencionals, reclamant els carrers i recuperant els espais en des\u00fas com a \u00e0rees d\u2019alt valor cultural. En aquesta edici\u00f3 podrem gaudir de m\u00e9s d\u2019una vintena d\u2019artistes especialment seleccionats que treballen diferents disciplines com la fotografia, la il\u00b7lustraci\u00f3, la pintura i l\u2019art mural.","robots":{"index":"index","follow":"follow","max-snippet":"max-snippet:-1","max-image-preview":"max-image-preview:large","max-video-preview":"max-video-preview:-1"},"canonical":"https:\/\/poblenouurbandistrict.com\/es\/wac-windows-art-circuit-2023\/","og_locale":"es_ES","og_type":"article","og_title":"Windows Art Circuit 2023 &#8211; Poblenou Urban District Windows Art Circuit 2023 Windows Art Circuit 2023 % Windows Art Circuit 2023","og_description":"El Windows Art Circuit (WAC) \u00e9s un dels esdeveniments vertebradors del Poblenou Urban District, un circuit que permet el p\u00fablic experimentar en directe el proc\u00e9s complet de creaci\u00f3 de l\u2019art mural sobre suports no convencionals, reclamant els carrers i recuperant els espais en des\u00fas com a \u00e0rees d\u2019alt valor cultural. En aquesta edici\u00f3 podrem gaudir de m\u00e9s d\u2019una vintena d\u2019artistes especialment seleccionats que treballen diferents disciplines com la fotografia, la il\u00b7lustraci\u00f3, la pintura i l\u2019art mural.","og_url":"https:\/\/poblenouurbandistrict.com\/es\/wac-windows-art-circuit-2023\/","og_site_name":"Poblenou Urban District","og_image":[{"width":1357,"height":857,"url":"https:\/\/poblenouurbandistrict.com\/wp-content\/uploads\/2024\/04\/logo-wac-01.png","type":"image\/png"}],"twitter_card":"summary_large_image","twitter_misc":{"Tiempo de lectura":"1 minuto"},"schema":{"@context":"https:\/\/schema.org","@graph":[{"@type":"WebPage","@id":"https:\/\/poblenouurbandistrict.com\/es\/wac-windows-art-circuit-2023\/","url":"https:\/\/poblenouurbandistrict.com\/es\/wac-windows-art-circuit-2023\/","name":"Windows Art Circuit 2023 &#8211; Poblenou Urban District Windows Art Circuit 2023 Windows Art Circuit 2023 % Windows Art Circuit 2023","isPartOf":{"@id":"https:\/\/poblenouurbandistrict.com\/es\/#website"},"primaryImageOfPage":{"@id":"https:\/\/poblenouurbandistrict.com\/es\/wac-windows-art-circuit-2023\/#primaryimage"},"image":{"@id":"https:\/\/poblenouurbandistrict.com\/wac-windows-art-circuit-2023\/#primaryimage"},"thumbnailUrl":"https:\/\/media.poblenouurbandistrict.com\/2024\/04\/25073105\/logo-wac-01.png","datePublished":"2024-04-29T12:59:24+00:00","description":"El Windows Art Circuit (WAC) \u00e9s un dels esdeveniments vertebradors del Poblenou Urban District, un circuit que permet el p\u00fablic experimentar en directe el proc\u00e9s complet de creaci\u00f3 de l\u2019art mural sobre suports no convencionals, reclamant els carrers i recuperant els espais en des\u00fas com a \u00e0rees d\u2019alt valor cultural. En aquesta edici\u00f3 podrem gaudir de m\u00e9s d\u2019una vintena d\u2019artistes especialment seleccionats que treballen diferents disciplines com la fotografia, la il\u00b7lustraci\u00f3, la pintura i l\u2019art mural.","breadcrumb":{"@id":"https:\/\/poblenouurbandistrict.com\/es\/wac-windows-art-circuit-2023\/#breadcrumb"},"inLanguage":"es","potentialAction":[{"@type":"ReadAction","target":[["https:\/\/poblenouurbandistrict.com\/es\/wac-windows-art-circuit-2023\/"]]}]},{"@type":"ImageObject","inLanguage":"es","@id":"https:\/\/poblenouurbandistrict.com\/es\/wac-windows-art-circuit-2023\/#primaryimage","url":"https:\/\/media.poblenouurbandistrict.com\/2024\/04\/25073105\/logo-wac-01.png","contentUrl":"https:\/\/media.poblenouurbandistrict.com\/2024\/04\/25073105\/logo-wac-01.png","width":1357,"height":857},{"@type":"BreadcrumbList","@id":"https:\/\/poblenouurbandistrict.com\/es\/wac-windows-art-circuit-2023\/#breadcrumb","itemListElement":[{"@type":"ListItem","position":1,"name":"Home","item":"https:\/\/poblenouurbandistrict.com\/es\/"},{"@type":"ListItem","position":2,"name":"Windows Art Circuit 2023"}]},{"@type":"WebSite","@id":"https:\/\/poblenouurbandistrict.com\/es\/#website","url":"https:\/\/poblenouurbandistrict.com\/es\/","name":"Poblenou Urban District","description":"Comunidad Creativa","potentialAction":[{"@type":"SearchAction","target":{"@type":"EntryPoint","urlTemplate":"https:\/\/poblenouurbandistrict.com\/es\/?s={search_term_string}"},"query-input":{"@type":"PropertyValueSpecification","valueRequired":true,"valueName":"search_term_string"}}],"inLanguage":"es"}]}},"_links":{"self":[{"href":"https:\/\/poblenouurbandistrict.com\/es\/wp-json\/wp\/v2\/pages\/45715","targetHints":{"allow":["GET"]}}],"collection":[{"href":"https:\/\/poblenouurbandistrict.com\/es\/wp-json\/wp\/v2\/pages"}],"about":[{"href":"https:\/\/poblenouurbandistrict.com\/es\/wp-json\/wp\/v2\/types\/page"}],"author":[{"embeddable":true,"href":"https:\/\/poblenouurbandistrict.com\/es\/wp-json\/wp\/v2\/users\/5"}],"replies":[{"embeddable":true,"href":"https:\/\/poblenouurbandistrict.com\/es\/wp-json\/wp\/v2\/comments?post=45715"}],"version-history":[{"count":1,"href":"https:\/\/poblenouurbandistrict.com\/es\/wp-json\/wp\/v2\/pages\/45715\/revisions"}],"predecessor-version":[{"id":45717,"href":"https:\/\/poblenouurbandistrict.com\/es\/wp-json\/wp\/v2\/pages\/45715\/revisions\/45717"}],"wp:featuredmedia":[{"embeddable":true,"href":"https:\/\/poblenouurbandistrict.com\/es\/wp-json\/wp\/v2\/media\/45706"}],"wp:attachment":[{"href":"https:\/\/poblenouurbandistrict.com\/es\/wp-json\/wp\/v2\/media?parent=45715"}],"curies":[{"name":"wp","href":"https:\/\/api.w.org\/{rel}","templated":true}]}}