{"id":49474,"date":"2025-01-30T19:01:25","date_gmt":"2025-01-30T18:01:25","guid":{"rendered":"https:\/\/poblenouurbandistrict.com\/?page_id=49474"},"modified":"2025-10-10T13:40:31","modified_gmt":"2025-10-10T11:40:31","slug":"urban-talks-9","status":"publish","type":"page","link":"https:\/\/poblenouurbandistrict.com\/es\/urban-talks-9\/","title":{"rendered":"Urban Talks #9"},"content":{"rendered":"<p><\/p>\n<p data-start=\"329\" data-end=\"599\">En esta novena edici\u00f3n, en colaboraci\u00f3n con Conexiones Creativas y La Plataforma, las Urban Talks quieren generar un espacio de di\u00e1logo entre profesionales y p\u00fablico, explorando diferentes perspectivas sobre el arte, la creatividad y su papel en los Distritos Creativos.<\/p>\n<p data-start=\"601\" data-end=\"704\">Las tres charlas estar\u00e1n moderadas por <strong>Paula Trujillo y Conrado Uribe<\/strong>, directores\u00a0de\u00a0<a href=\"https:\/\/cccreativas.com\/\">Conexiones Creativas<\/a>.<\/p>\n<h4>Mesa 1: Arte y Territorio<\/h4>\n<ul>\n<li><strong>Mar L\u00f3pez-Pinto y Jordi Solsona<\/strong>, fundadores y directores del <a href=\"https:\/\/www.gargarfestival.com\/\"><span style=\"font-weight: 400;\">Gargar Festival<\/span><\/a><\/li>\n<li><strong>Sergi Arbus\u00e0<\/strong>, fundador de Penique Productions<\/li>\n<li><strong>Blanca Haddad<\/strong>, poeta y pintora<\/li>\n<li><strong>Claudia Leit\u00e3o<\/strong>, Secretaria de Econom\u00eda Creativa de Brasil<\/li>\n<\/ul>\n<p>Abordar\u00e1n de qu\u00e9 manera las intervenciones art\u00edsticas pueden activar la memoria, resistir la homogeneizaci\u00f3n y negociar las identidades en los territorios, evitando convertirse en herramientas de un urbanismo meramente est\u00e9tico.<\/p>\n<hr \/>\n<h4>Mesa 2: C\u00f3mo impulsar Distritos Creativos<\/h4>\n<ul>\n<li><strong>Claudia Costa<\/strong>, directora creativa de Poblenou Urban District<\/li>\n<li><strong>Elisabet Par\u00e9s<\/strong>, fundadora de Palo Santo<\/li>\n<li><strong>Felipe Dias<\/strong>, secretario de Econom\u00eda Creativa de Salvador (Brasil)<\/li>\n<li><strong>Mar\u00eda Paula Giraldo<\/strong>, del Distrito Creativo de Marinilla (Colombia)<\/li>\n<\/ul>\n<p>Hablar\u00e1n sobre qu\u00e9 estrategias pueden fomentar y consolidar los distritos creativos a trav\u00e9s de tres casos de estudio. Se explorar\u00e1n modelos de gobernanza, la necesidad de articular alianzas p\u00fablico-privadas y el desarrollo de ecosistemas resilientes.<\/p>\n<hr \/>\n<h4>Mesa 3: Gentrificaci\u00f3n en los Distritos Creativos<\/h4>\n<ul>\n<li><strong>Maria Teresa Fern\u00e1ndez<\/strong>, jefa de proyecto \u2013 Metadistritos, Universidad Vi\u00f1a del Mar (Chile)<\/li>\n<li><strong>Paula Trujillo,<\/strong>\u00a0Exgerente del Hub Creativo Bodega Comfama\/Distrito Perpetuo Socorro (Medell\u00edn)<\/li>\n<li><strong>Thiago Pilloni<\/strong>, gerente de Distritos <span style=\"font-weight: 400;\">Criativos e Monitoramento<\/span>, Prefeitura de Salvador (Brasil)<\/li>\n<\/ul>\n<p>Debatir\u00e1n sobre si es posible un desarrollo cultural que no se convierta en una herramienta de exclusi\u00f3n. Una mesa redonda que confronta el reto m\u00e1s sist\u00e9mico de los distritos creativos: su papel parad\u00f3jico como aceleradores de la gentrificaci\u00f3n.<\/p>\n<p><strong>Las Urban Talks son de acceso libre y gratuito hasta completar el aforo.<\/strong><\/p>\n<p>&nbsp;<\/p>\n<h3 style=\"text-align: center;\"><a href=\"https:\/\/www.youtube.com\/@poblenouurbandistrict\/videos\">Puedes ver las Urban Talks haciendo clic aqu\u00ed.<\/a><\/h3>\n<p><\/p>","protected":false},"excerpt":{"rendered":"<p>En esta novena edici\u00f3n, en colaboraci\u00f3n con Conexiones Creativas y La Plataforma, las Urban Talks quieren generar un espacio de&#8230; <a href=\"https:\/\/poblenouurbandistrict.com\/es\/urban-talks-9\/\">M\u00e1s  \u2192<\/a><\/p>\n","protected":false},"author":5,"featured_media":52548,"parent":0,"menu_order":4,"comment_status":"closed","ping_status":"closed","template":"templates\/template-imagemap.php","meta":{"_acf_changed":false,"footnotes":""},"class_list":["post-49474","page","type-page","status-publish","has-post-thumbnail","hentry"],"acf":[],"yoast_head":"<!-- This site is optimized with the Yoast SEO plugin v27.5 - https:\/\/yoast.com\/product\/yoast-seo-wordpress\/ -->\n<title>#9 Urban Talks<\/title>\n<meta name=\"description\" content=\"4 OCTUBRE | 11h 15h | Disseny Hub Barcelona\" \/>\n<meta name=\"robots\" content=\"index, follow, max-snippet:-1, max-image-preview:large, max-video-preview:-1\" \/>\n<link rel=\"canonical\" href=\"https:\/\/poblenouurbandistrict.com\/es\/urban-talks-9\/\" \/>\n<meta property=\"og:locale\" content=\"es_ES\" \/>\n<meta property=\"og:type\" content=\"article\" \/>\n<meta property=\"og:title\" content=\"#9 Urban Talks\" \/>\n<meta property=\"og:description\" content=\"4 OCTUBRE | 11h 15h | Disseny Hub Barcelona\" \/>\n<meta property=\"og:url\" content=\"https:\/\/poblenouurbandistrict.com\/es\/urban-talks-9\/\" \/>\n<meta property=\"og:site_name\" content=\"Poblenou Urban District\" \/>\n<meta property=\"article:modified_time\" content=\"2025-10-10T11:40:31+00:00\" \/>\n<meta property=\"og:image\" content=\"https:\/\/poblenouurbandistrict.com\/wp-content\/uploads\/2025\/09\/landing-web-mesa-de-trabajo-1.png\" \/>\n\t<meta property=\"og:image:width\" content=\"2560\" \/>\n\t<meta property=\"og:image:height\" content=\"1067\" \/>\n\t<meta property=\"og:image:type\" content=\"image\/png\" \/>\n<meta name=\"twitter:card\" content=\"summary_large_image\" \/>\n<meta name=\"twitter:label1\" content=\"Tiempo de lectura\" \/>\n\t<meta name=\"twitter:data1\" content=\"1 minuto\" \/>\n<script type=\"application\/ld+json\" class=\"yoast-schema-graph\">{\"@context\":\"https:\\\/\\\/schema.org\",\"@graph\":[{\"@type\":\"WebPage\",\"@id\":\"https:\\\/\\\/poblenouurbandistrict.com\\\/es\\\/urban-talks-9\\\/\",\"url\":\"https:\\\/\\\/poblenouurbandistrict.com\\\/es\\\/urban-talks-9\\\/\",\"name\":\"#9 Urban Talks\",\"isPartOf\":{\"@id\":\"https:\\\/\\\/poblenouurbandistrict.com\\\/es\\\/#website\"},\"primaryImageOfPage\":{\"@id\":\"https:\\\/\\\/poblenouurbandistrict.com\\\/es\\\/urban-talks-9\\\/#primaryimage\"},\"image\":{\"@id\":\"https:\\\/\\\/poblenouurbandistrict.com\\\/urban-talks-9\\\/#primaryimage\"},\"thumbnailUrl\":\"https:\\\/\\\/media.poblenouurbandistrict.com\\\/2025\\\/09\\\/25092943\\\/landing-web-mesa-de-trabajo-1.png\",\"datePublished\":\"2025-01-30T18:01:25+00:00\",\"dateModified\":\"2025-10-10T11:40:31+00:00\",\"description\":\"4 OCTUBRE | 11h 15h | Disseny Hub Barcelona\",\"breadcrumb\":{\"@id\":\"https:\\\/\\\/poblenouurbandistrict.com\\\/es\\\/urban-talks-9\\\/#breadcrumb\"},\"inLanguage\":\"es\",\"potentialAction\":[{\"@type\":\"ReadAction\",\"target\":[[\"https:\\\/\\\/poblenouurbandistrict.com\\\/es\\\/urban-talks-9\\\/\"]]}]},{\"@type\":\"ImageObject\",\"inLanguage\":\"es\",\"@id\":\"https:\\\/\\\/poblenouurbandistrict.com\\\/es\\\/urban-talks-9\\\/#primaryimage\",\"url\":\"https:\\\/\\\/media.poblenouurbandistrict.com\\\/2025\\\/09\\\/25092943\\\/landing-web-mesa-de-trabajo-1.png\",\"contentUrl\":\"https:\\\/\\\/media.poblenouurbandistrict.com\\\/2025\\\/09\\\/25092943\\\/landing-web-mesa-de-trabajo-1.png\",\"width\":2560,\"height\":1067},{\"@type\":\"BreadcrumbList\",\"@id\":\"https:\\\/\\\/poblenouurbandistrict.com\\\/es\\\/urban-talks-9\\\/#breadcrumb\",\"itemListElement\":[{\"@type\":\"ListItem\",\"position\":1,\"name\":\"Home\",\"item\":\"https:\\\/\\\/poblenouurbandistrict.com\\\/es\\\/\"},{\"@type\":\"ListItem\",\"position\":2,\"name\":\"Urban Talks #9\"}]},{\"@type\":\"WebSite\",\"@id\":\"https:\\\/\\\/poblenouurbandistrict.com\\\/es\\\/#website\",\"url\":\"https:\\\/\\\/poblenouurbandistrict.com\\\/es\\\/\",\"name\":\"Poblenou Urban District\",\"description\":\"Comunidad Creativa\",\"potentialAction\":[{\"@type\":\"SearchAction\",\"target\":{\"@type\":\"EntryPoint\",\"urlTemplate\":\"https:\\\/\\\/poblenouurbandistrict.com\\\/es\\\/?s={search_term_string}\"},\"query-input\":{\"@type\":\"PropertyValueSpecification\",\"valueRequired\":true,\"valueName\":\"search_term_string\"}}],\"inLanguage\":\"es\"}]}<\/script>\n<!-- \/ Yoast SEO plugin. -->","yoast_head_json":{"title":"#9 Urban Talks","description":"4 OCTUBRE | 11h 15h | Disseny Hub Barcelona","robots":{"index":"index","follow":"follow","max-snippet":"max-snippet:-1","max-image-preview":"max-image-preview:large","max-video-preview":"max-video-preview:-1"},"canonical":"https:\/\/poblenouurbandistrict.com\/es\/urban-talks-9\/","og_locale":"es_ES","og_type":"article","og_title":"#9 Urban Talks","og_description":"4 OCTUBRE | 11h 15h | Disseny Hub Barcelona","og_url":"https:\/\/poblenouurbandistrict.com\/es\/urban-talks-9\/","og_site_name":"Poblenou Urban District","article_modified_time":"2025-10-10T11:40:31+00:00","og_image":[{"width":2560,"height":1067,"url":"https:\/\/poblenouurbandistrict.com\/wp-content\/uploads\/2025\/09\/landing-web-mesa-de-trabajo-1.png","type":"image\/png"}],"twitter_card":"summary_large_image","twitter_misc":{"Tiempo de lectura":"1 minuto"},"schema":{"@context":"https:\/\/schema.org","@graph":[{"@type":"WebPage","@id":"https:\/\/poblenouurbandistrict.com\/es\/urban-talks-9\/","url":"https:\/\/poblenouurbandistrict.com\/es\/urban-talks-9\/","name":"#9 Urban Talks","isPartOf":{"@id":"https:\/\/poblenouurbandistrict.com\/es\/#website"},"primaryImageOfPage":{"@id":"https:\/\/poblenouurbandistrict.com\/es\/urban-talks-9\/#primaryimage"},"image":{"@id":"https:\/\/poblenouurbandistrict.com\/urban-talks-9\/#primaryimage"},"thumbnailUrl":"https:\/\/media.poblenouurbandistrict.com\/2025\/09\/25092943\/landing-web-mesa-de-trabajo-1.png","datePublished":"2025-01-30T18:01:25+00:00","dateModified":"2025-10-10T11:40:31+00:00","description":"4 OCTUBRE | 11h 15h | Disseny Hub Barcelona","breadcrumb":{"@id":"https:\/\/poblenouurbandistrict.com\/es\/urban-talks-9\/#breadcrumb"},"inLanguage":"es","potentialAction":[{"@type":"ReadAction","target":[["https:\/\/poblenouurbandistrict.com\/es\/urban-talks-9\/"]]}]},{"@type":"ImageObject","inLanguage":"es","@id":"https:\/\/poblenouurbandistrict.com\/es\/urban-talks-9\/#primaryimage","url":"https:\/\/media.poblenouurbandistrict.com\/2025\/09\/25092943\/landing-web-mesa-de-trabajo-1.png","contentUrl":"https:\/\/media.poblenouurbandistrict.com\/2025\/09\/25092943\/landing-web-mesa-de-trabajo-1.png","width":2560,"height":1067},{"@type":"BreadcrumbList","@id":"https:\/\/poblenouurbandistrict.com\/es\/urban-talks-9\/#breadcrumb","itemListElement":[{"@type":"ListItem","position":1,"name":"Home","item":"https:\/\/poblenouurbandistrict.com\/es\/"},{"@type":"ListItem","position":2,"name":"Urban Talks #9"}]},{"@type":"WebSite","@id":"https:\/\/poblenouurbandistrict.com\/es\/#website","url":"https:\/\/poblenouurbandistrict.com\/es\/","name":"Poblenou Urban District","description":"Comunidad Creativa","potentialAction":[{"@type":"SearchAction","target":{"@type":"EntryPoint","urlTemplate":"https:\/\/poblenouurbandistrict.com\/es\/?s={search_term_string}"},"query-input":{"@type":"PropertyValueSpecification","valueRequired":true,"valueName":"search_term_string"}}],"inLanguage":"es"}]}},"_links":{"self":[{"href":"https:\/\/poblenouurbandistrict.com\/es\/wp-json\/wp\/v2\/pages\/49474","targetHints":{"allow":["GET"]}}],"collection":[{"href":"https:\/\/poblenouurbandistrict.com\/es\/wp-json\/wp\/v2\/pages"}],"about":[{"href":"https:\/\/poblenouurbandistrict.com\/es\/wp-json\/wp\/v2\/types\/page"}],"author":[{"embeddable":true,"href":"https:\/\/poblenouurbandistrict.com\/es\/wp-json\/wp\/v2\/users\/5"}],"replies":[{"embeddable":true,"href":"https:\/\/poblenouurbandistrict.com\/es\/wp-json\/wp\/v2\/comments?post=49474"}],"version-history":[{"count":91,"href":"https:\/\/poblenouurbandistrict.com\/es\/wp-json\/wp\/v2\/pages\/49474\/revisions"}],"predecessor-version":[{"id":53361,"href":"https:\/\/poblenouurbandistrict.com\/es\/wp-json\/wp\/v2\/pages\/49474\/revisions\/53361"}],"wp:featuredmedia":[{"embeddable":true,"href":"https:\/\/poblenouurbandistrict.com\/es\/wp-json\/wp\/v2\/media\/52548"}],"wp:attachment":[{"href":"https:\/\/poblenouurbandistrict.com\/es\/wp-json\/wp\/v2\/media?parent=49474"}],"curies":[{"name":"wp","href":"https:\/\/api.w.org\/{rel}","templated":true}]}}