{"id":52506,"date":"2025-09-15T13:42:11","date_gmt":"2025-09-15T11:42:11","guid":{"rendered":"https:\/\/poblenouurbandistrict.com\/?page_id=52506"},"modified":"2025-09-16T11:41:16","modified_gmt":"2025-09-16T09:41:16","slug":"urban-talks-8-2","status":"publish","type":"page","link":"https:\/\/poblenouurbandistrict.com\/es\/urban-talks-8-2\/","title":{"rendered":"Urban Talks #8"},"content":{"rendered":"<p>Las Urban Talks, el ciclo de charlas organizado por Poblenou Urban District y La Plataforma, vuelve con una nueva edici\u00f3n centrada en la cultura y la creatividad en el entorno urbano. Estas sesiones buscan abrir un di\u00e1logo entre profesionales y el p\u00fablico, explorando diversas perspectivas sobre el arte y la ciudad.<\/p>\n<p><span style=\"font-weight: 400;\">La octava edici\u00f3n de los<\/span> Urban Talks<span style=\"font-weight: 400;\">, <\/span>moderadas por el artista pl\u00e1stico e investigador <strong>Enrique Radigales<\/strong>, quien guiar\u00e1 conversaciones sobre experiencias expositivas, el coleccionismo y la relaci\u00f3n entre el arte y el territorio. Adem\u00e1s, contar\u00e1 con la participaci\u00f3n de destacados profesionales y artistas que compartir\u00e1n sus conocimientos y vivencias en el \u00e1mbito cultural.<\/p>\n<p>Este evento se consolida como un espacio de reflexi\u00f3n y debate para quienes buscan entender el impacto del arte en la ciudad y su evoluci\u00f3n en el contexto contempor\u00e1neo.<\/p>\n<hr \/>\n<h4><b>TALK #1: <\/b>\u00abExperiencias expositivas. De lo ef\u00edmero a lo permanente\u00bb<\/h4>\n<p>S\u00e1bado 29 de 11h a 12:15h<\/p>\n<p><b>Participantes TALK #1:<\/b><\/p>\n<ul>\n<li>Arturo Fuentes, del equipo de Indissoluble<\/li>\n<li>Juan Roberto V\u00e1squez, CEO de Indissoluble<\/li>\n<li>Ricard Campeny,\u00a0del equipo de Indissoluble<\/li>\n<\/ul>\n<hr \/>\n<h4><b>TALK #2: \u00abNuevos relatos del coleccionismo\u00bb<\/b><\/h4>\n<p>S\u00e1bado 29 de 12:30h a 13:30h<\/p>\n<p><b>Participantes TALK #2:<\/b><\/p>\n<ul>\n<li>Alexander Grahovsky<\/li>\n<li>Joaqu\u00edn D\u00edez-Casc\u00f3n, coleccionista, arquitecto y fundador de Swab Barcelona, feria internacional de arte contempor\u00e1neo.<\/li>\n<li>Jordi Bohigas, director de Piramid\u00f3n, Centre d&#8217;Art Contemporani<\/li>\n<\/ul>\n<hr \/>\n<h4><b>TALK #3: \u00abArte y territorio\u00bb<\/b><\/h4>\n<p>S\u00e1bado 29 de 13:45h a 15h<\/p>\n<p><b>Participantes TALK #3:<\/b><\/p>\n<ul>\n<li>Alberto Le\u00f3n<\/li>\n<li>El dios de los tres<\/li>\n<li>Medianeras<\/li>\n<\/ul>\n<hr \/>\n<h3 style=\"text-align: center;\"><a href=\"https:\/\/www.eventbrite.es\/e\/entradas-urban-talks-8-1296683438069?aff=oddtdtcreator\">RESERVA TU ENTRADA<\/a><\/h3>\n<p><\/p>","protected":false},"excerpt":{"rendered":"<p>Las Urban Talks, el ciclo de charlas organizado por Poblenou Urban District y La Plataforma, vuelve con una nueva edici\u00f3n&#8230; <a href=\"https:\/\/poblenouurbandistrict.com\/es\/urban-talks-8-2\/\">M\u00e1s  \u2192<\/a><\/p>\n","protected":false},"author":5,"featured_media":0,"parent":0,"menu_order":4,"comment_status":"closed","ping_status":"closed","template":"templates\/template-imagemap.php","meta":{"_acf_changed":false,"footnotes":""},"class_list":["post-52506","page","type-page","status-publish","hentry"],"acf":[],"yoast_head":"<!-- This site is optimized with the Yoast SEO plugin v27.3 - https:\/\/yoast.com\/product\/yoast-seo-wordpress\/ -->\n<title>#8 Urban Talks<\/title>\n<meta name=\"description\" content=\"29 MAR\u00c7 | 11h 14h | Disseny Hub Barcelona\" \/>\n<meta name=\"robots\" content=\"index, follow, max-snippet:-1, max-image-preview:large, max-video-preview:-1\" \/>\n<link rel=\"canonical\" href=\"https:\/\/poblenouurbandistrict.com\/es\/urban-talks-8-2\/\" \/>\n<meta property=\"og:locale\" content=\"es_ES\" \/>\n<meta property=\"og:type\" content=\"article\" \/>\n<meta property=\"og:title\" content=\"#8 Urban Talks\" \/>\n<meta property=\"og:description\" content=\"29 MAR\u00c7 | 11h 14h | Disseny Hub Barcelona\" \/>\n<meta property=\"og:url\" content=\"https:\/\/poblenouurbandistrict.com\/es\/urban-talks-8-2\/\" \/>\n<meta property=\"og:site_name\" content=\"Poblenou Urban District\" \/>\n<meta property=\"article:modified_time\" content=\"2025-09-16T09:41:16+00:00\" \/>\n<meta name=\"twitter:card\" content=\"summary_large_image\" \/>\n<meta name=\"twitter:label1\" content=\"Tiempo de lectura\" \/>\n\t<meta name=\"twitter:data1\" content=\"2 minutos\" \/>\n<script type=\"application\/ld+json\" class=\"yoast-schema-graph\">{\"@context\":\"https:\\\/\\\/schema.org\",\"@graph\":[{\"@type\":\"WebPage\",\"@id\":\"https:\\\/\\\/poblenouurbandistrict.com\\\/es\\\/urban-talks-8-2\\\/\",\"url\":\"https:\\\/\\\/poblenouurbandistrict.com\\\/es\\\/urban-talks-8-2\\\/\",\"name\":\"#8 Urban Talks\",\"isPartOf\":{\"@id\":\"https:\\\/\\\/poblenouurbandistrict.com\\\/es\\\/#website\"},\"datePublished\":\"2025-09-15T11:42:11+00:00\",\"dateModified\":\"2025-09-16T09:41:16+00:00\",\"description\":\"29 MAR\u00c7 | 11h 14h | Disseny Hub Barcelona\",\"breadcrumb\":{\"@id\":\"https:\\\/\\\/poblenouurbandistrict.com\\\/es\\\/urban-talks-8-2\\\/#breadcrumb\"},\"inLanguage\":\"es\",\"potentialAction\":[{\"@type\":\"ReadAction\",\"target\":[[\"https:\\\/\\\/poblenouurbandistrict.com\\\/es\\\/urban-talks-8-2\\\/\"]]}]},{\"@type\":\"BreadcrumbList\",\"@id\":\"https:\\\/\\\/poblenouurbandistrict.com\\\/es\\\/urban-talks-8-2\\\/#breadcrumb\",\"itemListElement\":[{\"@type\":\"ListItem\",\"position\":1,\"name\":\"Home\",\"item\":\"https:\\\/\\\/poblenouurbandistrict.com\\\/es\\\/\"},{\"@type\":\"ListItem\",\"position\":2,\"name\":\"Urban Talks #8\"}]},{\"@type\":\"WebSite\",\"@id\":\"https:\\\/\\\/poblenouurbandistrict.com\\\/es\\\/#website\",\"url\":\"https:\\\/\\\/poblenouurbandistrict.com\\\/es\\\/\",\"name\":\"Poblenou Urban District\",\"description\":\"Comunidad Creativa\",\"potentialAction\":[{\"@type\":\"SearchAction\",\"target\":{\"@type\":\"EntryPoint\",\"urlTemplate\":\"https:\\\/\\\/poblenouurbandistrict.com\\\/es\\\/?s={search_term_string}\"},\"query-input\":{\"@type\":\"PropertyValueSpecification\",\"valueRequired\":true,\"valueName\":\"search_term_string\"}}],\"inLanguage\":\"es\"}]}<\/script>\n<!-- \/ Yoast SEO plugin. -->","yoast_head_json":{"title":"#8 Urban Talks","description":"29 MAR\u00c7 | 11h 14h | Disseny Hub Barcelona","robots":{"index":"index","follow":"follow","max-snippet":"max-snippet:-1","max-image-preview":"max-image-preview:large","max-video-preview":"max-video-preview:-1"},"canonical":"https:\/\/poblenouurbandistrict.com\/es\/urban-talks-8-2\/","og_locale":"es_ES","og_type":"article","og_title":"#8 Urban Talks","og_description":"29 MAR\u00c7 | 11h 14h | Disseny Hub Barcelona","og_url":"https:\/\/poblenouurbandistrict.com\/es\/urban-talks-8-2\/","og_site_name":"Poblenou Urban District","article_modified_time":"2025-09-16T09:41:16+00:00","twitter_card":"summary_large_image","twitter_misc":{"Tiempo de lectura":"2 minutos"},"schema":{"@context":"https:\/\/schema.org","@graph":[{"@type":"WebPage","@id":"https:\/\/poblenouurbandistrict.com\/es\/urban-talks-8-2\/","url":"https:\/\/poblenouurbandistrict.com\/es\/urban-talks-8-2\/","name":"#8 Urban Talks","isPartOf":{"@id":"https:\/\/poblenouurbandistrict.com\/es\/#website"},"datePublished":"2025-09-15T11:42:11+00:00","dateModified":"2025-09-16T09:41:16+00:00","description":"29 MAR\u00c7 | 11h 14h | Disseny Hub Barcelona","breadcrumb":{"@id":"https:\/\/poblenouurbandistrict.com\/es\/urban-talks-8-2\/#breadcrumb"},"inLanguage":"es","potentialAction":[{"@type":"ReadAction","target":[["https:\/\/poblenouurbandistrict.com\/es\/urban-talks-8-2\/"]]}]},{"@type":"BreadcrumbList","@id":"https:\/\/poblenouurbandistrict.com\/es\/urban-talks-8-2\/#breadcrumb","itemListElement":[{"@type":"ListItem","position":1,"name":"Home","item":"https:\/\/poblenouurbandistrict.com\/es\/"},{"@type":"ListItem","position":2,"name":"Urban Talks #8"}]},{"@type":"WebSite","@id":"https:\/\/poblenouurbandistrict.com\/es\/#website","url":"https:\/\/poblenouurbandistrict.com\/es\/","name":"Poblenou Urban District","description":"Comunidad Creativa","potentialAction":[{"@type":"SearchAction","target":{"@type":"EntryPoint","urlTemplate":"https:\/\/poblenouurbandistrict.com\/es\/?s={search_term_string}"},"query-input":{"@type":"PropertyValueSpecification","valueRequired":true,"valueName":"search_term_string"}}],"inLanguage":"es"}]}},"_links":{"self":[{"href":"https:\/\/poblenouurbandistrict.com\/es\/wp-json\/wp\/v2\/pages\/52506","targetHints":{"allow":["GET"]}}],"collection":[{"href":"https:\/\/poblenouurbandistrict.com\/es\/wp-json\/wp\/v2\/pages"}],"about":[{"href":"https:\/\/poblenouurbandistrict.com\/es\/wp-json\/wp\/v2\/types\/page"}],"author":[{"embeddable":true,"href":"https:\/\/poblenouurbandistrict.com\/es\/wp-json\/wp\/v2\/users\/5"}],"replies":[{"embeddable":true,"href":"https:\/\/poblenouurbandistrict.com\/es\/wp-json\/wp\/v2\/comments?post=52506"}],"version-history":[{"count":2,"href":"https:\/\/poblenouurbandistrict.com\/es\/wp-json\/wp\/v2\/pages\/52506\/revisions"}],"predecessor-version":[{"id":52525,"href":"https:\/\/poblenouurbandistrict.com\/es\/wp-json\/wp\/v2\/pages\/52506\/revisions\/52525"}],"wp:attachment":[{"href":"https:\/\/poblenouurbandistrict.com\/es\/wp-json\/wp\/v2\/media?parent=52506"}],"curies":[{"name":"wp","href":"https:\/\/api.w.org\/{rel}","templated":true}]}}